{"id":2874,"date":"2023-12-04T16:44:17","date_gmt":"2023-12-04T15:44:17","guid":{"rendered":"https:\/\/brokoss.com\/avis-juridique\/"},"modified":"2025-07-15T18:01:41","modified_gmt":"2025-07-15T16:01:41","slug":"mentions-legales","status":"publish","type":"page","link":"https:\/\/brokoss.com\/fr\/mentions-legales\/","title":{"rendered":"Avis juridique"},"content":{"rendered":"\t\t<div data-elementor-type=\"wp-page\" data-elementor-id=\"2874\" class=\"elementor elementor-2874 elementor-203\" data-elementor-post-type=\"page\">\n\t\t\t\t<div class=\"elementor-element elementor-element-33ed3b6 e-con-full e-flex e-con e-parent\" data-id=\"33ed3b6\" data-element_type=\"container\">\n\t\t\t\t<div class=\"elementor-element elementor-element-e2b852c elementor-widget elementor-widget-heading\" data-id=\"e2b852c\" data-element_type=\"widget\" data-widget_type=\"heading.default\">\n\t\t\t\t<div class=\"elementor-widget-container\">\n\t\t\t\t\t<h1 class=\"elementor-heading-title elementor-size-default\">Avis juridique<\/h1>\t\t\t\t<\/div>\n\t\t\t\t<\/div>\n\t\t\t\t<div class=\"elementor-element elementor-element-e85cf87 elementor-widget elementor-widget-text-editor\" data-id=\"e85cf87\" data-element_type=\"widget\" data-widget_type=\"text-editor.default\">\n\t\t\t\t<div class=\"elementor-widget-container\">\n\t\t\t\t\t\t\t\t\t<p><strong>Joyer\u00eda SergeLL SL<\/strong>, <strong>CIF B73981094<\/strong>, adresse <strong>Calle Virgen de la Esperanza, 4 30008 Murcia<\/strong>, ne peut assumer aucune responsabilit\u00e9 d\u00e9riv\u00e9e de l&rsquo;utilisation incorrecte, inappropri\u00e9e ou illicite des informations figurant sur les pages Internet de www.brokoss.com.<\/p><p><strong>Responsabilit\u00e9 des liens externes<\/strong>:<\/p><p>Les pages Internet de <a href=\"http:\/\/www.brokoss.com\">www.brokoss.com<\/a> peuvent contenir des liens vers des sites tiers. www. <a href=\"http:\/\/www.brokoss.com\">brokoss.com<\/a> n&rsquo;est pas responsable du contenu de ces sites externes ni de leur politique en mati\u00e8re de confidentialit\u00e9 et de cookies. Vous acc\u00e9dez \u00e0 ces sites \u00e0 vos propres risques et devez consulter les conditions d&rsquo;utilisation des sites li\u00e9s. <\/p><p>Dans les limites fix\u00e9es par la loi, <a href=\"http:\/\/www.brokoss.com\">www.brokoss.com<\/a> n&rsquo;assume aucune responsabilit\u00e9 quant au manque de v\u00e9racit\u00e9, d&rsquo;exhaustivit\u00e9, de mise \u00e0 jour et d&rsquo;exactitude des donn\u00e9es ou des informations contenues dans ses pages Internet.<\/p><p>Le contenu et les informations ne lient pas <a href=\"http:\/\/www.brokoss.com\">www.brokoss.com<\/a> et ne constituent pas des opinions, des conseils ou des avis juridiques de quelque nature que ce soit, \u00e9tant donn\u00e9 qu&rsquo;il s&rsquo;agit simplement d&rsquo;un service offert \u00e0 des fins d&rsquo;information et de diffusion.<\/p><p>Les pages Internet de <a href=\"http:\/\/www.brokoss.com\">www.brokoss.com<\/a> peuvent contenir des liens vers d&rsquo;autres pages de tiers que <a href=\"http:\/\/www.brokoss.com\">www.brokoss.com<\/a> ne peut contr\u00f4ler. Par cons\u00e9quent, <a href=\"http:\/\/www.brokoss.com\">www.brokoss.com<\/a> ne peut assumer la responsabilit\u00e9 du contenu qui peut appara\u00eetre sur les sites de tiers. <\/p><p>Les textes, images, sons, animations, logiciels et autres contenus pr\u00e9sents sur ce site sont la propri\u00e9t\u00e9 exclusive de <a href=\"http:\/\/www.brokoss.com\">www.brokoss.com<\/a> ou de ses conc\u00e9dants. Tout acte de transmission, de distribution, de transfert, de reproduction, de stockage ou de communication publique totale ou partielle doit faire l&rsquo;objet d&rsquo;une autorisation expresse de <a href=\"http:\/\/www.brokoss.com\">www.brokoss.com.<\/a> <\/p><p>De m\u00eame, pour acc\u00e9der \u00e0 certains des services offerts par <a href=\"http:\/\/www.brokoss.com\">www.brokoss.com<\/a> \u00e0 travers son site web, vous devrez fournir certaines donn\u00e9es personnelles. Conform\u00e9ment aux dispositions de la loi 15\/1999 du 13 d\u00e9cembre sur la protection des donn\u00e9es \u00e0 caract\u00e8re personnel, nous vous informons qu&rsquo;en remplissant ces formulaires, vos donn\u00e9es personnelles seront stock\u00e9es et trait\u00e9es dans les fichiers de Joyer\u00eda SergeLL SL afin de fournir et d&rsquo;offrir nos services, ainsi que pour vous informer des am\u00e9liorations apport\u00e9es au site Web. Nous vous informons \u00e9galement de la possibilit\u00e9 d&rsquo;exercer les droits d&rsquo;acc\u00e8s, de rectification, d&rsquo;annulation et d&rsquo;opposition de vos donn\u00e9es personnelles, gratuitement par courrier \u00e9lectronique \u00e0 joyeria@brokoss.com ou \u00e0 l&rsquo;adresse Calle Virgen de la Esperanza, 4 30008 Murcia.  <\/p>\t\t\t\t\t\t\t\t<\/div>\n\t\t\t\t<\/div>\n\t\t\t\t<\/div>\n\t\t\t\t<\/div>\n\t\t","protected":false},"excerpt":{"rendered":"<p>Avis juridique Joyer\u00eda SergeLL SL, CIF B73981094, adresse Calle Virgen de la Esperanza, 4 30008 Murcia, ne peut assumer aucune responsabilit\u00e9 d\u00e9riv\u00e9e de l&rsquo;utilisation incorrecte, inappropri\u00e9e ou illicite des informations figurant sur les pages Internet de www.brokoss.com. Responsabilit\u00e9 des liens externes: Les pages Internet de www.brokoss.com peuvent contenir des liens vers des sites tiers. www. &#8230; <a title=\"Avis juridique\" class=\"read-more\" href=\"https:\/\/brokoss.com\/fr\/mentions-legales\/\" aria-label=\"En savoir plus sur Avis juridique\">Lire la suite<\/a><\/p>\n","protected":false},"author":1,"featured_media":0,"parent":0,"menu_order":0,"comment_status":"closed","ping_status":"closed","template":"elementor_header_footer","meta":{"_joinchat":[],"footnotes":""},"class_list":["post-2874","page","type-page","status-publish"],"yoast_head":"<!-- This site is optimized with the Yoast SEO plugin v26.6 - https:\/\/yoast.com\/wordpress\/plugins\/seo\/ -->\n<title>Mentions l\u00e9gales | Br\u00f6koss \u2013 Bijoux pour hommes<\/title>\n<meta name=\"description\" content=\"Veuillez consulter les mentions l\u00e9gales de Br\u00f6koss. Propri\u00e9t\u00e9, conditions d&#039;utilisation et r\u00e9glementations applicables \u00e0 ce site de bijoux pour hommes.\" \/>\n<meta name=\"robots\" content=\"noindex, nofollow\" \/>\n<meta property=\"og:locale\" content=\"fr_FR\" \/>\n<meta property=\"og:type\" content=\"article\" \/>\n<meta property=\"og:title\" content=\"Mentions l\u00e9gales | Br\u00f6koss \u2013 Bijoux pour hommes\" \/>\n<meta property=\"og:description\" content=\"Veuillez consulter les mentions l\u00e9gales de Br\u00f6koss. Propri\u00e9t\u00e9, conditions d&#039;utilisation et r\u00e9glementations applicables \u00e0 ce site de bijoux pour hommes.\" \/>\n<meta property=\"og:url\" content=\"https:\/\/brokoss.com\/fr\/mentions-legales\/\" \/>\n<meta property=\"og:site_name\" content=\"Joyer\u00eda Brokoss\" \/>\n<meta property=\"article:publisher\" content=\"https:\/\/www.facebook.com\/brokossjoyeria\" \/>\n<meta property=\"article:modified_time\" content=\"2025-07-15T16:01:41+00:00\" \/>\n<meta name=\"twitter:card\" content=\"summary_large_image\" \/>\n<meta name=\"twitter:label1\" content=\"Dur\u00e9e de lecture estim\u00e9e\" \/>\n\t<meta name=\"twitter:data1\" content=\"2 minutes\" \/>\n<script type=\"application\/ld+json\" class=\"yoast-schema-graph\">{\"@context\":\"https:\/\/schema.org\",\"@graph\":[{\"@type\":\"WebPage\",\"@id\":\"https:\/\/brokoss.com\/fr\/mentions-legales\/\",\"url\":\"https:\/\/brokoss.com\/fr\/mentions-legales\/\",\"name\":\"Mentions l\u00e9gales | Br\u00f6koss \u2013 Bijoux pour hommes\",\"isPartOf\":{\"@id\":\"https:\/\/brokoss.com\/fr\/#website\"},\"datePublished\":\"2023-12-04T15:44:17+00:00\",\"dateModified\":\"2025-07-15T16:01:41+00:00\",\"description\":\"Veuillez consulter les mentions l\u00e9gales de Br\u00f6koss. Propri\u00e9t\u00e9, conditions d'utilisation et r\u00e9glementations applicables \u00e0 ce site de bijoux pour hommes.\",\"breadcrumb\":{\"@id\":\"https:\/\/brokoss.com\/fr\/mentions-legales\/#breadcrumb\"},\"inLanguage\":\"fr-FR\",\"potentialAction\":[{\"@type\":\"ReadAction\",\"target\":[\"https:\/\/brokoss.com\/fr\/mentions-legales\/\"]}]},{\"@type\":\"BreadcrumbList\",\"@id\":\"https:\/\/brokoss.com\/fr\/mentions-legales\/#breadcrumb\",\"itemListElement\":[{\"@type\":\"ListItem\",\"position\":1,\"name\":\"Portada\",\"item\":\"https:\/\/brokoss.com\/fr\/\"},{\"@type\":\"ListItem\",\"position\":2,\"name\":\"Avis juridique\"}]},{\"@type\":\"WebSite\",\"@id\":\"https:\/\/brokoss.com\/fr\/#website\",\"url\":\"https:\/\/brokoss.com\/fr\/\",\"name\":\"Joyer\u00eda Brokoss\",\"description\":\"Anillos para Hombre con Estilo | Joyer\u00eda Brokoss\",\"publisher\":{\"@id\":\"https:\/\/brokoss.com\/fr\/#organization\"},\"alternateName\":\"Joyer\u00eda Brokoss\",\"potentialAction\":[{\"@type\":\"SearchAction\",\"target\":{\"@type\":\"EntryPoint\",\"urlTemplate\":\"https:\/\/brokoss.com\/fr\/?s={search_term_string}\"},\"query-input\":{\"@type\":\"PropertyValueSpecification\",\"valueRequired\":true,\"valueName\":\"search_term_string\"}}],\"inLanguage\":\"fr-FR\"},{\"@type\":\"Organization\",\"@id\":\"https:\/\/brokoss.com\/fr\/#organization\",\"name\":\"Joyer\u00eda Brokoss\",\"url\":\"https:\/\/brokoss.com\/fr\/\",\"logo\":{\"@type\":\"ImageObject\",\"inLanguage\":\"fr-FR\",\"@id\":\"https:\/\/brokoss.com\/fr\/#\/schema\/logo\/image\/\",\"url\":\"https:\/\/brokoss.com\/wp-content\/uploads\/2025\/06\/Anillos-y-pendientes-para-hombres-con-estilo-Brokoss-logo.png\",\"contentUrl\":\"https:\/\/brokoss.com\/wp-content\/uploads\/2025\/06\/Anillos-y-pendientes-para-hombres-con-estilo-Brokoss-logo.png\",\"width\":2000,\"height\":540,\"caption\":\"Joyer\u00eda Brokoss\"},\"image\":{\"@id\":\"https:\/\/brokoss.com\/fr\/#\/schema\/logo\/image\/\"},\"sameAs\":[\"https:\/\/www.facebook.com\/brokossjoyeria\",\"https:\/\/www.instagram.com\/brokossjoyeria\/\"]}]}<\/script>\n<!-- \/ Yoast SEO plugin. -->","yoast_head_json":{"title":"Mentions l\u00e9gales | Br\u00f6koss \u2013 Bijoux pour hommes","description":"Veuillez consulter les mentions l\u00e9gales de Br\u00f6koss. Propri\u00e9t\u00e9, conditions d'utilisation et r\u00e9glementations applicables \u00e0 ce site de bijoux pour hommes.","robots":{"index":"noindex","follow":"nofollow"},"og_locale":"fr_FR","og_type":"article","og_title":"Mentions l\u00e9gales | Br\u00f6koss \u2013 Bijoux pour hommes","og_description":"Veuillez consulter les mentions l\u00e9gales de Br\u00f6koss. Propri\u00e9t\u00e9, conditions d'utilisation et r\u00e9glementations applicables \u00e0 ce site de bijoux pour hommes.","og_url":"https:\/\/brokoss.com\/fr\/mentions-legales\/","og_site_name":"Joyer\u00eda Brokoss","article_publisher":"https:\/\/www.facebook.com\/brokossjoyeria","article_modified_time":"2025-07-15T16:01:41+00:00","twitter_card":"summary_large_image","twitter_misc":{"Dur\u00e9e de lecture estim\u00e9e":"2 minutes"},"schema":{"@context":"https:\/\/schema.org","@graph":[{"@type":"WebPage","@id":"https:\/\/brokoss.com\/fr\/mentions-legales\/","url":"https:\/\/brokoss.com\/fr\/mentions-legales\/","name":"Mentions l\u00e9gales | Br\u00f6koss \u2013 Bijoux pour hommes","isPartOf":{"@id":"https:\/\/brokoss.com\/fr\/#website"},"datePublished":"2023-12-04T15:44:17+00:00","dateModified":"2025-07-15T16:01:41+00:00","description":"Veuillez consulter les mentions l\u00e9gales de Br\u00f6koss. Propri\u00e9t\u00e9, conditions d'utilisation et r\u00e9glementations applicables \u00e0 ce site de bijoux pour hommes.","breadcrumb":{"@id":"https:\/\/brokoss.com\/fr\/mentions-legales\/#breadcrumb"},"inLanguage":"fr-FR","potentialAction":[{"@type":"ReadAction","target":["https:\/\/brokoss.com\/fr\/mentions-legales\/"]}]},{"@type":"BreadcrumbList","@id":"https:\/\/brokoss.com\/fr\/mentions-legales\/#breadcrumb","itemListElement":[{"@type":"ListItem","position":1,"name":"Portada","item":"https:\/\/brokoss.com\/fr\/"},{"@type":"ListItem","position":2,"name":"Avis juridique"}]},{"@type":"WebSite","@id":"https:\/\/brokoss.com\/fr\/#website","url":"https:\/\/brokoss.com\/fr\/","name":"Joyer\u00eda Brokoss","description":"Anillos para Hombre con Estilo | Joyer\u00eda Brokoss","publisher":{"@id":"https:\/\/brokoss.com\/fr\/#organization"},"alternateName":"Joyer\u00eda Brokoss","potentialAction":[{"@type":"SearchAction","target":{"@type":"EntryPoint","urlTemplate":"https:\/\/brokoss.com\/fr\/?s={search_term_string}"},"query-input":{"@type":"PropertyValueSpecification","valueRequired":true,"valueName":"search_term_string"}}],"inLanguage":"fr-FR"},{"@type":"Organization","@id":"https:\/\/brokoss.com\/fr\/#organization","name":"Joyer\u00eda Brokoss","url":"https:\/\/brokoss.com\/fr\/","logo":{"@type":"ImageObject","inLanguage":"fr-FR","@id":"https:\/\/brokoss.com\/fr\/#\/schema\/logo\/image\/","url":"https:\/\/brokoss.com\/wp-content\/uploads\/2025\/06\/Anillos-y-pendientes-para-hombres-con-estilo-Brokoss-logo.png","contentUrl":"https:\/\/brokoss.com\/wp-content\/uploads\/2025\/06\/Anillos-y-pendientes-para-hombres-con-estilo-Brokoss-logo.png","width":2000,"height":540,"caption":"Joyer\u00eda Brokoss"},"image":{"@id":"https:\/\/brokoss.com\/fr\/#\/schema\/logo\/image\/"},"sameAs":["https:\/\/www.facebook.com\/brokossjoyeria","https:\/\/www.instagram.com\/brokossjoyeria\/"]}]}},"jetpack_sharing_enabled":true,"_links":{"self":[{"href":"https:\/\/brokoss.com\/fr\/wp-json\/wp\/v2\/pages\/2874","targetHints":{"allow":["GET"]}}],"collection":[{"href":"https:\/\/brokoss.com\/fr\/wp-json\/wp\/v2\/pages"}],"about":[{"href":"https:\/\/brokoss.com\/fr\/wp-json\/wp\/v2\/types\/page"}],"author":[{"embeddable":true,"href":"https:\/\/brokoss.com\/fr\/wp-json\/wp\/v2\/users\/1"}],"replies":[{"embeddable":true,"href":"https:\/\/brokoss.com\/fr\/wp-json\/wp\/v2\/comments?post=2874"}],"version-history":[{"count":2,"href":"https:\/\/brokoss.com\/fr\/wp-json\/wp\/v2\/pages\/2874\/revisions"}],"predecessor-version":[{"id":3455,"href":"https:\/\/brokoss.com\/fr\/wp-json\/wp\/v2\/pages\/2874\/revisions\/3455"}],"wp:attachment":[{"href":"https:\/\/brokoss.com\/fr\/wp-json\/wp\/v2\/media?parent=2874"}],"curies":[{"name":"wp","href":"https:\/\/api.w.org\/{rel}","templated":true}]}}