{"id":3095,"date":"2025-06-12T10:55:25","date_gmt":"2025-06-12T08:55:25","guid":{"rendered":"https:\/\/brokoss.com\/a-propos-de-nous\/"},"modified":"2025-12-26T09:11:35","modified_gmt":"2025-12-26T08:11:35","slug":"a-propos-de-nous","status":"publish","type":"page","link":"https:\/\/brokoss.com\/fr\/a-propos-de-nous\/","title":{"rendered":"\u00c0 propos de nous"},"content":{"rendered":"\t\t<div data-elementor-type=\"wp-page\" data-elementor-id=\"3095\" class=\"elementor elementor-3095 elementor-1166\" data-elementor-post-type=\"page\">\n\t\t\t\t<div class=\"elementor-element elementor-element-3721bef e-con-full e-flex e-con e-parent\" data-id=\"3721bef\" data-element_type=\"container\" data-settings=\"{&quot;background_background&quot;:&quot;classic&quot;}\">\n\t\t<div class=\"elementor-element elementor-element-681cf3e e-flex e-con-boxed e-con e-child\" data-id=\"681cf3e\" data-element_type=\"container\">\n\t\t\t\t\t<div class=\"e-con-inner\">\n\t\t\t\t<div class=\"elementor-element elementor-element-dd45b5b elementor-widget elementor-widget-heading\" data-id=\"dd45b5b\" data-element_type=\"widget\" data-widget_type=\"heading.default\">\n\t\t\t\t<div class=\"elementor-widget-container\">\n\t\t\t\t\t<h1 class=\"elementor-heading-title elementor-size-default\">Br\u00f6Koss - Experts en bagues pour hommes<\/h1>\t\t\t\t<\/div>\n\t\t\t\t<\/div>\n\t\t\t\t\t<\/div>\n\t\t\t\t<\/div>\n\t\t\t\t<\/div>\n\t\t<div class=\"elementor-element elementor-element-bd83712 e-con-full e-flex e-con e-parent\" data-id=\"bd83712\" data-element_type=\"container\">\n\t\t<div class=\"elementor-element elementor-element-1f1ee58 e-con-full e-flex elementor-invisible e-con e-child\" data-id=\"1f1ee58\" data-element_type=\"container\" data-settings=\"{&quot;animation&quot;:&quot;fadeInLeft&quot;}\">\n\t\t\t\t<div class=\"elementor-element elementor-element-117d257 elementor-widget elementor-widget-heading\" data-id=\"117d257\" data-element_type=\"widget\" data-widget_type=\"heading.default\">\n\t\t\t\t<div class=\"elementor-widget-container\">\n\t\t\t\t\t<h2 class=\"elementor-heading-title elementor-size-default\">Des bijoux pour hommes avec leur propre caract\u00e8re<\/h2>\t\t\t\t<\/div>\n\t\t\t\t<\/div>\n\t\t\t\t<div class=\"elementor-element elementor-element-bb6e8b2 elementor-widget__width-initial elementor-widget elementor-widget-text-editor\" data-id=\"bb6e8b2\" data-element_type=\"widget\" data-widget_type=\"text-editor.default\">\n\t\t\t\t<div class=\"elementor-widget-container\">\n\t\t\t\t\t\t\t\t\t<p>Chez Br\u00f6Koss, nous pensons que chaque pi\u00e8ce doit raconter une histoire. C&rsquo;est pourquoi nous concevons des bagues de caract\u00e8re : <strong>durables, uniques et avec un style qui parle pour vous<\/strong>, sans dire un mot. Nous nous \u00e9loignons du g\u00e9n\u00e9rique pour proposer des bijoux qui vous connectent vraiment.  <\/p>\n\t\t\t\t\t\t\t\t<\/div>\n\t\t\t\t<\/div>\n\t\t\t\t<\/div>\n\t\t<div class=\"elementor-element elementor-element-2c48511 e-con-full e-flex elementor-invisible e-con e-child\" data-id=\"2c48511\" data-element_type=\"container\" data-settings=\"{&quot;animation&quot;:&quot;fadeInRight&quot;}\">\n\t\t\t\t<div class=\"elementor-element elementor-element-0ac18d3 elementor-widget elementor-widget-heading\" data-id=\"0ac18d3\" data-element_type=\"widget\" data-widget_type=\"heading.default\">\n\t\t\t\t<div class=\"elementor-widget-container\">\n\t\t\t\t\t<h2 class=\"elementor-heading-title elementor-size-default\">Bagues pour hommes de haute qualit\u00e9 qui durent<\/h2>\t\t\t\t<\/div>\n\t\t\t\t<\/div>\n\t\t\t\t<div class=\"elementor-element elementor-element-d6fa81a elementor-widget__width-initial elementor-widget elementor-widget-text-editor\" data-id=\"d6fa81a\" data-element_type=\"widget\" data-widget_type=\"text-editor.default\">\n\t\t\t\t<div class=\"elementor-widget-container\">\n\t\t\t\t\t\t\t\t\t<p>Nous utilisons du zirconium, s\u00e9lectionn\u00e9 pour sa durabilit\u00e9 et sa finition impeccable,<strong> ultra-poli \u00e0 l&rsquo;int\u00e9rieur<\/strong> et dot\u00e9 d&rsquo;un poids \u00e9quilibr\u00e9 pour que vous le sentiez l\u00e0 o\u00f9 il compte : sur votre main. Chaque bague est soumise \u00e0 des contr\u00f4les qualit\u00e9 rigoureux et est con\u00e7ue pour vous accompagner au quotidien.<\/p>\n\t\t\t\t\t\t\t\t<\/div>\n\t\t\t\t<\/div>\n\t\t\t\t<\/div>\n\t\t<div class=\"elementor-element elementor-element-dad6e9d e-con-full e-flex elementor-invisible e-con e-child\" data-id=\"dad6e9d\" data-element_type=\"container\" data-settings=\"{&quot;animation&quot;:&quot;fadeInLeft&quot;}\">\n\t\t\t\t<div class=\"elementor-element elementor-element-5ee03c1 elementor-widget elementor-widget-heading\" data-id=\"5ee03c1\" data-element_type=\"widget\" data-widget_type=\"heading.default\">\n\t\t\t\t<div class=\"elementor-widget-container\">\n\t\t\t\t\t<h2 class=\"elementor-heading-title elementor-size-default\">Design exclusif de bijoux pour hommes<\/h2>\t\t\t\t<\/div>\n\t\t\t\t<\/div>\n\t\t\t\t<div class=\"elementor-element elementor-element-ba645e9 elementor-widget__width-initial elementor-widget elementor-widget-text-editor\" data-id=\"ba645e9\" data-element_type=\"widget\" data-widget_type=\"text-editor.default\">\n\t\t\t\t<div class=\"elementor-widget-container\">\n\t\t\t\t\t\t\t\t\t<p><strong>Des textures martel\u00e9es aux finitions polies ou mates,<\/strong> nos pi\u00e8ces sont con\u00e7ues avec une <strong>esth\u00e9tique minimaliste et masculine,<\/strong> mais avec des d\u00e9tails qui font la diff\u00e9rence. Nous voulons que chaque bague soit comme une extension de votre personnalit\u00e9. <\/p>\n\t\t\t\t\t\t\t\t<\/div>\n\t\t\t\t<\/div>\n\t\t\t\t<\/div>\n\t\t<div class=\"elementor-element elementor-element-57ed234 e-con-full e-flex elementor-invisible e-con e-child\" data-id=\"57ed234\" data-element_type=\"container\" data-settings=\"{&quot;animation&quot;:&quot;fadeInRight&quot;}\">\n\t\t\t\t<div class=\"elementor-element elementor-element-2c89afd elementor-widget elementor-widget-heading\" data-id=\"2c89afd\" data-element_type=\"widget\" data-widget_type=\"heading.default\">\n\t\t\t\t<div class=\"elementor-widget-container\">\n\t\t\t\t\t<h2 class=\"elementor-heading-title elementor-size-default\">Br\u00f6koss : La marque de bijoux pour hommes authentiques<\/h2>\t\t\t\t<\/div>\n\t\t\t\t<\/div>\n\t\t\t\t<div class=\"elementor-element elementor-element-98b8ed3 elementor-widget__width-initial elementor-widget elementor-widget-text-editor\" data-id=\"98b8ed3\" data-element_type=\"widget\" data-widget_type=\"text-editor.default\">\n\t\t\t\t<div class=\"elementor-widget-container\">\n\t\t\t\t\t\t\t\t\t<p><strong data-start=\"193\" data-end=\"357\">Br\u00f6Koss n&rsquo;est pas seulement une marque<\/strong>. C&rsquo;est une communaut\u00e9 <strong data-start=\"193\" data-end=\"357\">d&rsquo;hommes dot\u00e9s d&rsquo;une personnalit\u00e9 unique, d&rsquo;un jugement s\u00fbr et d&rsquo;une authenticit\u00e9 sans compromis<\/strong>. C&rsquo;est le choix de ceux qui n&rsquo;ont pas besoin d&rsquo;approbation, de ceux qui savent qui ils sont et ne cherchent pas \u00e0 ressembler \u00e0 quelqu&rsquo;un d&rsquo;autre. <\/p>\n\t\t\t\t\t\t\t\t<\/div>\n\t\t\t\t<\/div>\n\t\t\t\t<\/div>\n\t\t\t\t<\/div>\n\t\t<div class=\"elementor-element elementor-element-57209eb e-flex e-con-boxed e-con e-parent\" data-id=\"57209eb\" data-element_type=\"container\" data-settings=\"{&quot;background_background&quot;:&quot;classic&quot;}\">\n\t\t\t\t\t<div class=\"e-con-inner\">\n\t\t\t\t<div class=\"elementor-element elementor-element-c08f95f elementor-widget elementor-widget-heading\" data-id=\"c08f95f\" data-element_type=\"widget\" data-widget_type=\"heading.default\">\n\t\t\t\t<div class=\"elementor-widget-container\">\n\t\t\t\t\t<span class=\"elementor-heading-title elementor-size-default\">Vous rejoignez ?<\/span>\t\t\t\t<\/div>\n\t\t\t\t<\/div>\n\t\t<div class=\"elementor-element elementor-element-30b5406 e-con-full e-flex e-con e-child\" data-id=\"30b5406\" data-element_type=\"container\">\n\t\t<div class=\"elementor-element elementor-element-1209fe7 e-con-full e-flex e-con e-child\" data-id=\"1209fe7\" data-element_type=\"container\">\n\t\t\t\t<div class=\"elementor-element elementor-element-054d455 elementor-widget elementor-widget-button\" data-id=\"054d455\" data-element_type=\"widget\" data-widget_type=\"button.default\">\n\t\t\t\t<div class=\"elementor-widget-container\">\n\t\t\t\t\t\t\t\t\t<div class=\"elementor-button-wrapper\">\n\t\t\t\t\t<a class=\"elementor-button elementor-button-link elementor-size-sm\" href=\"https:\/\/brokoss.com\/tienda\/\">\n\t\t\t\t\t\t<span class=\"elementor-button-content-wrapper\">\n\t\t\t\t\t\t\t\t\t<span class=\"elementor-button-text\"> Voir nos bagues<\/span>\n\t\t\t\t\t<\/span>\n\t\t\t\t\t<\/a>\n\t\t\t\t<\/div>\n\t\t\t\t\t\t\t\t<\/div>\n\t\t\t\t<\/div>\n\t\t\t\t<\/div>\n\t\t<div class=\"elementor-element elementor-element-ce32f38 e-con-full e-flex e-con e-child\" data-id=\"ce32f38\" data-element_type=\"container\">\n\t\t\t\t<div class=\"elementor-element elementor-element-452c7c3 elementor-widget elementor-widget-button\" data-id=\"452c7c3\" data-element_type=\"widget\" data-widget_type=\"button.default\">\n\t\t\t\t<div class=\"elementor-widget-container\">\n\t\t\t\t\t\t\t\t\t<div class=\"elementor-button-wrapper\">\n\t\t\t\t\t<a class=\"elementor-button elementor-button-link elementor-size-sm\" href=\"https:\/\/brokoss.com\/fr\/contact\/\">\n\t\t\t\t\t\t<span class=\"elementor-button-content-wrapper\">\n\t\t\t\t\t\t\t\t\t<span class=\"elementor-button-text\">Contactez-nous<\/span>\n\t\t\t\t\t<\/span>\n\t\t\t\t\t<\/a>\n\t\t\t\t<\/div>\n\t\t\t\t\t\t\t\t<\/div>\n\t\t\t\t<\/div>\n\t\t\t\t<\/div>\n\t\t\t\t<\/div>\n\t\t\t\t\t<\/div>\n\t\t\t\t<\/div>\n\t\t\t\t<\/div>\n\t\t","protected":false},"excerpt":{"rendered":"<p>Br\u00f6Koss &#8211; Experts en bagues pour hommes Des bijoux pour hommes avec leur propre caract\u00e8re Chez Br\u00f6Koss, nous pensons que chaque pi\u00e8ce doit raconter une histoire. C&rsquo;est pourquoi nous concevons des bagues de caract\u00e8re : durables, uniques et avec un style qui parle pour vous, sans dire un mot. Nous nous \u00e9loignons du g\u00e9n\u00e9rique pour &#8230; <a title=\"\u00c0 propos de nous\" class=\"read-more\" href=\"https:\/\/brokoss.com\/fr\/a-propos-de-nous\/\" aria-label=\"En savoir plus sur \u00c0 propos de nous\">Lire la suite<\/a><\/p>\n","protected":false},"author":5,"featured_media":0,"parent":0,"menu_order":0,"comment_status":"closed","ping_status":"closed","template":"elementor_header_footer","meta":{"_joinchat":[],"footnotes":""},"class_list":["post-3095","page","type-page","status-publish"],"yoast_head":"<!-- This site is optimized with the Yoast SEO plugin v26.6 - https:\/\/yoast.com\/wordpress\/plugins\/seo\/ -->\n<title>Br\u00f6koss - \u00c0 propos | Bijoux pour homme de caract\u00e8re<\/title>\n<meta name=\"description\" content=\"D\u00e9couvrez l&#039;histoire et la vision de Br\u00f6koss, la marque de bijoux pour hommes au style unique. Design, authenticit\u00e9 et engagement qualit\u00e9.\" \/>\n<meta name=\"robots\" content=\"index, follow, max-snippet:-1, max-image-preview:large, max-video-preview:-1\" \/>\n<link rel=\"canonical\" href=\"https:\/\/brokoss.com\/fr\/a-propos-de-nous\/\" \/>\n<meta property=\"og:locale\" content=\"fr_FR\" \/>\n<meta property=\"og:type\" content=\"article\" \/>\n<meta property=\"og:title\" content=\"Br\u00f6koss - \u00c0 propos | Bijoux pour homme de caract\u00e8re\" \/>\n<meta property=\"og:description\" content=\"D\u00e9couvrez l&#039;histoire et la vision de Br\u00f6koss, la marque de bijoux pour hommes au style unique. Design, authenticit\u00e9 et engagement qualit\u00e9.\" \/>\n<meta property=\"og:url\" content=\"https:\/\/brokoss.com\/fr\/a-propos-de-nous\/\" \/>\n<meta property=\"og:site_name\" content=\"Joyer\u00eda Brokoss\" \/>\n<meta property=\"article:publisher\" content=\"https:\/\/www.facebook.com\/brokossjoyeria\" \/>\n<meta property=\"article:modified_time\" content=\"2025-12-26T08:11:35+00:00\" \/>\n<meta name=\"twitter:card\" content=\"summary_large_image\" \/>\n<meta name=\"twitter:label1\" content=\"Dur\u00e9e de lecture estim\u00e9e\" \/>\n\t<meta name=\"twitter:data1\" content=\"1 minute\" \/>\n<script type=\"application\/ld+json\" class=\"yoast-schema-graph\">{\"@context\":\"https:\/\/schema.org\",\"@graph\":[{\"@type\":\"WebPage\",\"@id\":\"https:\/\/brokoss.com\/fr\/a-propos-de-nous\/\",\"url\":\"https:\/\/brokoss.com\/fr\/a-propos-de-nous\/\",\"name\":\"Br\u00f6koss - \u00c0 propos | Bijoux pour homme de caract\u00e8re\",\"isPartOf\":{\"@id\":\"https:\/\/brokoss.com\/fr\/#website\"},\"datePublished\":\"2025-06-12T08:55:25+00:00\",\"dateModified\":\"2025-12-26T08:11:35+00:00\",\"description\":\"D\u00e9couvrez l'histoire et la vision de Br\u00f6koss, la marque de bijoux pour hommes au style unique. Design, authenticit\u00e9 et engagement qualit\u00e9.\",\"breadcrumb\":{\"@id\":\"https:\/\/brokoss.com\/fr\/a-propos-de-nous\/#breadcrumb\"},\"inLanguage\":\"fr-FR\",\"potentialAction\":[{\"@type\":\"ReadAction\",\"target\":[\"https:\/\/brokoss.com\/fr\/a-propos-de-nous\/\"]}]},{\"@type\":\"BreadcrumbList\",\"@id\":\"https:\/\/brokoss.com\/fr\/a-propos-de-nous\/#breadcrumb\",\"itemListElement\":[{\"@type\":\"ListItem\",\"position\":1,\"name\":\"Portada\",\"item\":\"https:\/\/brokoss.com\/fr\/\"},{\"@type\":\"ListItem\",\"position\":2,\"name\":\"\u00c0 propos de nous\"}]},{\"@type\":\"WebSite\",\"@id\":\"https:\/\/brokoss.com\/fr\/#website\",\"url\":\"https:\/\/brokoss.com\/fr\/\",\"name\":\"Joyer\u00eda Brokoss\",\"description\":\"Anillos para Hombre con Estilo | Joyer\u00eda Brokoss\",\"publisher\":{\"@id\":\"https:\/\/brokoss.com\/fr\/#organization\"},\"alternateName\":\"Joyer\u00eda Brokoss\",\"potentialAction\":[{\"@type\":\"SearchAction\",\"target\":{\"@type\":\"EntryPoint\",\"urlTemplate\":\"https:\/\/brokoss.com\/fr\/?s={search_term_string}\"},\"query-input\":{\"@type\":\"PropertyValueSpecification\",\"valueRequired\":true,\"valueName\":\"search_term_string\"}}],\"inLanguage\":\"fr-FR\"},{\"@type\":\"Organization\",\"@id\":\"https:\/\/brokoss.com\/fr\/#organization\",\"name\":\"Joyer\u00eda Brokoss\",\"url\":\"https:\/\/brokoss.com\/fr\/\",\"logo\":{\"@type\":\"ImageObject\",\"inLanguage\":\"fr-FR\",\"@id\":\"https:\/\/brokoss.com\/fr\/#\/schema\/logo\/image\/\",\"url\":\"https:\/\/brokoss.com\/wp-content\/uploads\/2025\/06\/Anillos-y-pendientes-para-hombres-con-estilo-Brokoss-logo.png\",\"contentUrl\":\"https:\/\/brokoss.com\/wp-content\/uploads\/2025\/06\/Anillos-y-pendientes-para-hombres-con-estilo-Brokoss-logo.png\",\"width\":2000,\"height\":540,\"caption\":\"Joyer\u00eda Brokoss\"},\"image\":{\"@id\":\"https:\/\/brokoss.com\/fr\/#\/schema\/logo\/image\/\"},\"sameAs\":[\"https:\/\/www.facebook.com\/brokossjoyeria\",\"https:\/\/www.instagram.com\/brokossjoyeria\/\"]}]}<\/script>\n<!-- \/ Yoast SEO plugin. -->","yoast_head_json":{"title":"Br\u00f6koss - \u00c0 propos | Bijoux pour homme de caract\u00e8re","description":"D\u00e9couvrez l'histoire et la vision de Br\u00f6koss, la marque de bijoux pour hommes au style unique. Design, authenticit\u00e9 et engagement qualit\u00e9.","robots":{"index":"index","follow":"follow","max-snippet":"max-snippet:-1","max-image-preview":"max-image-preview:large","max-video-preview":"max-video-preview:-1"},"canonical":"https:\/\/brokoss.com\/fr\/a-propos-de-nous\/","og_locale":"fr_FR","og_type":"article","og_title":"Br\u00f6koss - \u00c0 propos | Bijoux pour homme de caract\u00e8re","og_description":"D\u00e9couvrez l'histoire et la vision de Br\u00f6koss, la marque de bijoux pour hommes au style unique. Design, authenticit\u00e9 et engagement qualit\u00e9.","og_url":"https:\/\/brokoss.com\/fr\/a-propos-de-nous\/","og_site_name":"Joyer\u00eda Brokoss","article_publisher":"https:\/\/www.facebook.com\/brokossjoyeria","article_modified_time":"2025-12-26T08:11:35+00:00","twitter_card":"summary_large_image","twitter_misc":{"Dur\u00e9e de lecture estim\u00e9e":"1 minute"},"schema":{"@context":"https:\/\/schema.org","@graph":[{"@type":"WebPage","@id":"https:\/\/brokoss.com\/fr\/a-propos-de-nous\/","url":"https:\/\/brokoss.com\/fr\/a-propos-de-nous\/","name":"Br\u00f6koss - \u00c0 propos | Bijoux pour homme de caract\u00e8re","isPartOf":{"@id":"https:\/\/brokoss.com\/fr\/#website"},"datePublished":"2025-06-12T08:55:25+00:00","dateModified":"2025-12-26T08:11:35+00:00","description":"D\u00e9couvrez l'histoire et la vision de Br\u00f6koss, la marque de bijoux pour hommes au style unique. Design, authenticit\u00e9 et engagement qualit\u00e9.","breadcrumb":{"@id":"https:\/\/brokoss.com\/fr\/a-propos-de-nous\/#breadcrumb"},"inLanguage":"fr-FR","potentialAction":[{"@type":"ReadAction","target":["https:\/\/brokoss.com\/fr\/a-propos-de-nous\/"]}]},{"@type":"BreadcrumbList","@id":"https:\/\/brokoss.com\/fr\/a-propos-de-nous\/#breadcrumb","itemListElement":[{"@type":"ListItem","position":1,"name":"Portada","item":"https:\/\/brokoss.com\/fr\/"},{"@type":"ListItem","position":2,"name":"\u00c0 propos de nous"}]},{"@type":"WebSite","@id":"https:\/\/brokoss.com\/fr\/#website","url":"https:\/\/brokoss.com\/fr\/","name":"Joyer\u00eda Brokoss","description":"Anillos para Hombre con Estilo | Joyer\u00eda Brokoss","publisher":{"@id":"https:\/\/brokoss.com\/fr\/#organization"},"alternateName":"Joyer\u00eda Brokoss","potentialAction":[{"@type":"SearchAction","target":{"@type":"EntryPoint","urlTemplate":"https:\/\/brokoss.com\/fr\/?s={search_term_string}"},"query-input":{"@type":"PropertyValueSpecification","valueRequired":true,"valueName":"search_term_string"}}],"inLanguage":"fr-FR"},{"@type":"Organization","@id":"https:\/\/brokoss.com\/fr\/#organization","name":"Joyer\u00eda Brokoss","url":"https:\/\/brokoss.com\/fr\/","logo":{"@type":"ImageObject","inLanguage":"fr-FR","@id":"https:\/\/brokoss.com\/fr\/#\/schema\/logo\/image\/","url":"https:\/\/brokoss.com\/wp-content\/uploads\/2025\/06\/Anillos-y-pendientes-para-hombres-con-estilo-Brokoss-logo.png","contentUrl":"https:\/\/brokoss.com\/wp-content\/uploads\/2025\/06\/Anillos-y-pendientes-para-hombres-con-estilo-Brokoss-logo.png","width":2000,"height":540,"caption":"Joyer\u00eda Brokoss"},"image":{"@id":"https:\/\/brokoss.com\/fr\/#\/schema\/logo\/image\/"},"sameAs":["https:\/\/www.facebook.com\/brokossjoyeria","https:\/\/www.instagram.com\/brokossjoyeria\/"]}]}},"jetpack_sharing_enabled":true,"_links":{"self":[{"href":"https:\/\/brokoss.com\/fr\/wp-json\/wp\/v2\/pages\/3095","targetHints":{"allow":["GET"]}}],"collection":[{"href":"https:\/\/brokoss.com\/fr\/wp-json\/wp\/v2\/pages"}],"about":[{"href":"https:\/\/brokoss.com\/fr\/wp-json\/wp\/v2\/types\/page"}],"author":[{"embeddable":true,"href":"https:\/\/brokoss.com\/fr\/wp-json\/wp\/v2\/users\/5"}],"replies":[{"embeddable":true,"href":"https:\/\/brokoss.com\/fr\/wp-json\/wp\/v2\/comments?post=3095"}],"version-history":[{"count":7,"href":"https:\/\/brokoss.com\/fr\/wp-json\/wp\/v2\/pages\/3095\/revisions"}],"predecessor-version":[{"id":7586,"href":"https:\/\/brokoss.com\/fr\/wp-json\/wp\/v2\/pages\/3095\/revisions\/7586"}],"wp:attachment":[{"href":"https:\/\/brokoss.com\/fr\/wp-json\/wp\/v2\/media?parent=3095"}],"curies":[{"name":"wp","href":"https:\/\/api.w.org\/{rel}","templated":true}]}}