{"id":3218,"date":"2023-12-04T16:42:59","date_gmt":"2023-12-04T15:42:59","guid":{"rendered":"https:\/\/brokoss.com\/politique-de-cookies\/"},"modified":"2025-07-27T08:57:30","modified_gmt":"2025-07-27T06:57:30","slug":"politique-de-cookies","status":"publish","type":"page","link":"https:\/\/brokoss.com\/fr\/politique-de-cookies\/","title":{"rendered":"Politique de cookies"},"content":{"rendered":"\t\t<div data-elementor-type=\"wp-page\" data-elementor-id=\"3218\" class=\"elementor elementor-3218 elementor-197\" data-elementor-post-type=\"page\">\n\t\t\t\t<div class=\"elementor-element elementor-element-0e5de29 e-con-full e-flex e-con e-parent\" data-id=\"0e5de29\" data-element_type=\"container\">\n\t\t\t\t<div class=\"elementor-element elementor-element-779f77d elementor-widget elementor-widget-heading\" data-id=\"779f77d\" data-element_type=\"widget\" data-widget_type=\"heading.default\">\n\t\t\t\t<div class=\"elementor-widget-container\">\n\t\t\t\t\t<h1 class=\"elementor-heading-title elementor-size-default\">Politique de cookies<\/h1>\t\t\t\t<\/div>\n\t\t\t\t<\/div>\n\t\t\t\t<div class=\"elementor-element elementor-element-0f67e32 elementor-widget elementor-widget-text-editor\" data-id=\"0f67e32\" data-element_type=\"widget\" data-widget_type=\"text-editor.default\">\n\t\t\t\t<div class=\"elementor-widget-container\">\n\t\t\t\t\t\t\t\t\t<p>SergeLL Jewelry informe de l&rsquo;utilisation de cookies sur son site Internet :<\/p><p><strong>Acceptation et consentement<\/strong> explicite aux <strong>cookies<\/strong> : Ce site web utilise des cookies pour garantir une meilleure exp\u00e9rience utilisateur. Une banni\u00e8re demandant le consentement de l&rsquo;utilisateur s&rsquo;affichera avant l&rsquo;installation de cookies non essentiels sur votre appareil, conform\u00e9ment aux r\u00e8gles de consentement explicite du RGPD. En acceptant les cookies, l&rsquo;utilisateur consent express\u00e9ment \u00e0 leur utilisation selon les conditions \u00e9nonc\u00e9es dans la pr\u00e9sente politique.  <\/p><p><strong>Que<\/strong> <strong>sont<\/strong> <strong>les<\/strong> <strong>cookies<\/strong> ? <\/p><p>Les cookies sont des fichiers t\u00e9l\u00e9charg\u00e9s sur votre ordinateur via des sites web. Ce sont des outils essentiels \u00e0 la fourniture de nombreux services de la soci\u00e9t\u00e9 de l&rsquo;information. Ils permettent notamment \u00e0 un site web de stocker et de r\u00e9cup\u00e9rer des informations sur les habitudes de navigation d&rsquo;un utilisateur ou sur son appareil. En fonction des informations obtenues, ils peuvent \u00eatre utilis\u00e9s pour reconna\u00eetre l&rsquo;utilisateur et am\u00e9liorer le service propos\u00e9.  <\/p><p><strong>Types de cookies<\/strong><\/p><p>Selon l&rsquo;entit\u00e9 qui g\u00e8re le domaine \u00e0 partir duquel les cookies sont envoy\u00e9s et traite les donn\u00e9es obtenues, deux types peuvent \u00eatre distingu\u00e9s :<\/p><ul><li>Cookies propri\u00e9taires : Ceux-ci sont envoy\u00e9s \u00e0 l&rsquo;\u00e9quipement terminal de l&rsquo;utilisateur \u00e0 partir d&rsquo;un ordinateur ou d&rsquo;un domaine g\u00e9r\u00e9 par l&rsquo;\u00e9diteur lui-m\u00eame et \u00e0 partir duquel le service demand\u00e9 par l&rsquo;utilisateur est fourni.<\/li><li>Cookies tiers (Google Analytics et Ads) : ils sont utilis\u00e9s pour comprendre les visites r\u00e9p\u00e9t\u00e9es des visiteurs et les contenus les plus int\u00e9ressants, pour am\u00e9liorer les zones les plus visit\u00e9es et pour faciliter les recherches des utilisateurs. Ces informations sont obtenues gr\u00e2ce \u00e0 des calculs statistiques bas\u00e9s sur des donn\u00e9es anonymes. Pour plus d&rsquo;informations, consultez notre politique de confidentialit\u00e9 en cliquant sur le lien suivant.  <\/li><\/ul><p>En outre, il existe des cookies de session et des cookies persistants :<\/p><ul><li>Cookies de session : con\u00e7us pour collecter et stocker des donn\u00e9es pendant que l&rsquo;utilisateur acc\u00e8de \u00e0 un site web. Ils sont g\u00e9n\u00e9ralement utilis\u00e9s pour stocker les informations n\u00e9cessaires \u00e0 la fourniture ponctuelle du service demand\u00e9 par l&rsquo;utilisateur (par exemple, la liste des produits achet\u00e9s). <\/li><li>Cookies persistants : Les donn\u00e9es restent stock\u00e9es sur l\u2019appareil et peuvent \u00eatre consult\u00e9es et trait\u00e9es pendant une dur\u00e9e d\u00e9finie par le propri\u00e9taire du cookie, qui peut aller de quelques minutes \u00e0 plusieurs ann\u00e9es.<\/li><\/ul><p>Enfin, il existe une autre classification avec six types de cookies en fonction de la finalit\u00e9 pour laquelle les donn\u00e9es obtenues sont trait\u00e9es :<\/p><ul><li>Cookies techniques : Ce sont ces cookies qui permettent \u00e0 l&rsquo;utilisateur de naviguer sur un site Web, une plateforme ou une application et d&rsquo;utiliser les diff\u00e9rentes options ou services qui y sont disponibles, tels que le contr\u00f4le du trafic et de la communication de donn\u00e9es, l&rsquo;identification de la session, l&rsquo;acc\u00e8s aux zones restreintes, la m\u00e9morisation des \u00e9l\u00e9ments qui composent une commande, la finalisation du processus d&rsquo;achat, la demande d&rsquo;inscription ou de participation \u00e0 un \u00e9v\u00e9nement, l&rsquo;utilisation de fonctions de s\u00e9curit\u00e9 lors de la navigation, le stockage de contenu pour la distribution de vid\u00e9os ou d&rsquo;audio, ou le partage de contenu via les r\u00e9seaux sociaux.<\/li><li>Cookies de personnalisation : Ceux-ci permettent \u00e0 l&rsquo;utilisateur d&rsquo;acc\u00e9der au service avec certaines caract\u00e9ristiques g\u00e9n\u00e9rales pr\u00e9d\u00e9finies en fonction d&rsquo;une s\u00e9rie de crit\u00e8res dans l&rsquo;appareil de l&rsquo;utilisateur, tels que la langue, le type de navigateur utilis\u00e9 pour acc\u00e9der au service, la configuration r\u00e9gionale \u00e0 partir de laquelle le service est accessible, etc.<\/li><li>Cookies d&rsquo;analyse : Ces cookies permettent au propri\u00e9taire du site web de surveiller et d&rsquo;analyser le comportement des utilisateurs des sites web auxquels il est li\u00e9. Les informations collect\u00e9es via ces cookies servent \u00e0 mesurer l&rsquo;activit\u00e9 des sites web, applications ou plateformes et \u00e0 cr\u00e9er des profils de navigation des utilisateurs, afin d&rsquo;apporter des am\u00e9liorations bas\u00e9es sur l&rsquo;analyse des donn\u00e9es d&rsquo;utilisation du service. <\/li><li>Cookies publicitaires : Ils permettent une gestion plus efficace des espaces publicitaires.<\/li><li>Cookies de publicit\u00e9 comportementale : ils stockent des informations sur le comportement des utilisateurs obtenues gr\u00e2ce \u00e0 une surveillance continue de leurs habitudes de navigation, permettant le d\u00e9veloppement d&rsquo;un profil sp\u00e9cifique pour afficher des publicit\u00e9s en fonction de ce comportement.<\/li><li>Cookies tiers de r\u00e9seaux sociaux : Ces cookies permettent aux visiteurs d&rsquo;interagir avec le contenu de diff\u00e9rentes plateformes de r\u00e9seaux sociaux (Facebook, YouTube, Twitter, LinkedIn, etc.) et sont g\u00e9n\u00e9r\u00e9s exclusivement pour les utilisateurs de ces plateformes. Les conditions d&rsquo;utilisation de ces cookies et les informations collect\u00e9es sont r\u00e9gies par la politique de confidentialit\u00e9 de la plateforme concern\u00e9e. <\/li><\/ul><p><strong>D\u00e9sactiver<\/strong> et supprimer les <strong>cookies<\/strong> <\/p><p>Vous pouvez autoriser, bloquer ou supprimer les cookies install\u00e9s sur votre appareil en configurant les options de votre navigateur. La d\u00e9sactivation des cookies peut entra\u00eener l&rsquo;inaccessibilit\u00e9 de certains services. La proc\u00e9dure de d\u00e9sactivation des cookies varie selon le navigateur, mais elle peut g\u00e9n\u00e9ralement \u00eatre effectu\u00e9e depuis le menu Outils ou Options. Vous pouvez \u00e9galement consulter le menu Aide de votre navigateur pour obtenir des instructions. Les utilisateurs peuvent choisir \u00e0 tout moment les cookies qu&rsquo;ils souhaitent activer sur ce site web.    <\/p><p>Vous pouvez autoriser, bloquer ou supprimer les cookies install\u00e9s sur votre ordinateur en configurant les options du navigateur install\u00e9 sur votre ordinateur :<\/p><ul><li>Microsoft Internet Explorer ou Microsoft Edge: <a href=\"http:\/\/windows.microsoft.com\/es-es\/windows-vista\/Block-or-allow-cookies\">http:\/\/windows.microsoft.com\/es-es\/windows-vista\/Block-or-allow-cookies<\/a><\/li><li>Mozilla Firefox: <a href=\"http:\/\/support.mozilla.org\/es\/kb\/impedir-que-los-sitios-web-guarden-sus-preferencia\">http:\/\/support.mozilla.org\/es\/kb\/impedir-que-los-sitios-web-guarden-sus-preferencia<\/a><\/li><li>Chrome: <a href=\"https:\/\/support.google.com\/accounts\/answer\/61416?hl=es\">https:\/\/support.google.com\/accounts\/answer\/61416?hl=es<\/a><\/li><li>Safari: <a href=\"http:\/\/safari.helpmax.net\/es\/privacidad-y-seguridad\/como-gestionar-las-cookies\/\">http:\/\/safari.helpmax.net\/es\/privacidad-y-seguridad\/como-gestionar-las-cookies\/<\/a><\/li><li>Opera: <a href=\"http:\/\/help.opera.com\/Linux\/10.60\/es-ES\/cookies.html\">http:\/\/help.opera.com\/Linux\/10.60\/es-ES\/cookies.html<\/a><\/li><\/ul><p>De plus, vous pouvez \u00e9galement g\u00e9rer le magasin de cookies dans votre navigateur gr\u00e2ce \u00e0 des outils tels que les suivants :<\/p><ul><li>Ghostery: <a href=\"http:\/\/www.ghostery.com\/\">ghostery.com\/<\/a><\/li><li>Your Online Choices: www.youronlinechoices.com\/es\/<\/li><\/ul><p><strong>Cookies<\/strong> utilis\u00e9s sur <strong>www.brokoss.com<\/strong><\/p><p>Vous trouverez ci-dessous les cookies utilis\u00e9s sur ce site Web, ainsi que leur type et leur fonction :<\/p><p><strong>Acceptation<\/strong> de la politique relative aux <strong>cookies<\/strong><\/p><p>Vous acceptez l&rsquo;utilisation des cookies. Cependant, des informations sur sa politique en mati\u00e8re de cookies sont affich\u00e9es en bas ou en haut de chaque page du portail \u00e0 chaque connexion, afin que vous en soyez inform\u00e9. <\/p><p>Compte tenu de ces informations, les actions suivantes peuvent \u00eatre entreprises :<\/p><ul><li>Accepter les cookies : Cet avis ne sera plus affich\u00e9 lors de l&rsquo;acc\u00e8s \u00e0 une page du portail au cours de la session en cours.<\/li><li>Fermer : L&rsquo;avis est masqu\u00e9 sur cette page.<\/li><li>Modifiez vos param\u00e8tres : Vous pouvez obtenir plus d&rsquo;informations sur ce que sont les cookies, en savoir plus sur la politique de cookies de : et modifier les param\u00e8tres de votre navigateur.<\/li><\/ul><p><strong> <\/strong><\/p>\t\t\t\t\t\t\t\t<\/div>\n\t\t\t\t<\/div>\n\t\t\t\t<\/div>\n\t\t\t\t<\/div>\n\t\t","protected":false},"excerpt":{"rendered":"<p>Politique de cookies SergeLL Jewelry informe de l&rsquo;utilisation de cookies sur son site Internet : Acceptation et consentement explicite aux cookies : Ce site web utilise des cookies pour garantir une meilleure exp\u00e9rience utilisateur. Une banni\u00e8re demandant le consentement de l&rsquo;utilisateur s&rsquo;affichera avant l&rsquo;installation de cookies non essentiels sur votre appareil, conform\u00e9ment aux r\u00e8gles de &#8230; <a title=\"Politique de cookies\" class=\"read-more\" href=\"https:\/\/brokoss.com\/fr\/politique-de-cookies\/\" aria-label=\"En savoir plus sur Politique de cookies\">Lire la suite<\/a><\/p>\n","protected":false},"author":1,"featured_media":0,"parent":0,"menu_order":0,"comment_status":"closed","ping_status":"closed","template":"elementor_header_footer","meta":{"_joinchat":[],"footnotes":""},"class_list":["post-3218","page","type-page","status-publish"],"yoast_head":"<!-- This site is optimized with the Yoast SEO plugin v26.6 - https:\/\/yoast.com\/wordpress\/plugins\/seo\/ -->\n<title>Politique relative aux cookies | Br\u00f6koss \u2013 Utilisation responsable des donn\u00e9es<\/title>\n<meta name=\"description\" content=\"D\u00e9couvrez comment Br\u00f6koss utilise les cookies pour am\u00e9liorer votre exp\u00e9rience de navigation et personnaliser le contenu du site Web.\" \/>\n<meta name=\"robots\" content=\"noindex, nofollow\" \/>\n<meta property=\"og:locale\" content=\"fr_FR\" \/>\n<meta property=\"og:type\" content=\"article\" \/>\n<meta property=\"og:title\" content=\"Politique relative aux cookies | Br\u00f6koss \u2013 Utilisation responsable des donn\u00e9es\" \/>\n<meta property=\"og:description\" content=\"D\u00e9couvrez comment Br\u00f6koss utilise les cookies pour am\u00e9liorer votre exp\u00e9rience de navigation et personnaliser le contenu du site Web.\" \/>\n<meta property=\"og:url\" content=\"https:\/\/brokoss.com\/fr\/politique-de-cookies\/\" \/>\n<meta property=\"og:site_name\" content=\"Joyer\u00eda Brokoss\" \/>\n<meta property=\"article:publisher\" content=\"https:\/\/www.facebook.com\/brokossjoyeria\" \/>\n<meta property=\"article:modified_time\" content=\"2025-07-27T06:57:30+00:00\" \/>\n<meta name=\"twitter:card\" content=\"summary_large_image\" \/>\n<meta name=\"twitter:label1\" content=\"Dur\u00e9e de lecture estim\u00e9e\" \/>\n\t<meta name=\"twitter:data1\" content=\"6 minutes\" \/>\n<script type=\"application\/ld+json\" class=\"yoast-schema-graph\">{\"@context\":\"https:\/\/schema.org\",\"@graph\":[{\"@type\":\"WebPage\",\"@id\":\"https:\/\/brokoss.com\/fr\/politique-de-cookies\/\",\"url\":\"https:\/\/brokoss.com\/fr\/politique-de-cookies\/\",\"name\":\"Politique relative aux cookies | Br\u00f6koss \u2013 Utilisation responsable des donn\u00e9es\",\"isPartOf\":{\"@id\":\"https:\/\/brokoss.com\/fr\/#website\"},\"datePublished\":\"2023-12-04T15:42:59+00:00\",\"dateModified\":\"2025-07-27T06:57:30+00:00\",\"description\":\"D\u00e9couvrez comment Br\u00f6koss utilise les cookies pour am\u00e9liorer votre exp\u00e9rience de navigation et personnaliser le contenu du site Web.\",\"breadcrumb\":{\"@id\":\"https:\/\/brokoss.com\/fr\/politique-de-cookies\/#breadcrumb\"},\"inLanguage\":\"fr-FR\",\"potentialAction\":[{\"@type\":\"ReadAction\",\"target\":[\"https:\/\/brokoss.com\/fr\/politique-de-cookies\/\"]}]},{\"@type\":\"BreadcrumbList\",\"@id\":\"https:\/\/brokoss.com\/fr\/politique-de-cookies\/#breadcrumb\",\"itemListElement\":[{\"@type\":\"ListItem\",\"position\":1,\"name\":\"Portada\",\"item\":\"https:\/\/brokoss.com\/fr\/\"},{\"@type\":\"ListItem\",\"position\":2,\"name\":\"Politique de cookies\"}]},{\"@type\":\"WebSite\",\"@id\":\"https:\/\/brokoss.com\/fr\/#website\",\"url\":\"https:\/\/brokoss.com\/fr\/\",\"name\":\"Joyer\u00eda Brokoss\",\"description\":\"Anillos para Hombre con Estilo | Joyer\u00eda Brokoss\",\"publisher\":{\"@id\":\"https:\/\/brokoss.com\/fr\/#organization\"},\"alternateName\":\"Joyer\u00eda Brokoss\",\"potentialAction\":[{\"@type\":\"SearchAction\",\"target\":{\"@type\":\"EntryPoint\",\"urlTemplate\":\"https:\/\/brokoss.com\/fr\/?s={search_term_string}\"},\"query-input\":{\"@type\":\"PropertyValueSpecification\",\"valueRequired\":true,\"valueName\":\"search_term_string\"}}],\"inLanguage\":\"fr-FR\"},{\"@type\":\"Organization\",\"@id\":\"https:\/\/brokoss.com\/fr\/#organization\",\"name\":\"Joyer\u00eda Brokoss\",\"url\":\"https:\/\/brokoss.com\/fr\/\",\"logo\":{\"@type\":\"ImageObject\",\"inLanguage\":\"fr-FR\",\"@id\":\"https:\/\/brokoss.com\/fr\/#\/schema\/logo\/image\/\",\"url\":\"https:\/\/brokoss.com\/wp-content\/uploads\/2025\/06\/Anillos-y-pendientes-para-hombres-con-estilo-Brokoss-logo.png\",\"contentUrl\":\"https:\/\/brokoss.com\/wp-content\/uploads\/2025\/06\/Anillos-y-pendientes-para-hombres-con-estilo-Brokoss-logo.png\",\"width\":2000,\"height\":540,\"caption\":\"Joyer\u00eda Brokoss\"},\"image\":{\"@id\":\"https:\/\/brokoss.com\/fr\/#\/schema\/logo\/image\/\"},\"sameAs\":[\"https:\/\/www.facebook.com\/brokossjoyeria\",\"https:\/\/www.instagram.com\/brokossjoyeria\/\"]}]}<\/script>\n<!-- \/ Yoast SEO plugin. -->","yoast_head_json":{"title":"Politique relative aux cookies | Br\u00f6koss \u2013 Utilisation responsable des donn\u00e9es","description":"D\u00e9couvrez comment Br\u00f6koss utilise les cookies pour am\u00e9liorer votre exp\u00e9rience de navigation et personnaliser le contenu du site Web.","robots":{"index":"noindex","follow":"nofollow"},"og_locale":"fr_FR","og_type":"article","og_title":"Politique relative aux cookies | Br\u00f6koss \u2013 Utilisation responsable des donn\u00e9es","og_description":"D\u00e9couvrez comment Br\u00f6koss utilise les cookies pour am\u00e9liorer votre exp\u00e9rience de navigation et personnaliser le contenu du site Web.","og_url":"https:\/\/brokoss.com\/fr\/politique-de-cookies\/","og_site_name":"Joyer\u00eda Brokoss","article_publisher":"https:\/\/www.facebook.com\/brokossjoyeria","article_modified_time":"2025-07-27T06:57:30+00:00","twitter_card":"summary_large_image","twitter_misc":{"Dur\u00e9e de lecture estim\u00e9e":"6 minutes"},"schema":{"@context":"https:\/\/schema.org","@graph":[{"@type":"WebPage","@id":"https:\/\/brokoss.com\/fr\/politique-de-cookies\/","url":"https:\/\/brokoss.com\/fr\/politique-de-cookies\/","name":"Politique relative aux cookies | Br\u00f6koss \u2013 Utilisation responsable des donn\u00e9es","isPartOf":{"@id":"https:\/\/brokoss.com\/fr\/#website"},"datePublished":"2023-12-04T15:42:59+00:00","dateModified":"2025-07-27T06:57:30+00:00","description":"D\u00e9couvrez comment Br\u00f6koss utilise les cookies pour am\u00e9liorer votre exp\u00e9rience de navigation et personnaliser le contenu du site Web.","breadcrumb":{"@id":"https:\/\/brokoss.com\/fr\/politique-de-cookies\/#breadcrumb"},"inLanguage":"fr-FR","potentialAction":[{"@type":"ReadAction","target":["https:\/\/brokoss.com\/fr\/politique-de-cookies\/"]}]},{"@type":"BreadcrumbList","@id":"https:\/\/brokoss.com\/fr\/politique-de-cookies\/#breadcrumb","itemListElement":[{"@type":"ListItem","position":1,"name":"Portada","item":"https:\/\/brokoss.com\/fr\/"},{"@type":"ListItem","position":2,"name":"Politique de cookies"}]},{"@type":"WebSite","@id":"https:\/\/brokoss.com\/fr\/#website","url":"https:\/\/brokoss.com\/fr\/","name":"Joyer\u00eda Brokoss","description":"Anillos para Hombre con Estilo | Joyer\u00eda Brokoss","publisher":{"@id":"https:\/\/brokoss.com\/fr\/#organization"},"alternateName":"Joyer\u00eda Brokoss","potentialAction":[{"@type":"SearchAction","target":{"@type":"EntryPoint","urlTemplate":"https:\/\/brokoss.com\/fr\/?s={search_term_string}"},"query-input":{"@type":"PropertyValueSpecification","valueRequired":true,"valueName":"search_term_string"}}],"inLanguage":"fr-FR"},{"@type":"Organization","@id":"https:\/\/brokoss.com\/fr\/#organization","name":"Joyer\u00eda Brokoss","url":"https:\/\/brokoss.com\/fr\/","logo":{"@type":"ImageObject","inLanguage":"fr-FR","@id":"https:\/\/brokoss.com\/fr\/#\/schema\/logo\/image\/","url":"https:\/\/brokoss.com\/wp-content\/uploads\/2025\/06\/Anillos-y-pendientes-para-hombres-con-estilo-Brokoss-logo.png","contentUrl":"https:\/\/brokoss.com\/wp-content\/uploads\/2025\/06\/Anillos-y-pendientes-para-hombres-con-estilo-Brokoss-logo.png","width":2000,"height":540,"caption":"Joyer\u00eda Brokoss"},"image":{"@id":"https:\/\/brokoss.com\/fr\/#\/schema\/logo\/image\/"},"sameAs":["https:\/\/www.facebook.com\/brokossjoyeria","https:\/\/www.instagram.com\/brokossjoyeria\/"]}]}},"jetpack_sharing_enabled":true,"_links":{"self":[{"href":"https:\/\/brokoss.com\/fr\/wp-json\/wp\/v2\/pages\/3218","targetHints":{"allow":["GET"]}}],"collection":[{"href":"https:\/\/brokoss.com\/fr\/wp-json\/wp\/v2\/pages"}],"about":[{"href":"https:\/\/brokoss.com\/fr\/wp-json\/wp\/v2\/types\/page"}],"author":[{"embeddable":true,"href":"https:\/\/brokoss.com\/fr\/wp-json\/wp\/v2\/users\/1"}],"replies":[{"embeddable":true,"href":"https:\/\/brokoss.com\/fr\/wp-json\/wp\/v2\/comments?post=3218"}],"version-history":[{"count":2,"href":"https:\/\/brokoss.com\/fr\/wp-json\/wp\/v2\/pages\/3218\/revisions"}],"predecessor-version":[{"id":4003,"href":"https:\/\/brokoss.com\/fr\/wp-json\/wp\/v2\/pages\/3218\/revisions\/4003"}],"wp:attachment":[{"href":"https:\/\/brokoss.com\/fr\/wp-json\/wp\/v2\/media?parent=3218"}],"curies":[{"name":"wp","href":"https:\/\/api.w.org\/{rel}","templated":true}]}}