{"id":3220,"date":"2023-12-04T16:15:26","date_gmt":"2023-12-04T15:15:26","guid":{"rendered":"https:\/\/brokoss.com\/politique-de-confidentialite\/"},"modified":"2025-07-27T08:56:48","modified_gmt":"2025-07-27T06:56:48","slug":"politique-de-confidentialite","status":"publish","type":"page","link":"https:\/\/brokoss.com\/fr\/politique-de-confidentialite\/","title":{"rendered":"Politique de confidentialit\u00e9"},"content":{"rendered":"\t\t<div data-elementor-type=\"wp-page\" data-elementor-id=\"3220\" class=\"elementor elementor-3220 elementor-176\" data-elementor-post-type=\"page\">\n\t\t\t\t<div class=\"elementor-element elementor-element-0026533 e-con-full e-flex e-con e-parent\" data-id=\"0026533\" data-element_type=\"container\">\n\t\t\t\t<div class=\"elementor-element elementor-element-3fefd09 elementor-widget elementor-widget-heading\" data-id=\"3fefd09\" data-element_type=\"widget\" data-widget_type=\"heading.default\">\n\t\t\t\t<div class=\"elementor-widget-container\">\n\t\t\t\t\t<h1 class=\"elementor-heading-title elementor-size-default\">Politique de confidentialit\u00e9<\/h1>\t\t\t\t<\/div>\n\t\t\t\t<\/div>\n\t\t\t\t<div class=\"elementor-element elementor-element-e4fecdb elementor-widget elementor-widget-text-editor\" data-id=\"e4fecdb\" data-element_type=\"widget\" data-widget_type=\"text-editor.default\">\n\t\t\t\t<div class=\"elementor-widget-container\">\n\t\t\t\t\t\t\t\t\t<p>Protection des donn\u00e9es personnelles selon le RGPD et la LOPDGDD.<\/p><p>Joyer\u00eda SergeLL SL, en application de la r\u00e9glementation en vigueur sur la protection des donn\u00e9es personnelles (R\u00e8glement (UE) 2016\/679 du Parlement europ\u00e9en et du Conseil du 27 avril 2016 relatif \u00e0 la protection des personnes physiques \u00e0 l&rsquo;\u00e9gard du traitement des donn\u00e9es \u00e0 caract\u00e8re personnel et \u00e0 la libre circulation de ces donn\u00e9es, et la loi organique 3\/2018 du 5 d\u00e9cembre sur la protection des donn\u00e9es personnelles et la garantie des droits num\u00e9riques), informe que les donn\u00e9es personnelles collect\u00e9es via les formulaires du site Web : <a href=\"http:\/\/www.brokoss.com\">www.brokoss.com<\/a>, sont inclus dans les fichiers automatis\u00e9s sp\u00e9cifiques des utilisateurs des services de Joyer\u00eda SergeLL SL.<\/p><p><strong>Finalit\u00e9 du traitement des donn\u00e9es personnelles : <\/strong><\/p><p><strong>Dans quel<\/strong> but traiterons-nous vos <strong>donn\u00e9es personnelles<\/strong> ? <\/p><p>Chez Joyer\u00eda SergeLL SL, nous traiterons vos donn\u00e9es personnelles collect\u00e9es via le site Web aux fins suivantes :<\/p><ol><li>En cas de souscription de biens et services propos\u00e9s via <a href=\"http:\/\/www.brokoss.com\">brokoss.com<\/a>, pour maintenir la relation contractuelle, ainsi que la gestion, l&rsquo;administration, l&rsquo;information, la fourniture et l&rsquo;am\u00e9lioration du service.<\/li><li>Envoi des informations demand\u00e9es via les formulaires disponibles sur <a href=\"http:\/\/www.brokoss.com\">brokoss.com<\/a>.<\/li><li>Envoyer des newsletters, ainsi que des communications commerciales concernant les promotions et\/ou la publicit\u00e9 de Joyer\u00eda SergeLL SL et du secteur.<\/li><\/ol><p>Les donn\u00e9es personnelles fournies via les formulaires du Site Web sont trait\u00e9es pour la fourniture des services de Joyer\u00eda SergeLL SL, ainsi que pour l&rsquo;envoi de communications commerciales ou informatives via l&rsquo;outil fourni par ladite soci\u00e9t\u00e9.<\/p><p><strong>Combien de temps les donn\u00e9es personnelles collect\u00e9es sont-elles conserv\u00e9es ? <\/strong><\/p><p>Les donn\u00e9es personnelles fournies seront conserv\u00e9es tant que la relation commerciale sera maintenue ou que vous ne demanderez pas leur suppression. En cas de cessation de la relation commerciale, les donn\u00e9es resteront bloqu\u00e9es pendant toute la dur\u00e9e de toute responsabilit\u00e9 l\u00e9gale pouvant d\u00e9couler des services fournis. <\/p><p><strong>L\u00e9gitimation<\/strong><strong>:<\/strong> <\/p><p>Vos donn\u00e9es sont trait\u00e9es sur la base des fondements juridiques suivants :<\/p><ol><li>La demande d&rsquo;informations et\/ou la souscription des services de Joyer\u00eda SergeLL SL, dont les termes et conditions seront mis \u00e0 votre disposition dans tous les cas, pr\u00e9alablement \u00e0 toute \u00e9ventuelle souscription.<\/li><li>Consentement libre, sp\u00e9cifique, \u00e9clair\u00e9 et sans \u00e9quivoque, tel que nous vous l&rsquo;indiquons en mettant \u00e0 votre disposition cette politique de confidentialit\u00e9. Apr\u00e8s l&rsquo;avoir lue, si vous l&rsquo;acceptez, vous pouvez l&rsquo;accepter en faisant une d\u00e9claration ou en accomplissant un acte positif clair, par exemple en cochant une case pr\u00e9vue \u00e0 cet effet.<\/li><\/ol><p>Si vous ne fournissez pas vos informations, ou si vous les fournissez de mani\u00e8re inexacte ou incompl\u00e8te, nous ne serons pas en mesure de traiter votre demande, ce qui rendra impossible de vous fournir les informations demand\u00e9es ou de mener \u00e0 bien le processus de passation de march\u00e9 pour les services.<\/p><p><strong>Destinataires: <\/strong><\/p><p>Les donn\u00e9es ne seront communiqu\u00e9es \u00e0 aucun tiers ext\u00e9rieur \u00e0 Joyer\u00eda SergeLL SL, sauf obligation l\u00e9gale.<\/p><p>En tant que sous-traitants de donn\u00e9es, nous avons contract\u00e9 les prestataires de services suivants, qui ont accept\u00e9 de se conformer \u00e0 la r\u00e9glementation applicable en mati\u00e8re de protection des donn\u00e9es au moment de leur contractualisation :<\/p><ul><li>Joyer\u00eda SergeLL SL, dont le si\u00e8ge social est situ\u00e9 Calle Virgen de la Esperanza, 4 30008 Murcia, NIF\/CIF ou DNI n\u00ba CIFB73981094, fournit des services de bijouterie.<\/li><\/ul><p><strong>Donn\u00e9es collect\u00e9es par les utilisateurs des services <\/strong><\/p><p>Dans les cas o\u00f9 l&rsquo;utilisateur inclut des fichiers contenant des donn\u00e9es personnelles sur les serveurs d&rsquo;h\u00e9bergement partag\u00e9, Joyer\u00eda SergeLL SL n&rsquo;est pas responsable du non-respect du RGPD par l&rsquo;utilisateur.<\/p><p><strong>Conservation des donn\u00e9es conform\u00e9ment \u00e0 la LSSI <\/strong><\/p><p>Joyer\u00eda SergeLL SL vous informe qu&rsquo;en tant que prestataire de services d&rsquo;h\u00e9bergement de donn\u00e9es et conform\u00e9ment aux dispositions de la loi 34\/2002 du 11 juillet sur les services de la soci\u00e9t\u00e9 de l&rsquo;information et du commerce \u00e9lectronique (LSSI), elle conserve pendant une p\u00e9riode maximale de 12 mois les informations essentielles pour identifier l&rsquo;origine des donn\u00e9es h\u00e9berg\u00e9es et l&rsquo;heure \u00e0 laquelle le service a commenc\u00e9. La conservation de ces donn\u00e9es n&rsquo;affecte pas la confidentialit\u00e9 des communications et elles ne pourront \u00eatre utilis\u00e9es que dans le cadre d&rsquo;une enqu\u00eate p\u00e9nale ou pour sauvegarder la s\u00e9curit\u00e9 publique et pourront \u00eatre mises \u00e0 la disposition des juges et\/ou des tribunaux ou du Minist\u00e8re qui en fera la demande. <\/p><p><strong>Droits de propri\u00e9t\u00e9 intellectuelle<\/strong> <strong>www.brokoss.com<\/strong><\/p><p><strong>Joyer\u00eda SergeLL SL<\/strong> est propri\u00e9taire de tous les droits d&rsquo;auteur, droits de propri\u00e9t\u00e9 intellectuelle et industrielle, savoir-faire et tout autre droit li\u00e9 au contenu du site Web <strong>www.brokoss.com<\/strong> et aux services qui y sont propos\u00e9s, ainsi qu&rsquo;aux programmes n\u00e9cessaires \u00e0 sa mise en \u0153uvre et aux informations connexes.<\/p><p><strong>Propri\u00e9t\u00e9 intellectuelle des logiciels<\/strong><\/p><p>L&rsquo;utilisateur doit respecter les programmes tiers mis \u00e0 sa disposition par Joyer\u00eda SergeLL SL, m\u00eame s&rsquo;ils sont gratuits et\/ou accessibles au public. Joyer\u00eda SergeLL SL d\u00e9tient les droits de propri\u00e9t\u00e9 intellectuelle et d&rsquo;exploitation n\u00e9cessaires sur le logiciel. <\/p><p><strong>Protection des informations h\u00e9berg\u00e9es<\/strong><\/p><p>Joyer\u00eda SergeLL SL effectue des copies de sauvegarde du contenu h\u00e9berg\u00e9 sur ses serveurs ; cependant, elle n&rsquo;est pas responsable de la perte ou de la suppression accidentelle de donn\u00e9es par les utilisateurs. De m\u00eame, il ne garantit pas la restauration compl\u00e8te des donn\u00e9es supprim\u00e9es par les utilisateurs, car ces donn\u00e9es peuvent avoir \u00e9t\u00e9 supprim\u00e9es et\/ou modifi\u00e9es pendant la p\u00e9riode de temps \u00e9coul\u00e9e depuis la derni\u00e8re sauvegarde. La restauration des donn\u00e9es supprim\u00e9es n&rsquo;est incluse dans le prix du service que lorsque la perte de contenu est due \u00e0 des causes imputables \u00e0 Joyer\u00eda SergeLL SL.  <\/p><p><strong>Communications commerciales<\/strong><\/p><p>Conform\u00e9ment \u00e0 la LSSI, Joyer\u00eda SergeLL SL n&rsquo;enverra pas de communications publicitaires ou promotionnelles par courrier \u00e9lectronique ou par d&rsquo;autres moyens de communication \u00e9lectronique \u00e9quivalents qui n&rsquo;ont pas \u00e9t\u00e9 pr\u00e9alablement demand\u00e9s ou express\u00e9ment autoris\u00e9s par les destinataires. Dans le cas d&rsquo;utilisateurs avec lesquels il existe une relation contractuelle pr\u00e9alable, Joyer\u00eda SergeLL SL est autoris\u00e9e \u00e0 envoyer des communications commerciales concernant des produits ou services similaires \u00e0 ceux initialement contract\u00e9s par le client. <\/p>\t\t\t\t\t\t\t\t<\/div>\n\t\t\t\t<\/div>\n\t\t\t\t<\/div>\n\t\t\t\t<\/div>\n\t\t","protected":false},"excerpt":{"rendered":"<p>Politique de confidentialit\u00e9 Protection des donn\u00e9es personnelles selon le RGPD et la LOPDGDD. Joyer\u00eda SergeLL SL, en application de la r\u00e9glementation en vigueur sur la protection des donn\u00e9es personnelles (R\u00e8glement (UE) 2016\/679 du Parlement europ\u00e9en et du Conseil du 27 avril 2016 relatif \u00e0 la protection des personnes physiques \u00e0 l&rsquo;\u00e9gard du traitement des donn\u00e9es &#8230; <a title=\"Politique de confidentialit\u00e9\" class=\"read-more\" href=\"https:\/\/brokoss.com\/fr\/politique-de-confidentialite\/\" aria-label=\"En savoir plus sur Politique de confidentialit\u00e9\">Lire la suite<\/a><\/p>\n","protected":false},"author":1,"featured_media":0,"parent":0,"menu_order":0,"comment_status":"closed","ping_status":"closed","template":"elementor_header_footer","meta":{"_joinchat":[],"footnotes":""},"class_list":["post-3220","page","type-page","status-publish"],"yoast_head":"<!-- This site is optimized with the Yoast SEO plugin v26.6 - https:\/\/yoast.com\/wordpress\/plugins\/seo\/ -->\n<title>Politique de confidentialit\u00e9 | Br\u00f6koss \u2013 Protection des donn\u00e9es<\/title>\n<meta name=\"description\" content=\"D\u00e9couvrez comment Br\u00f6koss prot\u00e8ge vos donn\u00e9es personnelles conform\u00e9ment au RGPD. Transparence, s\u00e9curit\u00e9 et engagement total envers votre vie priv\u00e9e.\" \/>\n<meta name=\"robots\" content=\"noindex, nofollow\" \/>\n<meta property=\"og:locale\" content=\"fr_FR\" \/>\n<meta property=\"og:type\" content=\"article\" \/>\n<meta property=\"og:title\" content=\"Politique de confidentialit\u00e9 | Br\u00f6koss \u2013 Protection des donn\u00e9es\" \/>\n<meta property=\"og:description\" content=\"D\u00e9couvrez comment Br\u00f6koss prot\u00e8ge vos donn\u00e9es personnelles conform\u00e9ment au RGPD. Transparence, s\u00e9curit\u00e9 et engagement total envers votre vie priv\u00e9e.\" \/>\n<meta property=\"og:url\" content=\"https:\/\/brokoss.com\/fr\/politique-de-confidentialite\/\" \/>\n<meta property=\"og:site_name\" content=\"Joyer\u00eda Brokoss\" \/>\n<meta property=\"article:publisher\" content=\"https:\/\/www.facebook.com\/brokossjoyeria\" \/>\n<meta property=\"article:modified_time\" content=\"2025-07-27T06:56:48+00:00\" \/>\n<meta name=\"twitter:card\" content=\"summary_large_image\" \/>\n<meta name=\"twitter:label1\" content=\"Dur\u00e9e de lecture estim\u00e9e\" \/>\n\t<meta name=\"twitter:data1\" content=\"5 minutes\" \/>\n<script type=\"application\/ld+json\" class=\"yoast-schema-graph\">{\"@context\":\"https:\/\/schema.org\",\"@graph\":[{\"@type\":\"WebPage\",\"@id\":\"https:\/\/brokoss.com\/fr\/politique-de-confidentialite\/\",\"url\":\"https:\/\/brokoss.com\/fr\/politique-de-confidentialite\/\",\"name\":\"Politique de confidentialit\u00e9 | Br\u00f6koss \u2013 Protection des donn\u00e9es\",\"isPartOf\":{\"@id\":\"https:\/\/brokoss.com\/fr\/#website\"},\"datePublished\":\"2023-12-04T15:15:26+00:00\",\"dateModified\":\"2025-07-27T06:56:48+00:00\",\"description\":\"D\u00e9couvrez comment Br\u00f6koss prot\u00e8ge vos donn\u00e9es personnelles conform\u00e9ment au RGPD. Transparence, s\u00e9curit\u00e9 et engagement total envers votre vie priv\u00e9e.\",\"breadcrumb\":{\"@id\":\"https:\/\/brokoss.com\/fr\/politique-de-confidentialite\/#breadcrumb\"},\"inLanguage\":\"fr-FR\",\"potentialAction\":[{\"@type\":\"ReadAction\",\"target\":[\"https:\/\/brokoss.com\/fr\/politique-de-confidentialite\/\"]}]},{\"@type\":\"BreadcrumbList\",\"@id\":\"https:\/\/brokoss.com\/fr\/politique-de-confidentialite\/#breadcrumb\",\"itemListElement\":[{\"@type\":\"ListItem\",\"position\":1,\"name\":\"Portada\",\"item\":\"https:\/\/brokoss.com\/fr\/\"},{\"@type\":\"ListItem\",\"position\":2,\"name\":\"Politique de confidentialit\u00e9\"}]},{\"@type\":\"WebSite\",\"@id\":\"https:\/\/brokoss.com\/fr\/#website\",\"url\":\"https:\/\/brokoss.com\/fr\/\",\"name\":\"Joyer\u00eda Brokoss\",\"description\":\"Anillos para Hombre con Estilo | Joyer\u00eda Brokoss\",\"publisher\":{\"@id\":\"https:\/\/brokoss.com\/fr\/#organization\"},\"alternateName\":\"Joyer\u00eda Brokoss\",\"potentialAction\":[{\"@type\":\"SearchAction\",\"target\":{\"@type\":\"EntryPoint\",\"urlTemplate\":\"https:\/\/brokoss.com\/fr\/?s={search_term_string}\"},\"query-input\":{\"@type\":\"PropertyValueSpecification\",\"valueRequired\":true,\"valueName\":\"search_term_string\"}}],\"inLanguage\":\"fr-FR\"},{\"@type\":\"Organization\",\"@id\":\"https:\/\/brokoss.com\/fr\/#organization\",\"name\":\"Joyer\u00eda Brokoss\",\"url\":\"https:\/\/brokoss.com\/fr\/\",\"logo\":{\"@type\":\"ImageObject\",\"inLanguage\":\"fr-FR\",\"@id\":\"https:\/\/brokoss.com\/fr\/#\/schema\/logo\/image\/\",\"url\":\"https:\/\/brokoss.com\/wp-content\/uploads\/2025\/06\/Anillos-y-pendientes-para-hombres-con-estilo-Brokoss-logo.png\",\"contentUrl\":\"https:\/\/brokoss.com\/wp-content\/uploads\/2025\/06\/Anillos-y-pendientes-para-hombres-con-estilo-Brokoss-logo.png\",\"width\":2000,\"height\":540,\"caption\":\"Joyer\u00eda Brokoss\"},\"image\":{\"@id\":\"https:\/\/brokoss.com\/fr\/#\/schema\/logo\/image\/\"},\"sameAs\":[\"https:\/\/www.facebook.com\/brokossjoyeria\",\"https:\/\/www.instagram.com\/brokossjoyeria\/\"]}]}<\/script>\n<!-- \/ Yoast SEO plugin. -->","yoast_head_json":{"title":"Politique de confidentialit\u00e9 | Br\u00f6koss \u2013 Protection des donn\u00e9es","description":"D\u00e9couvrez comment Br\u00f6koss prot\u00e8ge vos donn\u00e9es personnelles conform\u00e9ment au RGPD. Transparence, s\u00e9curit\u00e9 et engagement total envers votre vie priv\u00e9e.","robots":{"index":"noindex","follow":"nofollow"},"og_locale":"fr_FR","og_type":"article","og_title":"Politique de confidentialit\u00e9 | Br\u00f6koss \u2013 Protection des donn\u00e9es","og_description":"D\u00e9couvrez comment Br\u00f6koss prot\u00e8ge vos donn\u00e9es personnelles conform\u00e9ment au RGPD. Transparence, s\u00e9curit\u00e9 et engagement total envers votre vie priv\u00e9e.","og_url":"https:\/\/brokoss.com\/fr\/politique-de-confidentialite\/","og_site_name":"Joyer\u00eda Brokoss","article_publisher":"https:\/\/www.facebook.com\/brokossjoyeria","article_modified_time":"2025-07-27T06:56:48+00:00","twitter_card":"summary_large_image","twitter_misc":{"Dur\u00e9e de lecture estim\u00e9e":"5 minutes"},"schema":{"@context":"https:\/\/schema.org","@graph":[{"@type":"WebPage","@id":"https:\/\/brokoss.com\/fr\/politique-de-confidentialite\/","url":"https:\/\/brokoss.com\/fr\/politique-de-confidentialite\/","name":"Politique de confidentialit\u00e9 | Br\u00f6koss \u2013 Protection des donn\u00e9es","isPartOf":{"@id":"https:\/\/brokoss.com\/fr\/#website"},"datePublished":"2023-12-04T15:15:26+00:00","dateModified":"2025-07-27T06:56:48+00:00","description":"D\u00e9couvrez comment Br\u00f6koss prot\u00e8ge vos donn\u00e9es personnelles conform\u00e9ment au RGPD. Transparence, s\u00e9curit\u00e9 et engagement total envers votre vie priv\u00e9e.","breadcrumb":{"@id":"https:\/\/brokoss.com\/fr\/politique-de-confidentialite\/#breadcrumb"},"inLanguage":"fr-FR","potentialAction":[{"@type":"ReadAction","target":["https:\/\/brokoss.com\/fr\/politique-de-confidentialite\/"]}]},{"@type":"BreadcrumbList","@id":"https:\/\/brokoss.com\/fr\/politique-de-confidentialite\/#breadcrumb","itemListElement":[{"@type":"ListItem","position":1,"name":"Portada","item":"https:\/\/brokoss.com\/fr\/"},{"@type":"ListItem","position":2,"name":"Politique de confidentialit\u00e9"}]},{"@type":"WebSite","@id":"https:\/\/brokoss.com\/fr\/#website","url":"https:\/\/brokoss.com\/fr\/","name":"Joyer\u00eda Brokoss","description":"Anillos para Hombre con Estilo | Joyer\u00eda Brokoss","publisher":{"@id":"https:\/\/brokoss.com\/fr\/#organization"},"alternateName":"Joyer\u00eda Brokoss","potentialAction":[{"@type":"SearchAction","target":{"@type":"EntryPoint","urlTemplate":"https:\/\/brokoss.com\/fr\/?s={search_term_string}"},"query-input":{"@type":"PropertyValueSpecification","valueRequired":true,"valueName":"search_term_string"}}],"inLanguage":"fr-FR"},{"@type":"Organization","@id":"https:\/\/brokoss.com\/fr\/#organization","name":"Joyer\u00eda Brokoss","url":"https:\/\/brokoss.com\/fr\/","logo":{"@type":"ImageObject","inLanguage":"fr-FR","@id":"https:\/\/brokoss.com\/fr\/#\/schema\/logo\/image\/","url":"https:\/\/brokoss.com\/wp-content\/uploads\/2025\/06\/Anillos-y-pendientes-para-hombres-con-estilo-Brokoss-logo.png","contentUrl":"https:\/\/brokoss.com\/wp-content\/uploads\/2025\/06\/Anillos-y-pendientes-para-hombres-con-estilo-Brokoss-logo.png","width":2000,"height":540,"caption":"Joyer\u00eda Brokoss"},"image":{"@id":"https:\/\/brokoss.com\/fr\/#\/schema\/logo\/image\/"},"sameAs":["https:\/\/www.facebook.com\/brokossjoyeria","https:\/\/www.instagram.com\/brokossjoyeria\/"]}]}},"jetpack_sharing_enabled":true,"_links":{"self":[{"href":"https:\/\/brokoss.com\/fr\/wp-json\/wp\/v2\/pages\/3220","targetHints":{"allow":["GET"]}}],"collection":[{"href":"https:\/\/brokoss.com\/fr\/wp-json\/wp\/v2\/pages"}],"about":[{"href":"https:\/\/brokoss.com\/fr\/wp-json\/wp\/v2\/types\/page"}],"author":[{"embeddable":true,"href":"https:\/\/brokoss.com\/fr\/wp-json\/wp\/v2\/users\/1"}],"replies":[{"embeddable":true,"href":"https:\/\/brokoss.com\/fr\/wp-json\/wp\/v2\/comments?post=3220"}],"version-history":[{"count":2,"href":"https:\/\/brokoss.com\/fr\/wp-json\/wp\/v2\/pages\/3220\/revisions"}],"predecessor-version":[{"id":4002,"href":"https:\/\/brokoss.com\/fr\/wp-json\/wp\/v2\/pages\/3220\/revisions\/4002"}],"wp:attachment":[{"href":"https:\/\/brokoss.com\/fr\/wp-json\/wp\/v2\/media?parent=3220"}],"curies":[{"name":"wp","href":"https:\/\/api.w.org\/{rel}","templated":true}]}}