{"id":4392,"date":"2025-07-17T12:34:50","date_gmt":"2025-07-17T10:34:50","guid":{"rendered":"https:\/\/brokoss.com\/expedition\/"},"modified":"2025-08-05T10:44:04","modified_gmt":"2025-08-05T08:44:04","slug":"expedition","status":"publish","type":"page","link":"https:\/\/brokoss.com\/fr\/expedition\/","title":{"rendered":"Exp\u00e9dition"},"content":{"rendered":"\t\t<div data-elementor-type=\"wp-page\" data-elementor-id=\"4392\" class=\"elementor elementor-4392 elementor-3522\" data-elementor-post-type=\"page\">\n\t\t\t\t<div class=\"elementor-element elementor-element-974a507 e-con-full e-flex e-con e-parent\" data-id=\"974a507\" data-element_type=\"container\" data-settings=\"{&quot;background_background&quot;:&quot;classic&quot;}\">\n\t\t\t\t<div class=\"elementor-element elementor-element-835872c elementor-widget elementor-widget-heading\" data-id=\"835872c\" data-element_type=\"widget\" data-widget_type=\"heading.default\">\n\t\t\t\t<div class=\"elementor-widget-container\">\n\t\t\t\t\t<h2 class=\"elementor-heading-title elementor-size-default\">Informations d'exp\u00e9dition \u2013 Br\u00f6Koss<\/h2>\t\t\t\t<\/div>\n\t\t\t\t<\/div>\n\t\t\t\t<\/div>\n\t\t<div class=\"elementor-element elementor-element-1a5fdf7 e-con-full e-flex e-con e-parent\" data-id=\"1a5fdf7\" data-element_type=\"container\">\n\t\t<div class=\"elementor-element elementor-element-c6ed08a e-con-full e-flex e-con e-child\" data-id=\"c6ed08a\" data-element_type=\"container\">\n\t\t\t\t<div class=\"elementor-element elementor-element-877e242 elementor-widget elementor-widget-heading\" data-id=\"877e242\" data-element_type=\"widget\" data-widget_type=\"heading.default\">\n\t\t\t\t<div class=\"elementor-widget-container\">\n\t\t\t\t\t<h1 class=\"elementor-heading-title elementor-size-default\">Conditions g\u00e9n\u00e9rales d'exp\u00e9dition<\/h1>\t\t\t\t<\/div>\n\t\t\t\t<\/div>\n\t\t\t\t<div class=\"elementor-element elementor-element-10e1b6b elementor-widget elementor-widget-text-editor\" data-id=\"10e1b6b\" data-element_type=\"widget\" data-widget_type=\"text-editor.default\">\n\t\t\t\t<div class=\"elementor-widget-container\">\n\t\t\t\t\t\t\t\t\t<p>Tous nos envois sont <strong>enti\u00e8rement assur\u00e9s<\/strong>, vous offrant une tranquillit\u00e9 d&rsquo;esprit maximale d\u00e8s le moment o\u00f9 vous passez votre commande jusqu&rsquo;\u00e0 la livraison finale.<\/p><p>Ci-dessous nous d\u00e9taillons les conditions, d\u00e9lais et tarifs selon la zone g\u00e9ographique de destination:<\/p>\t\t\t\t\t\t\t\t<\/div>\n\t\t\t\t<\/div>\n\t\t\t\t<\/div>\n\t\t\t\t<\/div>\n\t\t<div class=\"elementor-element elementor-element-2f96a8a e-grid e-con-full e-con e-parent\" data-id=\"2f96a8a\" data-element_type=\"container\">\n\t\t<div class=\"elementor-element elementor-element-189fbba e-con-full e-transform e-flex e-con e-child\" data-id=\"189fbba\" data-element_type=\"container\" data-settings=\"{&quot;motion_fx_motion_fx_scrolling&quot;:&quot;yes&quot;,&quot;_transform_translateY_effect_hover&quot;:{&quot;unit&quot;:&quot;px&quot;,&quot;size&quot;:-10,&quot;sizes&quot;:[]},&quot;motion_fx_devices&quot;:[&quot;desktop&quot;,&quot;tablet&quot;,&quot;mobile&quot;],&quot;_transform_translateX_effect_hover&quot;:{&quot;unit&quot;:&quot;px&quot;,&quot;size&quot;:&quot;&quot;,&quot;sizes&quot;:[]},&quot;_transform_translateX_effect_hover_tablet&quot;:{&quot;unit&quot;:&quot;px&quot;,&quot;size&quot;:&quot;&quot;,&quot;sizes&quot;:[]},&quot;_transform_translateX_effect_hover_mobile&quot;:{&quot;unit&quot;:&quot;px&quot;,&quot;size&quot;:&quot;&quot;,&quot;sizes&quot;:[]},&quot;_transform_translateY_effect_hover_tablet&quot;:{&quot;unit&quot;:&quot;px&quot;,&quot;size&quot;:&quot;&quot;,&quot;sizes&quot;:[]},&quot;_transform_translateY_effect_hover_mobile&quot;:{&quot;unit&quot;:&quot;px&quot;,&quot;size&quot;:&quot;&quot;,&quot;sizes&quot;:[]}}\">\n\t\t\t\t<div class=\"elementor-element elementor-element-e3da2cc elementor-widget elementor-widget-heading\" data-id=\"e3da2cc\" data-element_type=\"widget\" data-widget_type=\"heading.default\">\n\t\t\t\t<div class=\"elementor-widget-container\">\n\t\t\t\t\t<h2 class=\"elementor-heading-title elementor-size-default\">\ud83d\udce6 Exp\u00e9dition vers l'Espagne et le Portugal (P\u00e9ninsule)<\/h2>\t\t\t\t<\/div>\n\t\t\t\t<\/div>\n\t\t\t\t<div class=\"elementor-element elementor-element-0224cdf elementor-widget elementor-widget-text-editor\" data-id=\"0224cdf\" data-element_type=\"widget\" data-widget_type=\"text-editor.default\">\n\t\t\t\t<div class=\"elementor-widget-container\">\n\t\t\t\t\t\t\t\t\t<ul><li><strong>D\u00e9lai de livraison estim\u00e9<\/strong>: 24 \u00e0 48 heures ouvrables.<\/li><li><strong>Co\u00fbt du service<\/strong>:<br>\u2003\u2022 <strong>8,99<\/strong>\u202f<strong>\u20ac<\/strong> pour les commandes inf\u00e9rieures \u00e0 75\u202f\u20ac<br>\u2003\u2022 <strong>Livraison gratuite<\/strong> pour les commandes sup\u00e9rieures ou \u00e9gales 75\u202f\u20ac<\/li><\/ul>\t\t\t\t\t\t\t\t<\/div>\n\t\t\t\t<\/div>\n\t\t\t\t<\/div>\n\t\t<div class=\"elementor-element elementor-element-733202b e-con-full e-transform e-flex e-con e-child\" data-id=\"733202b\" data-element_type=\"container\" data-settings=\"{&quot;motion_fx_motion_fx_scrolling&quot;:&quot;yes&quot;,&quot;_transform_translateY_effect_hover&quot;:{&quot;unit&quot;:&quot;px&quot;,&quot;size&quot;:-10,&quot;sizes&quot;:[]},&quot;motion_fx_devices&quot;:[&quot;desktop&quot;,&quot;tablet&quot;,&quot;mobile&quot;],&quot;_transform_translateX_effect_hover&quot;:{&quot;unit&quot;:&quot;px&quot;,&quot;size&quot;:&quot;&quot;,&quot;sizes&quot;:[]},&quot;_transform_translateX_effect_hover_tablet&quot;:{&quot;unit&quot;:&quot;px&quot;,&quot;size&quot;:&quot;&quot;,&quot;sizes&quot;:[]},&quot;_transform_translateX_effect_hover_mobile&quot;:{&quot;unit&quot;:&quot;px&quot;,&quot;size&quot;:&quot;&quot;,&quot;sizes&quot;:[]},&quot;_transform_translateY_effect_hover_tablet&quot;:{&quot;unit&quot;:&quot;px&quot;,&quot;size&quot;:&quot;&quot;,&quot;sizes&quot;:[]},&quot;_transform_translateY_effect_hover_mobile&quot;:{&quot;unit&quot;:&quot;px&quot;,&quot;size&quot;:&quot;&quot;,&quot;sizes&quot;:[]}}\">\n\t\t\t\t<div class=\"elementor-element elementor-element-5f28806 elementor-widget elementor-widget-heading\" data-id=\"5f28806\" data-element_type=\"widget\" data-widget_type=\"heading.default\">\n\t\t\t\t<div class=\"elementor-widget-container\">\n\t\t\t\t\t<h2 class=\"elementor-heading-title elementor-size-default\">\ud83d\udce6 Exp\u00e9dition vers les \u00eeles Bal\u00e9ares<\/h2>\t\t\t\t<\/div>\n\t\t\t\t<\/div>\n\t\t\t\t<div class=\"elementor-element elementor-element-3938f82 elementor-widget elementor-widget-text-editor\" data-id=\"3938f82\" data-element_type=\"widget\" data-widget_type=\"text-editor.default\">\n\t\t\t\t<div class=\"elementor-widget-container\">\n\t\t\t\t\t\t\t\t\t<ul><li><strong>D\u00e9lai de livraison estim\u00e9<\/strong>: entre 3 et 5 jours ouvr\u00e9s<\/li><li><strong>Co\u00fbt du service<\/strong>:<br>\u2003\u2022 <strong>19,00<\/strong>\u202f<strong>\u20ac<\/strong> pour les commandes inf\u00e9rieures \u00e0 150\u202f\u20ac<br>\u2003\u2022 <strong>Livraison gratuite<\/strong> pour les commandes sup\u00e9rieures \u00e0150\u202f\u20ac<\/li><\/ul>\t\t\t\t\t\t\t\t<\/div>\n\t\t\t\t<\/div>\n\t\t\t\t<\/div>\n\t\t<div class=\"elementor-element elementor-element-f4e1c9c e-con-full e-transform e-flex e-con e-child\" data-id=\"f4e1c9c\" data-element_type=\"container\" data-settings=\"{&quot;motion_fx_motion_fx_scrolling&quot;:&quot;yes&quot;,&quot;_transform_translateY_effect_hover&quot;:{&quot;unit&quot;:&quot;px&quot;,&quot;size&quot;:-10,&quot;sizes&quot;:[]},&quot;motion_fx_devices&quot;:[&quot;desktop&quot;,&quot;tablet&quot;,&quot;mobile&quot;],&quot;_transform_translateX_effect_hover&quot;:{&quot;unit&quot;:&quot;px&quot;,&quot;size&quot;:&quot;&quot;,&quot;sizes&quot;:[]},&quot;_transform_translateX_effect_hover_tablet&quot;:{&quot;unit&quot;:&quot;px&quot;,&quot;size&quot;:&quot;&quot;,&quot;sizes&quot;:[]},&quot;_transform_translateX_effect_hover_mobile&quot;:{&quot;unit&quot;:&quot;px&quot;,&quot;size&quot;:&quot;&quot;,&quot;sizes&quot;:[]},&quot;_transform_translateY_effect_hover_tablet&quot;:{&quot;unit&quot;:&quot;px&quot;,&quot;size&quot;:&quot;&quot;,&quot;sizes&quot;:[]},&quot;_transform_translateY_effect_hover_mobile&quot;:{&quot;unit&quot;:&quot;px&quot;,&quot;size&quot;:&quot;&quot;,&quot;sizes&quot;:[]}}\">\n\t\t\t\t<div class=\"elementor-element elementor-element-5b028b0 elementor-widget elementor-widget-heading\" data-id=\"5b028b0\" data-element_type=\"widget\" data-widget_type=\"heading.default\">\n\t\t\t\t<div class=\"elementor-widget-container\">\n\t\t\t\t\t<h2 class=\"elementor-heading-title elementor-size-default\">\ud83d\udce6 Exp\u00e9dition vers les \u00eeles Canaries<\/h2>\t\t\t\t<\/div>\n\t\t\t\t<\/div>\n\t\t\t\t<div class=\"elementor-element elementor-element-1287997 elementor-widget elementor-widget-text-editor\" data-id=\"1287997\" data-element_type=\"widget\" data-widget_type=\"text-editor.default\">\n\t\t\t\t<div class=\"elementor-widget-container\">\n\t\t\t\t\t\t\t\t\t<p>Pour les exp\u00e9ditions vers les<strong> \u00eeles Canaries<\/strong>, veuillez contacter directement notre \u00e9quipe afin que nous puissions vous fournir des informations pr\u00e9cises et \u00e0 jour en fonction de votre localisation et des d\u00e9tails de votre commande.<\/p>\t\t\t\t\t\t\t\t<\/div>\n\t\t\t\t<\/div>\n\t\t\t\t<\/div>\n\t\t<div class=\"elementor-element elementor-element-2c977b1 e-con-full e-transform e-flex e-con e-child\" data-id=\"2c977b1\" data-element_type=\"container\" data-settings=\"{&quot;motion_fx_motion_fx_scrolling&quot;:&quot;yes&quot;,&quot;_transform_translateY_effect_hover&quot;:{&quot;unit&quot;:&quot;px&quot;,&quot;size&quot;:-10,&quot;sizes&quot;:[]},&quot;motion_fx_devices&quot;:[&quot;desktop&quot;,&quot;tablet&quot;,&quot;mobile&quot;],&quot;_transform_translateX_effect_hover&quot;:{&quot;unit&quot;:&quot;px&quot;,&quot;size&quot;:&quot;&quot;,&quot;sizes&quot;:[]},&quot;_transform_translateX_effect_hover_tablet&quot;:{&quot;unit&quot;:&quot;px&quot;,&quot;size&quot;:&quot;&quot;,&quot;sizes&quot;:[]},&quot;_transform_translateX_effect_hover_mobile&quot;:{&quot;unit&quot;:&quot;px&quot;,&quot;size&quot;:&quot;&quot;,&quot;sizes&quot;:[]},&quot;_transform_translateY_effect_hover_tablet&quot;:{&quot;unit&quot;:&quot;px&quot;,&quot;size&quot;:&quot;&quot;,&quot;sizes&quot;:[]},&quot;_transform_translateY_effect_hover_mobile&quot;:{&quot;unit&quot;:&quot;px&quot;,&quot;size&quot;:&quot;&quot;,&quot;sizes&quot;:[]}}\">\n\t\t\t\t<div class=\"elementor-element elementor-element-725ca27 elementor-widget elementor-widget-heading\" data-id=\"725ca27\" data-element_type=\"widget\" data-widget_type=\"heading.default\">\n\t\t\t\t<div class=\"elementor-widget-container\">\n\t\t\t\t\t<h2 class=\"elementor-heading-title elementor-size-default\">\ud83c\udf0d Exp\u00e9dition vers l'Europe (continentale)<\/h2>\t\t\t\t<\/div>\n\t\t\t\t<\/div>\n\t\t\t\t<div class=\"elementor-element elementor-element-99ebd7c elementor-widget elementor-widget-text-editor\" data-id=\"99ebd7c\" data-element_type=\"widget\" data-widget_type=\"text-editor.default\">\n\t\t\t\t<div class=\"elementor-widget-container\">\n\t\t\t\t\t\t\t\t\t<ul><li><strong>D\u00e9lai de livraison estim\u00e9<\/strong>: entre 3 et 5 jours ouvr\u00e9s<\/li><li><strong>Co\u00fbt du service<\/strong>:<br>\u2003\u2022 <strong>19,00<\/strong>\u202f<strong>\u20ac<\/strong> pour les commandes inf\u00e9rieures a 250\u202f\u20ac<br>\u2003\u2022 <strong>Livraison gratuite <\/strong>pour les commandes de 250 \u20ac ou plus<\/li><\/ul>\t\t\t\t\t\t\t\t<\/div>\n\t\t\t\t<\/div>\n\t\t\t\t<\/div>\n\t\t<div class=\"elementor-element elementor-element-4abf539 e-con-full e-transform e-flex e-con e-child\" data-id=\"4abf539\" data-element_type=\"container\" data-settings=\"{&quot;motion_fx_motion_fx_scrolling&quot;:&quot;yes&quot;,&quot;_transform_translateY_effect_hover&quot;:{&quot;unit&quot;:&quot;px&quot;,&quot;size&quot;:-10,&quot;sizes&quot;:[]},&quot;motion_fx_devices&quot;:[&quot;desktop&quot;,&quot;tablet&quot;,&quot;mobile&quot;],&quot;_transform_translateX_effect_hover&quot;:{&quot;unit&quot;:&quot;px&quot;,&quot;size&quot;:&quot;&quot;,&quot;sizes&quot;:[]},&quot;_transform_translateX_effect_hover_tablet&quot;:{&quot;unit&quot;:&quot;px&quot;,&quot;size&quot;:&quot;&quot;,&quot;sizes&quot;:[]},&quot;_transform_translateX_effect_hover_mobile&quot;:{&quot;unit&quot;:&quot;px&quot;,&quot;size&quot;:&quot;&quot;,&quot;sizes&quot;:[]},&quot;_transform_translateY_effect_hover_tablet&quot;:{&quot;unit&quot;:&quot;px&quot;,&quot;size&quot;:&quot;&quot;,&quot;sizes&quot;:[]},&quot;_transform_translateY_effect_hover_mobile&quot;:{&quot;unit&quot;:&quot;px&quot;,&quot;size&quot;:&quot;&quot;,&quot;sizes&quot;:[]}}\">\n\t\t\t\t<div class=\"elementor-element elementor-element-22819d2 elementor-widget elementor-widget-heading\" data-id=\"22819d2\" data-element_type=\"widget\" data-widget_type=\"heading.default\">\n\t\t\t\t<div class=\"elementor-widget-container\">\n\t\t\t\t\t<h2 class=\"elementor-heading-title elementor-size-default\">\ud83c\udf0e Exp\u00e9dition internationale (reste du monde)<\/h2>\t\t\t\t<\/div>\n\t\t\t\t<\/div>\n\t\t\t\t<div class=\"elementor-element elementor-element-d5e3f57 elementor-widget elementor-widget-text-editor\" data-id=\"d5e3f57\" data-element_type=\"widget\" data-widget_type=\"text-editor.default\">\n\t\t\t\t<div class=\"elementor-widget-container\">\n\t\t\t\t\t\t\t\t\t<ul><li><strong>D\u00e9lai de livraison estim\u00e9<\/strong>: entre 5 et 12 jours ouvr\u00e9s.<\/li><li><strong>Co\u00fbt du service<\/strong>:<br>\u2003\u2022 <strong>28,00<\/strong>\u202f<strong>\u20ac<\/strong> pour les commandes inf\u00e9rieures \u00e0 385 \u20ac<br>\u2003\u2022 <strong>Livraison gratuite<\/strong> pour les achats d&rsquo;un montant \u00e9gal ou sup\u00e9rieur \u00e0 385 \u20ac<\/li><\/ul>\t\t\t\t\t\t\t\t<\/div>\n\t\t\t\t<\/div>\n\t\t\t\t<\/div>\n\t\t<div class=\"elementor-element elementor-element-dc83501 e-con-full e-transform e-flex e-con e-child\" data-id=\"dc83501\" data-element_type=\"container\" data-settings=\"{&quot;motion_fx_motion_fx_scrolling&quot;:&quot;yes&quot;,&quot;_transform_translateY_effect_hover&quot;:{&quot;unit&quot;:&quot;px&quot;,&quot;size&quot;:-10,&quot;sizes&quot;:[]},&quot;motion_fx_devices&quot;:[&quot;desktop&quot;,&quot;tablet&quot;,&quot;mobile&quot;],&quot;_transform_translateX_effect_hover&quot;:{&quot;unit&quot;:&quot;px&quot;,&quot;size&quot;:&quot;&quot;,&quot;sizes&quot;:[]},&quot;_transform_translateX_effect_hover_tablet&quot;:{&quot;unit&quot;:&quot;px&quot;,&quot;size&quot;:&quot;&quot;,&quot;sizes&quot;:[]},&quot;_transform_translateX_effect_hover_mobile&quot;:{&quot;unit&quot;:&quot;px&quot;,&quot;size&quot;:&quot;&quot;,&quot;sizes&quot;:[]},&quot;_transform_translateY_effect_hover_tablet&quot;:{&quot;unit&quot;:&quot;px&quot;,&quot;size&quot;:&quot;&quot;,&quot;sizes&quot;:[]},&quot;_transform_translateY_effect_hover_mobile&quot;:{&quot;unit&quot;:&quot;px&quot;,&quot;size&quot;:&quot;&quot;,&quot;sizes&quot;:[]}}\">\n\t\t\t\t<div class=\"elementor-element elementor-element-6944036 elementor-widget elementor-widget-heading\" data-id=\"6944036\" data-element_type=\"widget\" data-widget_type=\"heading.default\">\n\t\t\t\t<div class=\"elementor-widget-container\">\n\t\t\t\t\t<h2 class=\"elementor-heading-title elementor-size-default\">\u2139\ufe0f Informations compl\u00e9mentaires<\/h2>\t\t\t\t<\/div>\n\t\t\t\t<\/div>\n\t\t\t\t<div class=\"elementor-element elementor-element-1fa45b5 elementor-widget elementor-widget-text-editor\" data-id=\"1fa45b5\" data-element_type=\"widget\" data-widget_type=\"text-editor.default\">\n\t\t\t\t<div class=\"elementor-widget-container\">\n\t\t\t\t\t\t\t\t\t<ul><li>Les livraisons sont effectu\u00e9es du <strong>lundi au vendredi <\/strong>(sauf jours f\u00e9ri\u00e9s) pendant les heures ouvrables.<br><br><\/li><li>Les livraisons ne sont pas effectu\u00e9es les <strong>week-ends<\/strong> ou les jours f\u00e9ri\u00e9s locaux ou nationaux.<br><br><\/li><li>Pour les<strong> bagues avec gravure personnalis\u00e9e<\/strong>, le d\u00e9lai de livraison peut \u00eatre l\u00e9g\u00e8rement plus long en raison du temps de travail dans l&rsquo;atelier correspondant.<\/li><\/ul>\t\t\t\t\t\t\t\t<\/div>\n\t\t\t\t<\/div>\n\t\t\t\t<\/div>\n\t\t\t\t<\/div>\n\t\t\t\t<\/div>\n\t\t","protected":false},"excerpt":{"rendered":"<p>Informations d&rsquo;exp\u00e9dition \u2013 Br\u00f6Koss Conditions g\u00e9n\u00e9rales d&rsquo;exp\u00e9dition Tous nos envois sont enti\u00e8rement assur\u00e9s, vous offrant une tranquillit\u00e9 d&rsquo;esprit maximale d\u00e8s le moment o\u00f9 vous passez votre commande jusqu&rsquo;\u00e0 la livraison finale. Ci-dessous nous d\u00e9taillons les conditions, d\u00e9lais et tarifs selon la zone g\u00e9ographique de destination: \ud83d\udce6 Exp\u00e9dition vers l&rsquo;Espagne et le Portugal (P\u00e9ninsule) D\u00e9lai de &#8230; <a title=\"Exp\u00e9dition\" class=\"read-more\" href=\"https:\/\/brokoss.com\/fr\/expedition\/\" aria-label=\"En savoir plus sur Exp\u00e9dition\">Lire la suite<\/a><\/p>\n","protected":false},"author":5,"featured_media":0,"parent":0,"menu_order":0,"comment_status":"closed","ping_status":"closed","template":"elementor_header_footer","meta":{"_joinchat":[],"footnotes":""},"class_list":["post-4392","page","type-page","status-publish"],"yoast_head":"<!-- This site is optimized with the Yoast SEO plugin v26.6 - https:\/\/yoast.com\/wordpress\/plugins\/seo\/ -->\n<title>Exp\u00e9dition - Joyer\u00eda Brokoss<\/title>\n<meta name=\"robots\" content=\"index, follow, max-snippet:-1, max-image-preview:large, max-video-preview:-1\" \/>\n<link rel=\"canonical\" href=\"https:\/\/brokoss.com\/fr\/expedition\/\" \/>\n<meta property=\"og:locale\" content=\"fr_FR\" \/>\n<meta property=\"og:type\" content=\"article\" \/>\n<meta property=\"og:title\" content=\"Exp\u00e9dition - Joyer\u00eda Brokoss\" \/>\n<meta property=\"og:description\" content=\"Informations d&rsquo;exp\u00e9dition \u2013 Br\u00f6Koss Conditions g\u00e9n\u00e9rales d&rsquo;exp\u00e9dition Tous nos envois sont enti\u00e8rement assur\u00e9s, vous offrant une tranquillit\u00e9 d&rsquo;esprit maximale d\u00e8s le moment o\u00f9 vous passez votre commande jusqu&rsquo;\u00e0 la livraison finale. Ci-dessous nous d\u00e9taillons les conditions, d\u00e9lais et tarifs selon la zone g\u00e9ographique de destination: \ud83d\udce6 Exp\u00e9dition vers l&rsquo;Espagne et le Portugal (P\u00e9ninsule) D\u00e9lai de ... Lire la suite\" \/>\n<meta property=\"og:url\" content=\"https:\/\/brokoss.com\/fr\/expedition\/\" \/>\n<meta property=\"og:site_name\" content=\"Joyer\u00eda Brokoss\" \/>\n<meta property=\"article:publisher\" content=\"https:\/\/www.facebook.com\/brokossjoyeria\" \/>\n<meta property=\"article:modified_time\" content=\"2025-08-05T08:44:04+00:00\" \/>\n<meta name=\"twitter:card\" content=\"summary_large_image\" \/>\n<meta name=\"twitter:label1\" content=\"Dur\u00e9e de lecture estim\u00e9e\" \/>\n\t<meta name=\"twitter:data1\" content=\"1 minute\" \/>\n<script type=\"application\/ld+json\" class=\"yoast-schema-graph\">{\"@context\":\"https:\/\/schema.org\",\"@graph\":[{\"@type\":\"WebPage\",\"@id\":\"https:\/\/brokoss.com\/fr\/expedition\/\",\"url\":\"https:\/\/brokoss.com\/fr\/expedition\/\",\"name\":\"Exp\u00e9dition - Joyer\u00eda Brokoss\",\"isPartOf\":{\"@id\":\"https:\/\/brokoss.com\/fr\/#website\"},\"datePublished\":\"2025-07-17T10:34:50+00:00\",\"dateModified\":\"2025-08-05T08:44:04+00:00\",\"breadcrumb\":{\"@id\":\"https:\/\/brokoss.com\/fr\/expedition\/#breadcrumb\"},\"inLanguage\":\"fr-FR\",\"potentialAction\":[{\"@type\":\"ReadAction\",\"target\":[\"https:\/\/brokoss.com\/fr\/expedition\/\"]}]},{\"@type\":\"BreadcrumbList\",\"@id\":\"https:\/\/brokoss.com\/fr\/expedition\/#breadcrumb\",\"itemListElement\":[{\"@type\":\"ListItem\",\"position\":1,\"name\":\"Portada\",\"item\":\"https:\/\/brokoss.com\/fr\/\"},{\"@type\":\"ListItem\",\"position\":2,\"name\":\"Exp\u00e9dition\"}]},{\"@type\":\"WebSite\",\"@id\":\"https:\/\/brokoss.com\/fr\/#website\",\"url\":\"https:\/\/brokoss.com\/fr\/\",\"name\":\"Joyer\u00eda Brokoss\",\"description\":\"Anillos para Hombre con Estilo | Joyer\u00eda Brokoss\",\"publisher\":{\"@id\":\"https:\/\/brokoss.com\/fr\/#organization\"},\"alternateName\":\"Joyer\u00eda Brokoss\",\"potentialAction\":[{\"@type\":\"SearchAction\",\"target\":{\"@type\":\"EntryPoint\",\"urlTemplate\":\"https:\/\/brokoss.com\/fr\/?s={search_term_string}\"},\"query-input\":{\"@type\":\"PropertyValueSpecification\",\"valueRequired\":true,\"valueName\":\"search_term_string\"}}],\"inLanguage\":\"fr-FR\"},{\"@type\":\"Organization\",\"@id\":\"https:\/\/brokoss.com\/fr\/#organization\",\"name\":\"Joyer\u00eda Brokoss\",\"url\":\"https:\/\/brokoss.com\/fr\/\",\"logo\":{\"@type\":\"ImageObject\",\"inLanguage\":\"fr-FR\",\"@id\":\"https:\/\/brokoss.com\/fr\/#\/schema\/logo\/image\/\",\"url\":\"https:\/\/brokoss.com\/wp-content\/uploads\/2025\/06\/Anillos-y-pendientes-para-hombres-con-estilo-Brokoss-logo.png\",\"contentUrl\":\"https:\/\/brokoss.com\/wp-content\/uploads\/2025\/06\/Anillos-y-pendientes-para-hombres-con-estilo-Brokoss-logo.png\",\"width\":2000,\"height\":540,\"caption\":\"Joyer\u00eda Brokoss\"},\"image\":{\"@id\":\"https:\/\/brokoss.com\/fr\/#\/schema\/logo\/image\/\"},\"sameAs\":[\"https:\/\/www.facebook.com\/brokossjoyeria\",\"https:\/\/www.instagram.com\/brokossjoyeria\/\"]}]}<\/script>\n<!-- \/ Yoast SEO plugin. -->","yoast_head_json":{"title":"Exp\u00e9dition - Joyer\u00eda Brokoss","robots":{"index":"index","follow":"follow","max-snippet":"max-snippet:-1","max-image-preview":"max-image-preview:large","max-video-preview":"max-video-preview:-1"},"canonical":"https:\/\/brokoss.com\/fr\/expedition\/","og_locale":"fr_FR","og_type":"article","og_title":"Exp\u00e9dition - Joyer\u00eda Brokoss","og_description":"Informations d&rsquo;exp\u00e9dition \u2013 Br\u00f6Koss Conditions g\u00e9n\u00e9rales d&rsquo;exp\u00e9dition Tous nos envois sont enti\u00e8rement assur\u00e9s, vous offrant une tranquillit\u00e9 d&rsquo;esprit maximale d\u00e8s le moment o\u00f9 vous passez votre commande jusqu&rsquo;\u00e0 la livraison finale. Ci-dessous nous d\u00e9taillons les conditions, d\u00e9lais et tarifs selon la zone g\u00e9ographique de destination: \ud83d\udce6 Exp\u00e9dition vers l&rsquo;Espagne et le Portugal (P\u00e9ninsule) D\u00e9lai de ... Lire la suite","og_url":"https:\/\/brokoss.com\/fr\/expedition\/","og_site_name":"Joyer\u00eda Brokoss","article_publisher":"https:\/\/www.facebook.com\/brokossjoyeria","article_modified_time":"2025-08-05T08:44:04+00:00","twitter_card":"summary_large_image","twitter_misc":{"Dur\u00e9e de lecture estim\u00e9e":"1 minute"},"schema":{"@context":"https:\/\/schema.org","@graph":[{"@type":"WebPage","@id":"https:\/\/brokoss.com\/fr\/expedition\/","url":"https:\/\/brokoss.com\/fr\/expedition\/","name":"Exp\u00e9dition - Joyer\u00eda Brokoss","isPartOf":{"@id":"https:\/\/brokoss.com\/fr\/#website"},"datePublished":"2025-07-17T10:34:50+00:00","dateModified":"2025-08-05T08:44:04+00:00","breadcrumb":{"@id":"https:\/\/brokoss.com\/fr\/expedition\/#breadcrumb"},"inLanguage":"fr-FR","potentialAction":[{"@type":"ReadAction","target":["https:\/\/brokoss.com\/fr\/expedition\/"]}]},{"@type":"BreadcrumbList","@id":"https:\/\/brokoss.com\/fr\/expedition\/#breadcrumb","itemListElement":[{"@type":"ListItem","position":1,"name":"Portada","item":"https:\/\/brokoss.com\/fr\/"},{"@type":"ListItem","position":2,"name":"Exp\u00e9dition"}]},{"@type":"WebSite","@id":"https:\/\/brokoss.com\/fr\/#website","url":"https:\/\/brokoss.com\/fr\/","name":"Joyer\u00eda Brokoss","description":"Anillos para Hombre con Estilo | Joyer\u00eda Brokoss","publisher":{"@id":"https:\/\/brokoss.com\/fr\/#organization"},"alternateName":"Joyer\u00eda Brokoss","potentialAction":[{"@type":"SearchAction","target":{"@type":"EntryPoint","urlTemplate":"https:\/\/brokoss.com\/fr\/?s={search_term_string}"},"query-input":{"@type":"PropertyValueSpecification","valueRequired":true,"valueName":"search_term_string"}}],"inLanguage":"fr-FR"},{"@type":"Organization","@id":"https:\/\/brokoss.com\/fr\/#organization","name":"Joyer\u00eda Brokoss","url":"https:\/\/brokoss.com\/fr\/","logo":{"@type":"ImageObject","inLanguage":"fr-FR","@id":"https:\/\/brokoss.com\/fr\/#\/schema\/logo\/image\/","url":"https:\/\/brokoss.com\/wp-content\/uploads\/2025\/06\/Anillos-y-pendientes-para-hombres-con-estilo-Brokoss-logo.png","contentUrl":"https:\/\/brokoss.com\/wp-content\/uploads\/2025\/06\/Anillos-y-pendientes-para-hombres-con-estilo-Brokoss-logo.png","width":2000,"height":540,"caption":"Joyer\u00eda Brokoss"},"image":{"@id":"https:\/\/brokoss.com\/fr\/#\/schema\/logo\/image\/"},"sameAs":["https:\/\/www.facebook.com\/brokossjoyeria","https:\/\/www.instagram.com\/brokossjoyeria\/"]}]}},"jetpack_sharing_enabled":true,"_links":{"self":[{"href":"https:\/\/brokoss.com\/fr\/wp-json\/wp\/v2\/pages\/4392","targetHints":{"allow":["GET"]}}],"collection":[{"href":"https:\/\/brokoss.com\/fr\/wp-json\/wp\/v2\/pages"}],"about":[{"href":"https:\/\/brokoss.com\/fr\/wp-json\/wp\/v2\/types\/page"}],"author":[{"embeddable":true,"href":"https:\/\/brokoss.com\/fr\/wp-json\/wp\/v2\/users\/5"}],"replies":[{"embeddable":true,"href":"https:\/\/brokoss.com\/fr\/wp-json\/wp\/v2\/comments?post=4392"}],"version-history":[{"count":1,"href":"https:\/\/brokoss.com\/fr\/wp-json\/wp\/v2\/pages\/4392\/revisions"}],"predecessor-version":[{"id":4393,"href":"https:\/\/brokoss.com\/fr\/wp-json\/wp\/v2\/pages\/4392\/revisions\/4393"}],"wp:attachment":[{"href":"https:\/\/brokoss.com\/fr\/wp-json\/wp\/v2\/media?parent=4392"}],"curies":[{"name":"wp","href":"https:\/\/api.w.org\/{rel}","templated":true}]}}