{"id":4395,"date":"2025-07-17T13:21:20","date_gmt":"2025-07-17T11:21:20","guid":{"rendered":"https:\/\/brokoss.com\/qualite-et-garanties\/"},"modified":"2025-12-26T09:13:10","modified_gmt":"2025-12-26T08:13:10","slug":"qualite-et-garanties","status":"publish","type":"page","link":"https:\/\/brokoss.com\/fr\/qualite-et-garanties\/","title":{"rendered":"Qualit\u00e9 et garanties"},"content":{"rendered":"\t\t<div data-elementor-type=\"wp-page\" data-elementor-id=\"4395\" class=\"elementor elementor-4395 elementor-3697\" data-elementor-post-type=\"page\">\n\t\t\t\t<div class=\"elementor-element elementor-element-c7885e2 e-con-full e-flex e-con e-parent\" data-id=\"c7885e2\" data-element_type=\"container\">\n\t\t\t\t<div class=\"elementor-element elementor-element-835872c elementor-widget elementor-widget-heading\" data-id=\"835872c\" data-element_type=\"widget\" data-widget_type=\"heading.default\">\n\t\t\t\t<div class=\"elementor-widget-container\">\n\t\t\t\t\t<h2 class=\"elementor-heading-title elementor-size-default\">Qualit\u00e9 et garanties \u2013 Br\u00f6Koss<\/h2>\t\t\t\t<\/div>\n\t\t\t\t<\/div>\n\t\t\t\t<div class=\"elementor-element elementor-element-51169fd elementor-widget elementor-widget-text-editor\" data-id=\"51169fd\" data-element_type=\"widget\" data-widget_type=\"text-editor.default\">\n\t\t\t\t<div class=\"elementor-widget-container\">\n\t\t\t\t\t\t\t\t\t<p>Dans notre boutique en ligne, la <strong>qualit\u00e9<\/strong> n&rsquo;est pas une simple promesse : c&rsquo;est un engagement r\u00e9el et certifi\u00e9. Toutes nos bagues en <strong>zirconium noir et gris<\/strong>, avec ou sans <strong>diamants synth\u00e9tiques<\/strong>, ont \u00e9t\u00e9 soigneusement s\u00e9lectionn\u00e9es, fabriqu\u00e9es et contr\u00f4l\u00e9es selon des contr\u00f4les qualit\u00e9 stricts. Nous voulons que chaque client ait la certitude d&rsquo;acheter un bijou s\u00fbr, authentique et durable.  <\/p>\n<h4 style=\"font-family: Noto Serif KR;\">\u2705 Certification Diamant de laboratoire<\/h4>\n<p>Toutes nos bagues en diamant comprennent un <strong>certificat d&rsquo;authenticit\u00e9<\/strong>, qui garantit:<\/p>\n<ul>\n<li>Que le diamant est <strong>cr\u00e9\u00e9 en laboratoire<\/strong>, avec les m\u00eames propri\u00e9t\u00e9s physiques, optiques et chimiques qu&rsquo;un diamant naturel.<\/li>\n<li>Son<strong> degr\u00e9 de puret\u00e9 <\/strong>(clart\u00e9) selon les normes gemmologiques reconnues.<\/li>\n<li>Son<strong> niveau de blancheur\/couleur,<\/strong> pour assurer une luminosit\u00e9 exceptionnelle et une esth\u00e9tique irr\u00e9prochable.<\/li>\n<\/ul>\n<p>Les diamants cultiv\u00e9s en laboratoire que nous proposons sont une option durable, \u00e9thique et plus abordable, sans sacrifier la beaut\u00e9 et la qualit\u00e9 qui caract\u00e9risent les pierres pr\u00e9cieuses.<\/p>\n<h4 style=\"font-family: Noto Serif KR;\">\ud83d\udd2c Analyse des mat\u00e9riaux et s\u00e9curit\u00e9<\/h4>\n<p>Nos bagues en zirconium ont \u00e9t\u00e9 soumises \u00e0 des<strong> tests en laboratoire<\/strong> pour certifier leur innocuit\u00e9 dermatologique et leur composition. Nous garantissons que tous <strong>nos produits sont exempts de m\u00e9taux lourds et d&rsquo;\u00e9l\u00e9ments toxiques<\/strong>, tels que : <\/p>\n<ul>\n<li><strong>Cadmium<\/strong><\/li>\n<li><strong style=\"font-size: inherit;\">Nickel<\/strong><\/li>\n<li><strong style=\"font-size: inherit;\">Plomb<\/strong><\/li>\n<\/ul>\n<p>Cela les rend s\u00fbrs m\u00eame pour les peaux sensibles ou les personnes allergiques, sans compromettre la r\u00e9sistance, la brillance ou la durabilit\u00e9 de la bague.<\/p>\n<h4 style=\"font-family: Noto Serif KR;\">\ud83d\udcc4 Que contient le certificat?<\/h4>\n<p>Avec chaque achat, vous recevrez un <strong>certificat imprim\u00e9<\/strong>, qui comprend:<\/p>\n<ul>\n<li>D\u00e9tails techniques du diamant<\/li>\n<li>Composition du mat\u00e9riau de l&rsquo;anneau<\/li>\n<li>Tests effectu\u00e9s<\/li>\n<li>Confirmation de l&rsquo;absence de m\u00e9taux dangereux<\/li>\n<\/ul>\n<h4 style=\"font-family: Noto Serif KR;\">\ud83e\udd1d Votre confiance, notre garantie<\/h4>\n<p>Nous nous effor\u00e7ons de proposer des bijoux qui s\u00e9duisent non seulement par leur design, mais aussi par la <strong>tranquillit\u00e9 d&rsquo;esprit et la s\u00e9curit\u00e9 <\/strong>qu&rsquo;ils procurent. Acheter chez nous, c&rsquo;est choisir une <strong>qualit\u00e9 v\u00e9rifi\u00e9e<\/strong>, des mat\u00e9riaux nobles et un service honn\u00eate, du premier clic \u00e0 la livraison. <\/p>\n<p>Si vous souhaitez plus d&rsquo;informations ou v\u00e9rifier l&rsquo;authenticit\u00e9 d&rsquo;un certificat, nous sommes toujours disponibles via notre formulaire de contact ou notre service client.<\/p>\n\t\t\t\t\t\t\t\t<\/div>\n\t\t\t\t<\/div>\n\t\t\t\t<\/div>\n\t\t\t\t<\/div>\n\t\t","protected":false},"excerpt":{"rendered":"<p>Qualit\u00e9 et garanties \u2013 Br\u00f6Koss Dans notre boutique en ligne, la qualit\u00e9 n&rsquo;est pas une simple promesse : c&rsquo;est un engagement r\u00e9el et certifi\u00e9. Toutes nos bagues en zirconium noir et gris, avec ou sans diamants synth\u00e9tiques, ont \u00e9t\u00e9 soigneusement s\u00e9lectionn\u00e9es, fabriqu\u00e9es et contr\u00f4l\u00e9es selon des contr\u00f4les qualit\u00e9 stricts. Nous voulons que chaque client ait &#8230; <a title=\"Qualit\u00e9 et garanties\" class=\"read-more\" href=\"https:\/\/brokoss.com\/fr\/qualite-et-garanties\/\" aria-label=\"En savoir plus sur Qualit\u00e9 et garanties\">Lire la suite<\/a><\/p>\n","protected":false},"author":5,"featured_media":0,"parent":0,"menu_order":0,"comment_status":"closed","ping_status":"closed","template":"elementor_header_footer","meta":{"_joinchat":[],"footnotes":""},"class_list":["post-4395","page","type-page","status-publish"],"yoast_head":"<!-- This site is optimized with the Yoast SEO plugin v26.6 - https:\/\/yoast.com\/wordpress\/plugins\/seo\/ -->\n<title>Qualit\u00e9 et garanties - Joyer\u00eda Brokoss<\/title>\n<meta name=\"robots\" content=\"index, follow, max-snippet:-1, max-image-preview:large, max-video-preview:-1\" \/>\n<link rel=\"canonical\" href=\"https:\/\/brokoss.com\/fr\/qualite-et-garanties\/\" \/>\n<meta property=\"og:locale\" content=\"fr_FR\" \/>\n<meta property=\"og:type\" content=\"article\" \/>\n<meta property=\"og:title\" content=\"Qualit\u00e9 et garanties - Joyer\u00eda Brokoss\" \/>\n<meta property=\"og:description\" content=\"Qualit\u00e9 et garanties \u2013 Br\u00f6Koss Dans notre boutique en ligne, la qualit\u00e9 n&rsquo;est pas une simple promesse : c&rsquo;est un engagement r\u00e9el et certifi\u00e9. Toutes nos bagues en zirconium noir et gris, avec ou sans diamants synth\u00e9tiques, ont \u00e9t\u00e9 soigneusement s\u00e9lectionn\u00e9es, fabriqu\u00e9es et contr\u00f4l\u00e9es selon des contr\u00f4les qualit\u00e9 stricts. Nous voulons que chaque client ait ... Lire la suite\" \/>\n<meta property=\"og:url\" content=\"https:\/\/brokoss.com\/fr\/qualite-et-garanties\/\" \/>\n<meta property=\"og:site_name\" content=\"Joyer\u00eda Brokoss\" \/>\n<meta property=\"article:publisher\" content=\"https:\/\/www.facebook.com\/brokossjoyeria\" \/>\n<meta property=\"article:modified_time\" content=\"2025-12-26T08:13:10+00:00\" \/>\n<meta name=\"twitter:card\" content=\"summary_large_image\" \/>\n<meta name=\"twitter:label1\" content=\"Dur\u00e9e de lecture estim\u00e9e\" \/>\n\t<meta name=\"twitter:data1\" content=\"2 minutes\" \/>\n<script type=\"application\/ld+json\" class=\"yoast-schema-graph\">{\"@context\":\"https:\/\/schema.org\",\"@graph\":[{\"@type\":\"WebPage\",\"@id\":\"https:\/\/brokoss.com\/fr\/qualite-et-garanties\/\",\"url\":\"https:\/\/brokoss.com\/fr\/qualite-et-garanties\/\",\"name\":\"Qualit\u00e9 et garanties - Joyer\u00eda Brokoss\",\"isPartOf\":{\"@id\":\"https:\/\/brokoss.com\/fr\/#website\"},\"datePublished\":\"2025-07-17T11:21:20+00:00\",\"dateModified\":\"2025-12-26T08:13:10+00:00\",\"breadcrumb\":{\"@id\":\"https:\/\/brokoss.com\/fr\/qualite-et-garanties\/#breadcrumb\"},\"inLanguage\":\"fr-FR\",\"potentialAction\":[{\"@type\":\"ReadAction\",\"target\":[\"https:\/\/brokoss.com\/fr\/qualite-et-garanties\/\"]}]},{\"@type\":\"BreadcrumbList\",\"@id\":\"https:\/\/brokoss.com\/fr\/qualite-et-garanties\/#breadcrumb\",\"itemListElement\":[{\"@type\":\"ListItem\",\"position\":1,\"name\":\"Portada\",\"item\":\"https:\/\/brokoss.com\/fr\/\"},{\"@type\":\"ListItem\",\"position\":2,\"name\":\"Qualit\u00e9 et garanties\"}]},{\"@type\":\"WebSite\",\"@id\":\"https:\/\/brokoss.com\/fr\/#website\",\"url\":\"https:\/\/brokoss.com\/fr\/\",\"name\":\"Joyer\u00eda Brokoss\",\"description\":\"Anillos para Hombre con Estilo | Joyer\u00eda Brokoss\",\"publisher\":{\"@id\":\"https:\/\/brokoss.com\/fr\/#organization\"},\"alternateName\":\"Joyer\u00eda Brokoss\",\"potentialAction\":[{\"@type\":\"SearchAction\",\"target\":{\"@type\":\"EntryPoint\",\"urlTemplate\":\"https:\/\/brokoss.com\/fr\/?s={search_term_string}\"},\"query-input\":{\"@type\":\"PropertyValueSpecification\",\"valueRequired\":true,\"valueName\":\"search_term_string\"}}],\"inLanguage\":\"fr-FR\"},{\"@type\":\"Organization\",\"@id\":\"https:\/\/brokoss.com\/fr\/#organization\",\"name\":\"Joyer\u00eda Brokoss\",\"url\":\"https:\/\/brokoss.com\/fr\/\",\"logo\":{\"@type\":\"ImageObject\",\"inLanguage\":\"fr-FR\",\"@id\":\"https:\/\/brokoss.com\/fr\/#\/schema\/logo\/image\/\",\"url\":\"https:\/\/brokoss.com\/wp-content\/uploads\/2025\/06\/Anillos-y-pendientes-para-hombres-con-estilo-Brokoss-logo.png\",\"contentUrl\":\"https:\/\/brokoss.com\/wp-content\/uploads\/2025\/06\/Anillos-y-pendientes-para-hombres-con-estilo-Brokoss-logo.png\",\"width\":2000,\"height\":540,\"caption\":\"Joyer\u00eda Brokoss\"},\"image\":{\"@id\":\"https:\/\/brokoss.com\/fr\/#\/schema\/logo\/image\/\"},\"sameAs\":[\"https:\/\/www.facebook.com\/brokossjoyeria\",\"https:\/\/www.instagram.com\/brokossjoyeria\/\"]}]}<\/script>\n<!-- \/ Yoast SEO plugin. -->","yoast_head_json":{"title":"Qualit\u00e9 et garanties - Joyer\u00eda Brokoss","robots":{"index":"index","follow":"follow","max-snippet":"max-snippet:-1","max-image-preview":"max-image-preview:large","max-video-preview":"max-video-preview:-1"},"canonical":"https:\/\/brokoss.com\/fr\/qualite-et-garanties\/","og_locale":"fr_FR","og_type":"article","og_title":"Qualit\u00e9 et garanties - Joyer\u00eda Brokoss","og_description":"Qualit\u00e9 et garanties \u2013 Br\u00f6Koss Dans notre boutique en ligne, la qualit\u00e9 n&rsquo;est pas une simple promesse : c&rsquo;est un engagement r\u00e9el et certifi\u00e9. Toutes nos bagues en zirconium noir et gris, avec ou sans diamants synth\u00e9tiques, ont \u00e9t\u00e9 soigneusement s\u00e9lectionn\u00e9es, fabriqu\u00e9es et contr\u00f4l\u00e9es selon des contr\u00f4les qualit\u00e9 stricts. Nous voulons que chaque client ait ... Lire la suite","og_url":"https:\/\/brokoss.com\/fr\/qualite-et-garanties\/","og_site_name":"Joyer\u00eda Brokoss","article_publisher":"https:\/\/www.facebook.com\/brokossjoyeria","article_modified_time":"2025-12-26T08:13:10+00:00","twitter_card":"summary_large_image","twitter_misc":{"Dur\u00e9e de lecture estim\u00e9e":"2 minutes"},"schema":{"@context":"https:\/\/schema.org","@graph":[{"@type":"WebPage","@id":"https:\/\/brokoss.com\/fr\/qualite-et-garanties\/","url":"https:\/\/brokoss.com\/fr\/qualite-et-garanties\/","name":"Qualit\u00e9 et garanties - Joyer\u00eda Brokoss","isPartOf":{"@id":"https:\/\/brokoss.com\/fr\/#website"},"datePublished":"2025-07-17T11:21:20+00:00","dateModified":"2025-12-26T08:13:10+00:00","breadcrumb":{"@id":"https:\/\/brokoss.com\/fr\/qualite-et-garanties\/#breadcrumb"},"inLanguage":"fr-FR","potentialAction":[{"@type":"ReadAction","target":["https:\/\/brokoss.com\/fr\/qualite-et-garanties\/"]}]},{"@type":"BreadcrumbList","@id":"https:\/\/brokoss.com\/fr\/qualite-et-garanties\/#breadcrumb","itemListElement":[{"@type":"ListItem","position":1,"name":"Portada","item":"https:\/\/brokoss.com\/fr\/"},{"@type":"ListItem","position":2,"name":"Qualit\u00e9 et garanties"}]},{"@type":"WebSite","@id":"https:\/\/brokoss.com\/fr\/#website","url":"https:\/\/brokoss.com\/fr\/","name":"Joyer\u00eda Brokoss","description":"Anillos para Hombre con Estilo | Joyer\u00eda Brokoss","publisher":{"@id":"https:\/\/brokoss.com\/fr\/#organization"},"alternateName":"Joyer\u00eda Brokoss","potentialAction":[{"@type":"SearchAction","target":{"@type":"EntryPoint","urlTemplate":"https:\/\/brokoss.com\/fr\/?s={search_term_string}"},"query-input":{"@type":"PropertyValueSpecification","valueRequired":true,"valueName":"search_term_string"}}],"inLanguage":"fr-FR"},{"@type":"Organization","@id":"https:\/\/brokoss.com\/fr\/#organization","name":"Joyer\u00eda Brokoss","url":"https:\/\/brokoss.com\/fr\/","logo":{"@type":"ImageObject","inLanguage":"fr-FR","@id":"https:\/\/brokoss.com\/fr\/#\/schema\/logo\/image\/","url":"https:\/\/brokoss.com\/wp-content\/uploads\/2025\/06\/Anillos-y-pendientes-para-hombres-con-estilo-Brokoss-logo.png","contentUrl":"https:\/\/brokoss.com\/wp-content\/uploads\/2025\/06\/Anillos-y-pendientes-para-hombres-con-estilo-Brokoss-logo.png","width":2000,"height":540,"caption":"Joyer\u00eda Brokoss"},"image":{"@id":"https:\/\/brokoss.com\/fr\/#\/schema\/logo\/image\/"},"sameAs":["https:\/\/www.facebook.com\/brokossjoyeria","https:\/\/www.instagram.com\/brokossjoyeria\/"]}]}},"jetpack_sharing_enabled":true,"_links":{"self":[{"href":"https:\/\/brokoss.com\/fr\/wp-json\/wp\/v2\/pages\/4395","targetHints":{"allow":["GET"]}}],"collection":[{"href":"https:\/\/brokoss.com\/fr\/wp-json\/wp\/v2\/pages"}],"about":[{"href":"https:\/\/brokoss.com\/fr\/wp-json\/wp\/v2\/types\/page"}],"author":[{"embeddable":true,"href":"https:\/\/brokoss.com\/fr\/wp-json\/wp\/v2\/users\/5"}],"replies":[{"embeddable":true,"href":"https:\/\/brokoss.com\/fr\/wp-json\/wp\/v2\/comments?post=4395"}],"version-history":[{"count":3,"href":"https:\/\/brokoss.com\/fr\/wp-json\/wp\/v2\/pages\/4395\/revisions"}],"predecessor-version":[{"id":7588,"href":"https:\/\/brokoss.com\/fr\/wp-json\/wp\/v2\/pages\/4395\/revisions\/7588"}],"wp:attachment":[{"href":"https:\/\/brokoss.com\/fr\/wp-json\/wp\/v2\/media?parent=4395"}],"curies":[{"name":"wp","href":"https:\/\/api.w.org\/{rel}","templated":true}]}}