{"id":4013,"date":"2025-06-10T13:13:27","date_gmt":"2025-06-10T11:13:27","guid":{"rendered":"https:\/\/brokoss.com\/joyeria\/lot-dalliances-pour-homme-en-zirconium-gris-et-noir-avec-diamants-taille-brillant-lab-grown-brokoss\/"},"modified":"2026-04-02T23:08:01","modified_gmt":"2026-04-02T21:08:01","slug":"lot-dalliances-pour-homme-en-zirconium-gris-et-noir-avec-diamants-taille-brillant-lab-grown-brokoss","status":"publish","type":"product","link":"https:\/\/brokoss.com\/fr\/bijoux\/lot-dalliances-pour-homme-en-zirconium-gris-et-noir-avec-diamants-taille-brillant-lab-grown-brokoss\/","title":{"rendered":"Lot d&rsquo;alliances pour homme en zirconium gris et noir avec diamants taille brillant Lab Grown Br\u00f6Koss"},"content":{"rendered":"<div class=\"markdown prose w-full break-words dark:prose-invert light\">\n<h2 data-start=\"315\" data-end=\"397\">Les alliances des hommes en zirconium gris et noir \u2013 Luxe moderne et haute gamme<\/h2>\n<h3 data-start=\"399\" data-end=\"429\">\u00c9l\u00e9gance et force masculine<\/h3>\n<p data-start=\"431\" data-end=\"857\">Les <strong data-start=\"435\" data-end=\"459\">alliances des hommes<\/strong> en zirconium gris et noir, orn\u00e9es de diamants Lab Grown Br\u00f6Koss taille brillante, sont con\u00e7ues pour les hommes recherchant <strong data-start=\"583\" data-end=\"623\">style contemporain, \u00e9l\u00e9gance et luxe<\/strong>.<br data-start=\"624\" data-end=\"627\" \/>De plus, ces bagues combinent modernit\u00e9 et force masculine. Elles offrent un design sophistiqu\u00e9 rappelant l\u2019or, mais avec une <strong data-start=\"753\" data-end=\"778\">r\u00e9sistance sup\u00e9rieure<\/strong>. Ainsi, elles sont durables, pratiques et parfaites pour un usage quotidien.<\/p>\n<hr data-start=\"859\" data-end=\"862\" \/>\n<h3 data-start=\"864\" data-end=\"906\">Mod\u00e8le avec diamant \u2013 Luxe et caract\u00e8re<\/h3>\n<p data-start=\"908\" data-end=\"1310\">Le mod\u00e8le avec diamant taille brillante met en valeur le <strong data-start=\"965\" data-end=\"997\">caract\u00e8re affirm\u00e9 de l\u2019homme<\/strong>.<br data-start=\"998\" data-end=\"1001\" \/>En outre, le contraste entre le bord poli et le centre mat avec l\u00e9g\u00e8re texture verticale cr\u00e9e un effet \u00e9l\u00e9gant et distinctif.<br data-start=\"1126\" data-end=\"1129\" \/>C\u2019est pourquoi ces <strong data-start=\"1148\" data-end=\"1172\">alliances des hommes<\/strong> repr\u00e9sentent le choix id\u00e9al pour ceux qui veulent des bijoux <strong data-start=\"1234\" data-end=\"1273\">haut de gamme, modernes et \u00e9l\u00e9gants<\/strong>, parfaits pour le jour du mariage.<\/p>\n<hr data-start=\"1312\" data-end=\"1315\" \/>\n<h2 data-start=\"1317\" data-end=\"1348\">Caract\u00e9ristiques principales<\/h2>\n<ul data-start=\"1350\" data-end=\"1722\">\n<li data-start=\"1350\" data-end=\"1434\">\n<p data-start=\"1352\" data-end=\"1434\"><strong data-start=\"1352\" data-end=\"1366\">Mat\u00e9riau :<\/strong> Zirconium gris et noir de haute r\u00e9sistance, plus durable que l\u2019or<\/p>\n<\/li>\n<li data-start=\"1435\" data-end=\"1507\">\n<p data-start=\"1437\" data-end=\"1507\"><strong data-start=\"1437\" data-end=\"1451\">Finition :<\/strong> Bord poli et centre mat avec l\u00e9g\u00e8re texture verticale<\/p>\n<\/li>\n<li data-start=\"1508\" data-end=\"1588\">\n<p data-start=\"1510\" data-end=\"1588\"><strong data-start=\"1510\" data-end=\"1523\">Diamant :<\/strong> Blanc Lab Grown Br\u00f6Koss, taille brillante, \u00e9l\u00e9gant et masculin<\/p>\n<\/li>\n<li data-start=\"1589\" data-end=\"1655\">\n<p data-start=\"1591\" data-end=\"1655\"><strong data-start=\"1591\" data-end=\"1604\">Largeur :<\/strong> 4,5 mm, \u00e9quilibre parfait entre confort et style<\/p>\n<\/li>\n<li data-start=\"1656\" data-end=\"1722\">\n<p data-start=\"1658\" data-end=\"1722\"><strong data-start=\"1658\" data-end=\"1670\">Design :<\/strong> Moderne, sophistiqu\u00e9, contraste entre poli et mat<\/p>\n<\/li>\n<\/ul>\n<hr data-start=\"1724\" data-end=\"1727\" \/>\n<h2 data-start=\"1729\" data-end=\"1781\"><a class=\"decorated-link\" href=\"https:\/\/brokoss.com\/fr\/bijoux-pour-hommes\/alliance-homme\/\" rel=\"noopener\" data-start=\"1732\" data-end=\"1761\"><span style=\"color: #cab290;\">Les alliances des hommes<\/span><\/a> \u2013 \u00c9l\u00e9gance partag\u00e9e<\/h2>\n<p data-start=\"1783\" data-end=\"2073\">Ces <strong data-start=\"1787\" data-end=\"1811\">alliances des hommes<\/strong> sont con\u00e7ues comme un couple.<br data-start=\"1841\" data-end=\"1844\" \/>Elles c\u00e9l\u00e8brent le mariage avec <strong data-start=\"1876\" data-end=\"1904\">style, luxe et modernit\u00e9<\/strong>.<br data-start=\"1905\" data-end=\"1908\" \/>Chaque bague transmet force et raffinement. Ainsi, elles cr\u00e9ent une <strong data-start=\"1976\" data-end=\"2019\">harmonie parfaite entre les partenaires<\/strong>, tout en offrant r\u00e9sistance et design contemporain.<\/p>\n<hr data-start=\"2075\" data-end=\"2078\" \/>\n<h2 data-start=\"2080\" data-end=\"2102\">Avantages exclusifs<\/h2>\n<ul data-start=\"2104\" data-end=\"2442\">\n<li data-start=\"2104\" data-end=\"2151\">\n<p data-start=\"2106\" data-end=\"2151\">Achat en couple, mod\u00e8le avec diamant inclus<\/p>\n<\/li>\n<li data-start=\"2152\" data-end=\"2230\">\n<p data-start=\"2154\" data-end=\"2230\"><strong data-start=\"2154\" data-end=\"2190\">Gravure personnalis\u00e9e disponible<\/strong> avec noms, dates ou messages sp\u00e9ciaux<\/p>\n<\/li>\n<li data-start=\"2231\" data-end=\"2267\">\n<p data-start=\"2233\" data-end=\"2267\"><strong data-start=\"2233\" data-end=\"2265\">Changement de taille gratuit<\/strong><\/p>\n<\/li>\n<li data-start=\"2268\" data-end=\"2389\">\n<p data-start=\"2270\" data-end=\"2389\"><strong data-start=\"2270\" data-end=\"2324\">Service personnalis\u00e9 via WhatsApp 365 jours par an<\/strong>, pour un accompagnement professionnel et proche de vos besoins<\/p>\n<\/li>\n<li data-start=\"2390\" data-end=\"2442\">\n<p data-start=\"2392\" data-end=\"2442\">Livraison gratuite, rapide et assur\u00e9e \u00e0 domicile<\/p>\n<\/li>\n<\/ul>\n<hr data-start=\"2444\" data-end=\"2447\" \/>\n<h2 data-start=\"2449\" data-end=\"2495\">Zirconium \u2013 R\u00e9sistance et luxe au quotidien<\/h2>\n<p data-start=\"2497\" data-end=\"2818\">Fabriqu\u00e9es en zirconium de haute qualit\u00e9, ces <strong data-start=\"2543\" data-end=\"2567\">alliances des hommes<\/strong> offrent <strong data-start=\"2576\" data-end=\"2610\">durabilit\u00e9 maximale et confort<\/strong>.<br data-start=\"2611\" data-end=\"2614\" \/>De plus, leur poids \u00e9quilibr\u00e9 transmet robustesse et pr\u00e9sence masculine.<br data-start=\"2686\" data-end=\"2689\" \/>Contrairement \u00e0 l\u2019or, le zirconium conserve son fini poli et mat plus longtemps, garantissant un <strong data-start=\"2786\" data-end=\"2815\">luxe durable au quotidien<\/strong>.<\/p>\n<hr data-start=\"2820\" data-end=\"2823\" \/>\n<h2 data-start=\"2825\" data-end=\"2867\">Conclusion \u2013 Luxe, style et haute gamme<\/h2>\n<p data-start=\"2869\" data-end=\"3270\">Ces <strong data-start=\"2873\" data-end=\"2897\">alliances des hommes<\/strong> combinent <strong data-start=\"2908\" data-end=\"2942\">luxe, haute gamme et modernit\u00e9<\/strong>.<br data-start=\"2943\" data-end=\"2946\" \/>Elles sont \u00e9l\u00e9gantes, r\u00e9sistantes et sophistiqu\u00e9es.<br data-start=\"2997\" data-end=\"3000\" \/>De plus, elles transmettent <strong data-start=\"3028\" data-end=\"3059\">style, force et raffinement<\/strong>, cr\u00e9ant un lien unique entre les partenaires.<br data-start=\"3105\" data-end=\"3108\" \/>Enfin, elles sont parfaites pour les mariages contemporains et les hommes souhaitant se distinguer avec des <strong data-start=\"3216\" data-end=\"3267\">bijoux haut de gamme au design masculin moderne<\/strong>.<\/p>\n<hr data-start=\"3272\" data-end=\"3275\" \/>\n<h2 data-start=\"3277\" data-end=\"3315\"><\/h2>\n<\/div>\n","protected":false},"excerpt":{"rendered":"<p><span style=\"color: #cab290;\"><a style=\"color: #cab290;\" href=\"https:\/\/brokoss.com\/fr\/bijoux-pour-hommes\/alliance-homme\/\">Alliances pour homme<\/a><\/span> avec<strong> zircons noirs, d\u00e9tails gris et un diamant qui unit<\/strong>. Sans voix<\/p>\n<p data-start=\"43\" data-end=\"173\">Pour acheter vos alliances pour hommes et v\u00e9rifier votre taille, contactez-nous directement sur <strong>WhatsApp<\/strong> (365 jours par an).<\/p>\n<p data-start=\"175\" data-end=\"289\" data-is-last-node=\"\" data-is-only-node=\"\">\n<p><strong>MAT\u00c9RIAU<\/strong> : Zircon noir et gris, diamant taille brillant de 0,06 ct, cultiv\u00e9 en laboratoire. 4,5 mm de large<\/p>\n","protected":false},"featured_media":7728,"template":"","meta":{"_joinchat":[]},"product_brand":[],"product_cat":[172,91,171,167],"product_tag":[],"class_list":{"0":"post-4013","1":"product","2":"type-product","3":"status-publish","4":"has-post-thumbnail","6":"product_cat-alliance-diamant-homme","7":"product_cat-alliance-homme","8":"product_cat-alliance-homme-noire-en-style-or-noir","9":"product_cat-alliance-homme-or-blanc","11":"first","12":"onbackorder","13":"taxable","14":"shipping-taxable","15":"purchasable","16":"product-type-simple"},"yoast_head":"<!-- This site is optimized with the Yoast SEO plugin v26.6 - https:\/\/yoast.com\/wordpress\/plugins\/seo\/ -->\n<title>\u1408 Alliances homme en zirconium | Alliances exclusives | Br\u00f6Koss<\/title>\n<meta name=\"description\" content=\"\u27a1\ufe0f Alliances homme en zirconium gris et noir avec diamants | Br\u00f6Koss | 4,5 mm \u27a1\ufe0f Pour les hommes au style unique. Procurez-vous la v\u00f4tre\" \/>\n<meta name=\"robots\" content=\"index, follow, max-snippet:-1, max-image-preview:large, max-video-preview:-1\" \/>\n<link rel=\"canonical\" href=\"https:\/\/brokoss.com\/fr\/bijoux\/lot-dalliances-pour-homme-en-zirconium-gris-et-noir-avec-diamants-taille-brillant-lab-grown-brokoss\/\" \/>\n<meta property=\"og:locale\" content=\"fr_FR\" \/>\n<meta property=\"og:type\" content=\"article\" \/>\n<meta property=\"og:title\" content=\"\u1408 Alliances homme en zirconium | Alliances exclusives | Br\u00f6Koss\" \/>\n<meta property=\"og:description\" content=\"\u27a1\ufe0f Alliances homme en zirconium gris et noir avec diamants | Br\u00f6Koss | 4,5 mm \u27a1\ufe0f Pour les hommes au style unique. Procurez-vous la v\u00f4tre\" \/>\n<meta property=\"og:url\" content=\"https:\/\/brokoss.com\/fr\/bijoux\/lot-dalliances-pour-homme-en-zirconium-gris-et-noir-avec-diamants-taille-brillant-lab-grown-brokoss\/\" \/>\n<meta property=\"og:site_name\" content=\"Joyer\u00eda Brokoss\" \/>\n<meta property=\"article:publisher\" content=\"https:\/\/www.facebook.com\/brokossjoyeria\" \/>\n<meta property=\"article:modified_time\" content=\"2026-04-02T21:08:01+00:00\" \/>\n<meta property=\"og:image\" content=\"https:\/\/brokoss.com\/wp-content\/uploads\/2025\/06\/Alianzas-de-hombre-de-zirconio-gris-y-negro.jpeg\" \/>\n\t<meta property=\"og:image:width\" content=\"1000\" \/>\n\t<meta property=\"og:image:height\" content=\"1000\" \/>\n\t<meta property=\"og:image:type\" content=\"image\/jpeg\" \/>\n<meta name=\"twitter:card\" content=\"summary_large_image\" \/>\n<meta name=\"twitter:label1\" content=\"Dur\u00e9e de lecture estim\u00e9e\" \/>\n\t<meta name=\"twitter:data1\" content=\"3 minutes\" \/>\n<script type=\"application\/ld+json\" class=\"yoast-schema-graph\">{\"@context\":\"https:\/\/schema.org\",\"@graph\":[{\"@type\":\"WebPage\",\"@id\":\"https:\/\/brokoss.com\/fr\/bijoux\/lot-dalliances-pour-homme-en-zirconium-gris-et-noir-avec-diamants-taille-brillant-lab-grown-brokoss\/\",\"url\":\"https:\/\/brokoss.com\/fr\/bijoux\/lot-dalliances-pour-homme-en-zirconium-gris-et-noir-avec-diamants-taille-brillant-lab-grown-brokoss\/\",\"name\":\"\u1408 Alliances homme en zirconium | Alliances exclusives | Br\u00f6Koss\",\"isPartOf\":{\"@id\":\"https:\/\/brokoss.com\/fr\/#website\"},\"primaryImageOfPage\":{\"@id\":\"https:\/\/brokoss.com\/fr\/bijoux\/lot-dalliances-pour-homme-en-zirconium-gris-et-noir-avec-diamants-taille-brillant-lab-grown-brokoss\/#primaryimage\"},\"image\":{\"@id\":\"https:\/\/brokoss.com\/fr\/bijoux\/lot-dalliances-pour-homme-en-zirconium-gris-et-noir-avec-diamants-taille-brillant-lab-grown-brokoss\/#primaryimage\"},\"thumbnailUrl\":\"https:\/\/brokoss.com\/wp-content\/uploads\/2025\/06\/Alianzas-de-hombre-de-zirconio-gris-y-negro.jpeg\",\"datePublished\":\"2025-06-10T11:13:27+00:00\",\"dateModified\":\"2026-04-02T21:08:01+00:00\",\"description\":\"\u27a1\ufe0f Alliances homme en zirconium gris et noir avec diamants | Br\u00f6Koss | 4,5 mm \u27a1\ufe0f Pour les hommes au style unique. Procurez-vous la v\u00f4tre\",\"breadcrumb\":{\"@id\":\"https:\/\/brokoss.com\/fr\/bijoux\/lot-dalliances-pour-homme-en-zirconium-gris-et-noir-avec-diamants-taille-brillant-lab-grown-brokoss\/#breadcrumb\"},\"inLanguage\":\"fr-FR\",\"potentialAction\":[{\"@type\":\"ReadAction\",\"target\":[\"https:\/\/brokoss.com\/fr\/bijoux\/lot-dalliances-pour-homme-en-zirconium-gris-et-noir-avec-diamants-taille-brillant-lab-grown-brokoss\/\"]}]},{\"@type\":\"ImageObject\",\"inLanguage\":\"fr-FR\",\"@id\":\"https:\/\/brokoss.com\/fr\/bijoux\/lot-dalliances-pour-homme-en-zirconium-gris-et-noir-avec-diamants-taille-brillant-lab-grown-brokoss\/#primaryimage\",\"url\":\"https:\/\/brokoss.com\/wp-content\/uploads\/2025\/06\/Alianzas-de-hombre-de-zirconio-gris-y-negro.jpeg\",\"contentUrl\":\"https:\/\/brokoss.com\/wp-content\/uploads\/2025\/06\/Alianzas-de-hombre-de-zirconio-gris-y-negro.jpeg\",\"width\":1000,\"height\":1000,\"caption\":\"Les alliances des hommes et femmes en zirconium gris et noir avec diamant sur fond blanc, haute gamme et design \u00e9l\u00e9gant\"},{\"@type\":\"BreadcrumbList\",\"@id\":\"https:\/\/brokoss.com\/fr\/bijoux\/lot-dalliances-pour-homme-en-zirconium-gris-et-noir-avec-diamants-taille-brillant-lab-grown-brokoss\/#breadcrumb\",\"itemListElement\":[{\"@type\":\"ListItem\",\"position\":1,\"name\":\"Portada\",\"item\":\"https:\/\/brokoss.com\/fr\/\"},{\"@type\":\"ListItem\",\"position\":2,\"name\":\"Boutique\",\"item\":\"https:\/\/brokoss.com\/fr\/boutique\/\"},{\"@type\":\"ListItem\",\"position\":3,\"name\":\"Lot d&#8217;alliances pour homme en zirconium gris et noir avec diamants taille brillant Lab Grown Br\u00f6Koss\"}]},{\"@type\":\"WebSite\",\"@id\":\"https:\/\/brokoss.com\/fr\/#website\",\"url\":\"https:\/\/brokoss.com\/fr\/\",\"name\":\"Joyer\u00eda Brokoss\",\"description\":\"Anillos para Hombre con Estilo | Joyer\u00eda Brokoss\",\"publisher\":{\"@id\":\"https:\/\/brokoss.com\/fr\/#organization\"},\"alternateName\":\"Joyer\u00eda Brokoss\",\"potentialAction\":[{\"@type\":\"SearchAction\",\"target\":{\"@type\":\"EntryPoint\",\"urlTemplate\":\"https:\/\/brokoss.com\/fr\/?s={search_term_string}\"},\"query-input\":{\"@type\":\"PropertyValueSpecification\",\"valueRequired\":true,\"valueName\":\"search_term_string\"}}],\"inLanguage\":\"fr-FR\"},{\"@type\":\"Organization\",\"@id\":\"https:\/\/brokoss.com\/fr\/#organization\",\"name\":\"Joyer\u00eda Brokoss\",\"url\":\"https:\/\/brokoss.com\/fr\/\",\"logo\":{\"@type\":\"ImageObject\",\"inLanguage\":\"fr-FR\",\"@id\":\"https:\/\/brokoss.com\/fr\/#\/schema\/logo\/image\/\",\"url\":\"https:\/\/brokoss.com\/wp-content\/uploads\/2025\/06\/Anillos-y-pendientes-para-hombres-con-estilo-Brokoss-logo.png\",\"contentUrl\":\"https:\/\/brokoss.com\/wp-content\/uploads\/2025\/06\/Anillos-y-pendientes-para-hombres-con-estilo-Brokoss-logo.png\",\"width\":2000,\"height\":540,\"caption\":\"Joyer\u00eda Brokoss\"},\"image\":{\"@id\":\"https:\/\/brokoss.com\/fr\/#\/schema\/logo\/image\/\"},\"sameAs\":[\"https:\/\/www.facebook.com\/brokossjoyeria\",\"https:\/\/www.instagram.com\/brokossjoyeria\/\"]}]}<\/script>\n<!-- \/ Yoast SEO plugin. -->","yoast_head_json":{"title":"\u1408 Alliances homme en zirconium | Alliances exclusives | Br\u00f6Koss","description":"\u27a1\ufe0f Alliances homme en zirconium gris et noir avec diamants | Br\u00f6Koss | 4,5 mm \u27a1\ufe0f Pour les hommes au style unique. Procurez-vous la v\u00f4tre","robots":{"index":"index","follow":"follow","max-snippet":"max-snippet:-1","max-image-preview":"max-image-preview:large","max-video-preview":"max-video-preview:-1"},"canonical":"https:\/\/brokoss.com\/fr\/bijoux\/lot-dalliances-pour-homme-en-zirconium-gris-et-noir-avec-diamants-taille-brillant-lab-grown-brokoss\/","og_locale":"fr_FR","og_type":"article","og_title":"\u1408 Alliances homme en zirconium | Alliances exclusives | Br\u00f6Koss","og_description":"\u27a1\ufe0f Alliances homme en zirconium gris et noir avec diamants | Br\u00f6Koss | 4,5 mm \u27a1\ufe0f Pour les hommes au style unique. Procurez-vous la v\u00f4tre","og_url":"https:\/\/brokoss.com\/fr\/bijoux\/lot-dalliances-pour-homme-en-zirconium-gris-et-noir-avec-diamants-taille-brillant-lab-grown-brokoss\/","og_site_name":"Joyer\u00eda Brokoss","article_publisher":"https:\/\/www.facebook.com\/brokossjoyeria","article_modified_time":"2026-04-02T21:08:01+00:00","og_image":[{"width":1000,"height":1000,"url":"https:\/\/brokoss.com\/wp-content\/uploads\/2025\/06\/Alianzas-de-hombre-de-zirconio-gris-y-negro.jpeg","type":"image\/jpeg"}],"twitter_card":"summary_large_image","twitter_misc":{"Dur\u00e9e de lecture estim\u00e9e":"3 minutes"},"schema":{"@context":"https:\/\/schema.org","@graph":[{"@type":"WebPage","@id":"https:\/\/brokoss.com\/fr\/bijoux\/lot-dalliances-pour-homme-en-zirconium-gris-et-noir-avec-diamants-taille-brillant-lab-grown-brokoss\/","url":"https:\/\/brokoss.com\/fr\/bijoux\/lot-dalliances-pour-homme-en-zirconium-gris-et-noir-avec-diamants-taille-brillant-lab-grown-brokoss\/","name":"\u1408 Alliances homme en zirconium | Alliances exclusives | Br\u00f6Koss","isPartOf":{"@id":"https:\/\/brokoss.com\/fr\/#website"},"primaryImageOfPage":{"@id":"https:\/\/brokoss.com\/fr\/bijoux\/lot-dalliances-pour-homme-en-zirconium-gris-et-noir-avec-diamants-taille-brillant-lab-grown-brokoss\/#primaryimage"},"image":{"@id":"https:\/\/brokoss.com\/fr\/bijoux\/lot-dalliances-pour-homme-en-zirconium-gris-et-noir-avec-diamants-taille-brillant-lab-grown-brokoss\/#primaryimage"},"thumbnailUrl":"https:\/\/brokoss.com\/wp-content\/uploads\/2025\/06\/Alianzas-de-hombre-de-zirconio-gris-y-negro.jpeg","datePublished":"2025-06-10T11:13:27+00:00","dateModified":"2026-04-02T21:08:01+00:00","description":"\u27a1\ufe0f Alliances homme en zirconium gris et noir avec diamants | Br\u00f6Koss | 4,5 mm \u27a1\ufe0f Pour les hommes au style unique. Procurez-vous la v\u00f4tre","breadcrumb":{"@id":"https:\/\/brokoss.com\/fr\/bijoux\/lot-dalliances-pour-homme-en-zirconium-gris-et-noir-avec-diamants-taille-brillant-lab-grown-brokoss\/#breadcrumb"},"inLanguage":"fr-FR","potentialAction":[{"@type":"ReadAction","target":["https:\/\/brokoss.com\/fr\/bijoux\/lot-dalliances-pour-homme-en-zirconium-gris-et-noir-avec-diamants-taille-brillant-lab-grown-brokoss\/"]}]},{"@type":"ImageObject","inLanguage":"fr-FR","@id":"https:\/\/brokoss.com\/fr\/bijoux\/lot-dalliances-pour-homme-en-zirconium-gris-et-noir-avec-diamants-taille-brillant-lab-grown-brokoss\/#primaryimage","url":"https:\/\/brokoss.com\/wp-content\/uploads\/2025\/06\/Alianzas-de-hombre-de-zirconio-gris-y-negro.jpeg","contentUrl":"https:\/\/brokoss.com\/wp-content\/uploads\/2025\/06\/Alianzas-de-hombre-de-zirconio-gris-y-negro.jpeg","width":1000,"height":1000,"caption":"Les alliances des hommes et femmes en zirconium gris et noir avec diamant sur fond blanc, haute gamme et design \u00e9l\u00e9gant"},{"@type":"BreadcrumbList","@id":"https:\/\/brokoss.com\/fr\/bijoux\/lot-dalliances-pour-homme-en-zirconium-gris-et-noir-avec-diamants-taille-brillant-lab-grown-brokoss\/#breadcrumb","itemListElement":[{"@type":"ListItem","position":1,"name":"Portada","item":"https:\/\/brokoss.com\/fr\/"},{"@type":"ListItem","position":2,"name":"Boutique","item":"https:\/\/brokoss.com\/fr\/boutique\/"},{"@type":"ListItem","position":3,"name":"Lot d&#8217;alliances pour homme en zirconium gris et noir avec diamants taille brillant Lab Grown Br\u00f6Koss"}]},{"@type":"WebSite","@id":"https:\/\/brokoss.com\/fr\/#website","url":"https:\/\/brokoss.com\/fr\/","name":"Joyer\u00eda Brokoss","description":"Anillos para Hombre con Estilo | Joyer\u00eda Brokoss","publisher":{"@id":"https:\/\/brokoss.com\/fr\/#organization"},"alternateName":"Joyer\u00eda Brokoss","potentialAction":[{"@type":"SearchAction","target":{"@type":"EntryPoint","urlTemplate":"https:\/\/brokoss.com\/fr\/?s={search_term_string}"},"query-input":{"@type":"PropertyValueSpecification","valueRequired":true,"valueName":"search_term_string"}}],"inLanguage":"fr-FR"},{"@type":"Organization","@id":"https:\/\/brokoss.com\/fr\/#organization","name":"Joyer\u00eda Brokoss","url":"https:\/\/brokoss.com\/fr\/","logo":{"@type":"ImageObject","inLanguage":"fr-FR","@id":"https:\/\/brokoss.com\/fr\/#\/schema\/logo\/image\/","url":"https:\/\/brokoss.com\/wp-content\/uploads\/2025\/06\/Anillos-y-pendientes-para-hombres-con-estilo-Brokoss-logo.png","contentUrl":"https:\/\/brokoss.com\/wp-content\/uploads\/2025\/06\/Anillos-y-pendientes-para-hombres-con-estilo-Brokoss-logo.png","width":2000,"height":540,"caption":"Joyer\u00eda Brokoss"},"image":{"@id":"https:\/\/brokoss.com\/fr\/#\/schema\/logo\/image\/"},"sameAs":["https:\/\/www.facebook.com\/brokossjoyeria","https:\/\/www.instagram.com\/brokossjoyeria\/"]}]}},"jetpack_sharing_enabled":true,"_links":{"self":[{"href":"https:\/\/brokoss.com\/fr\/wp-json\/wp\/v2\/product\/4013","targetHints":{"allow":["GET"]}}],"collection":[{"href":"https:\/\/brokoss.com\/fr\/wp-json\/wp\/v2\/product"}],"about":[{"href":"https:\/\/brokoss.com\/fr\/wp-json\/wp\/v2\/types\/product"}],"version-history":[{"count":4,"href":"https:\/\/brokoss.com\/fr\/wp-json\/wp\/v2\/product\/4013\/revisions"}],"predecessor-version":[{"id":7856,"href":"https:\/\/brokoss.com\/fr\/wp-json\/wp\/v2\/product\/4013\/revisions\/7856"}],"wp:featuredmedia":[{"embeddable":true,"href":"https:\/\/brokoss.com\/fr\/wp-json\/wp\/v2\/media\/7728"}],"wp:attachment":[{"href":"https:\/\/brokoss.com\/fr\/wp-json\/wp\/v2\/media?parent=4013"}],"wp:term":[{"taxonomy":"product_brand","embeddable":true,"href":"https:\/\/brokoss.com\/fr\/wp-json\/wp\/v2\/product_brand?post=4013"},{"taxonomy":"product_cat","embeddable":true,"href":"https:\/\/brokoss.com\/fr\/wp-json\/wp\/v2\/product_cat?post=4013"},{"taxonomy":"product_tag","embeddable":true,"href":"https:\/\/brokoss.com\/fr\/wp-json\/wp\/v2\/product_tag?post=4013"}],"curies":[{"name":"wp","href":"https:\/\/api.w.org\/{rel}","templated":true}]}}