{"id":4568,"date":"2025-08-05T12:46:36","date_gmt":"2025-08-05T10:46:36","guid":{"rendered":"https:\/\/brokoss.com\/joyeria\/bague-fiancaille-homme-sertie-dun-diamant-blanc-de-zircons-gris-et-noirs-et-dun-diamant-taille-brillant-de-006-ct-alisios-cree-en-laboratoire\/"},"modified":"2025-12-26T10:17:03","modified_gmt":"2025-12-26T09:17:03","slug":"bague-fiancaille-homme-sertie-dun-diamant-blanc-de-zircons-gris-et-noirs-et-dun-diamant-taille-brillant-de-006-ct-alisios-cree-en-laboratoire","status":"publish","type":"product","link":"https:\/\/brokoss.com\/fr\/bijoux\/bague-fiancaille-homme-sertie-dun-diamant-blanc-de-zircons-gris-et-noirs-et-dun-diamant-taille-brillant-de-006-ct-alisios-cree-en-laboratoire\/","title":{"rendered":"Bague fiancaille homme sertie d&rsquo;un diamant blanc, de zircons gris et noirs et d&rsquo;un diamant taille brillant de 0,06 ct. Alisios, cr\u00e9\u00e9 en laboratoire."},"content":{"rendered":"<div class=\"markdown prose w-full break-words dark:prose-invert light\">\n<p data-start=\"0\" data-end=\"80\">Cette bague de fian\u00e7ailles pour homme, issue de la s\u00e9lection de bagues en diamant blanc pour homme, est compos\u00e9e de <strong data-start=\"320\" data-end=\"348\">zirconium gris et noir de 4,5 mm.<\/strong><\/p>\n<p data-start=\"0\" data-end=\"80\">Dot\u00e9 d&rsquo;un diamant blanc taille brillant de 0,06 ct cultiv\u00e9 en laboratoire, il est id\u00e9al pour s&rsquo;habiller ou proposer des fian\u00e7ailles ou une demande en mariage.<\/p>\n<p data-start=\"0\" data-end=\"80\">Fabriqu\u00e9e en zirconium, cette bague de fian\u00e7ailles pour homme pr\u00e9sente un <strong>int\u00e9rieur ultra poli<\/strong>, offrant un confort exceptionnel tout au long de la journ\u00e9e.<\/p>\n<\/div>\n<div class=\"markdown prose w-full break-words dark:prose-invert light\">\n<p data-start=\"614\" data-end=\"977\">Son poids id\u00e9al procure la <strong data-start=\"776\" data-end=\"807\">sensation solide et puissante<\/strong> que vous attendez des bijoux pour hommes authentiques.<\/p>\n<\/div>\n<ul>\n<li data-start=\"614\" data-end=\"977\">Assistance WhatsApp <strong>365<\/strong> jours par an.<\/li>\n<li data-start=\"614\" data-end=\"977\">Disponible pour la gravure, possibilit\u00e9 de changer de taille sans frais<\/li>\n<li data-start=\"614\" data-end=\"977\">Livraison <strong>gratuite et assur\u00e9e<\/strong><\/li>\n<\/ul>\n","protected":false},"excerpt":{"rendered":"<p>La <strong>trilogie parfaite dans une bague de fian\u00e7ailles pour homme moderne<\/strong>: un biseau parfait, des tons sobres et une touche de brillance.<\/p>\n<p><\/p>\n<p><strong>MAT\u00c9RIAU<\/strong> : Zircon noir et gris, diamant taille brillant de 0,06 ct, cultiv\u00e9 en laboratoire. 4,5 mm de large, bords biseaut\u00e9s<\/p>\n","protected":false},"featured_media":7485,"template":"","meta":{"_joinchat":[]},"product_brand":[],"product_cat":[90],"product_tag":[],"class_list":{"0":"post-4568","1":"product","2":"type-product","3":"status-publish","4":"has-post-thumbnail","6":"product_cat-bague-fiancaille-homme","7":"pa_color-gris-fr","8":"pa_piedras-preciosas-diamant-blanc-de-laboratoire","9":"pa_talla-18-fr","10":"pa_talla-20-fr","11":"pa_talla-21-fr","12":"pa_talla-22-fr","13":"pa_talla-23-fr","14":"pa_talla-24-fr","15":"pa_talla-25-fr","16":"pa_talla-26-fr","17":"pa_talla-59-fr","19":"first","20":"onbackorder","21":"taxable","22":"shipping-taxable","23":"purchasable","24":"product-type-variable","25":"has-default-attributes"},"yoast_head":"<!-- This site is optimized with the Yoast SEO plugin v26.6 - https:\/\/yoast.com\/wordpress\/plugins\/seo\/ -->\n<title>\u1408 Bague fiancaille homme moderne | Marque Br\u00f6Koss<\/title>\n<meta name=\"description\" content=\"\u27a1\ufe0f Bague fiancaille moderne homme avec diamant blanc taille brillant de 0,06 ct | Br\u00f6Koss | Zirconium, 4,5 mm \u27a1\ufe0f Bagues uniques pour homme. Rendez-nous visite !\" \/>\n<meta name=\"robots\" content=\"index, follow, max-snippet:-1, max-image-preview:large, max-video-preview:-1\" \/>\n<link rel=\"canonical\" href=\"https:\/\/brokoss.com\/fr\/bijoux\/bague-fiancaille-homme-sertie-dun-diamant-blanc-de-zircons-gris-et-noirs-et-dun-diamant-taille-brillant-de-006-ct-alisios-cree-en-laboratoire\/\" \/>\n<meta property=\"og:locale\" content=\"fr_FR\" \/>\n<meta property=\"og:type\" content=\"article\" \/>\n<meta property=\"og:title\" content=\"\u1408 Bague fiancaille homme moderne | Marque Br\u00f6Koss\" \/>\n<meta property=\"og:description\" content=\"\u27a1\ufe0f Bague fiancaille moderne homme avec diamant blanc taille brillant de 0,06 ct | Br\u00f6Koss | Zirconium, 4,5 mm \u27a1\ufe0f Bagues uniques pour homme. Rendez-nous visite !\" \/>\n<meta property=\"og:url\" content=\"https:\/\/brokoss.com\/fr\/bijoux\/bague-fiancaille-homme-sertie-dun-diamant-blanc-de-zircons-gris-et-noirs-et-dun-diamant-taille-brillant-de-006-ct-alisios-cree-en-laboratoire\/\" \/>\n<meta property=\"og:site_name\" content=\"Joyer\u00eda Brokoss\" \/>\n<meta property=\"article:publisher\" content=\"https:\/\/www.facebook.com\/brokossjoyeria\" \/>\n<meta property=\"article:modified_time\" content=\"2025-12-26T09:17:03+00:00\" \/>\n<meta property=\"og:image\" content=\"https:\/\/brokoss.com\/wp-content\/uploads\/2025\/08\/Anillo-compromiso-hombre-con-diamante-0.06-cts-zirconio-gris-y-negro-brokoss-2.jpeg\" \/>\n\t<meta property=\"og:image:width\" content=\"1000\" \/>\n\t<meta property=\"og:image:height\" content=\"1000\" \/>\n\t<meta property=\"og:image:type\" content=\"image\/jpeg\" \/>\n<meta name=\"twitter:card\" content=\"summary_large_image\" \/>\n<meta name=\"twitter:label1\" content=\"Dur\u00e9e de lecture estim\u00e9e\" \/>\n\t<meta name=\"twitter:data1\" content=\"1 minute\" \/>\n<script type=\"application\/ld+json\" class=\"yoast-schema-graph\">{\"@context\":\"https:\/\/schema.org\",\"@graph\":[{\"@type\":\"WebPage\",\"@id\":\"https:\/\/brokoss.com\/fr\/bijoux\/bague-fiancaille-homme-sertie-dun-diamant-blanc-de-zircons-gris-et-noirs-et-dun-diamant-taille-brillant-de-006-ct-alisios-cree-en-laboratoire\/\",\"url\":\"https:\/\/brokoss.com\/fr\/bijoux\/bague-fiancaille-homme-sertie-dun-diamant-blanc-de-zircons-gris-et-noirs-et-dun-diamant-taille-brillant-de-006-ct-alisios-cree-en-laboratoire\/\",\"name\":\"\u1408 Bague fiancaille homme moderne | Marque Br\u00f6Koss\",\"isPartOf\":{\"@id\":\"https:\/\/brokoss.com\/fr\/#website\"},\"primaryImageOfPage\":{\"@id\":\"https:\/\/brokoss.com\/fr\/bijoux\/bague-fiancaille-homme-sertie-dun-diamant-blanc-de-zircons-gris-et-noirs-et-dun-diamant-taille-brillant-de-006-ct-alisios-cree-en-laboratoire\/#primaryimage\"},\"image\":{\"@id\":\"https:\/\/brokoss.com\/fr\/bijoux\/bague-fiancaille-homme-sertie-dun-diamant-blanc-de-zircons-gris-et-noirs-et-dun-diamant-taille-brillant-de-006-ct-alisios-cree-en-laboratoire\/#primaryimage\"},\"thumbnailUrl\":\"https:\/\/brokoss.com\/wp-content\/uploads\/2025\/08\/Anillo-compromiso-hombre-con-diamante-0.06-cts-zirconio-gris-y-negro-brokoss-2.jpeg\",\"datePublished\":\"2025-08-05T10:46:36+00:00\",\"dateModified\":\"2025-12-26T09:17:03+00:00\",\"description\":\"\u27a1\ufe0f Bague fiancaille moderne homme avec diamant blanc taille brillant de 0,06 ct | Br\u00f6Koss | Zirconium, 4,5 mm \u27a1\ufe0f Bagues uniques pour homme. Rendez-nous visite !\",\"breadcrumb\":{\"@id\":\"https:\/\/brokoss.com\/fr\/bijoux\/bague-fiancaille-homme-sertie-dun-diamant-blanc-de-zircons-gris-et-noirs-et-dun-diamant-taille-brillant-de-006-ct-alisios-cree-en-laboratoire\/#breadcrumb\"},\"inLanguage\":\"fr-FR\",\"potentialAction\":[{\"@type\":\"ReadAction\",\"target\":[\"https:\/\/brokoss.com\/fr\/bijoux\/bague-fiancaille-homme-sertie-dun-diamant-blanc-de-zircons-gris-et-noirs-et-dun-diamant-taille-brillant-de-006-ct-alisios-cree-en-laboratoire\/\"]}]},{\"@type\":\"ImageObject\",\"inLanguage\":\"fr-FR\",\"@id\":\"https:\/\/brokoss.com\/fr\/bijoux\/bague-fiancaille-homme-sertie-dun-diamant-blanc-de-zircons-gris-et-noirs-et-dun-diamant-taille-brillant-de-006-ct-alisios-cree-en-laboratoire\/#primaryimage\",\"url\":\"https:\/\/brokoss.com\/wp-content\/uploads\/2025\/08\/Anillo-compromiso-hombre-con-diamante-0.06-cts-zirconio-gris-y-negro-brokoss-2.jpeg\",\"contentUrl\":\"https:\/\/brokoss.com\/wp-content\/uploads\/2025\/08\/Anillo-compromiso-hombre-con-diamante-0.06-cts-zirconio-gris-y-negro-brokoss-2.jpeg\",\"width\":1000,\"height\":1000,\"caption\":\"Bague de fian\u00e7ailles homme avec diamant de 0,06 cts, zirconium gris et noir, mod\u00e8le Brokoss.\"},{\"@type\":\"BreadcrumbList\",\"@id\":\"https:\/\/brokoss.com\/fr\/bijoux\/bague-fiancaille-homme-sertie-dun-diamant-blanc-de-zircons-gris-et-noirs-et-dun-diamant-taille-brillant-de-006-ct-alisios-cree-en-laboratoire\/#breadcrumb\",\"itemListElement\":[{\"@type\":\"ListItem\",\"position\":1,\"name\":\"Portada\",\"item\":\"https:\/\/brokoss.com\/fr\/\"},{\"@type\":\"ListItem\",\"position\":2,\"name\":\"Boutique\",\"item\":\"https:\/\/brokoss.com\/fr\/boutique\/\"},{\"@type\":\"ListItem\",\"position\":3,\"name\":\"Bague fiancaille homme sertie d&#8217;un diamant blanc, de zircons gris et noirs et d&#8217;un diamant taille brillant de 0,06 ct. Alisios, cr\u00e9\u00e9 en laboratoire.\"}]},{\"@type\":\"WebSite\",\"@id\":\"https:\/\/brokoss.com\/fr\/#website\",\"url\":\"https:\/\/brokoss.com\/fr\/\",\"name\":\"Joyer\u00eda Brokoss\",\"description\":\"Anillos para Hombre con Estilo | Joyer\u00eda Brokoss\",\"publisher\":{\"@id\":\"https:\/\/brokoss.com\/fr\/#organization\"},\"alternateName\":\"Joyer\u00eda Brokoss\",\"potentialAction\":[{\"@type\":\"SearchAction\",\"target\":{\"@type\":\"EntryPoint\",\"urlTemplate\":\"https:\/\/brokoss.com\/fr\/?s={search_term_string}\"},\"query-input\":{\"@type\":\"PropertyValueSpecification\",\"valueRequired\":true,\"valueName\":\"search_term_string\"}}],\"inLanguage\":\"fr-FR\"},{\"@type\":\"Organization\",\"@id\":\"https:\/\/brokoss.com\/fr\/#organization\",\"name\":\"Joyer\u00eda Brokoss\",\"url\":\"https:\/\/brokoss.com\/fr\/\",\"logo\":{\"@type\":\"ImageObject\",\"inLanguage\":\"fr-FR\",\"@id\":\"https:\/\/brokoss.com\/fr\/#\/schema\/logo\/image\/\",\"url\":\"https:\/\/brokoss.com\/wp-content\/uploads\/2025\/06\/Anillos-y-pendientes-para-hombres-con-estilo-Brokoss-logo.png\",\"contentUrl\":\"https:\/\/brokoss.com\/wp-content\/uploads\/2025\/06\/Anillos-y-pendientes-para-hombres-con-estilo-Brokoss-logo.png\",\"width\":2000,\"height\":540,\"caption\":\"Joyer\u00eda Brokoss\"},\"image\":{\"@id\":\"https:\/\/brokoss.com\/fr\/#\/schema\/logo\/image\/\"},\"sameAs\":[\"https:\/\/www.facebook.com\/brokossjoyeria\",\"https:\/\/www.instagram.com\/brokossjoyeria\/\"]}]}<\/script>\n<!-- \/ Yoast SEO plugin. -->","yoast_head_json":{"title":"\u1408 Bague fiancaille homme moderne | Marque Br\u00f6Koss","description":"\u27a1\ufe0f Bague fiancaille moderne homme avec diamant blanc taille brillant de 0,06 ct | Br\u00f6Koss | Zirconium, 4,5 mm \u27a1\ufe0f Bagues uniques pour homme. Rendez-nous visite !","robots":{"index":"index","follow":"follow","max-snippet":"max-snippet:-1","max-image-preview":"max-image-preview:large","max-video-preview":"max-video-preview:-1"},"canonical":"https:\/\/brokoss.com\/fr\/bijoux\/bague-fiancaille-homme-sertie-dun-diamant-blanc-de-zircons-gris-et-noirs-et-dun-diamant-taille-brillant-de-006-ct-alisios-cree-en-laboratoire\/","og_locale":"fr_FR","og_type":"article","og_title":"\u1408 Bague fiancaille homme moderne | Marque Br\u00f6Koss","og_description":"\u27a1\ufe0f Bague fiancaille moderne homme avec diamant blanc taille brillant de 0,06 ct | Br\u00f6Koss | Zirconium, 4,5 mm \u27a1\ufe0f Bagues uniques pour homme. Rendez-nous visite !","og_url":"https:\/\/brokoss.com\/fr\/bijoux\/bague-fiancaille-homme-sertie-dun-diamant-blanc-de-zircons-gris-et-noirs-et-dun-diamant-taille-brillant-de-006-ct-alisios-cree-en-laboratoire\/","og_site_name":"Joyer\u00eda Brokoss","article_publisher":"https:\/\/www.facebook.com\/brokossjoyeria","article_modified_time":"2025-12-26T09:17:03+00:00","og_image":[{"width":1000,"height":1000,"url":"https:\/\/brokoss.com\/wp-content\/uploads\/2025\/08\/Anillo-compromiso-hombre-con-diamante-0.06-cts-zirconio-gris-y-negro-brokoss-2.jpeg","type":"image\/jpeg"}],"twitter_card":"summary_large_image","twitter_misc":{"Dur\u00e9e de lecture estim\u00e9e":"1 minute"},"schema":{"@context":"https:\/\/schema.org","@graph":[{"@type":"WebPage","@id":"https:\/\/brokoss.com\/fr\/bijoux\/bague-fiancaille-homme-sertie-dun-diamant-blanc-de-zircons-gris-et-noirs-et-dun-diamant-taille-brillant-de-006-ct-alisios-cree-en-laboratoire\/","url":"https:\/\/brokoss.com\/fr\/bijoux\/bague-fiancaille-homme-sertie-dun-diamant-blanc-de-zircons-gris-et-noirs-et-dun-diamant-taille-brillant-de-006-ct-alisios-cree-en-laboratoire\/","name":"\u1408 Bague fiancaille homme moderne | Marque Br\u00f6Koss","isPartOf":{"@id":"https:\/\/brokoss.com\/fr\/#website"},"primaryImageOfPage":{"@id":"https:\/\/brokoss.com\/fr\/bijoux\/bague-fiancaille-homme-sertie-dun-diamant-blanc-de-zircons-gris-et-noirs-et-dun-diamant-taille-brillant-de-006-ct-alisios-cree-en-laboratoire\/#primaryimage"},"image":{"@id":"https:\/\/brokoss.com\/fr\/bijoux\/bague-fiancaille-homme-sertie-dun-diamant-blanc-de-zircons-gris-et-noirs-et-dun-diamant-taille-brillant-de-006-ct-alisios-cree-en-laboratoire\/#primaryimage"},"thumbnailUrl":"https:\/\/brokoss.com\/wp-content\/uploads\/2025\/08\/Anillo-compromiso-hombre-con-diamante-0.06-cts-zirconio-gris-y-negro-brokoss-2.jpeg","datePublished":"2025-08-05T10:46:36+00:00","dateModified":"2025-12-26T09:17:03+00:00","description":"\u27a1\ufe0f Bague fiancaille moderne homme avec diamant blanc taille brillant de 0,06 ct | Br\u00f6Koss | Zirconium, 4,5 mm \u27a1\ufe0f Bagues uniques pour homme. Rendez-nous visite !","breadcrumb":{"@id":"https:\/\/brokoss.com\/fr\/bijoux\/bague-fiancaille-homme-sertie-dun-diamant-blanc-de-zircons-gris-et-noirs-et-dun-diamant-taille-brillant-de-006-ct-alisios-cree-en-laboratoire\/#breadcrumb"},"inLanguage":"fr-FR","potentialAction":[{"@type":"ReadAction","target":["https:\/\/brokoss.com\/fr\/bijoux\/bague-fiancaille-homme-sertie-dun-diamant-blanc-de-zircons-gris-et-noirs-et-dun-diamant-taille-brillant-de-006-ct-alisios-cree-en-laboratoire\/"]}]},{"@type":"ImageObject","inLanguage":"fr-FR","@id":"https:\/\/brokoss.com\/fr\/bijoux\/bague-fiancaille-homme-sertie-dun-diamant-blanc-de-zircons-gris-et-noirs-et-dun-diamant-taille-brillant-de-006-ct-alisios-cree-en-laboratoire\/#primaryimage","url":"https:\/\/brokoss.com\/wp-content\/uploads\/2025\/08\/Anillo-compromiso-hombre-con-diamante-0.06-cts-zirconio-gris-y-negro-brokoss-2.jpeg","contentUrl":"https:\/\/brokoss.com\/wp-content\/uploads\/2025\/08\/Anillo-compromiso-hombre-con-diamante-0.06-cts-zirconio-gris-y-negro-brokoss-2.jpeg","width":1000,"height":1000,"caption":"Bague de fian\u00e7ailles homme avec diamant de 0,06 cts, zirconium gris et noir, mod\u00e8le Brokoss."},{"@type":"BreadcrumbList","@id":"https:\/\/brokoss.com\/fr\/bijoux\/bague-fiancaille-homme-sertie-dun-diamant-blanc-de-zircons-gris-et-noirs-et-dun-diamant-taille-brillant-de-006-ct-alisios-cree-en-laboratoire\/#breadcrumb","itemListElement":[{"@type":"ListItem","position":1,"name":"Portada","item":"https:\/\/brokoss.com\/fr\/"},{"@type":"ListItem","position":2,"name":"Boutique","item":"https:\/\/brokoss.com\/fr\/boutique\/"},{"@type":"ListItem","position":3,"name":"Bague fiancaille homme sertie d&#8217;un diamant blanc, de zircons gris et noirs et d&#8217;un diamant taille brillant de 0,06 ct. Alisios, cr\u00e9\u00e9 en laboratoire."}]},{"@type":"WebSite","@id":"https:\/\/brokoss.com\/fr\/#website","url":"https:\/\/brokoss.com\/fr\/","name":"Joyer\u00eda Brokoss","description":"Anillos para Hombre con Estilo | Joyer\u00eda Brokoss","publisher":{"@id":"https:\/\/brokoss.com\/fr\/#organization"},"alternateName":"Joyer\u00eda Brokoss","potentialAction":[{"@type":"SearchAction","target":{"@type":"EntryPoint","urlTemplate":"https:\/\/brokoss.com\/fr\/?s={search_term_string}"},"query-input":{"@type":"PropertyValueSpecification","valueRequired":true,"valueName":"search_term_string"}}],"inLanguage":"fr-FR"},{"@type":"Organization","@id":"https:\/\/brokoss.com\/fr\/#organization","name":"Joyer\u00eda Brokoss","url":"https:\/\/brokoss.com\/fr\/","logo":{"@type":"ImageObject","inLanguage":"fr-FR","@id":"https:\/\/brokoss.com\/fr\/#\/schema\/logo\/image\/","url":"https:\/\/brokoss.com\/wp-content\/uploads\/2025\/06\/Anillos-y-pendientes-para-hombres-con-estilo-Brokoss-logo.png","contentUrl":"https:\/\/brokoss.com\/wp-content\/uploads\/2025\/06\/Anillos-y-pendientes-para-hombres-con-estilo-Brokoss-logo.png","width":2000,"height":540,"caption":"Joyer\u00eda Brokoss"},"image":{"@id":"https:\/\/brokoss.com\/fr\/#\/schema\/logo\/image\/"},"sameAs":["https:\/\/www.facebook.com\/brokossjoyeria","https:\/\/www.instagram.com\/brokossjoyeria\/"]}]}},"jetpack_sharing_enabled":true,"_links":{"self":[{"href":"https:\/\/brokoss.com\/fr\/wp-json\/wp\/v2\/product\/4568","targetHints":{"allow":["GET"]}}],"collection":[{"href":"https:\/\/brokoss.com\/fr\/wp-json\/wp\/v2\/product"}],"about":[{"href":"https:\/\/brokoss.com\/fr\/wp-json\/wp\/v2\/types\/product"}],"version-history":[{"count":2,"href":"https:\/\/brokoss.com\/fr\/wp-json\/wp\/v2\/product\/4568\/revisions"}],"predecessor-version":[{"id":7602,"href":"https:\/\/brokoss.com\/fr\/wp-json\/wp\/v2\/product\/4568\/revisions\/7602"}],"wp:featuredmedia":[{"embeddable":true,"href":"https:\/\/brokoss.com\/fr\/wp-json\/wp\/v2\/media\/7485"}],"wp:attachment":[{"href":"https:\/\/brokoss.com\/fr\/wp-json\/wp\/v2\/media?parent=4568"}],"wp:term":[{"taxonomy":"product_brand","embeddable":true,"href":"https:\/\/brokoss.com\/fr\/wp-json\/wp\/v2\/product_brand?post=4568"},{"taxonomy":"product_cat","embeddable":true,"href":"https:\/\/brokoss.com\/fr\/wp-json\/wp\/v2\/product_cat?post=4568"},{"taxonomy":"product_tag","embeddable":true,"href":"https:\/\/brokoss.com\/fr\/wp-json\/wp\/v2\/product_tag?post=4568"}],"curies":[{"name":"wp","href":"https:\/\/api.w.org\/{rel}","templated":true}]}}