{"id":4587,"date":"2025-08-05T13:16:07","date_gmt":"2025-08-05T11:16:07","guid":{"rendered":"https:\/\/brokoss.com\/joyeria\/bague-de-fiancaille-homme-solitaire-avec-diamant-blanc-taille-brillant-de-006-ct-et-zirconium-pour-fiancailles\/"},"modified":"2025-12-26T11:34:07","modified_gmt":"2025-12-26T10:34:07","slug":"bague-de-fiancaille-homme-solitaire-avec-diamant-blanc-taille-brillant-de-006-ct-et-zirconium-pour-fiancailles","status":"publish","type":"product","link":"https:\/\/brokoss.com\/fr\/bijoux\/bague-de-fiancaille-homme-solitaire-avec-diamant-blanc-taille-brillant-de-006-ct-et-zirconium-pour-fiancailles\/","title":{"rendered":"Bague de fiancaille homme solitaire avec diamant blanc taille brillant de 0,06 ct et zirconium pour fian\u00e7ailles"},"content":{"rendered":"<div class=\"markdown prose w-full break-words dark:prose-invert light\">\n<p data-start=\"0\" data-end=\"80\">Cette bague de <span style=\"color: #cab290;\"><a style=\"color: #cab290;\" href=\"https:\/\/brokoss.com\/fr\/Bijoux-pour-hommes\/bague-fiancaille-homme\/\">fian\u00e7ailles<\/a><\/span> solitaire en <strong data-start=\"320\" data-end=\"348\">zirconium gris de 4,5 mm pour homme<\/strong> avec un diamant blanc de 0,06 ct de taille brillant est id\u00e9ale pour s&rsquo;habiller, proposer des fian\u00e7ailles ou un mariage.<\/p>\n<p data-start=\"0\" data-end=\"80\">Fabriqu\u00e9e en zirconium, cette bague de fian\u00e7ailles solitaire pour homme est dot\u00e9e d&rsquo;un <strong>int\u00e9rieur ultra-poli,<\/strong> offrant un confort exceptionnel tout au long de la journ\u00e9e. Ses bords biseaut\u00e9s prot\u00e8gent le diamant taille brillant d&rsquo;un serti central. <\/p>\n<\/div>\n<div class=\"markdown prose w-full break-words dark:prose-invert light\">\n<p data-start=\"614\" data-end=\"977\">Son poids id\u00e9al procure la <strong data-start=\"776\" data-end=\"807\">sensation solide et puissante<\/strong> que vous attendez des bijoux pour hommes authentiques.<\/p>\n<\/div>\n<ul>\n<li data-start=\"614\" data-end=\"977\">Assistance WhatsApp <strong>365<\/strong> jours par an.<\/li>\n<li data-start=\"614\" data-end=\"977\">Disponible pour la gravure, possibilit\u00e9 de changer de taille sans frais<\/li>\n<li data-start=\"614\" data-end=\"977\">Livraison <strong>gratuite et assur\u00e9e<\/strong><\/li>\n<\/ul>\n","protected":false},"excerpt":{"rendered":"<p>Bague de fiancaille homme solitaire en diamant. Con\u00e7ue pour les <strong>hommes uniques<\/strong>: zircon gris taille brillant blanc, \u00e9l\u00e9gance et caract\u00e8re. <\/p>\n<p>&nbsp;<\/p>\n<p><strong>MAT\u00c9RIAU<\/strong> : Zirconium gris, diamant taille brillant de 0,06 ct, cultiv\u00e9 en laboratoire. Largeur : 4,5 mm <\/p>\n","protected":false},"featured_media":7482,"template":"","meta":{"_joinchat":[]},"product_brand":[],"product_cat":[90],"product_tag":[],"class_list":{"0":"post-4587","1":"product","2":"type-product","3":"status-publish","4":"has-post-thumbnail","6":"product_cat-bague-fiancaille-homme","7":"pa_color-gris-fr","8":"pa_piedras-preciosas-diamant-blanc-de-laboratoire","9":"pa_talla-18-fr","10":"pa_talla-20-fr","11":"pa_talla-21-fr","12":"pa_talla-22-fr","13":"pa_talla-23-fr","14":"pa_talla-24-fr","15":"pa_talla-25-fr","16":"pa_talla-26-fr","17":"pa_talla-59-fr","19":"first","20":"instock","21":"taxable","22":"shipping-taxable","23":"purchasable","24":"product-type-variable","25":"has-default-attributes"},"yoast_head":"<!-- This site is optimized with the Yoast SEO plugin v26.6 - https:\/\/yoast.com\/wordpress\/plugins\/seo\/ -->\n<title>\u1408 Bague de fiancaille homme solitaire avec diamants en zirconium | Br\u00f6Koss<\/title>\n<meta name=\"description\" content=\"\u27a1\ufe0f Bague de fiancaille homme solitaire avec un diamant taille brillant de 0,06 ct | Br\u00f6Koss | Zirconium, 4,5 mm \u27a1\ufe0f Rendez-nous visite !\" \/>\n<meta name=\"robots\" content=\"index, follow, max-snippet:-1, max-image-preview:large, max-video-preview:-1\" \/>\n<link rel=\"canonical\" href=\"https:\/\/brokoss.com\/fr\/bijoux\/bague-de-fiancaille-homme-solitaire-avec-diamant-blanc-taille-brillant-de-006-ct-et-zirconium-pour-fiancailles\/\" \/>\n<meta property=\"og:locale\" content=\"fr_FR\" \/>\n<meta property=\"og:type\" content=\"article\" \/>\n<meta property=\"og:title\" content=\"\u1408 Bague de fiancaille homme solitaire avec diamants en zirconium | Br\u00f6Koss\" \/>\n<meta property=\"og:description\" content=\"\u27a1\ufe0f Bague de fiancaille homme solitaire avec un diamant taille brillant de 0,06 ct | Br\u00f6Koss | Zirconium, 4,5 mm \u27a1\ufe0f Rendez-nous visite !\" \/>\n<meta property=\"og:url\" content=\"https:\/\/brokoss.com\/fr\/bijoux\/bague-de-fiancaille-homme-solitaire-avec-diamant-blanc-taille-brillant-de-006-ct-et-zirconium-pour-fiancailles\/\" \/>\n<meta property=\"og:site_name\" content=\"Joyer\u00eda Brokoss\" \/>\n<meta property=\"article:publisher\" content=\"https:\/\/www.facebook.com\/brokossjoyeria\" \/>\n<meta property=\"article:modified_time\" content=\"2025-12-26T10:34:07+00:00\" \/>\n<meta property=\"og:image\" content=\"https:\/\/brokoss.com\/wp-content\/uploads\/2025\/08\/Anillo-de-compromiso-hombre-con-diamante-0.06-cts-zirconio-gris-brokoss-2.jpeg\" \/>\n\t<meta property=\"og:image:width\" content=\"1000\" \/>\n\t<meta property=\"og:image:height\" content=\"1000\" \/>\n\t<meta property=\"og:image:type\" content=\"image\/jpeg\" \/>\n<meta name=\"twitter:card\" content=\"summary_large_image\" \/>\n<meta name=\"twitter:label1\" content=\"Dur\u00e9e de lecture estim\u00e9e\" \/>\n\t<meta name=\"twitter:data1\" content=\"1 minute\" \/>\n<script type=\"application\/ld+json\" class=\"yoast-schema-graph\">{\"@context\":\"https:\/\/schema.org\",\"@graph\":[{\"@type\":\"WebPage\",\"@id\":\"https:\/\/brokoss.com\/fr\/bijoux\/bague-de-fiancaille-homme-solitaire-avec-diamant-blanc-taille-brillant-de-006-ct-et-zirconium-pour-fiancailles\/\",\"url\":\"https:\/\/brokoss.com\/fr\/bijoux\/bague-de-fiancaille-homme-solitaire-avec-diamant-blanc-taille-brillant-de-006-ct-et-zirconium-pour-fiancailles\/\",\"name\":\"\u1408 Bague de fiancaille homme solitaire avec diamants en zirconium | Br\u00f6Koss\",\"isPartOf\":{\"@id\":\"https:\/\/brokoss.com\/fr\/#website\"},\"primaryImageOfPage\":{\"@id\":\"https:\/\/brokoss.com\/fr\/bijoux\/bague-de-fiancaille-homme-solitaire-avec-diamant-blanc-taille-brillant-de-006-ct-et-zirconium-pour-fiancailles\/#primaryimage\"},\"image\":{\"@id\":\"https:\/\/brokoss.com\/fr\/bijoux\/bague-de-fiancaille-homme-solitaire-avec-diamant-blanc-taille-brillant-de-006-ct-et-zirconium-pour-fiancailles\/#primaryimage\"},\"thumbnailUrl\":\"https:\/\/brokoss.com\/wp-content\/uploads\/2025\/08\/Anillo-de-compromiso-hombre-con-diamante-0.06-cts-zirconio-gris-brokoss-2.jpeg\",\"datePublished\":\"2025-08-05T11:16:07+00:00\",\"dateModified\":\"2025-12-26T10:34:07+00:00\",\"description\":\"\u27a1\ufe0f Bague de fiancaille homme solitaire avec un diamant taille brillant de 0,06 ct | Br\u00f6Koss | Zirconium, 4,5 mm \u27a1\ufe0f Rendez-nous visite !\",\"breadcrumb\":{\"@id\":\"https:\/\/brokoss.com\/fr\/bijoux\/bague-de-fiancaille-homme-solitaire-avec-diamant-blanc-taille-brillant-de-006-ct-et-zirconium-pour-fiancailles\/#breadcrumb\"},\"inLanguage\":\"fr-FR\",\"potentialAction\":[{\"@type\":\"ReadAction\",\"target\":[\"https:\/\/brokoss.com\/fr\/bijoux\/bague-de-fiancaille-homme-solitaire-avec-diamant-blanc-taille-brillant-de-006-ct-et-zirconium-pour-fiancailles\/\"]}]},{\"@type\":\"ImageObject\",\"inLanguage\":\"fr-FR\",\"@id\":\"https:\/\/brokoss.com\/fr\/bijoux\/bague-de-fiancaille-homme-solitaire-avec-diamant-blanc-taille-brillant-de-006-ct-et-zirconium-pour-fiancailles\/#primaryimage\",\"url\":\"https:\/\/brokoss.com\/wp-content\/uploads\/2025\/08\/Anillo-de-compromiso-hombre-con-diamante-0.06-cts-zirconio-gris-brokoss-2.jpeg\",\"contentUrl\":\"https:\/\/brokoss.com\/wp-content\/uploads\/2025\/08\/Anillo-de-compromiso-hombre-con-diamante-0.06-cts-zirconio-gris-brokoss-2.jpeg\",\"width\":1000,\"height\":1000,\"caption\":\"Bague solitaire de fian\u00e7ailles pour homme avec diamant de 0,06 cts, zirconium gris, Brokoss.\"},{\"@type\":\"BreadcrumbList\",\"@id\":\"https:\/\/brokoss.com\/fr\/bijoux\/bague-de-fiancaille-homme-solitaire-avec-diamant-blanc-taille-brillant-de-006-ct-et-zirconium-pour-fiancailles\/#breadcrumb\",\"itemListElement\":[{\"@type\":\"ListItem\",\"position\":1,\"name\":\"Portada\",\"item\":\"https:\/\/brokoss.com\/fr\/\"},{\"@type\":\"ListItem\",\"position\":2,\"name\":\"Boutique\",\"item\":\"https:\/\/brokoss.com\/fr\/boutique\/\"},{\"@type\":\"ListItem\",\"position\":3,\"name\":\"Bague de fiancaille homme solitaire avec diamant blanc taille brillant de 0,06 ct et zirconium pour fian\u00e7ailles\"}]},{\"@type\":\"WebSite\",\"@id\":\"https:\/\/brokoss.com\/fr\/#website\",\"url\":\"https:\/\/brokoss.com\/fr\/\",\"name\":\"Joyer\u00eda Brokoss\",\"description\":\"Anillos para Hombre con Estilo | Joyer\u00eda Brokoss\",\"publisher\":{\"@id\":\"https:\/\/brokoss.com\/fr\/#organization\"},\"alternateName\":\"Joyer\u00eda Brokoss\",\"potentialAction\":[{\"@type\":\"SearchAction\",\"target\":{\"@type\":\"EntryPoint\",\"urlTemplate\":\"https:\/\/brokoss.com\/fr\/?s={search_term_string}\"},\"query-input\":{\"@type\":\"PropertyValueSpecification\",\"valueRequired\":true,\"valueName\":\"search_term_string\"}}],\"inLanguage\":\"fr-FR\"},{\"@type\":\"Organization\",\"@id\":\"https:\/\/brokoss.com\/fr\/#organization\",\"name\":\"Joyer\u00eda Brokoss\",\"url\":\"https:\/\/brokoss.com\/fr\/\",\"logo\":{\"@type\":\"ImageObject\",\"inLanguage\":\"fr-FR\",\"@id\":\"https:\/\/brokoss.com\/fr\/#\/schema\/logo\/image\/\",\"url\":\"https:\/\/brokoss.com\/wp-content\/uploads\/2025\/06\/Anillos-y-pendientes-para-hombres-con-estilo-Brokoss-logo.png\",\"contentUrl\":\"https:\/\/brokoss.com\/wp-content\/uploads\/2025\/06\/Anillos-y-pendientes-para-hombres-con-estilo-Brokoss-logo.png\",\"width\":2000,\"height\":540,\"caption\":\"Joyer\u00eda Brokoss\"},\"image\":{\"@id\":\"https:\/\/brokoss.com\/fr\/#\/schema\/logo\/image\/\"},\"sameAs\":[\"https:\/\/www.facebook.com\/brokossjoyeria\",\"https:\/\/www.instagram.com\/brokossjoyeria\/\"]}]}<\/script>\n<!-- \/ Yoast SEO plugin. -->","yoast_head_json":{"title":"\u1408 Bague de fiancaille homme solitaire avec diamants en zirconium | Br\u00f6Koss","description":"\u27a1\ufe0f Bague de fiancaille homme solitaire avec un diamant taille brillant de 0,06 ct | Br\u00f6Koss | Zirconium, 4,5 mm \u27a1\ufe0f Rendez-nous visite !","robots":{"index":"index","follow":"follow","max-snippet":"max-snippet:-1","max-image-preview":"max-image-preview:large","max-video-preview":"max-video-preview:-1"},"canonical":"https:\/\/brokoss.com\/fr\/bijoux\/bague-de-fiancaille-homme-solitaire-avec-diamant-blanc-taille-brillant-de-006-ct-et-zirconium-pour-fiancailles\/","og_locale":"fr_FR","og_type":"article","og_title":"\u1408 Bague de fiancaille homme solitaire avec diamants en zirconium | Br\u00f6Koss","og_description":"\u27a1\ufe0f Bague de fiancaille homme solitaire avec un diamant taille brillant de 0,06 ct | Br\u00f6Koss | Zirconium, 4,5 mm \u27a1\ufe0f Rendez-nous visite !","og_url":"https:\/\/brokoss.com\/fr\/bijoux\/bague-de-fiancaille-homme-solitaire-avec-diamant-blanc-taille-brillant-de-006-ct-et-zirconium-pour-fiancailles\/","og_site_name":"Joyer\u00eda Brokoss","article_publisher":"https:\/\/www.facebook.com\/brokossjoyeria","article_modified_time":"2025-12-26T10:34:07+00:00","og_image":[{"width":1000,"height":1000,"url":"https:\/\/brokoss.com\/wp-content\/uploads\/2025\/08\/Anillo-de-compromiso-hombre-con-diamante-0.06-cts-zirconio-gris-brokoss-2.jpeg","type":"image\/jpeg"}],"twitter_card":"summary_large_image","twitter_misc":{"Dur\u00e9e de lecture estim\u00e9e":"1 minute"},"schema":{"@context":"https:\/\/schema.org","@graph":[{"@type":"WebPage","@id":"https:\/\/brokoss.com\/fr\/bijoux\/bague-de-fiancaille-homme-solitaire-avec-diamant-blanc-taille-brillant-de-006-ct-et-zirconium-pour-fiancailles\/","url":"https:\/\/brokoss.com\/fr\/bijoux\/bague-de-fiancaille-homme-solitaire-avec-diamant-blanc-taille-brillant-de-006-ct-et-zirconium-pour-fiancailles\/","name":"\u1408 Bague de fiancaille homme solitaire avec diamants en zirconium | Br\u00f6Koss","isPartOf":{"@id":"https:\/\/brokoss.com\/fr\/#website"},"primaryImageOfPage":{"@id":"https:\/\/brokoss.com\/fr\/bijoux\/bague-de-fiancaille-homme-solitaire-avec-diamant-blanc-taille-brillant-de-006-ct-et-zirconium-pour-fiancailles\/#primaryimage"},"image":{"@id":"https:\/\/brokoss.com\/fr\/bijoux\/bague-de-fiancaille-homme-solitaire-avec-diamant-blanc-taille-brillant-de-006-ct-et-zirconium-pour-fiancailles\/#primaryimage"},"thumbnailUrl":"https:\/\/brokoss.com\/wp-content\/uploads\/2025\/08\/Anillo-de-compromiso-hombre-con-diamante-0.06-cts-zirconio-gris-brokoss-2.jpeg","datePublished":"2025-08-05T11:16:07+00:00","dateModified":"2025-12-26T10:34:07+00:00","description":"\u27a1\ufe0f Bague de fiancaille homme solitaire avec un diamant taille brillant de 0,06 ct | Br\u00f6Koss | Zirconium, 4,5 mm \u27a1\ufe0f Rendez-nous visite !","breadcrumb":{"@id":"https:\/\/brokoss.com\/fr\/bijoux\/bague-de-fiancaille-homme-solitaire-avec-diamant-blanc-taille-brillant-de-006-ct-et-zirconium-pour-fiancailles\/#breadcrumb"},"inLanguage":"fr-FR","potentialAction":[{"@type":"ReadAction","target":["https:\/\/brokoss.com\/fr\/bijoux\/bague-de-fiancaille-homme-solitaire-avec-diamant-blanc-taille-brillant-de-006-ct-et-zirconium-pour-fiancailles\/"]}]},{"@type":"ImageObject","inLanguage":"fr-FR","@id":"https:\/\/brokoss.com\/fr\/bijoux\/bague-de-fiancaille-homme-solitaire-avec-diamant-blanc-taille-brillant-de-006-ct-et-zirconium-pour-fiancailles\/#primaryimage","url":"https:\/\/brokoss.com\/wp-content\/uploads\/2025\/08\/Anillo-de-compromiso-hombre-con-diamante-0.06-cts-zirconio-gris-brokoss-2.jpeg","contentUrl":"https:\/\/brokoss.com\/wp-content\/uploads\/2025\/08\/Anillo-de-compromiso-hombre-con-diamante-0.06-cts-zirconio-gris-brokoss-2.jpeg","width":1000,"height":1000,"caption":"Bague solitaire de fian\u00e7ailles pour homme avec diamant de 0,06 cts, zirconium gris, Brokoss."},{"@type":"BreadcrumbList","@id":"https:\/\/brokoss.com\/fr\/bijoux\/bague-de-fiancaille-homme-solitaire-avec-diamant-blanc-taille-brillant-de-006-ct-et-zirconium-pour-fiancailles\/#breadcrumb","itemListElement":[{"@type":"ListItem","position":1,"name":"Portada","item":"https:\/\/brokoss.com\/fr\/"},{"@type":"ListItem","position":2,"name":"Boutique","item":"https:\/\/brokoss.com\/fr\/boutique\/"},{"@type":"ListItem","position":3,"name":"Bague de fiancaille homme solitaire avec diamant blanc taille brillant de 0,06 ct et zirconium pour fian\u00e7ailles"}]},{"@type":"WebSite","@id":"https:\/\/brokoss.com\/fr\/#website","url":"https:\/\/brokoss.com\/fr\/","name":"Joyer\u00eda Brokoss","description":"Anillos para Hombre con Estilo | Joyer\u00eda Brokoss","publisher":{"@id":"https:\/\/brokoss.com\/fr\/#organization"},"alternateName":"Joyer\u00eda Brokoss","potentialAction":[{"@type":"SearchAction","target":{"@type":"EntryPoint","urlTemplate":"https:\/\/brokoss.com\/fr\/?s={search_term_string}"},"query-input":{"@type":"PropertyValueSpecification","valueRequired":true,"valueName":"search_term_string"}}],"inLanguage":"fr-FR"},{"@type":"Organization","@id":"https:\/\/brokoss.com\/fr\/#organization","name":"Joyer\u00eda Brokoss","url":"https:\/\/brokoss.com\/fr\/","logo":{"@type":"ImageObject","inLanguage":"fr-FR","@id":"https:\/\/brokoss.com\/fr\/#\/schema\/logo\/image\/","url":"https:\/\/brokoss.com\/wp-content\/uploads\/2025\/06\/Anillos-y-pendientes-para-hombres-con-estilo-Brokoss-logo.png","contentUrl":"https:\/\/brokoss.com\/wp-content\/uploads\/2025\/06\/Anillos-y-pendientes-para-hombres-con-estilo-Brokoss-logo.png","width":2000,"height":540,"caption":"Joyer\u00eda Brokoss"},"image":{"@id":"https:\/\/brokoss.com\/fr\/#\/schema\/logo\/image\/"},"sameAs":["https:\/\/www.facebook.com\/brokossjoyeria","https:\/\/www.instagram.com\/brokossjoyeria\/"]}]}},"jetpack_sharing_enabled":true,"_links":{"self":[{"href":"https:\/\/brokoss.com\/fr\/wp-json\/wp\/v2\/product\/4587","targetHints":{"allow":["GET"]}}],"collection":[{"href":"https:\/\/brokoss.com\/fr\/wp-json\/wp\/v2\/product"}],"about":[{"href":"https:\/\/brokoss.com\/fr\/wp-json\/wp\/v2\/types\/product"}],"version-history":[{"count":1,"href":"https:\/\/brokoss.com\/fr\/wp-json\/wp\/v2\/product\/4587\/revisions"}],"predecessor-version":[{"id":7603,"href":"https:\/\/brokoss.com\/fr\/wp-json\/wp\/v2\/product\/4587\/revisions\/7603"}],"wp:featuredmedia":[{"embeddable":true,"href":"https:\/\/brokoss.com\/fr\/wp-json\/wp\/v2\/media\/7482"}],"wp:attachment":[{"href":"https:\/\/brokoss.com\/fr\/wp-json\/wp\/v2\/media?parent=4587"}],"wp:term":[{"taxonomy":"product_brand","embeddable":true,"href":"https:\/\/brokoss.com\/fr\/wp-json\/wp\/v2\/product_brand?post=4587"},{"taxonomy":"product_cat","embeddable":true,"href":"https:\/\/brokoss.com\/fr\/wp-json\/wp\/v2\/product_cat?post=4587"},{"taxonomy":"product_tag","embeddable":true,"href":"https:\/\/brokoss.com\/fr\/wp-json\/wp\/v2\/product_tag?post=4587"}],"curies":[{"name":"wp","href":"https:\/\/api.w.org\/{rel}","templated":true}]}}