{"id":5025,"date":"2025-09-06T11:00:21","date_gmt":"2025-09-06T09:00:21","guid":{"rendered":"https:\/\/brokoss.com\/joyeria\/bague-homme-icaro-5-mm-en-acier-et-zirconium-noir\/"},"modified":"2026-04-02T23:04:46","modified_gmt":"2026-04-02T21:04:46","slug":"bague-homme-icaro-5-mm-en-acier-et-zirconium-noir","status":"publish","type":"product","link":"https:\/\/brokoss.com\/fr\/bijoux\/bague-homme-icaro-5-mm-en-acier-et-zirconium-noir\/","title":{"rendered":"Bague homme Icaro 5 mm en acier et zirconium noir"},"content":{"rendered":"<p data-start=\"266\" data-end=\"612\">Bague noire pour homme en acier<strong data-start=\"320\" data-end=\"348\"> zirconium de 5 mm<\/strong> avec une double rainure sur les c\u00f4t\u00e9s : apportant <strong>force et personnalit\u00e9<\/strong>, ainsi que masculinit\u00e9 gr\u00e2ce \u00e0 sa couleur fonc\u00e9e.<\/p>\n<p data-start=\"614\" data-end=\"977\">Gr\u00e2ce \u00e0 son <strong data-start=\"670\" data-end=\"695\">int\u00e9rieur ultra poli<\/strong>, il offre un confort exceptionnel tout au long de la journ\u00e9e. Son poids, gr\u00e2ce \u00e0 l&rsquo;acier zirconium noir, procure cette<strong data-start=\"776\" data-end=\"807\"> sensation solide et puissante<\/strong> que l&rsquo;on attend des bijoux masculins authentiques.<\/p>\n<p data-start=\"614\" data-end=\"977\">Cette bague en acier zirconium noir pour homme est <strong>id\u00e9ale aussi bien pour un usage quotidien que comme cadeau pour des occasions sp\u00e9ciales<\/strong> :<strong data-start=\"930\" data-end=\"976\"> fian\u00e7ailles, anniversaire, mariage ou remise de dipl\u00f4me.<\/strong><\/p>\n<ul>\n<li data-start=\"614\" data-end=\"977\">Assistance WhatsApp <strong>365<\/strong> jours par an.<\/li>\n<li data-start=\"614\" data-end=\"977\">Disponible pour la gravure, possibilit\u00e9 de changer de taille sans frais<\/li>\n<li data-start=\"614\" data-end=\"977\">Livraison <strong>gratuite et assur\u00e9e<\/strong><\/li>\n<\/ul>\n","protected":false},"excerpt":{"rendered":"<p>Force restreinte: bague noire pour homme en zircon mat avec double rainure. <strong>Id\u00e9al pour les hommes authentiques.<\/strong><\/p>\n<p>&nbsp;<\/p>\n<p><strong>MAT\u00c9RIAU<\/strong>: Zirconium noir. 5 mm de large <\/p>\n","protected":false},"featured_media":5026,"template":"","meta":{"_joinchat":[]},"product_brand":[],"product_cat":[81,65],"product_tag":[],"class_list":{"0":"post-5025","1":"product","2":"type-product","3":"status-publish","4":"has-post-thumbnail","6":"product_cat-bague-noir-homme","7":"product_cat-bague-homme","8":"pa_color-noir","9":"pa_piedras-preciosas-sans-diamant","10":"pa_talla-18-fr","11":"pa_talla-20-fr","12":"pa_talla-21-fr","13":"pa_talla-22-fr","14":"pa_talla-23-fr","15":"pa_talla-24-fr","16":"pa_talla-25-fr","17":"pa_talla-26-fr","18":"pa_talla-59-fr","20":"first","21":"instock","22":"taxable","23":"shipping-taxable","24":"purchasable","25":"product-type-variable","26":"has-default-attributes"},"yoast_head":"<!-- This site is optimized with the Yoast SEO plugin v26.6 - https:\/\/yoast.com\/wordpress\/plugins\/seo\/ -->\n<title>\u1408 Bague homme en acier et zirconium noir | Bijoux | Br\u00f6Koss<\/title>\n<meta name=\"description\" content=\"\u27a1\ufe0f Bague homme en acier et zirconium noir | Br\u00f6Koss | 5 mm \u27a1\ufe0f Bagues noires uniques et modernes pour homme. Procurez-vous la v\u00f4tre d\u00e8s maintenant!\" \/>\n<meta name=\"robots\" content=\"index, follow, max-snippet:-1, max-image-preview:large, max-video-preview:-1\" \/>\n<link rel=\"canonical\" href=\"https:\/\/brokoss.com\/fr\/bijoux\/bague-homme-icaro-5-mm-en-acier-et-zirconium-noir\/\" \/>\n<meta property=\"og:locale\" content=\"fr_FR\" \/>\n<meta property=\"og:type\" content=\"article\" \/>\n<meta property=\"og:title\" content=\"\u1408 Bague homme en acier et zirconium noir | Bijoux | Br\u00f6Koss\" \/>\n<meta property=\"og:description\" content=\"\u27a1\ufe0f Bague homme en acier et zirconium noir | Br\u00f6Koss | 5 mm \u27a1\ufe0f Bagues noires uniques et modernes pour homme. Procurez-vous la v\u00f4tre d\u00e8s maintenant!\" \/>\n<meta property=\"og:url\" content=\"https:\/\/brokoss.com\/fr\/bijoux\/bague-homme-icaro-5-mm-en-acier-et-zirconium-noir\/\" \/>\n<meta property=\"og:site_name\" content=\"Joyer\u00eda Brokoss\" \/>\n<meta property=\"article:publisher\" content=\"https:\/\/www.facebook.com\/brokossjoyeria\" \/>\n<meta property=\"article:modified_time\" content=\"2026-04-02T21:04:46+00:00\" \/>\n<meta property=\"og:image\" content=\"https:\/\/brokoss.com\/wp-content\/uploads\/2025\/09\/Anillo-acero-negro-hombre-zirconio-.jpeg\" \/>\n\t<meta property=\"og:image:width\" content=\"1000\" \/>\n\t<meta property=\"og:image:height\" content=\"1000\" \/>\n\t<meta property=\"og:image:type\" content=\"image\/jpeg\" \/>\n<meta name=\"twitter:card\" content=\"summary_large_image\" \/>\n<meta name=\"twitter:label1\" content=\"Dur\u00e9e de lecture estim\u00e9e\" \/>\n\t<meta name=\"twitter:data1\" content=\"1 minute\" \/>\n<script type=\"application\/ld+json\" class=\"yoast-schema-graph\">{\"@context\":\"https:\/\/schema.org\",\"@graph\":[{\"@type\":\"WebPage\",\"@id\":\"https:\/\/brokoss.com\/fr\/bijoux\/bague-homme-icaro-5-mm-en-acier-et-zirconium-noir\/\",\"url\":\"https:\/\/brokoss.com\/fr\/bijoux\/bague-homme-icaro-5-mm-en-acier-et-zirconium-noir\/\",\"name\":\"\u1408 Bague homme en acier et zirconium noir | Bijoux | Br\u00f6Koss\",\"isPartOf\":{\"@id\":\"https:\/\/brokoss.com\/fr\/#website\"},\"primaryImageOfPage\":{\"@id\":\"https:\/\/brokoss.com\/fr\/bijoux\/bague-homme-icaro-5-mm-en-acier-et-zirconium-noir\/#primaryimage\"},\"image\":{\"@id\":\"https:\/\/brokoss.com\/fr\/bijoux\/bague-homme-icaro-5-mm-en-acier-et-zirconium-noir\/#primaryimage\"},\"thumbnailUrl\":\"https:\/\/brokoss.com\/wp-content\/uploads\/2025\/09\/Anillo-acero-negro-hombre-zirconio-.jpeg\",\"datePublished\":\"2025-09-06T09:00:21+00:00\",\"dateModified\":\"2026-04-02T21:04:46+00:00\",\"description\":\"\u27a1\ufe0f Bague homme en acier et zirconium noir | Br\u00f6Koss | 5 mm \u27a1\ufe0f Bagues noires uniques et modernes pour homme. Procurez-vous la v\u00f4tre d\u00e8s maintenant!\",\"breadcrumb\":{\"@id\":\"https:\/\/brokoss.com\/fr\/bijoux\/bague-homme-icaro-5-mm-en-acier-et-zirconium-noir\/#breadcrumb\"},\"inLanguage\":\"fr-FR\",\"potentialAction\":[{\"@type\":\"ReadAction\",\"target\":[\"https:\/\/brokoss.com\/fr\/bijoux\/bague-homme-icaro-5-mm-en-acier-et-zirconium-noir\/\"]}]},{\"@type\":\"ImageObject\",\"inLanguage\":\"fr-FR\",\"@id\":\"https:\/\/brokoss.com\/fr\/bijoux\/bague-homme-icaro-5-mm-en-acier-et-zirconium-noir\/#primaryimage\",\"url\":\"https:\/\/brokoss.com\/wp-content\/uploads\/2025\/09\/Anillo-acero-negro-hombre-zirconio-.jpeg\",\"contentUrl\":\"https:\/\/brokoss.com\/wp-content\/uploads\/2025\/09\/Anillo-acero-negro-hombre-zirconio-.jpeg\",\"width\":1000,\"height\":1000,\"caption\":\"Bague en acier noir pour homme, bagues noires en zirconium pour homme\"},{\"@type\":\"BreadcrumbList\",\"@id\":\"https:\/\/brokoss.com\/fr\/bijoux\/bague-homme-icaro-5-mm-en-acier-et-zirconium-noir\/#breadcrumb\",\"itemListElement\":[{\"@type\":\"ListItem\",\"position\":1,\"name\":\"Portada\",\"item\":\"https:\/\/brokoss.com\/fr\/\"},{\"@type\":\"ListItem\",\"position\":2,\"name\":\"Boutique\",\"item\":\"https:\/\/brokoss.com\/fr\/boutique\/\"},{\"@type\":\"ListItem\",\"position\":3,\"name\":\"Bague homme Icaro 5 mm en acier et zirconium noir\"}]},{\"@type\":\"WebSite\",\"@id\":\"https:\/\/brokoss.com\/fr\/#website\",\"url\":\"https:\/\/brokoss.com\/fr\/\",\"name\":\"Joyer\u00eda Brokoss\",\"description\":\"Anillos para Hombre con Estilo | Joyer\u00eda Brokoss\",\"publisher\":{\"@id\":\"https:\/\/brokoss.com\/fr\/#organization\"},\"alternateName\":\"Joyer\u00eda Brokoss\",\"potentialAction\":[{\"@type\":\"SearchAction\",\"target\":{\"@type\":\"EntryPoint\",\"urlTemplate\":\"https:\/\/brokoss.com\/fr\/?s={search_term_string}\"},\"query-input\":{\"@type\":\"PropertyValueSpecification\",\"valueRequired\":true,\"valueName\":\"search_term_string\"}}],\"inLanguage\":\"fr-FR\"},{\"@type\":\"Organization\",\"@id\":\"https:\/\/brokoss.com\/fr\/#organization\",\"name\":\"Joyer\u00eda Brokoss\",\"url\":\"https:\/\/brokoss.com\/fr\/\",\"logo\":{\"@type\":\"ImageObject\",\"inLanguage\":\"fr-FR\",\"@id\":\"https:\/\/brokoss.com\/fr\/#\/schema\/logo\/image\/\",\"url\":\"https:\/\/brokoss.com\/wp-content\/uploads\/2025\/06\/Anillos-y-pendientes-para-hombres-con-estilo-Brokoss-logo.png\",\"contentUrl\":\"https:\/\/brokoss.com\/wp-content\/uploads\/2025\/06\/Anillos-y-pendientes-para-hombres-con-estilo-Brokoss-logo.png\",\"width\":2000,\"height\":540,\"caption\":\"Joyer\u00eda Brokoss\"},\"image\":{\"@id\":\"https:\/\/brokoss.com\/fr\/#\/schema\/logo\/image\/\"},\"sameAs\":[\"https:\/\/www.facebook.com\/brokossjoyeria\",\"https:\/\/www.instagram.com\/brokossjoyeria\/\"]}]}<\/script>\n<!-- \/ Yoast SEO plugin. -->","yoast_head_json":{"title":"\u1408 Bague homme en acier et zirconium noir | Bijoux | Br\u00f6Koss","description":"\u27a1\ufe0f Bague homme en acier et zirconium noir | Br\u00f6Koss | 5 mm \u27a1\ufe0f Bagues noires uniques et modernes pour homme. Procurez-vous la v\u00f4tre d\u00e8s maintenant!","robots":{"index":"index","follow":"follow","max-snippet":"max-snippet:-1","max-image-preview":"max-image-preview:large","max-video-preview":"max-video-preview:-1"},"canonical":"https:\/\/brokoss.com\/fr\/bijoux\/bague-homme-icaro-5-mm-en-acier-et-zirconium-noir\/","og_locale":"fr_FR","og_type":"article","og_title":"\u1408 Bague homme en acier et zirconium noir | Bijoux | Br\u00f6Koss","og_description":"\u27a1\ufe0f Bague homme en acier et zirconium noir | Br\u00f6Koss | 5 mm \u27a1\ufe0f Bagues noires uniques et modernes pour homme. Procurez-vous la v\u00f4tre d\u00e8s maintenant!","og_url":"https:\/\/brokoss.com\/fr\/bijoux\/bague-homme-icaro-5-mm-en-acier-et-zirconium-noir\/","og_site_name":"Joyer\u00eda Brokoss","article_publisher":"https:\/\/www.facebook.com\/brokossjoyeria","article_modified_time":"2026-04-02T21:04:46+00:00","og_image":[{"width":1000,"height":1000,"url":"https:\/\/brokoss.com\/wp-content\/uploads\/2025\/09\/Anillo-acero-negro-hombre-zirconio-.jpeg","type":"image\/jpeg"}],"twitter_card":"summary_large_image","twitter_misc":{"Dur\u00e9e de lecture estim\u00e9e":"1 minute"},"schema":{"@context":"https:\/\/schema.org","@graph":[{"@type":"WebPage","@id":"https:\/\/brokoss.com\/fr\/bijoux\/bague-homme-icaro-5-mm-en-acier-et-zirconium-noir\/","url":"https:\/\/brokoss.com\/fr\/bijoux\/bague-homme-icaro-5-mm-en-acier-et-zirconium-noir\/","name":"\u1408 Bague homme en acier et zirconium noir | Bijoux | Br\u00f6Koss","isPartOf":{"@id":"https:\/\/brokoss.com\/fr\/#website"},"primaryImageOfPage":{"@id":"https:\/\/brokoss.com\/fr\/bijoux\/bague-homme-icaro-5-mm-en-acier-et-zirconium-noir\/#primaryimage"},"image":{"@id":"https:\/\/brokoss.com\/fr\/bijoux\/bague-homme-icaro-5-mm-en-acier-et-zirconium-noir\/#primaryimage"},"thumbnailUrl":"https:\/\/brokoss.com\/wp-content\/uploads\/2025\/09\/Anillo-acero-negro-hombre-zirconio-.jpeg","datePublished":"2025-09-06T09:00:21+00:00","dateModified":"2026-04-02T21:04:46+00:00","description":"\u27a1\ufe0f Bague homme en acier et zirconium noir | Br\u00f6Koss | 5 mm \u27a1\ufe0f Bagues noires uniques et modernes pour homme. Procurez-vous la v\u00f4tre d\u00e8s maintenant!","breadcrumb":{"@id":"https:\/\/brokoss.com\/fr\/bijoux\/bague-homme-icaro-5-mm-en-acier-et-zirconium-noir\/#breadcrumb"},"inLanguage":"fr-FR","potentialAction":[{"@type":"ReadAction","target":["https:\/\/brokoss.com\/fr\/bijoux\/bague-homme-icaro-5-mm-en-acier-et-zirconium-noir\/"]}]},{"@type":"ImageObject","inLanguage":"fr-FR","@id":"https:\/\/brokoss.com\/fr\/bijoux\/bague-homme-icaro-5-mm-en-acier-et-zirconium-noir\/#primaryimage","url":"https:\/\/brokoss.com\/wp-content\/uploads\/2025\/09\/Anillo-acero-negro-hombre-zirconio-.jpeg","contentUrl":"https:\/\/brokoss.com\/wp-content\/uploads\/2025\/09\/Anillo-acero-negro-hombre-zirconio-.jpeg","width":1000,"height":1000,"caption":"Bague en acier noir pour homme, bagues noires en zirconium pour homme"},{"@type":"BreadcrumbList","@id":"https:\/\/brokoss.com\/fr\/bijoux\/bague-homme-icaro-5-mm-en-acier-et-zirconium-noir\/#breadcrumb","itemListElement":[{"@type":"ListItem","position":1,"name":"Portada","item":"https:\/\/brokoss.com\/fr\/"},{"@type":"ListItem","position":2,"name":"Boutique","item":"https:\/\/brokoss.com\/fr\/boutique\/"},{"@type":"ListItem","position":3,"name":"Bague homme Icaro 5 mm en acier et zirconium noir"}]},{"@type":"WebSite","@id":"https:\/\/brokoss.com\/fr\/#website","url":"https:\/\/brokoss.com\/fr\/","name":"Joyer\u00eda Brokoss","description":"Anillos para Hombre con Estilo | Joyer\u00eda Brokoss","publisher":{"@id":"https:\/\/brokoss.com\/fr\/#organization"},"alternateName":"Joyer\u00eda Brokoss","potentialAction":[{"@type":"SearchAction","target":{"@type":"EntryPoint","urlTemplate":"https:\/\/brokoss.com\/fr\/?s={search_term_string}"},"query-input":{"@type":"PropertyValueSpecification","valueRequired":true,"valueName":"search_term_string"}}],"inLanguage":"fr-FR"},{"@type":"Organization","@id":"https:\/\/brokoss.com\/fr\/#organization","name":"Joyer\u00eda Brokoss","url":"https:\/\/brokoss.com\/fr\/","logo":{"@type":"ImageObject","inLanguage":"fr-FR","@id":"https:\/\/brokoss.com\/fr\/#\/schema\/logo\/image\/","url":"https:\/\/brokoss.com\/wp-content\/uploads\/2025\/06\/Anillos-y-pendientes-para-hombres-con-estilo-Brokoss-logo.png","contentUrl":"https:\/\/brokoss.com\/wp-content\/uploads\/2025\/06\/Anillos-y-pendientes-para-hombres-con-estilo-Brokoss-logo.png","width":2000,"height":540,"caption":"Joyer\u00eda Brokoss"},"image":{"@id":"https:\/\/brokoss.com\/fr\/#\/schema\/logo\/image\/"},"sameAs":["https:\/\/www.facebook.com\/brokossjoyeria","https:\/\/www.instagram.com\/brokossjoyeria\/"]}]}},"jetpack_sharing_enabled":true,"_links":{"self":[{"href":"https:\/\/brokoss.com\/fr\/wp-json\/wp\/v2\/product\/5025","targetHints":{"allow":["GET"]}}],"collection":[{"href":"https:\/\/brokoss.com\/fr\/wp-json\/wp\/v2\/product"}],"about":[{"href":"https:\/\/brokoss.com\/fr\/wp-json\/wp\/v2\/types\/product"}],"version-history":[{"count":3,"href":"https:\/\/brokoss.com\/fr\/wp-json\/wp\/v2\/product\/5025\/revisions"}],"predecessor-version":[{"id":5079,"href":"https:\/\/brokoss.com\/fr\/wp-json\/wp\/v2\/product\/5025\/revisions\/5079"}],"wp:featuredmedia":[{"embeddable":true,"href":"https:\/\/brokoss.com\/fr\/wp-json\/wp\/v2\/media\/5026"}],"wp:attachment":[{"href":"https:\/\/brokoss.com\/fr\/wp-json\/wp\/v2\/media?parent=5025"}],"wp:term":[{"taxonomy":"product_brand","embeddable":true,"href":"https:\/\/brokoss.com\/fr\/wp-json\/wp\/v2\/product_brand?post=5025"},{"taxonomy":"product_cat","embeddable":true,"href":"https:\/\/brokoss.com\/fr\/wp-json\/wp\/v2\/product_cat?post=5025"},{"taxonomy":"product_tag","embeddable":true,"href":"https:\/\/brokoss.com\/fr\/wp-json\/wp\/v2\/product_tag?post=5025"}],"curies":[{"name":"wp","href":"https:\/\/api.w.org\/{rel}","templated":true}]}}