{"id":5404,"date":"2025-06-10T13:16:42","date_gmt":"2025-06-10T11:16:42","guid":{"rendered":"https:\/\/brokoss.com\/joyeria\/lot-dalliances-pour-homme-en-zirconium-gris-avec-un-diamant-taille-brillant-de-culture-en-laboratoire-et-sans-diamant-de-brokoss\/"},"modified":"2026-04-02T23:07:45","modified_gmt":"2026-04-02T21:07:45","slug":"lot-dalliances-pour-homme-en-zirconium-gris-avec-un-diamant-taille-brillant-de-culture-en-laboratoire-et-sans-diamant-de-brokoss","status":"publish","type":"product","link":"https:\/\/brokoss.com\/fr\/bijoux\/lot-dalliances-pour-homme-en-zirconium-gris-avec-un-diamant-taille-brillant-de-culture-en-laboratoire-et-sans-diamant-de-brokoss\/","title":{"rendered":"Lot d&rsquo;alliances pour homme en zirconium gris avec un diamant taille brillant de culture en laboratoire et sans diamant de Br\u00f6Koss"},"content":{"rendered":"<h2 data-start=\"269\" data-end=\"326\">Alliance hommes en zirconium gris \u2013 Luxe et haute gamme<\/h2>\n<p data-start=\"360\" data-end=\"658\">Les <span style=\"color: #cab290;\"><a class=\"decorated-link\" style=\"color: #cab290;\" href=\"https:\/\/brokoss.com\/fr\/bijoux-pour-hommes\/alliance-homme\/\" rel=\"noopener\" data-start=\"364\" data-end=\"388\"><strong data-start=\"365\" data-end=\"384\">alliance hommes<\/strong><\/a><\/span> en zirconium gris repr\u00e9sentent l\u2019\u00e9quilibre parfait entre <strong data-start=\"446\" data-end=\"492\">style contemporain, \u00e9l\u00e9gance et r\u00e9sistance<\/strong>.<br data-start=\"493\" data-end=\"496\" \/>Ces bagues combinent design moderne et force masculine, offrant un bijou sophistiqu\u00e9, durable pour un usage quotidien et id\u00e9al pour c\u00e9l\u00e9brer le jour du mariage.<\/p>\n<hr data-start=\"660\" data-end=\"663\" \/>\n<h3 data-start=\"665\" data-end=\"716\">Alliance hommes avec diamant \u2013 Luxe et caract\u00e8re<\/h3>\n<p data-start=\"718\" data-end=\"1061\">L\u2019<strong data-start=\"720\" data-end=\"739\">alliance hommes<\/strong> avec diamant comporte un <strong data-start=\"765\" data-end=\"810\">diamant blanc de laboratoire taille ronde<\/strong>, mis en valeur par des <strong data-start=\"834\" data-end=\"862\">bords lat\u00e9raux biseaut\u00e9s<\/strong> qui cr\u00e9ent un contraste \u00e9l\u00e9gant entre lumi\u00e8re et mati\u00e8re.<br data-start=\"920\" data-end=\"923\" \/>Cette bague transmet <strong data-start=\"944\" data-end=\"987\">pr\u00e9sence masculine, luxe et raffinement<\/strong>, parfaite pour les hommes qui veulent un bijou exclusif et haute gamme.<\/p>\n<hr data-start=\"1063\" data-end=\"1066\" \/>\n<h3 data-start=\"1068\" data-end=\"1123\">Alliance hommes sans diamant \u2013 Sobri\u00e9t\u00e9 et modernit\u00e9<\/h3>\n<p data-start=\"1125\" data-end=\"1439\">L\u2019<strong data-start=\"1127\" data-end=\"1146\">alliance hommes<\/strong> sans diamant pr\u00e9sente un <strong data-start=\"1172\" data-end=\"1201\">bord poli et un reste mat<\/strong>, offrant un style \u00e9l\u00e9gant et contemporain.<br data-start=\"1244\" data-end=\"1247\" \/>Le contraste entre poli et mat cr\u00e9e un effet sophistiqu\u00e9, sans renoncer \u00e0 la force masculine.<br data-start=\"1340\" data-end=\"1343\" \/>Id\u00e9ale pour ceux qui recherchent des <span style=\"color: #cab290;\"><a class=\"decorated-link\" style=\"color: #cab290;\" href=\"https:\/\/brokoss.com\/fr\/bijoux-pour-hommes\/alliance-homme\/\" rel=\"noopener\" data-start=\"1380\" data-end=\"1404\"><strong data-start=\"1381\" data-end=\"1400\">alliance hommes<\/strong><\/a><\/span> sobres, r\u00e9sistantes et modernes.<\/p>\n<hr data-start=\"1441\" data-end=\"1444\" \/>\n<h2 data-start=\"1446\" data-end=\"1477\">Caract\u00e9ristiques principales<\/h2>\n<ul data-start=\"1479\" data-end=\"1935\">\n<li data-start=\"1479\" data-end=\"1552\">\n<p data-start=\"1481\" data-end=\"1552\"><strong data-start=\"1481\" data-end=\"1495\">Mat\u00e9riau :<\/strong> Zirconium gris haute r\u00e9sistance, plus durable que l\u2019or<\/p>\n<\/li>\n<li data-start=\"1553\" data-end=\"1661\">\n<p data-start=\"1555\" data-end=\"1661\"><strong data-start=\"1555\" data-end=\"1591\">Finition alliance avec diamant :<\/strong> Bords lat\u00e9raux biseaut\u00e9s, diamant blanc de laboratoire taille ronde<\/p>\n<\/li>\n<li data-start=\"1662\" data-end=\"1725\">\n<p data-start=\"1664\" data-end=\"1725\"><strong data-start=\"1664\" data-end=\"1700\">Finition alliance sans diamant :<\/strong> Bord poli et reste mat<\/p>\n<\/li>\n<li data-start=\"1726\" data-end=\"1799\">\n<p data-start=\"1728\" data-end=\"1799\"><strong data-start=\"1728\" data-end=\"1741\">Diamant :<\/strong> Blanc de laboratoire, taille ronde, \u00e9l\u00e9gant et masculin<\/p>\n<\/li>\n<li data-start=\"1800\" data-end=\"1866\">\n<p data-start=\"1802\" data-end=\"1866\"><strong data-start=\"1802\" data-end=\"1815\">Largeur :<\/strong> 4,5 mm, \u00e9quilibre parfait entre confort et style<\/p>\n<\/li>\n<li data-start=\"1867\" data-end=\"1935\">\n<p data-start=\"1869\" data-end=\"1935\"><strong data-start=\"1869\" data-end=\"1881\">Design :<\/strong> Moderne, sophistiqu\u00e9, d\u00e9tails masculins et raffin\u00e9s<\/p>\n<\/li>\n<\/ul>\n<hr data-start=\"1937\" data-end=\"1940\" \/>\n<h2 data-start=\"1942\" data-end=\"1964\">Avantages exclusifs<\/h2>\n<ul data-start=\"1966\" data-end=\"2422\">\n<li data-start=\"1966\" data-end=\"1992\">\n<p data-start=\"1968\" data-end=\"1992\">Achat seul ou en paire<\/p>\n<\/li>\n<li data-start=\"1993\" data-end=\"2071\">\n<p data-start=\"1995\" data-end=\"2071\"><strong data-start=\"1995\" data-end=\"2031\">Gravure personnalis\u00e9e disponible<\/strong> avec noms, dates ou messages sp\u00e9ciaux<\/p>\n<\/li>\n<li data-start=\"2072\" data-end=\"2108\">\n<p data-start=\"2074\" data-end=\"2108\"><strong data-start=\"2074\" data-end=\"2106\">Changement de taille gratuit<\/strong><\/p>\n<\/li>\n<li data-start=\"2109\" data-end=\"2230\">\n<p data-start=\"2111\" data-end=\"2230\"><strong data-start=\"2111\" data-end=\"2165\">Service personnalis\u00e9 via WhatsApp 365 jours par an<\/strong>, pour un accompagnement professionnel et proche de vos besoins<\/p>\n<\/li>\n<li data-start=\"2231\" data-end=\"2295\">\n<p data-start=\"2233\" data-end=\"2295\">Livraison gratuite, rapide et assur\u00e9e directement \u00e0 domicile<\/p>\n<\/li>\n<li data-start=\"2296\" data-end=\"2422\">\n<p data-start=\"2298\" data-end=\"2422\"><strong data-start=\"2298\" data-end=\"2420\">Pour acheter vos alliance hommes et v\u00e9rifier votre taille, contactez-nous directement sur WhatsApp (365 jours par an).<\/strong><\/p>\n<\/li>\n<\/ul>\n<hr data-start=\"2424\" data-end=\"2427\" \/>\n<h2 data-start=\"2429\" data-end=\"2472\">Zirconium \u2013 Durabilit\u00e9 et luxe quotidien<\/h2>\n<p data-start=\"2474\" data-end=\"2906\">Les deux <span style=\"color: #cab290;\"><a class=\"decorated-link\" style=\"color: #cab290;\" href=\"https:\/\/brokoss.com\/fr\/bijoux-pour-hommes\/alliance-homme\/\" rel=\"noopener\" data-start=\"2483\" data-end=\"2507\"><strong data-start=\"2484\" data-end=\"2503\">alliance hommes<\/strong><\/a><\/span> sont fabriqu\u00e9es en zirconium de haute qualit\u00e9, offrant <strong data-start=\"2563\" data-end=\"2597\">durabilit\u00e9 maximale et confort<\/strong>.<br data-start=\"2598\" data-end=\"2601\" \/>Le mat\u00e9riau conserve sa finition polie et mate dans le temps, garantissant <strong data-start=\"2676\" data-end=\"2708\">luxe quotidien et r\u00e9sistance<\/strong> sup\u00e9rieure \u00e0 l\u2019or.<br data-start=\"2727\" data-end=\"2730\" \/>Le poids \u00e9quilibr\u00e9 transmet robustesse et pr\u00e9sence masculine, rendant chaque bague parfaite pour un mariage moderne et pour les hommes qui souhaitent se d\u00e9marquer avec style.<\/p>\n<hr data-start=\"2908\" data-end=\"2911\" \/>\n<h2 data-start=\"2913\" data-end=\"2955\">Conclusion \u2013 Luxe, style et haute gamme<\/h2>\n<p data-start=\"2957\" data-end=\"3326\">Ces <span style=\"color: #cab290;\"><a class=\"decorated-link\" style=\"color: #cab290;\" href=\"https:\/\/brokoss.com\/fr\/bijoux-pour-hommes\/alliance-homme\/\" rel=\"noopener\" data-start=\"2961\" data-end=\"2985\"><strong data-start=\"2962\" data-end=\"2981\">alliance hommes<\/strong><\/a><\/span> combinent <strong data-start=\"2996\" data-end=\"3030\">luxe, haute gamme et modernit\u00e9<\/strong>.<br data-start=\"3031\" data-end=\"3034\" \/>Le mod\u00e8le avec diamant allie \u00e9l\u00e9gance et exclusivit\u00e9, tandis que celui sans diamant offre sobri\u00e9t\u00e9 et raffinement.<br data-start=\"3148\" data-end=\"3151\" \/>Les deux transmettent <strong data-start=\"3173\" data-end=\"3211\">style, force et pr\u00e9sence masculine<\/strong>, cr\u00e9ant des bijoux de mariage parfaits pour les hommes recherchant design contemporain, qualit\u00e9 et luxe durable.<\/p>\n","protected":false},"excerpt":{"rendered":"<p><a href=\"https:\/\/brokoss.com\/fr\/bijoux-pour-hommes\/alliance-homme\/\"><span style=\"color: #cab290;\">Alliances hommes<\/span><\/a> en zirconium gris \u2013 \u00e9l\u00e9gance et luxe pour un mariage moderne.<\/p>\n<p data-start=\"116\" data-end=\"241\">Pour acheter vos alliance hommes et confirmer votre taille, contactez-nous directement sur <strong>WhatsApp<\/strong> (365 jours par an).<\/p>\n<p><strong>MAT\u00c9RIAU<\/strong> : Bague 1, Zirconium grise, diamant taille brillant de 0,06 ct. Largeur : 4,5 mm. Bague 2, zirconium grise, largeur : 4,5 mm.<\/p>\n","protected":false},"featured_media":7710,"template":"","meta":{"_joinchat":[]},"product_brand":[],"product_cat":[172,91,167],"product_tag":[],"class_list":{"0":"post-5404","1":"product","2":"type-product","3":"status-publish","4":"has-post-thumbnail","6":"product_cat-alliance-diamant-homme","7":"product_cat-alliance-homme","8":"product_cat-alliance-homme-or-blanc","10":"first","11":"onbackorder","12":"taxable","13":"shipping-taxable","14":"purchasable","15":"product-type-simple"},"yoast_head":"<!-- This site is optimized with the Yoast SEO plugin v26.6 - https:\/\/yoast.com\/wordpress\/plugins\/seo\/ -->\n<title>\u1408 Alliance hommes en zirconium | Alliances modernes | Br\u00f6Koss<\/title>\n<meta name=\"description\" content=\"\u27a1\ufe0f Alliance hommes en zirconium gris, avec et sans diamants | Br\u00f6Koss | 4,5 mm \u27a1\ufe0f Des alliances pour hommes qui ont leur propre personnalit\u00e9. Procurez-vous la v\u00f4tre d\u00e8s maintenant !\" \/>\n<meta name=\"robots\" content=\"index, follow, max-snippet:-1, max-image-preview:large, max-video-preview:-1\" \/>\n<link rel=\"canonical\" href=\"https:\/\/brokoss.com\/fr\/bijoux\/lot-dalliances-pour-homme-en-zirconium-gris-avec-un-diamant-taille-brillant-de-culture-en-laboratoire-et-sans-diamant-de-brokoss\/\" \/>\n<meta property=\"og:locale\" content=\"fr_FR\" \/>\n<meta property=\"og:type\" content=\"article\" \/>\n<meta property=\"og:title\" content=\"\u1408 Alliance hommes en zirconium | Alliances modernes | Br\u00f6Koss\" \/>\n<meta property=\"og:description\" content=\"\u27a1\ufe0f Alliance hommes en zirconium gris, avec et sans diamants | Br\u00f6Koss | 4,5 mm \u27a1\ufe0f Des alliances pour hommes qui ont leur propre personnalit\u00e9. Procurez-vous la v\u00f4tre d\u00e8s maintenant !\" \/>\n<meta property=\"og:url\" content=\"https:\/\/brokoss.com\/fr\/bijoux\/lot-dalliances-pour-homme-en-zirconium-gris-avec-un-diamant-taille-brillant-de-culture-en-laboratoire-et-sans-diamant-de-brokoss\/\" \/>\n<meta property=\"og:site_name\" content=\"Joyer\u00eda Brokoss\" \/>\n<meta property=\"article:publisher\" content=\"https:\/\/www.facebook.com\/brokossjoyeria\" \/>\n<meta property=\"article:modified_time\" content=\"2026-04-02T21:07:45+00:00\" \/>\n<meta property=\"og:image\" content=\"https:\/\/brokoss.com\/wp-content\/uploads\/2025\/06\/Alianzas-hombre-de-zirconio-gris-con-y-sin-diamante.jpeg\" \/>\n\t<meta property=\"og:image:width\" content=\"1000\" \/>\n\t<meta property=\"og:image:height\" content=\"1000\" \/>\n\t<meta property=\"og:image:type\" content=\"image\/jpeg\" \/>\n<meta name=\"twitter:card\" content=\"summary_large_image\" \/>\n<meta name=\"twitter:label1\" content=\"Dur\u00e9e de lecture estim\u00e9e\" \/>\n\t<meta name=\"twitter:data1\" content=\"3 minutes\" \/>\n<script type=\"application\/ld+json\" class=\"yoast-schema-graph\">{\"@context\":\"https:\/\/schema.org\",\"@graph\":[{\"@type\":\"WebPage\",\"@id\":\"https:\/\/brokoss.com\/fr\/bijoux\/lot-dalliances-pour-homme-en-zirconium-gris-avec-un-diamant-taille-brillant-de-culture-en-laboratoire-et-sans-diamant-de-brokoss\/\",\"url\":\"https:\/\/brokoss.com\/fr\/bijoux\/lot-dalliances-pour-homme-en-zirconium-gris-avec-un-diamant-taille-brillant-de-culture-en-laboratoire-et-sans-diamant-de-brokoss\/\",\"name\":\"\u1408 Alliance hommes en zirconium | Alliances modernes | Br\u00f6Koss\",\"isPartOf\":{\"@id\":\"https:\/\/brokoss.com\/fr\/#website\"},\"primaryImageOfPage\":{\"@id\":\"https:\/\/brokoss.com\/fr\/bijoux\/lot-dalliances-pour-homme-en-zirconium-gris-avec-un-diamant-taille-brillant-de-culture-en-laboratoire-et-sans-diamant-de-brokoss\/#primaryimage\"},\"image\":{\"@id\":\"https:\/\/brokoss.com\/fr\/bijoux\/lot-dalliances-pour-homme-en-zirconium-gris-avec-un-diamant-taille-brillant-de-culture-en-laboratoire-et-sans-diamant-de-brokoss\/#primaryimage\"},\"thumbnailUrl\":\"https:\/\/brokoss.com\/wp-content\/uploads\/2025\/06\/Alianzas-hombre-de-zirconio-gris-con-y-sin-diamante.jpeg\",\"datePublished\":\"2025-06-10T11:16:42+00:00\",\"dateModified\":\"2026-04-02T21:07:45+00:00\",\"description\":\"\u27a1\ufe0f Alliance hommes en zirconium gris, avec et sans diamants | Br\u00f6Koss | 4,5 mm \u27a1\ufe0f Des alliances pour hommes qui ont leur propre personnalit\u00e9. Procurez-vous la v\u00f4tre d\u00e8s maintenant !\",\"breadcrumb\":{\"@id\":\"https:\/\/brokoss.com\/fr\/bijoux\/lot-dalliances-pour-homme-en-zirconium-gris-avec-un-diamant-taille-brillant-de-culture-en-laboratoire-et-sans-diamant-de-brokoss\/#breadcrumb\"},\"inLanguage\":\"fr-FR\",\"potentialAction\":[{\"@type\":\"ReadAction\",\"target\":[\"https:\/\/brokoss.com\/fr\/bijoux\/lot-dalliances-pour-homme-en-zirconium-gris-avec-un-diamant-taille-brillant-de-culture-en-laboratoire-et-sans-diamant-de-brokoss\/\"]}]},{\"@type\":\"ImageObject\",\"inLanguage\":\"fr-FR\",\"@id\":\"https:\/\/brokoss.com\/fr\/bijoux\/lot-dalliances-pour-homme-en-zirconium-gris-avec-un-diamant-taille-brillant-de-culture-en-laboratoire-et-sans-diamant-de-brokoss\/#primaryimage\",\"url\":\"https:\/\/brokoss.com\/wp-content\/uploads\/2025\/06\/Alianzas-hombre-de-zirconio-gris-con-y-sin-diamante.jpeg\",\"contentUrl\":\"https:\/\/brokoss.com\/wp-content\/uploads\/2025\/06\/Alianzas-hombre-de-zirconio-gris-con-y-sin-diamante.jpeg\",\"width\":1000,\"height\":1000,\"caption\":\"Alliance hommes en zirconium gris sur fond blanc, haute gamme et design \u00e9l\u00e9gant\"},{\"@type\":\"BreadcrumbList\",\"@id\":\"https:\/\/brokoss.com\/fr\/bijoux\/lot-dalliances-pour-homme-en-zirconium-gris-avec-un-diamant-taille-brillant-de-culture-en-laboratoire-et-sans-diamant-de-brokoss\/#breadcrumb\",\"itemListElement\":[{\"@type\":\"ListItem\",\"position\":1,\"name\":\"Portada\",\"item\":\"https:\/\/brokoss.com\/fr\/\"},{\"@type\":\"ListItem\",\"position\":2,\"name\":\"Boutique\",\"item\":\"https:\/\/brokoss.com\/fr\/boutique\/\"},{\"@type\":\"ListItem\",\"position\":3,\"name\":\"Lot d&#8217;alliances pour homme en zirconium gris avec un diamant taille brillant de culture en laboratoire et sans diamant de Br\u00f6Koss\"}]},{\"@type\":\"WebSite\",\"@id\":\"https:\/\/brokoss.com\/fr\/#website\",\"url\":\"https:\/\/brokoss.com\/fr\/\",\"name\":\"Joyer\u00eda Brokoss\",\"description\":\"Anillos para Hombre con Estilo | Joyer\u00eda Brokoss\",\"publisher\":{\"@id\":\"https:\/\/brokoss.com\/fr\/#organization\"},\"alternateName\":\"Joyer\u00eda Brokoss\",\"potentialAction\":[{\"@type\":\"SearchAction\",\"target\":{\"@type\":\"EntryPoint\",\"urlTemplate\":\"https:\/\/brokoss.com\/fr\/?s={search_term_string}\"},\"query-input\":{\"@type\":\"PropertyValueSpecification\",\"valueRequired\":true,\"valueName\":\"search_term_string\"}}],\"inLanguage\":\"fr-FR\"},{\"@type\":\"Organization\",\"@id\":\"https:\/\/brokoss.com\/fr\/#organization\",\"name\":\"Joyer\u00eda Brokoss\",\"url\":\"https:\/\/brokoss.com\/fr\/\",\"logo\":{\"@type\":\"ImageObject\",\"inLanguage\":\"fr-FR\",\"@id\":\"https:\/\/brokoss.com\/fr\/#\/schema\/logo\/image\/\",\"url\":\"https:\/\/brokoss.com\/wp-content\/uploads\/2025\/06\/Anillos-y-pendientes-para-hombres-con-estilo-Brokoss-logo.png\",\"contentUrl\":\"https:\/\/brokoss.com\/wp-content\/uploads\/2025\/06\/Anillos-y-pendientes-para-hombres-con-estilo-Brokoss-logo.png\",\"width\":2000,\"height\":540,\"caption\":\"Joyer\u00eda Brokoss\"},\"image\":{\"@id\":\"https:\/\/brokoss.com\/fr\/#\/schema\/logo\/image\/\"},\"sameAs\":[\"https:\/\/www.facebook.com\/brokossjoyeria\",\"https:\/\/www.instagram.com\/brokossjoyeria\/\"]}]}<\/script>\n<!-- \/ Yoast SEO plugin. -->","yoast_head_json":{"title":"\u1408 Alliance hommes en zirconium | Alliances modernes | Br\u00f6Koss","description":"\u27a1\ufe0f Alliance hommes en zirconium gris, avec et sans diamants | Br\u00f6Koss | 4,5 mm \u27a1\ufe0f Des alliances pour hommes qui ont leur propre personnalit\u00e9. Procurez-vous la v\u00f4tre d\u00e8s maintenant !","robots":{"index":"index","follow":"follow","max-snippet":"max-snippet:-1","max-image-preview":"max-image-preview:large","max-video-preview":"max-video-preview:-1"},"canonical":"https:\/\/brokoss.com\/fr\/bijoux\/lot-dalliances-pour-homme-en-zirconium-gris-avec-un-diamant-taille-brillant-de-culture-en-laboratoire-et-sans-diamant-de-brokoss\/","og_locale":"fr_FR","og_type":"article","og_title":"\u1408 Alliance hommes en zirconium | Alliances modernes | Br\u00f6Koss","og_description":"\u27a1\ufe0f Alliance hommes en zirconium gris, avec et sans diamants | Br\u00f6Koss | 4,5 mm \u27a1\ufe0f Des alliances pour hommes qui ont leur propre personnalit\u00e9. Procurez-vous la v\u00f4tre d\u00e8s maintenant !","og_url":"https:\/\/brokoss.com\/fr\/bijoux\/lot-dalliances-pour-homme-en-zirconium-gris-avec-un-diamant-taille-brillant-de-culture-en-laboratoire-et-sans-diamant-de-brokoss\/","og_site_name":"Joyer\u00eda Brokoss","article_publisher":"https:\/\/www.facebook.com\/brokossjoyeria","article_modified_time":"2026-04-02T21:07:45+00:00","og_image":[{"width":1000,"height":1000,"url":"https:\/\/brokoss.com\/wp-content\/uploads\/2025\/06\/Alianzas-hombre-de-zirconio-gris-con-y-sin-diamante.jpeg","type":"image\/jpeg"}],"twitter_card":"summary_large_image","twitter_misc":{"Dur\u00e9e de lecture estim\u00e9e":"3 minutes"},"schema":{"@context":"https:\/\/schema.org","@graph":[{"@type":"WebPage","@id":"https:\/\/brokoss.com\/fr\/bijoux\/lot-dalliances-pour-homme-en-zirconium-gris-avec-un-diamant-taille-brillant-de-culture-en-laboratoire-et-sans-diamant-de-brokoss\/","url":"https:\/\/brokoss.com\/fr\/bijoux\/lot-dalliances-pour-homme-en-zirconium-gris-avec-un-diamant-taille-brillant-de-culture-en-laboratoire-et-sans-diamant-de-brokoss\/","name":"\u1408 Alliance hommes en zirconium | Alliances modernes | Br\u00f6Koss","isPartOf":{"@id":"https:\/\/brokoss.com\/fr\/#website"},"primaryImageOfPage":{"@id":"https:\/\/brokoss.com\/fr\/bijoux\/lot-dalliances-pour-homme-en-zirconium-gris-avec-un-diamant-taille-brillant-de-culture-en-laboratoire-et-sans-diamant-de-brokoss\/#primaryimage"},"image":{"@id":"https:\/\/brokoss.com\/fr\/bijoux\/lot-dalliances-pour-homme-en-zirconium-gris-avec-un-diamant-taille-brillant-de-culture-en-laboratoire-et-sans-diamant-de-brokoss\/#primaryimage"},"thumbnailUrl":"https:\/\/brokoss.com\/wp-content\/uploads\/2025\/06\/Alianzas-hombre-de-zirconio-gris-con-y-sin-diamante.jpeg","datePublished":"2025-06-10T11:16:42+00:00","dateModified":"2026-04-02T21:07:45+00:00","description":"\u27a1\ufe0f Alliance hommes en zirconium gris, avec et sans diamants | Br\u00f6Koss | 4,5 mm \u27a1\ufe0f Des alliances pour hommes qui ont leur propre personnalit\u00e9. Procurez-vous la v\u00f4tre d\u00e8s maintenant !","breadcrumb":{"@id":"https:\/\/brokoss.com\/fr\/bijoux\/lot-dalliances-pour-homme-en-zirconium-gris-avec-un-diamant-taille-brillant-de-culture-en-laboratoire-et-sans-diamant-de-brokoss\/#breadcrumb"},"inLanguage":"fr-FR","potentialAction":[{"@type":"ReadAction","target":["https:\/\/brokoss.com\/fr\/bijoux\/lot-dalliances-pour-homme-en-zirconium-gris-avec-un-diamant-taille-brillant-de-culture-en-laboratoire-et-sans-diamant-de-brokoss\/"]}]},{"@type":"ImageObject","inLanguage":"fr-FR","@id":"https:\/\/brokoss.com\/fr\/bijoux\/lot-dalliances-pour-homme-en-zirconium-gris-avec-un-diamant-taille-brillant-de-culture-en-laboratoire-et-sans-diamant-de-brokoss\/#primaryimage","url":"https:\/\/brokoss.com\/wp-content\/uploads\/2025\/06\/Alianzas-hombre-de-zirconio-gris-con-y-sin-diamante.jpeg","contentUrl":"https:\/\/brokoss.com\/wp-content\/uploads\/2025\/06\/Alianzas-hombre-de-zirconio-gris-con-y-sin-diamante.jpeg","width":1000,"height":1000,"caption":"Alliance hommes en zirconium gris sur fond blanc, haute gamme et design \u00e9l\u00e9gant"},{"@type":"BreadcrumbList","@id":"https:\/\/brokoss.com\/fr\/bijoux\/lot-dalliances-pour-homme-en-zirconium-gris-avec-un-diamant-taille-brillant-de-culture-en-laboratoire-et-sans-diamant-de-brokoss\/#breadcrumb","itemListElement":[{"@type":"ListItem","position":1,"name":"Portada","item":"https:\/\/brokoss.com\/fr\/"},{"@type":"ListItem","position":2,"name":"Boutique","item":"https:\/\/brokoss.com\/fr\/boutique\/"},{"@type":"ListItem","position":3,"name":"Lot d&#8217;alliances pour homme en zirconium gris avec un diamant taille brillant de culture en laboratoire et sans diamant de Br\u00f6Koss"}]},{"@type":"WebSite","@id":"https:\/\/brokoss.com\/fr\/#website","url":"https:\/\/brokoss.com\/fr\/","name":"Joyer\u00eda Brokoss","description":"Anillos para Hombre con Estilo | Joyer\u00eda Brokoss","publisher":{"@id":"https:\/\/brokoss.com\/fr\/#organization"},"alternateName":"Joyer\u00eda Brokoss","potentialAction":[{"@type":"SearchAction","target":{"@type":"EntryPoint","urlTemplate":"https:\/\/brokoss.com\/fr\/?s={search_term_string}"},"query-input":{"@type":"PropertyValueSpecification","valueRequired":true,"valueName":"search_term_string"}}],"inLanguage":"fr-FR"},{"@type":"Organization","@id":"https:\/\/brokoss.com\/fr\/#organization","name":"Joyer\u00eda Brokoss","url":"https:\/\/brokoss.com\/fr\/","logo":{"@type":"ImageObject","inLanguage":"fr-FR","@id":"https:\/\/brokoss.com\/fr\/#\/schema\/logo\/image\/","url":"https:\/\/brokoss.com\/wp-content\/uploads\/2025\/06\/Anillos-y-pendientes-para-hombres-con-estilo-Brokoss-logo.png","contentUrl":"https:\/\/brokoss.com\/wp-content\/uploads\/2025\/06\/Anillos-y-pendientes-para-hombres-con-estilo-Brokoss-logo.png","width":2000,"height":540,"caption":"Joyer\u00eda Brokoss"},"image":{"@id":"https:\/\/brokoss.com\/fr\/#\/schema\/logo\/image\/"},"sameAs":["https:\/\/www.facebook.com\/brokossjoyeria","https:\/\/www.instagram.com\/brokossjoyeria\/"]}]}},"jetpack_sharing_enabled":true,"_links":{"self":[{"href":"https:\/\/brokoss.com\/fr\/wp-json\/wp\/v2\/product\/5404","targetHints":{"allow":["GET"]}}],"collection":[{"href":"https:\/\/brokoss.com\/fr\/wp-json\/wp\/v2\/product"}],"about":[{"href":"https:\/\/brokoss.com\/fr\/wp-json\/wp\/v2\/types\/product"}],"version-history":[{"count":2,"href":"https:\/\/brokoss.com\/fr\/wp-json\/wp\/v2\/product\/5404\/revisions"}],"predecessor-version":[{"id":7862,"href":"https:\/\/brokoss.com\/fr\/wp-json\/wp\/v2\/product\/5404\/revisions\/7862"}],"wp:featuredmedia":[{"embeddable":true,"href":"https:\/\/brokoss.com\/fr\/wp-json\/wp\/v2\/media\/7710"}],"wp:attachment":[{"href":"https:\/\/brokoss.com\/fr\/wp-json\/wp\/v2\/media?parent=5404"}],"wp:term":[{"taxonomy":"product_brand","embeddable":true,"href":"https:\/\/brokoss.com\/fr\/wp-json\/wp\/v2\/product_brand?post=5404"},{"taxonomy":"product_cat","embeddable":true,"href":"https:\/\/brokoss.com\/fr\/wp-json\/wp\/v2\/product_cat?post=5404"},{"taxonomy":"product_tag","embeddable":true,"href":"https:\/\/brokoss.com\/fr\/wp-json\/wp\/v2\/product_tag?post=5404"}],"curies":[{"name":"wp","href":"https:\/\/api.w.org\/{rel}","templated":true}]}}