{"id":8044,"date":"2025-12-28T08:52:10","date_gmt":"2025-12-28T07:52:10","guid":{"rendered":"https:\/\/brokoss.com\/joyeria\/alliance-pour-homme-zirconium-gris-style-or-blanc-diamant-carre-ou-lisse\/"},"modified":"2026-04-02T19:22:13","modified_gmt":"2026-04-02T17:22:13","slug":"alliance-pour-homme-zirconium-gris-style-or-blanc-diamant-carre-ou-lisse","status":"publish","type":"product","link":"https:\/\/brokoss.com\/fr\/bijoux\/alliance-pour-homme-zirconium-gris-style-or-blanc-diamant-carre-ou-lisse\/","title":{"rendered":"Alliance pour homme en zirconium gris \u2013 Bords polis, avec ou sans diamant carr\u00e9"},"content":{"rendered":"<h2 data-start=\"0\" data-end=\"81\">Alliance de mariage pour homme \u2013 Zirconium gris style or blanc avec diamant carr\u00e9 ou lisse, 5,5 mm<\/h2>\n<p data-start=\"83\" data-end=\"380\">Ce pack exclusif <strong>alliance pour homme<\/strong> combine \u00e9l\u00e9gance, modernit\u00e9 et caract\u00e8re affirm\u00e9. Les deux alliances sont en <strong>zirconium gris<\/strong>, avec <strong>bords polis<\/strong> et un <strong>centre mat l\u00e9g\u00e8rement textur\u00e9<\/strong>, apportant sophistication et pr\u00e9sence visuelle. Le zirconium gris offre une <strong>apparence proche de l\u2019or blanc<\/strong>, donnant un style raffin\u00e9 et lumineux.<\/p>\n<p data-start=\"382\" data-end=\"737\">Elles sont disponibles en deux versions : une avec <strong>diamant blanc carr\u00e9 Lab Grown<\/strong>, tr\u00e8s masculin et \u00e9l\u00e9gant, et une <strong>sans diamant<\/strong>, id\u00e9ale pour ceux qui pr\u00e9f\u00e8rent un style sobre et contemporain. Vous pouvez les acheter ensemble ou s\u00e9par\u00e9ment, et le mod\u00e8le sans diamant est \u00e9galement disponible en <strong>4,5 mm de largeur<\/strong> pour un design plus discret.<\/p>\n<hr data-start=\"739\" data-end=\"742\" \/>\n<h2 data-start=\"744\" data-end=\"788\">Alliance pour homme avec diamant carr\u00e9<\/h2>\n<h3 data-start=\"789\" data-end=\"838\">\u00c9l\u00e9gance masculine et pr\u00e9sence affirm\u00e9e<\/h3>\n<p data-start=\"840\" data-end=\"1159\">Le mod\u00e8le avec diamant int\u00e8gre un <strong>diamant blanc Lab Grown taille princesse<\/strong>, offrant un <strong>d\u00e9tail lumineux et raffin\u00e9<\/strong> sur le zirconium gris mat. Les bords polis contrastent avec le centre mat pour un effet moderne et masculin, exprimant force et style.<\/p>\n<p data-start=\"1161\" data-end=\"1321\">Avec une <strong>largeur de 5,5 mm<\/strong>, cette alliance allie pr\u00e9sence et confort, parfaite pour les hommes qui recherchent une <strong>alliance de mariage robuste, \u00e9l\u00e9gante et pleine de caract\u00e8re<\/strong>.<\/p>\n<hr data-start=\"1323\" data-end=\"1326\" \/>\n<h2 data-start=\"1328\" data-end=\"1363\">Alliance pour homme sans diamant<\/h2>\n<h3 data-start=\"1364\" data-end=\"1413\">Sobri\u00e9t\u00e9 et modernit\u00e9 dans un design masculin<\/h3>\n<p data-start=\"1415\" data-end=\"1679\">Le mod\u00e8le lisse conserve le <strong>m\u00eame fini mat avec bords polis<\/strong>, offrant un style contemporain et minimaliste. C\u2019est une option id\u00e9ale pour les hommes qui recherchent <strong>sobri\u00e9t\u00e9 et \u00e9l\u00e9gance<\/strong> tout en conservant la force visuelle apport\u00e9e par le contraste des textures.<\/p>\n<p data-start=\"1681\" data-end=\"1825\">Disponible en <strong>5,5 mm et 4,5 mm<\/strong>, elle s\u2019adapte aux go\u00fbts et au confort de chaque homme, tout en conservant un design sophistiqu\u00e9 et masculin.<\/p>\n<hr data-start=\"1827\" data-end=\"1830\" \/>\n<h2 data-start=\"1832\" data-end=\"1875\">Zirconium gris : confort et durabilit\u00e9<\/h2>\n<h3 data-start=\"1876\" data-end=\"1931\">Alliances de mariage pour homme con\u00e7ues pour un usage quotidien<\/h3>\n<p data-start=\"1933\" data-end=\"2112\">Fabriqu\u00e9es en <strong>zirconium gris de haute qualit\u00e9<\/strong>, ces alliances offrent un <strong>int\u00e9rieur ultra-poli<\/strong> garantissant <strong>un confort tout au long de la journ\u00e9e<\/strong>, m\u00eame en usage prolong\u00e9.<\/p>\n<p data-start=\"2114\" data-end=\"2386\">Le <strong>poids \u00e9quilibr\u00e9<\/strong> procure solidit\u00e9 et robustesse, des qualit\u00e9s essentielles pour une alliance masculine. Contrairement aux m\u00e9taux plaqu\u00e9s ou plus d\u00e9licats, le zirconium conserve son fini mat et poli au fil du temps, sans usure ni entretien particulier.<\/p>\n<hr data-start=\"2388\" data-end=\"2391\" \/>\n<h2 data-start=\"2393\" data-end=\"2436\">Options d\u2019achat et avantages exclusifs<\/h2>\n<ul data-start=\"2438\" data-end=\"2882\">\n<li data-start=\"2438\" data-end=\"2533\">\n<p data-start=\"2440\" data-end=\"2533\"><strong>Achat individuel ou en pack<\/strong> : avec diamant carr\u00e9, lisse, ou combin\u00e9es selon votre style.<\/p>\n<\/li>\n<li data-start=\"2534\" data-end=\"2614\">\n<p data-start=\"2536\" data-end=\"2614\"><strong>Gravure personnalis\u00e9e disponible<\/strong> : noms, dates ou messages sp\u00e9ciaux.<\/p>\n<\/li>\n<li data-start=\"2615\" data-end=\"2700\">\n<p data-start=\"2617\" data-end=\"2700\"><strong>Changement de taille gratuit<\/strong> : tranquillit\u00e9 totale lors du choix de votre alliance.<\/p>\n<\/li>\n<li data-start=\"2701\" data-end=\"2786\">\n<p data-start=\"2703\" data-end=\"2786\"><strong>Livraison gratuite, rapide et assur\u00e9e<\/strong> : recevez vos alliances directement chez vous.<\/p>\n<\/li>\n<li data-start=\"2787\" data-end=\"2882\">\n<p data-start=\"2789\" data-end=\"2882\"><strong>Assistance personnalis\u00e9e par WhatsApp 365 jours par an<\/strong> : conseils professionnels et proches.<\/p>\n<\/li>\n<\/ul>\n<hr data-start=\"2884\" data-end=\"2887\" \/>\n<h2 data-start=\"2889\" data-end=\"2926\">Design masculin et contemporain<\/h2>\n<p data-start=\"2928\" data-end=\"3230\">Ces <strong>alliances de mariage pour homme<\/strong> se distinguent par leur design \u00e9pur\u00e9 et \u00e9l\u00e9gant, combinant bords polis et centre mat l\u00e9g\u00e8rement textur\u00e9. Chaque d\u00e9tail est pens\u00e9 pour <strong>renforcer la masculinit\u00e9<\/strong>, transmettre force et accompagner les hommes lors de leur jour le plus sp\u00e9cial avec style et sophistication.<\/p>\n<h3 data-start=\"3232\" data-end=\"3261\">Caract\u00e9ristiques techniques :<\/h3>\n<ul data-start=\"3263\" data-end=\"3524\">\n<li data-start=\"3263\" data-end=\"3310\">\n<p data-start=\"3265\" data-end=\"3310\">Mat\u00e9riau : Zirconium gris de haute r\u00e9sistance<\/p>\n<\/li>\n<li data-start=\"3311\" data-end=\"3379\">\n<p data-start=\"3313\" data-end=\"3379\">Fini : Centre mat l\u00e9g\u00e8rement textur\u00e9, bords polis<\/p>\n<\/li>\n<li data-start=\"3380\" data-end=\"3456\">\n<p data-start=\"3382\" data-end=\"3456\">Diamant : Blanc Lab Grown carr\u00e9 taille princesse 0,03 ct (optionnel)<\/p>\n<\/li>\n<li data-start=\"3457\" data-end=\"3524\">\n<p data-start=\"3459\" data-end=\"3524\">Largeur : 5,5 mm (option 4,5 mm disponible pour le mod\u00e8le sans diamant)<\/p>\n<\/li>\n<\/ul>\n<hr data-start=\"3526\" data-end=\"3529\" \/>\n<p data-start=\"3531\" data-end=\"3808\" data-is-last-node=\"\" data-is-only-node=\"\">Ces <strong>alliances de mariage pour homme<\/strong> combinent <strong>mat\u00e9riaux de qualit\u00e9, design contemporain et style masculin<\/strong>, symbolisant un engagement solide, force et \u00e9l\u00e9gance durable. Parfaites pour des mariages modernes et pour ceux qui recherchent un <strong>anneau masculin avec pr\u00e9sence et caract\u00e8re<\/strong>.<\/p>\n<p data-start=\"3531\" data-end=\"3808\" data-is-last-node=\"\" data-is-only-node=\"\">Achetez la <span style=\"color: #cab290;\"><strong><a class=\"decorated-link\" style=\"color: #cab290;\" href=\"https:\/\/brokoss.com\/fr\/bijoux-pour-hommes\/alliance-homme\/\" target=\"_new\" rel=\"noopener\">alliance pour homme<\/a><\/strong><\/span> qui refl\u00e8te votre style masculin et votre pr\u00e9sence unique.<\/p>\n","protected":false},"excerpt":{"rendered":"<p>Faites ressortir votre style avec nos <span style=\"color: #cab290;\"><a style=\"color: #cab290;\" href=\"https:\/\/brokoss.com\/fr\/bijoux-pour-hommes\/alliance-homme\/\">alliances<\/a><\/span> de mariage pour homme : uniques, <strong>avec diamant carr\u00e9 qui renforce leur allure masculine<\/strong> et les distingue de toutes les autres.<\/p>\n<p>Pour conna\u00eetre les tailles et passer commande, contactez-nous via <strong>WhatsApp<\/strong>.<\/p>\n<p>&nbsp;<\/p>\n<p><strong>MAT\u00c9RIAU :<\/strong> Zirconium gris, deux mod\u00e8les : un sans diamant et un avec diamant taille princesse 0,03 ct Lab Grown. Largeur 5,5 mm ou 4,5 mm (pour le mod\u00e8le sans diamant).<\/p>\n","protected":false},"featured_media":8045,"template":"","meta":{"_joinchat":[]},"product_brand":[],"product_cat":[172,91,167],"product_tag":[],"class_list":{"0":"post-8044","1":"product","2":"type-product","3":"status-publish","4":"has-post-thumbnail","6":"product_cat-alliance-diamant-homme","7":"product_cat-alliance-homme","8":"product_cat-alliance-homme-or-blanc","9":"pa_color-gris-fr","10":"pa_piedras-preciosas-avec-diamant","11":"pa_piedras-preciosas-sans-diamant","13":"first","14":"onbackorder","15":"taxable","16":"shipping-taxable","17":"purchasable","18":"product-type-simple"},"yoast_head":"<!-- This site is optimized with the Yoast SEO plugin v26.6 - https:\/\/yoast.com\/wordpress\/plugins\/seo\/ -->\n<title>\u1408 Alliance pour homme en zirconium gris style or blanc | Br\u00f6Koss<\/title>\n<meta name=\"description\" content=\"\u27a1\ufe0f Alliance pour homme de mariage en zirconium gris style or blanc, masculines, avec bords polis et centre mat. Avec diamant carr\u00e9 ou lisse, venez nous rendre visite!\" \/>\n<meta name=\"robots\" content=\"index, follow, max-snippet:-1, max-image-preview:large, max-video-preview:-1\" \/>\n<link rel=\"canonical\" href=\"https:\/\/brokoss.com\/fr\/bijoux\/alliance-pour-homme-zirconium-gris-style-or-blanc-diamant-carre-ou-lisse\/\" \/>\n<meta property=\"og:locale\" content=\"fr_FR\" \/>\n<meta property=\"og:type\" content=\"article\" \/>\n<meta property=\"og:title\" content=\"\u1408 Alliance pour homme en zirconium gris style or blanc | Br\u00f6Koss\" \/>\n<meta property=\"og:description\" content=\"\u27a1\ufe0f Alliance pour homme de mariage en zirconium gris style or blanc, masculines, avec bords polis et centre mat. Avec diamant carr\u00e9 ou lisse, venez nous rendre visite!\" \/>\n<meta property=\"og:url\" content=\"https:\/\/brokoss.com\/fr\/bijoux\/alliance-pour-homme-zirconium-gris-style-or-blanc-diamant-carre-ou-lisse\/\" \/>\n<meta property=\"og:site_name\" content=\"Joyer\u00eda Brokoss\" \/>\n<meta property=\"article:publisher\" content=\"https:\/\/www.facebook.com\/brokossjoyeria\" \/>\n<meta property=\"article:modified_time\" content=\"2026-04-02T17:22:13+00:00\" \/>\n<meta property=\"og:image\" content=\"https:\/\/brokoss.com\/wp-content\/uploads\/2025\/12\/Par-de-alianzas-de-boda-hombre-en-zirconio-gris-diamante-cuadrado-y-lisa.jpeg\" \/>\n\t<meta property=\"og:image:width\" content=\"1000\" \/>\n\t<meta property=\"og:image:height\" content=\"1000\" \/>\n\t<meta property=\"og:image:type\" content=\"image\/jpeg\" \/>\n<meta name=\"twitter:card\" content=\"summary_large_image\" \/>\n<meta name=\"twitter:label1\" content=\"Dur\u00e9e de lecture estim\u00e9e\" \/>\n\t<meta name=\"twitter:data1\" content=\"3 minutes\" \/>\n<script type=\"application\/ld+json\" class=\"yoast-schema-graph\">{\"@context\":\"https:\/\/schema.org\",\"@graph\":[{\"@type\":\"WebPage\",\"@id\":\"https:\/\/brokoss.com\/fr\/bijoux\/alliance-pour-homme-zirconium-gris-style-or-blanc-diamant-carre-ou-lisse\/\",\"url\":\"https:\/\/brokoss.com\/fr\/bijoux\/alliance-pour-homme-zirconium-gris-style-or-blanc-diamant-carre-ou-lisse\/\",\"name\":\"\u1408 Alliance pour homme en zirconium gris style or blanc | Br\u00f6Koss\",\"isPartOf\":{\"@id\":\"https:\/\/brokoss.com\/fr\/#website\"},\"primaryImageOfPage\":{\"@id\":\"https:\/\/brokoss.com\/fr\/bijoux\/alliance-pour-homme-zirconium-gris-style-or-blanc-diamant-carre-ou-lisse\/#primaryimage\"},\"image\":{\"@id\":\"https:\/\/brokoss.com\/fr\/bijoux\/alliance-pour-homme-zirconium-gris-style-or-blanc-diamant-carre-ou-lisse\/#primaryimage\"},\"thumbnailUrl\":\"https:\/\/brokoss.com\/wp-content\/uploads\/2025\/12\/Par-de-alianzas-de-boda-hombre-en-zirconio-gris-diamante-cuadrado-y-lisa.jpeg\",\"datePublished\":\"2025-12-28T07:52:10+00:00\",\"dateModified\":\"2026-04-02T17:22:13+00:00\",\"description\":\"\u27a1\ufe0f Alliance pour homme de mariage en zirconium gris style or blanc, masculines, avec bords polis et centre mat. Avec diamant carr\u00e9 ou lisse, venez nous rendre visite!\",\"breadcrumb\":{\"@id\":\"https:\/\/brokoss.com\/fr\/bijoux\/alliance-pour-homme-zirconium-gris-style-or-blanc-diamant-carre-ou-lisse\/#breadcrumb\"},\"inLanguage\":\"fr-FR\",\"potentialAction\":[{\"@type\":\"ReadAction\",\"target\":[\"https:\/\/brokoss.com\/fr\/bijoux\/alliance-pour-homme-zirconium-gris-style-or-blanc-diamant-carre-ou-lisse\/\"]}]},{\"@type\":\"ImageObject\",\"inLanguage\":\"fr-FR\",\"@id\":\"https:\/\/brokoss.com\/fr\/bijoux\/alliance-pour-homme-zirconium-gris-style-or-blanc-diamant-carre-ou-lisse\/#primaryimage\",\"url\":\"https:\/\/brokoss.com\/wp-content\/uploads\/2025\/12\/Par-de-alianzas-de-boda-hombre-en-zirconio-gris-diamante-cuadrado-y-lisa.jpeg\",\"contentUrl\":\"https:\/\/brokoss.com\/wp-content\/uploads\/2025\/12\/Par-de-alianzas-de-boda-hombre-en-zirconio-gris-diamante-cuadrado-y-lisa.jpeg\",\"width\":1000,\"height\":1000,\"caption\":\"Paire d\u2019alliances de mariage pour homme en zirconium gris style or blanc \u2013 une avec diamant carr\u00e9 et l\u2019autre lisse, sur fond blanc\"},{\"@type\":\"BreadcrumbList\",\"@id\":\"https:\/\/brokoss.com\/fr\/bijoux\/alliance-pour-homme-zirconium-gris-style-or-blanc-diamant-carre-ou-lisse\/#breadcrumb\",\"itemListElement\":[{\"@type\":\"ListItem\",\"position\":1,\"name\":\"Portada\",\"item\":\"https:\/\/brokoss.com\/fr\/\"},{\"@type\":\"ListItem\",\"position\":2,\"name\":\"Boutique\",\"item\":\"https:\/\/brokoss.com\/fr\/boutique\/\"},{\"@type\":\"ListItem\",\"position\":3,\"name\":\"Alliance pour homme en zirconium gris \u2013 Bords polis, avec ou sans diamant carr\u00e9\"}]},{\"@type\":\"WebSite\",\"@id\":\"https:\/\/brokoss.com\/fr\/#website\",\"url\":\"https:\/\/brokoss.com\/fr\/\",\"name\":\"Joyer\u00eda Brokoss\",\"description\":\"Anillos para Hombre con Estilo | Joyer\u00eda Brokoss\",\"publisher\":{\"@id\":\"https:\/\/brokoss.com\/fr\/#organization\"},\"alternateName\":\"Joyer\u00eda Brokoss\",\"potentialAction\":[{\"@type\":\"SearchAction\",\"target\":{\"@type\":\"EntryPoint\",\"urlTemplate\":\"https:\/\/brokoss.com\/fr\/?s={search_term_string}\"},\"query-input\":{\"@type\":\"PropertyValueSpecification\",\"valueRequired\":true,\"valueName\":\"search_term_string\"}}],\"inLanguage\":\"fr-FR\"},{\"@type\":\"Organization\",\"@id\":\"https:\/\/brokoss.com\/fr\/#organization\",\"name\":\"Joyer\u00eda Brokoss\",\"url\":\"https:\/\/brokoss.com\/fr\/\",\"logo\":{\"@type\":\"ImageObject\",\"inLanguage\":\"fr-FR\",\"@id\":\"https:\/\/brokoss.com\/fr\/#\/schema\/logo\/image\/\",\"url\":\"https:\/\/brokoss.com\/wp-content\/uploads\/2025\/06\/Anillos-y-pendientes-para-hombres-con-estilo-Brokoss-logo.png\",\"contentUrl\":\"https:\/\/brokoss.com\/wp-content\/uploads\/2025\/06\/Anillos-y-pendientes-para-hombres-con-estilo-Brokoss-logo.png\",\"width\":2000,\"height\":540,\"caption\":\"Joyer\u00eda Brokoss\"},\"image\":{\"@id\":\"https:\/\/brokoss.com\/fr\/#\/schema\/logo\/image\/\"},\"sameAs\":[\"https:\/\/www.facebook.com\/brokossjoyeria\",\"https:\/\/www.instagram.com\/brokossjoyeria\/\"]}]}<\/script>\n<!-- \/ Yoast SEO plugin. -->","yoast_head_json":{"title":"\u1408 Alliance pour homme en zirconium gris style or blanc | Br\u00f6Koss","description":"\u27a1\ufe0f Alliance pour homme de mariage en zirconium gris style or blanc, masculines, avec bords polis et centre mat. Avec diamant carr\u00e9 ou lisse, venez nous rendre visite!","robots":{"index":"index","follow":"follow","max-snippet":"max-snippet:-1","max-image-preview":"max-image-preview:large","max-video-preview":"max-video-preview:-1"},"canonical":"https:\/\/brokoss.com\/fr\/bijoux\/alliance-pour-homme-zirconium-gris-style-or-blanc-diamant-carre-ou-lisse\/","og_locale":"fr_FR","og_type":"article","og_title":"\u1408 Alliance pour homme en zirconium gris style or blanc | Br\u00f6Koss","og_description":"\u27a1\ufe0f Alliance pour homme de mariage en zirconium gris style or blanc, masculines, avec bords polis et centre mat. Avec diamant carr\u00e9 ou lisse, venez nous rendre visite!","og_url":"https:\/\/brokoss.com\/fr\/bijoux\/alliance-pour-homme-zirconium-gris-style-or-blanc-diamant-carre-ou-lisse\/","og_site_name":"Joyer\u00eda Brokoss","article_publisher":"https:\/\/www.facebook.com\/brokossjoyeria","article_modified_time":"2026-04-02T17:22:13+00:00","og_image":[{"width":1000,"height":1000,"url":"https:\/\/brokoss.com\/wp-content\/uploads\/2025\/12\/Par-de-alianzas-de-boda-hombre-en-zirconio-gris-diamante-cuadrado-y-lisa.jpeg","type":"image\/jpeg"}],"twitter_card":"summary_large_image","twitter_misc":{"Dur\u00e9e de lecture estim\u00e9e":"3 minutes"},"schema":{"@context":"https:\/\/schema.org","@graph":[{"@type":"WebPage","@id":"https:\/\/brokoss.com\/fr\/bijoux\/alliance-pour-homme-zirconium-gris-style-or-blanc-diamant-carre-ou-lisse\/","url":"https:\/\/brokoss.com\/fr\/bijoux\/alliance-pour-homme-zirconium-gris-style-or-blanc-diamant-carre-ou-lisse\/","name":"\u1408 Alliance pour homme en zirconium gris style or blanc | Br\u00f6Koss","isPartOf":{"@id":"https:\/\/brokoss.com\/fr\/#website"},"primaryImageOfPage":{"@id":"https:\/\/brokoss.com\/fr\/bijoux\/alliance-pour-homme-zirconium-gris-style-or-blanc-diamant-carre-ou-lisse\/#primaryimage"},"image":{"@id":"https:\/\/brokoss.com\/fr\/bijoux\/alliance-pour-homme-zirconium-gris-style-or-blanc-diamant-carre-ou-lisse\/#primaryimage"},"thumbnailUrl":"https:\/\/brokoss.com\/wp-content\/uploads\/2025\/12\/Par-de-alianzas-de-boda-hombre-en-zirconio-gris-diamante-cuadrado-y-lisa.jpeg","datePublished":"2025-12-28T07:52:10+00:00","dateModified":"2026-04-02T17:22:13+00:00","description":"\u27a1\ufe0f Alliance pour homme de mariage en zirconium gris style or blanc, masculines, avec bords polis et centre mat. Avec diamant carr\u00e9 ou lisse, venez nous rendre visite!","breadcrumb":{"@id":"https:\/\/brokoss.com\/fr\/bijoux\/alliance-pour-homme-zirconium-gris-style-or-blanc-diamant-carre-ou-lisse\/#breadcrumb"},"inLanguage":"fr-FR","potentialAction":[{"@type":"ReadAction","target":["https:\/\/brokoss.com\/fr\/bijoux\/alliance-pour-homme-zirconium-gris-style-or-blanc-diamant-carre-ou-lisse\/"]}]},{"@type":"ImageObject","inLanguage":"fr-FR","@id":"https:\/\/brokoss.com\/fr\/bijoux\/alliance-pour-homme-zirconium-gris-style-or-blanc-diamant-carre-ou-lisse\/#primaryimage","url":"https:\/\/brokoss.com\/wp-content\/uploads\/2025\/12\/Par-de-alianzas-de-boda-hombre-en-zirconio-gris-diamante-cuadrado-y-lisa.jpeg","contentUrl":"https:\/\/brokoss.com\/wp-content\/uploads\/2025\/12\/Par-de-alianzas-de-boda-hombre-en-zirconio-gris-diamante-cuadrado-y-lisa.jpeg","width":1000,"height":1000,"caption":"Paire d\u2019alliances de mariage pour homme en zirconium gris style or blanc \u2013 une avec diamant carr\u00e9 et l\u2019autre lisse, sur fond blanc"},{"@type":"BreadcrumbList","@id":"https:\/\/brokoss.com\/fr\/bijoux\/alliance-pour-homme-zirconium-gris-style-or-blanc-diamant-carre-ou-lisse\/#breadcrumb","itemListElement":[{"@type":"ListItem","position":1,"name":"Portada","item":"https:\/\/brokoss.com\/fr\/"},{"@type":"ListItem","position":2,"name":"Boutique","item":"https:\/\/brokoss.com\/fr\/boutique\/"},{"@type":"ListItem","position":3,"name":"Alliance pour homme en zirconium gris \u2013 Bords polis, avec ou sans diamant carr\u00e9"}]},{"@type":"WebSite","@id":"https:\/\/brokoss.com\/fr\/#website","url":"https:\/\/brokoss.com\/fr\/","name":"Joyer\u00eda Brokoss","description":"Anillos para Hombre con Estilo | Joyer\u00eda Brokoss","publisher":{"@id":"https:\/\/brokoss.com\/fr\/#organization"},"alternateName":"Joyer\u00eda Brokoss","potentialAction":[{"@type":"SearchAction","target":{"@type":"EntryPoint","urlTemplate":"https:\/\/brokoss.com\/fr\/?s={search_term_string}"},"query-input":{"@type":"PropertyValueSpecification","valueRequired":true,"valueName":"search_term_string"}}],"inLanguage":"fr-FR"},{"@type":"Organization","@id":"https:\/\/brokoss.com\/fr\/#organization","name":"Joyer\u00eda Brokoss","url":"https:\/\/brokoss.com\/fr\/","logo":{"@type":"ImageObject","inLanguage":"fr-FR","@id":"https:\/\/brokoss.com\/fr\/#\/schema\/logo\/image\/","url":"https:\/\/brokoss.com\/wp-content\/uploads\/2025\/06\/Anillos-y-pendientes-para-hombres-con-estilo-Brokoss-logo.png","contentUrl":"https:\/\/brokoss.com\/wp-content\/uploads\/2025\/06\/Anillos-y-pendientes-para-hombres-con-estilo-Brokoss-logo.png","width":2000,"height":540,"caption":"Joyer\u00eda Brokoss"},"image":{"@id":"https:\/\/brokoss.com\/fr\/#\/schema\/logo\/image\/"},"sameAs":["https:\/\/www.facebook.com\/brokossjoyeria","https:\/\/www.instagram.com\/brokossjoyeria\/"]}]}},"jetpack_sharing_enabled":true,"_links":{"self":[{"href":"https:\/\/brokoss.com\/fr\/wp-json\/wp\/v2\/product\/8044","targetHints":{"allow":["GET"]}}],"collection":[{"href":"https:\/\/brokoss.com\/fr\/wp-json\/wp\/v2\/product"}],"about":[{"href":"https:\/\/brokoss.com\/fr\/wp-json\/wp\/v2\/types\/product"}],"version-history":[{"count":1,"href":"https:\/\/brokoss.com\/fr\/wp-json\/wp\/v2\/product\/8044\/revisions"}],"predecessor-version":[{"id":8052,"href":"https:\/\/brokoss.com\/fr\/wp-json\/wp\/v2\/product\/8044\/revisions\/8052"}],"wp:featuredmedia":[{"embeddable":true,"href":"https:\/\/brokoss.com\/fr\/wp-json\/wp\/v2\/media\/8045"}],"wp:attachment":[{"href":"https:\/\/brokoss.com\/fr\/wp-json\/wp\/v2\/media?parent=8044"}],"wp:term":[{"taxonomy":"product_brand","embeddable":true,"href":"https:\/\/brokoss.com\/fr\/wp-json\/wp\/v2\/product_brand?post=8044"},{"taxonomy":"product_cat","embeddable":true,"href":"https:\/\/brokoss.com\/fr\/wp-json\/wp\/v2\/product_cat?post=8044"},{"taxonomy":"product_tag","embeddable":true,"href":"https:\/\/brokoss.com\/fr\/wp-json\/wp\/v2\/product_tag?post=8044"}],"curies":[{"name":"wp","href":"https:\/\/api.w.org\/{rel}","templated":true}]}}