{"id":8071,"date":"2025-12-28T09:24:56","date_gmt":"2025-12-28T08:24:56","guid":{"rendered":"https:\/\/brokoss.com\/joyeria\/alliance-homme-mariage-en-zirconium-gris-alliances-avec-diamant-carre-masculin-et-lisse\/"},"modified":"2026-04-02T19:20:26","modified_gmt":"2026-04-02T17:20:26","slug":"alliance-homme-mariage-en-zirconium-gris-alliances-avec-diamant-carre-masculin-et-lisse","status":"publish","type":"product","link":"https:\/\/brokoss.com\/fr\/bijoux\/alliance-homme-mariage-en-zirconium-gris-alliances-avec-diamant-carre-masculin-et-lisse\/","title":{"rendered":"Alliance homme mariage en zirconium gris \u2013 Alliances avec diamant carr\u00e9 masculin et lisse"},"content":{"rendered":"<h2 data-start=\"176\" data-end=\"216\">Alliance homme mariage en zirconium gris<\/h2>\n<p data-start=\"265\" data-end=\"645\">Cette <strong data-start=\"271\" data-end=\"293\">alliance homme<\/strong> en <strong data-start=\"297\" data-end=\"314\">zirconium gris<\/strong> combine modernit\u00e9, force et sophistication.<\/p>\n<p data-start=\"265\" data-end=\"645\">De plus, elles sont con\u00e7ues pour les hommes \u00e0 la recherche d\u2019un style contemporain et d&rsquo;une pr\u00e9sence masculine.<\/p>\n<p data-start=\"265\" data-end=\"645\">Chaque bague refl\u00e8te un \u00e9quilibre parfait entre <strong>design moderne<\/strong> et <strong>luxe discret<\/strong>.<\/p>\n<p data-start=\"265\" data-end=\"645\">Par cons\u00e9quent, elles deviennent des pi\u00e8ces de <strong data-start=\"569\" data-end=\"601\">bijouterie nuptiale haut de gamme<\/strong>, id\u00e9ales pour les mariages et \u00e9v\u00e9nements sp\u00e9ciaux.<\/p>\n<p data-start=\"265\" data-end=\"645\">Ces <strong>alliances homme de luxe<\/strong> sont parfaites pour ceux qui cherchent une touche <strong>de modernit\u00e9 masculine<\/strong>.<\/p>\n<hr data-start=\"647\" data-end=\"650\" \/>\n<h2 data-start=\"652\" data-end=\"696\">Alliance homme avec diamant carr\u00e9<\/h2>\n<h3 data-start=\"697\" data-end=\"736\">Masculinit\u00e9 et style inconfondable<\/h3>\n<p data-start=\"738\" data-end=\"959\">Le mod\u00e8le avec <strong data-start=\"752\" data-end=\"773\">diamant carr\u00e9<\/strong> mesure <strong data-start=\"779\" data-end=\"798\">4,5 mm de largeur<\/strong>.<\/p>\n<p data-start=\"738\" data-end=\"959\">Sa coupe g\u00e9om\u00e9trique et sa couleur gris intense renforcent la force et le caract\u00e8re de l\u2019alliance.<\/p>\n<p data-start=\"738\" data-end=\"959\">Pour cette raison, elle transmet un <strong>style masculin<\/strong> tr\u00e8s marqu\u00e9 et \u00e9l\u00e9gant, tout en restant discret.<\/p>\n<p data-start=\"961\" data-end=\"1278\">De plus, le design combine un <strong data-start=\"990\" data-end=\"1020\">bord poli sur un c\u00f4t\u00e9<\/strong> avec un centre mat et une l\u00e9g\u00e8re texture verticale.<\/p>\n<p data-start=\"961\" data-end=\"1278\">Cela cr\u00e9e un contraste sophistiqu\u00e9 qui met en valeur le diamant tout en conservant la sobri\u00e9t\u00e9.<\/p>\n<p data-start=\"961\" data-end=\"1278\">Ainsi, il est id\u00e9al pour les hommes recherchant des <strong>alliances de luxe<\/strong> avec une personnalit\u00e9 forte et un <strong>toucher \u00e9l\u00e9gant<\/strong>.<\/p>\n<hr data-start=\"1280\" data-end=\"1283\" \/>\n<h2 data-start=\"1285\" data-end=\"1312\">Alliance homme lisse<\/h2>\n<h3 data-start=\"1313\" data-end=\"1347\">Sobri\u00e9t\u00e9, modernit\u00e9 et force<\/h3>\n<p data-start=\"1349\" data-end=\"1542\">Le mod\u00e8le lisse, disponible en <strong data-start=\"1379\" data-end=\"1395\">4,5 ou 5,5 mm<\/strong>, pr\u00e9sente <strong data-start=\"1406\" data-end=\"1428\">deux bords polis<\/strong> et un <strong data-start=\"1434\" data-end=\"1470\">centre mat avec texture verticale<\/strong>.<\/p>\n<p data-start=\"1349\" data-end=\"1542\">Cela apporte modernit\u00e9 et une touche masculine sans effort.<\/p>\n<p data-start=\"1349\" data-end=\"1542\">Cette <strong>alliance homme<\/strong> allie <strong>simplicit\u00e9 et \u00e9l\u00e9gance<\/strong> pour un style intemporel.<\/p>\n<p data-start=\"1349\" data-end=\"1542\">Si vous recherchez \u00e9l\u00e9gance et masculinit\u00e9, d\u00e9couvrez l\u2019<span style=\"color: #cab290;\"><strong data-start=\"200\" data-end=\"270\"><a class=\"decorated-link\" style=\"color: #cab290;\" href=\"https:\/\/brokoss.com\/fr\/bijoux-pour-hommes\/alliance-homme\/\" target=\"_new\" rel=\"noopener\" data-start=\"202\" data-end=\"268\">alliance homme<\/a><\/strong><\/span> parfaite pour votre mariage, avec un design sobre mais moderne.<\/p>\n<p data-start=\"1544\" data-end=\"1770\">Elle est parfaite pour les hommes qui pr\u00e9f\u00e8rent un style sobre et \u00e9l\u00e9gant. De plus, le contraste des textures garantit que l\u2019alliance conserve sa force visuelle.<\/p>\n<p data-start=\"1544\" data-end=\"1770\">Par cons\u00e9quent, elle combine un <strong>design contemporain<\/strong> avec masculinit\u00e9 et sophistication, id\u00e9ale pour des mariages modernes.<\/p>\n<hr data-start=\"1772\" data-end=\"1775\" \/>\n<h2 data-start=\"1777\" data-end=\"1833\">Zirconium gris : confort, durabilit\u00e9 et luxe quotidien<\/h2>\n<h3 data-start=\"1834\" data-end=\"1880\">Alliances homme pour mariages et usage quotidien<\/h3>\n<p data-start=\"1882\" data-end=\"2083\">Fabriqu\u00e9es en <strong data-start=\"1896\" data-end=\"1933\">zirconium gris haute r\u00e9sistance<\/strong>, ces alliances offrent <strong data-start=\"1958\" data-end=\"1989\">confort et style durable<\/strong>.<\/p>\n<p data-start=\"1882\" data-end=\"2083\">Leur int\u00e9rieur ultra poli garantit le confort toute la journ\u00e9e, m\u00eame en usage prolong\u00e9.<\/p>\n<p data-start=\"1882\" data-end=\"2083\">Ces <strong>alliances de mariage homme<\/strong> sont parfaites pour un <strong>usage quotidien<\/strong> sans perdre leur \u00e9clat.<\/p>\n<p data-start=\"2085\" data-end=\"2418\">De plus, leur <strong data-start=\"2096\" data-end=\"2116\">poids \u00e9quilibr\u00e9<\/strong> transmet robustesse et pr\u00e9sence.<\/p>\n<p data-start=\"2085\" data-end=\"2418\">Ce sont des qualit\u00e9s essentielles d\u2019une <strong>alliance masculine haut de gamme<\/strong>. Contrairement aux m\u00e9taux plaqu\u00e9s, le zirconium conserve son fini mat et poli avec le temps.<\/p>\n<p data-start=\"2085\" data-end=\"2418\">Par cons\u00e9quent, il garantit <strong data-start=\"2357\" data-end=\"2387\">brillance, \u00e9l\u00e9gance et style<\/strong> sans entretien suppl\u00e9mentaire.<\/p>\n<hr data-start=\"2420\" data-end=\"2423\" \/>\n<h2 data-start=\"2425\" data-end=\"2470\">Options d\u2019achat et avantages exclusifs<\/h2>\n<ul data-start=\"2472\" data-end=\"2934\">\n<li data-start=\"2472\" data-end=\"2571\">\n<p data-start=\"2474\" data-end=\"2571\">Peut \u00eatre achet\u00e9 <strong data-start=\"2492\" data-end=\"2521\">individuellement ou en pack<\/strong>, avec diamant carr\u00e9 ou lisse, selon votre style. Trouvez votre <strong>alliance homme parfaite<\/strong> dans notre large s\u00e9lection.<\/p>\n<\/li>\n<li data-start=\"2572\" data-end=\"2663\">\n<p data-start=\"2574\" data-end=\"2663\"><strong data-start=\"2574\" data-end=\"2610\">Gravure personnalis\u00e9e disponible<\/strong>, y compris noms, dates ou messages sp\u00e9ciaux pour rendre votre <strong>alliance de mariage homme<\/strong> unique.<\/p>\n<\/li>\n<li data-start=\"2664\" data-end=\"2754\">\n<p data-start=\"2666\" data-end=\"2754\"><strong data-start=\"2666\" data-end=\"2705\">Changement de taille sans co\u00fbt suppl\u00e9mentaire<\/strong>, pour une tranquillit\u00e9 d\u2019esprit lors du choix de votre <strong>alliance homme<\/strong>.<\/p>\n<\/li>\n<li data-start=\"2755\" data-end=\"2827\">\n<p data-start=\"2757\" data-end=\"2827\"><strong data-start=\"2757\" data-end=\"2795\">Livraison gratuite, rapide et s\u00e9curis\u00e9e<\/strong>, directement \u00e0 votre domicile.<\/p>\n<\/li>\n<li data-start=\"2828\" data-end=\"2934\">\n<p data-start=\"2830\" data-end=\"2934\"><strong data-start=\"2830\" data-end=\"2890\">Service personnalis\u00e9 par WhatsApp 365 jours par an<\/strong>, avec conseils proches et professionnels pour choisir l\u2019<strong>alliance de mariage homme<\/strong> id\u00e9ale.<\/p>\n<\/li>\n<\/ul>\n<hr data-start=\"2936\" data-end=\"2939\" \/>\n<h2 data-start=\"2941\" data-end=\"2989\">Design masculin, contemporain et sophistiqu\u00e9<\/h2>\n<p data-start=\"2991\" data-end=\"3258\">Ces <strong data-start=\"2997\" data-end=\"3019\">alliances homme<\/strong> se distinguent par leur <strong data-start=\"3036\" data-end=\"3064\">design \u00e9pur\u00e9 et \u00e9l\u00e9gant<\/strong>.<\/p>\n<p data-start=\"2991\" data-end=\"3258\">Elles combinent des bords polis, un centre mat avec une l\u00e9g\u00e8re texture verticale et, pour le mod\u00e8le avec diamant, une coupe carr\u00e9e qui met en valeur leur masculinit\u00e9.<\/p>\n<p data-start=\"2991\" data-end=\"3258\">C\u2019est pourquoi elles transmettent force, style et modernit\u00e9.<\/p>\n<h3 data-start=\"3260\" data-end=\"3291\">Caract\u00e9ristiques techniques :<\/h3>\n<ul data-start=\"3293\" data-end=\"3589\">\n<li data-start=\"3293\" data-end=\"3344\">\n<p data-start=\"3295\" data-end=\"3344\"><strong data-start=\"3295\" data-end=\"3308\">Mat\u00e9riau :<\/strong> Zirconium gris haute r\u00e9sistance, id\u00e9al pour une <strong>alliance homme durable<\/strong>.<\/p>\n<\/li>\n<li data-start=\"3345\" data-end=\"3481\">\n<p data-start=\"3347\" data-end=\"3481\"><strong data-start=\"3347\" data-end=\"3359\">Finition :<\/strong> Mod\u00e8le lisse avec deux bords polis et centre mat ; mod\u00e8le avec diamant carr\u00e9 avec un bord poli lat\u00e9ral et le reste mat<\/p>\n<\/li>\n<li data-start=\"3482\" data-end=\"3545\">\n<p data-start=\"3484\" data-end=\"3545\"><strong data-start=\"3484\" data-end=\"3497\">Diamant :<\/strong> Carr\u00e9, tr\u00e8s masculin, en 4,5 mm (optionnel)<\/p>\n<\/li>\n<li data-start=\"3546\" data-end=\"3589\">\n<p data-start=\"3548\" data-end=\"3589\"><strong data-start=\"3548\" data-end=\"3558\">Largeur :<\/strong> 4,5 mm ou 5,5 mm selon le mod\u00e8le<\/p>\n<\/li>\n<\/ul>\n<p data-start=\"3591\" data-end=\"3881\">En conclusion, ces <strong data-start=\"3612\" data-end=\"3634\">alliances homme<\/strong> combinent <strong data-start=\"3644\" data-end=\"3670\">mode, luxe et haut de gamme<\/strong>, devenant des pi\u00e8ces de <strong data-start=\"3700\" data-end=\"3743\">bijouterie nuptiale modernes et sophistiqu\u00e9es<\/strong>.<\/p>\n<p data-start=\"3591\" data-end=\"3881\">Par cons\u00e9quent, elles sont parfaites pour des mariages contemporains et pour les hommes \u00e0 la recherche de <strong data-start=\"3821\" data-end=\"3878\">distinction et de force dans leur alliance de mariage ou d&rsquo;engagement<\/strong>.<\/p>\n","protected":false},"excerpt":{"rendered":"<p data-start=\"0\" data-end=\"133\" data-is-last-node=\"\" data-is-only-node=\"\"><span style=\"color: #cab290;\"><a style=\"color: #cab290;\" href=\"https:\/\/brokoss.com\/fr\/bijoux-pour-hommes\/alliance-homme\/\">Alliances<\/a><\/span> pour homme avec <strong>diamant carr\u00e9<\/strong> \u2013 Masculinit\u00e9 et style qui se distingue<\/p>\n<p data-start=\"0\" data-end=\"133\" data-is-last-node=\"\" data-is-only-node=\"\">Pour conna\u00eetre les tailles et passer la commande, contactez-nous via <strong>WhatsApp<\/strong>.<\/p>\n<p><strong>MATERIAL :<\/strong> Zirconium gris, deux mod\u00e8les, l&rsquo;un sans diamant et l&rsquo;autre avec diamant blanc de laboratoire 0,03 ct. Largeur 5,5 mm ou 4,5 mm (pour le mod\u00e8le sans diamant)<\/p>\n","protected":false},"featured_media":8072,"template":"","meta":{"_joinchat":[]},"product_brand":[],"product_cat":[172,91,167],"product_tag":[],"class_list":{"0":"post-8071","1":"product","2":"type-product","3":"status-publish","4":"has-post-thumbnail","6":"product_cat-alliance-diamant-homme","7":"product_cat-alliance-homme","8":"product_cat-alliance-homme-or-blanc","9":"pa_color-gris-fr","10":"pa_piedras-preciosas-avec-diamant","11":"pa_piedras-preciosas-sans-diamant","13":"first","14":"onbackorder","15":"taxable","16":"shipping-taxable","17":"purchasable","18":"product-type-simple"},"yoast_head":"<!-- This site is optimized with the Yoast SEO plugin v26.6 - https:\/\/yoast.com\/wordpress\/plugins\/seo\/ -->\n<title>\u1408 Alliance homme en zirconium gris \u2013 Diamant carr\u00e9<\/title>\n<meta name=\"description\" content=\"\u27a1\ufe0f Alliance homme en zirconium gris, avec diamant carr\u00e9 ou lisse. Alliance au design masculin, d\u00e9couvrez notre large catalogue!\" \/>\n<meta name=\"robots\" content=\"index, follow, max-snippet:-1, max-image-preview:large, max-video-preview:-1\" \/>\n<link rel=\"canonical\" href=\"https:\/\/brokoss.com\/fr\/bijoux\/alliance-homme-mariage-en-zirconium-gris-alliances-avec-diamant-carre-masculin-et-lisse\/\" \/>\n<meta property=\"og:locale\" content=\"fr_FR\" \/>\n<meta property=\"og:type\" content=\"article\" \/>\n<meta property=\"og:title\" content=\"\u1408 Alliance homme en zirconium gris \u2013 Diamant carr\u00e9\" \/>\n<meta property=\"og:description\" content=\"\u27a1\ufe0f Alliance homme en zirconium gris, avec diamant carr\u00e9 ou lisse. Alliance au design masculin, d\u00e9couvrez notre large catalogue!\" \/>\n<meta property=\"og:url\" content=\"https:\/\/brokoss.com\/fr\/bijoux\/alliance-homme-mariage-en-zirconium-gris-alliances-avec-diamant-carre-masculin-et-lisse\/\" \/>\n<meta property=\"og:site_name\" content=\"Joyer\u00eda Brokoss\" \/>\n<meta property=\"article:publisher\" content=\"https:\/\/www.facebook.com\/brokossjoyeria\" \/>\n<meta property=\"article:modified_time\" content=\"2026-04-02T17:20:26+00:00\" \/>\n<meta property=\"og:image\" content=\"https:\/\/brokoss.com\/wp-content\/uploads\/2025\/12\/Par-de-alianzas-de-hombre-en-zirconio-gris-\u2013-Diamante-cuadrado-y-lisa.jpeg\" \/>\n\t<meta property=\"og:image:width\" content=\"1000\" \/>\n\t<meta property=\"og:image:height\" content=\"1000\" \/>\n\t<meta property=\"og:image:type\" content=\"image\/jpeg\" \/>\n<meta name=\"twitter:card\" content=\"summary_large_image\" \/>\n<meta name=\"twitter:label1\" content=\"Dur\u00e9e de lecture estim\u00e9e\" \/>\n\t<meta name=\"twitter:data1\" content=\"4 minutes\" \/>\n<script type=\"application\/ld+json\" class=\"yoast-schema-graph\">{\"@context\":\"https:\/\/schema.org\",\"@graph\":[{\"@type\":\"WebPage\",\"@id\":\"https:\/\/brokoss.com\/fr\/bijoux\/alliance-homme-mariage-en-zirconium-gris-alliances-avec-diamant-carre-masculin-et-lisse\/\",\"url\":\"https:\/\/brokoss.com\/fr\/bijoux\/alliance-homme-mariage-en-zirconium-gris-alliances-avec-diamant-carre-masculin-et-lisse\/\",\"name\":\"\u1408 Alliance homme en zirconium gris \u2013 Diamant carr\u00e9\",\"isPartOf\":{\"@id\":\"https:\/\/brokoss.com\/fr\/#website\"},\"primaryImageOfPage\":{\"@id\":\"https:\/\/brokoss.com\/fr\/bijoux\/alliance-homme-mariage-en-zirconium-gris-alliances-avec-diamant-carre-masculin-et-lisse\/#primaryimage\"},\"image\":{\"@id\":\"https:\/\/brokoss.com\/fr\/bijoux\/alliance-homme-mariage-en-zirconium-gris-alliances-avec-diamant-carre-masculin-et-lisse\/#primaryimage\"},\"thumbnailUrl\":\"https:\/\/brokoss.com\/wp-content\/uploads\/2025\/12\/Par-de-alianzas-de-hombre-en-zirconio-gris-\u2013-Diamante-cuadrado-y-lisa.jpeg\",\"datePublished\":\"2025-12-28T08:24:56+00:00\",\"dateModified\":\"2026-04-02T17:20:26+00:00\",\"description\":\"\u27a1\ufe0f Alliance homme en zirconium gris, avec diamant carr\u00e9 ou lisse. Alliance au design masculin, d\u00e9couvrez notre large catalogue!\",\"breadcrumb\":{\"@id\":\"https:\/\/brokoss.com\/fr\/bijoux\/alliance-homme-mariage-en-zirconium-gris-alliances-avec-diamant-carre-masculin-et-lisse\/#breadcrumb\"},\"inLanguage\":\"fr-FR\",\"potentialAction\":[{\"@type\":\"ReadAction\",\"target\":[\"https:\/\/brokoss.com\/fr\/bijoux\/alliance-homme-mariage-en-zirconium-gris-alliances-avec-diamant-carre-masculin-et-lisse\/\"]}]},{\"@type\":\"ImageObject\",\"inLanguage\":\"fr-FR\",\"@id\":\"https:\/\/brokoss.com\/fr\/bijoux\/alliance-homme-mariage-en-zirconium-gris-alliances-avec-diamant-carre-masculin-et-lisse\/#primaryimage\",\"url\":\"https:\/\/brokoss.com\/wp-content\/uploads\/2025\/12\/Par-de-alianzas-de-hombre-en-zirconio-gris-\u2013-Diamante-cuadrado-y-lisa.jpeg\",\"contentUrl\":\"https:\/\/brokoss.com\/wp-content\/uploads\/2025\/12\/Par-de-alianzas-de-hombre-en-zirconio-gris-\u2013-Diamante-cuadrado-y-lisa.jpeg\",\"width\":1000,\"height\":1000,\"caption\":\"Paire d'alliances pour homme en zirconium gris, l'une avec diamant carr\u00e9 tr\u00e8s masculin et l'autre lisse, sur fond blanc\"},{\"@type\":\"BreadcrumbList\",\"@id\":\"https:\/\/brokoss.com\/fr\/bijoux\/alliance-homme-mariage-en-zirconium-gris-alliances-avec-diamant-carre-masculin-et-lisse\/#breadcrumb\",\"itemListElement\":[{\"@type\":\"ListItem\",\"position\":1,\"name\":\"Portada\",\"item\":\"https:\/\/brokoss.com\/fr\/\"},{\"@type\":\"ListItem\",\"position\":2,\"name\":\"Boutique\",\"item\":\"https:\/\/brokoss.com\/fr\/boutique\/\"},{\"@type\":\"ListItem\",\"position\":3,\"name\":\"Alliance homme mariage en zirconium gris \u2013 Alliances avec diamant carr\u00e9 masculin et lisse\"}]},{\"@type\":\"WebSite\",\"@id\":\"https:\/\/brokoss.com\/fr\/#website\",\"url\":\"https:\/\/brokoss.com\/fr\/\",\"name\":\"Joyer\u00eda Brokoss\",\"description\":\"Anillos para Hombre con Estilo | Joyer\u00eda Brokoss\",\"publisher\":{\"@id\":\"https:\/\/brokoss.com\/fr\/#organization\"},\"alternateName\":\"Joyer\u00eda Brokoss\",\"potentialAction\":[{\"@type\":\"SearchAction\",\"target\":{\"@type\":\"EntryPoint\",\"urlTemplate\":\"https:\/\/brokoss.com\/fr\/?s={search_term_string}\"},\"query-input\":{\"@type\":\"PropertyValueSpecification\",\"valueRequired\":true,\"valueName\":\"search_term_string\"}}],\"inLanguage\":\"fr-FR\"},{\"@type\":\"Organization\",\"@id\":\"https:\/\/brokoss.com\/fr\/#organization\",\"name\":\"Joyer\u00eda Brokoss\",\"url\":\"https:\/\/brokoss.com\/fr\/\",\"logo\":{\"@type\":\"ImageObject\",\"inLanguage\":\"fr-FR\",\"@id\":\"https:\/\/brokoss.com\/fr\/#\/schema\/logo\/image\/\",\"url\":\"https:\/\/brokoss.com\/wp-content\/uploads\/2025\/06\/Anillos-y-pendientes-para-hombres-con-estilo-Brokoss-logo.png\",\"contentUrl\":\"https:\/\/brokoss.com\/wp-content\/uploads\/2025\/06\/Anillos-y-pendientes-para-hombres-con-estilo-Brokoss-logo.png\",\"width\":2000,\"height\":540,\"caption\":\"Joyer\u00eda Brokoss\"},\"image\":{\"@id\":\"https:\/\/brokoss.com\/fr\/#\/schema\/logo\/image\/\"},\"sameAs\":[\"https:\/\/www.facebook.com\/brokossjoyeria\",\"https:\/\/www.instagram.com\/brokossjoyeria\/\"]}]}<\/script>\n<!-- \/ Yoast SEO plugin. -->","yoast_head_json":{"title":"\u1408 Alliance homme en zirconium gris \u2013 Diamant carr\u00e9","description":"\u27a1\ufe0f Alliance homme en zirconium gris, avec diamant carr\u00e9 ou lisse. Alliance au design masculin, d\u00e9couvrez notre large catalogue!","robots":{"index":"index","follow":"follow","max-snippet":"max-snippet:-1","max-image-preview":"max-image-preview:large","max-video-preview":"max-video-preview:-1"},"canonical":"https:\/\/brokoss.com\/fr\/bijoux\/alliance-homme-mariage-en-zirconium-gris-alliances-avec-diamant-carre-masculin-et-lisse\/","og_locale":"fr_FR","og_type":"article","og_title":"\u1408 Alliance homme en zirconium gris \u2013 Diamant carr\u00e9","og_description":"\u27a1\ufe0f Alliance homme en zirconium gris, avec diamant carr\u00e9 ou lisse. Alliance au design masculin, d\u00e9couvrez notre large catalogue!","og_url":"https:\/\/brokoss.com\/fr\/bijoux\/alliance-homme-mariage-en-zirconium-gris-alliances-avec-diamant-carre-masculin-et-lisse\/","og_site_name":"Joyer\u00eda Brokoss","article_publisher":"https:\/\/www.facebook.com\/brokossjoyeria","article_modified_time":"2026-04-02T17:20:26+00:00","og_image":[{"width":1000,"height":1000,"url":"https:\/\/brokoss.com\/wp-content\/uploads\/2025\/12\/Par-de-alianzas-de-hombre-en-zirconio-gris-\u2013-Diamante-cuadrado-y-lisa.jpeg","type":"image\/jpeg"}],"twitter_card":"summary_large_image","twitter_misc":{"Dur\u00e9e de lecture estim\u00e9e":"4 minutes"},"schema":{"@context":"https:\/\/schema.org","@graph":[{"@type":"WebPage","@id":"https:\/\/brokoss.com\/fr\/bijoux\/alliance-homme-mariage-en-zirconium-gris-alliances-avec-diamant-carre-masculin-et-lisse\/","url":"https:\/\/brokoss.com\/fr\/bijoux\/alliance-homme-mariage-en-zirconium-gris-alliances-avec-diamant-carre-masculin-et-lisse\/","name":"\u1408 Alliance homme en zirconium gris \u2013 Diamant carr\u00e9","isPartOf":{"@id":"https:\/\/brokoss.com\/fr\/#website"},"primaryImageOfPage":{"@id":"https:\/\/brokoss.com\/fr\/bijoux\/alliance-homme-mariage-en-zirconium-gris-alliances-avec-diamant-carre-masculin-et-lisse\/#primaryimage"},"image":{"@id":"https:\/\/brokoss.com\/fr\/bijoux\/alliance-homme-mariage-en-zirconium-gris-alliances-avec-diamant-carre-masculin-et-lisse\/#primaryimage"},"thumbnailUrl":"https:\/\/brokoss.com\/wp-content\/uploads\/2025\/12\/Par-de-alianzas-de-hombre-en-zirconio-gris-\u2013-Diamante-cuadrado-y-lisa.jpeg","datePublished":"2025-12-28T08:24:56+00:00","dateModified":"2026-04-02T17:20:26+00:00","description":"\u27a1\ufe0f Alliance homme en zirconium gris, avec diamant carr\u00e9 ou lisse. Alliance au design masculin, d\u00e9couvrez notre large catalogue!","breadcrumb":{"@id":"https:\/\/brokoss.com\/fr\/bijoux\/alliance-homme-mariage-en-zirconium-gris-alliances-avec-diamant-carre-masculin-et-lisse\/#breadcrumb"},"inLanguage":"fr-FR","potentialAction":[{"@type":"ReadAction","target":["https:\/\/brokoss.com\/fr\/bijoux\/alliance-homme-mariage-en-zirconium-gris-alliances-avec-diamant-carre-masculin-et-lisse\/"]}]},{"@type":"ImageObject","inLanguage":"fr-FR","@id":"https:\/\/brokoss.com\/fr\/bijoux\/alliance-homme-mariage-en-zirconium-gris-alliances-avec-diamant-carre-masculin-et-lisse\/#primaryimage","url":"https:\/\/brokoss.com\/wp-content\/uploads\/2025\/12\/Par-de-alianzas-de-hombre-en-zirconio-gris-\u2013-Diamante-cuadrado-y-lisa.jpeg","contentUrl":"https:\/\/brokoss.com\/wp-content\/uploads\/2025\/12\/Par-de-alianzas-de-hombre-en-zirconio-gris-\u2013-Diamante-cuadrado-y-lisa.jpeg","width":1000,"height":1000,"caption":"Paire d'alliances pour homme en zirconium gris, l'une avec diamant carr\u00e9 tr\u00e8s masculin et l'autre lisse, sur fond blanc"},{"@type":"BreadcrumbList","@id":"https:\/\/brokoss.com\/fr\/bijoux\/alliance-homme-mariage-en-zirconium-gris-alliances-avec-diamant-carre-masculin-et-lisse\/#breadcrumb","itemListElement":[{"@type":"ListItem","position":1,"name":"Portada","item":"https:\/\/brokoss.com\/fr\/"},{"@type":"ListItem","position":2,"name":"Boutique","item":"https:\/\/brokoss.com\/fr\/boutique\/"},{"@type":"ListItem","position":3,"name":"Alliance homme mariage en zirconium gris \u2013 Alliances avec diamant carr\u00e9 masculin et lisse"}]},{"@type":"WebSite","@id":"https:\/\/brokoss.com\/fr\/#website","url":"https:\/\/brokoss.com\/fr\/","name":"Joyer\u00eda Brokoss","description":"Anillos para Hombre con Estilo | Joyer\u00eda Brokoss","publisher":{"@id":"https:\/\/brokoss.com\/fr\/#organization"},"alternateName":"Joyer\u00eda Brokoss","potentialAction":[{"@type":"SearchAction","target":{"@type":"EntryPoint","urlTemplate":"https:\/\/brokoss.com\/fr\/?s={search_term_string}"},"query-input":{"@type":"PropertyValueSpecification","valueRequired":true,"valueName":"search_term_string"}}],"inLanguage":"fr-FR"},{"@type":"Organization","@id":"https:\/\/brokoss.com\/fr\/#organization","name":"Joyer\u00eda Brokoss","url":"https:\/\/brokoss.com\/fr\/","logo":{"@type":"ImageObject","inLanguage":"fr-FR","@id":"https:\/\/brokoss.com\/fr\/#\/schema\/logo\/image\/","url":"https:\/\/brokoss.com\/wp-content\/uploads\/2025\/06\/Anillos-y-pendientes-para-hombres-con-estilo-Brokoss-logo.png","contentUrl":"https:\/\/brokoss.com\/wp-content\/uploads\/2025\/06\/Anillos-y-pendientes-para-hombres-con-estilo-Brokoss-logo.png","width":2000,"height":540,"caption":"Joyer\u00eda Brokoss"},"image":{"@id":"https:\/\/brokoss.com\/fr\/#\/schema\/logo\/image\/"},"sameAs":["https:\/\/www.facebook.com\/brokossjoyeria","https:\/\/www.instagram.com\/brokossjoyeria\/"]}]}},"jetpack_sharing_enabled":true,"_links":{"self":[{"href":"https:\/\/brokoss.com\/fr\/wp-json\/wp\/v2\/product\/8071","targetHints":{"allow":["GET"]}}],"collection":[{"href":"https:\/\/brokoss.com\/fr\/wp-json\/wp\/v2\/product"}],"about":[{"href":"https:\/\/brokoss.com\/fr\/wp-json\/wp\/v2\/types\/product"}],"version-history":[{"count":2,"href":"https:\/\/brokoss.com\/fr\/wp-json\/wp\/v2\/product\/8071\/revisions"}],"predecessor-version":[{"id":8080,"href":"https:\/\/brokoss.com\/fr\/wp-json\/wp\/v2\/product\/8071\/revisions\/8080"}],"wp:featuredmedia":[{"embeddable":true,"href":"https:\/\/brokoss.com\/fr\/wp-json\/wp\/v2\/media\/8072"}],"wp:attachment":[{"href":"https:\/\/brokoss.com\/fr\/wp-json\/wp\/v2\/media?parent=8071"}],"wp:term":[{"taxonomy":"product_brand","embeddable":true,"href":"https:\/\/brokoss.com\/fr\/wp-json\/wp\/v2\/product_brand?post=8071"},{"taxonomy":"product_cat","embeddable":true,"href":"https:\/\/brokoss.com\/fr\/wp-json\/wp\/v2\/product_cat?post=8071"},{"taxonomy":"product_tag","embeddable":true,"href":"https:\/\/brokoss.com\/fr\/wp-json\/wp\/v2\/product_tag?post=8071"}],"curies":[{"name":"wp","href":"https:\/\/api.w.org\/{rel}","templated":true}]}}