{"id":2877,"date":"2023-12-04T16:44:17","date_gmt":"2023-12-04T15:44:17","guid":{"rendered":"https:\/\/brokoss.com\/avviso-legale\/"},"modified":"2025-07-15T18:02:55","modified_gmt":"2025-07-15T16:02:55","slug":"avviso-legale","status":"publish","type":"page","link":"https:\/\/brokoss.com\/it\/avviso-legale\/","title":{"rendered":"Avviso legale"},"content":{"rendered":"\t\t<div data-elementor-type=\"wp-page\" data-elementor-id=\"2877\" class=\"elementor elementor-2877 elementor-203\" data-elementor-post-type=\"page\">\n\t\t\t\t<div class=\"elementor-element elementor-element-33ed3b6 e-con-full e-flex e-con e-parent\" data-id=\"33ed3b6\" data-element_type=\"container\">\n\t\t\t\t<div class=\"elementor-element elementor-element-e2b852c elementor-widget elementor-widget-heading\" data-id=\"e2b852c\" data-element_type=\"widget\" data-widget_type=\"heading.default\">\n\t\t\t\t<div class=\"elementor-widget-container\">\n\t\t\t\t\t<h1 class=\"elementor-heading-title elementor-size-default\">Avviso legale<\/h1>\t\t\t\t<\/div>\n\t\t\t\t<\/div>\n\t\t\t\t<div class=\"elementor-element elementor-element-e85cf87 elementor-widget elementor-widget-text-editor\" data-id=\"e85cf87\" data-element_type=\"widget\" data-widget_type=\"text-editor.default\">\n\t\t\t\t<div class=\"elementor-widget-container\">\n\t\t\t\t\t\t\t\t\t<p><strong>Joyer\u00eda SergeLL SL<\/strong>, <strong>CIF B73981094<\/strong>, indirizzo <strong>Calle Virgen de la Esperanza, 4 30008 Murcia<\/strong>, non pu\u00f2 assumersi alcuna responsabilit\u00e0 derivante dall&#8217;uso scorretto, inappropriato o illecito delle informazioni che compaiono sulle pagine Internet di www.brokoss.com.<\/p><p><strong>Responsabilit\u00e0 per i link esterni<\/strong>:<\/p><p>Le pagine Internet di <a href=\"http:\/\/www.brokoss.com\">www.brokoss.com<\/a> possono contenere link ad altri siti di terze parti; <a href=\"http:\/\/www.brokoss.com\">www.brokoss.com<\/a> non \u00e8 responsabile del contenuto di questi siti esterni o delle loro politiche sulla privacy e sui cookie. L&#8217;utente accede a proprio rischio e pericolo e deve verificare le condizioni d&#8217;uso dei siti collegati.<\/p><p>Nei limiti stabiliti dalla legge, <a href=\"http:\/\/www.brokoss.com\">www.brokoss.com<\/a> non si assume alcuna responsabilit\u00e0 per la mancanza di veridicit\u00e0, completezza, aggiornamento e accuratezza dei dati o delle informazioni contenute nelle sue pagine Internet.<\/p><p>I contenuti e le informazioni non sono vincolanti per <a href=\"http:\/\/www.brokoss.com\">www.brokoss.com<\/a> e non costituiscono opinioni, consigli o consulenze legali di alcun tipo, in quanto si tratta di un servizio offerto a scopo informativo e divulgativo.<\/p><p>Le pagine Internet di <a href=\"http:\/\/www.brokoss.com\">www.brokoss.com<\/a> possono contenere link ad altre pagine di terze parti sulle quali <a href=\"http:\/\/www.brokoss.com\">www.brokoss.com<\/a> non ha alcun controllo. Pertanto, <a href=\"http:\/\/www.brokoss.com\">www.brokoss.com<\/a> non pu\u00f2 assumersi la responsabilit\u00e0 dei contenuti che possono apparire sui siti web di terzi.<\/p><p>Il testo, le immagini, i suoni, le animazioni, il software e gli altri contenuti inclusi in questo sito web sono di propriet\u00e0 esclusiva di <a href=\"http:\/\/www.brokoss.com\">www.brokoss.com<\/a> o dei suoi licenziatari. Qualsiasi atto di trasmissione, distribuzione, trasferimento, riproduzione, archiviazione o comunicazione pubblica, totale o parziale, deve avere il consenso esplicito di <a href=\"http:\/\/www.brokoss.com\">www.brokoss.com.<\/a><\/p><p>Allo stesso modo, per accedere ad alcuni dei servizi offerti da <a href=\"http:\/\/www.brokoss.com\">www.brokoss.com<\/a> attraverso il suo sito web, dovrai fornire alcuni dati personali. In conformit\u00e0 con le disposizioni della Legge 15\/1999, del 13 dicembre, sulla Protezione dei Dati Personali, ti informiamo che compilando questi moduli, i tuoi dati personali saranno conservati ed elaborati negli archivi di Jewelry SergeLL SL al fine di fornire e offrire i nostri servizi, nonch\u00e9 per informarti sui miglioramenti del sito web. Ti informiamo inoltre della possibilit\u00e0 di esercitare i tuoi diritti di accesso, rettifica, cancellazione e opposizione dei tuoi dati personali, gratuitamente, via e-mail all&#8217;indirizzo joyeria@brokoss.com o all&#8217;indirizzo Calle Virgen de la Esperanza, 4 30008 Murcia.<\/p>\t\t\t\t\t\t\t\t<\/div>\n\t\t\t\t<\/div>\n\t\t\t\t<\/div>\n\t\t\t\t<\/div>\n\t\t","protected":false},"excerpt":{"rendered":"<p>Avviso legale Joyer\u00eda SergeLL SL, CIF B73981094, indirizzo Calle Virgen de la Esperanza, 4 30008 Murcia, non pu\u00f2 assumersi alcuna responsabilit\u00e0 derivante dall&#8217;uso scorretto, inappropriato o illecito delle informazioni che compaiono sulle pagine Internet di www.brokoss.com. Responsabilit\u00e0 per i link esterni: Le pagine Internet di www.brokoss.com possono contenere link ad altri siti di terze parti; &#8230; <a title=\"Avviso legale\" class=\"read-more\" href=\"https:\/\/brokoss.com\/it\/avviso-legale\/\" aria-label=\"Per saperne di pi\u00f9 su Avviso legale\">Leggi tutto<\/a><\/p>\n","protected":false},"author":1,"featured_media":0,"parent":0,"menu_order":0,"comment_status":"closed","ping_status":"closed","template":"elementor_header_footer","meta":{"_joinchat":[],"footnotes":""},"class_list":["post-2877","page","type-page","status-publish"],"yoast_head":"<!-- This site is optimized with the Yoast SEO plugin v26.6 - https:\/\/yoast.com\/wordpress\/plugins\/seo\/ -->\n<title>Avviso legale | Br\u00f6koss \u2013 Gioielli da uomo<\/title>\n<meta name=\"description\" content=\"Si prega di consultare le informazioni legali di Br\u00f6koss. Propriet\u00e0, termini d&#039;uso e regolamenti applicabili a questo sito web di gioielli da uomo.\" \/>\n<meta name=\"robots\" content=\"noindex, nofollow\" \/>\n<meta property=\"og:locale\" content=\"it_IT\" \/>\n<meta property=\"og:type\" content=\"article\" \/>\n<meta property=\"og:title\" content=\"Avviso legale | Br\u00f6koss \u2013 Gioielli da uomo\" \/>\n<meta property=\"og:description\" content=\"Si prega di consultare le informazioni legali di Br\u00f6koss. Propriet\u00e0, termini d&#039;uso e regolamenti applicabili a questo sito web di gioielli da uomo.\" \/>\n<meta property=\"og:url\" content=\"https:\/\/brokoss.com\/it\/avviso-legale\/\" \/>\n<meta property=\"og:site_name\" content=\"Joyer\u00eda Brokoss\" \/>\n<meta property=\"article:publisher\" content=\"https:\/\/www.facebook.com\/brokossjoyeria\" \/>\n<meta property=\"article:modified_time\" content=\"2025-07-15T16:02:55+00:00\" \/>\n<meta name=\"twitter:card\" content=\"summary_large_image\" \/>\n<meta name=\"twitter:label1\" content=\"Tempo di lettura stimato\" \/>\n\t<meta name=\"twitter:data1\" content=\"2 minuto\" \/>\n<script type=\"application\/ld+json\" class=\"yoast-schema-graph\">{\"@context\":\"https:\/\/schema.org\",\"@graph\":[{\"@type\":\"WebPage\",\"@id\":\"https:\/\/brokoss.com\/it\/avviso-legale\/\",\"url\":\"https:\/\/brokoss.com\/it\/avviso-legale\/\",\"name\":\"Avviso legale | Br\u00f6koss \u2013 Gioielli da uomo\",\"isPartOf\":{\"@id\":\"https:\/\/brokoss.com\/it\/#website\"},\"datePublished\":\"2023-12-04T15:44:17+00:00\",\"dateModified\":\"2025-07-15T16:02:55+00:00\",\"description\":\"Si prega di consultare le informazioni legali di Br\u00f6koss. Propriet\u00e0, termini d'uso e regolamenti applicabili a questo sito web di gioielli da uomo.\",\"breadcrumb\":{\"@id\":\"https:\/\/brokoss.com\/it\/avviso-legale\/#breadcrumb\"},\"inLanguage\":\"it-IT\",\"potentialAction\":[{\"@type\":\"ReadAction\",\"target\":[\"https:\/\/brokoss.com\/it\/avviso-legale\/\"]}]},{\"@type\":\"BreadcrumbList\",\"@id\":\"https:\/\/brokoss.com\/it\/avviso-legale\/#breadcrumb\",\"itemListElement\":[{\"@type\":\"ListItem\",\"position\":1,\"name\":\"Portada\",\"item\":\"https:\/\/brokoss.com\/it\/\"},{\"@type\":\"ListItem\",\"position\":2,\"name\":\"Avviso legale\"}]},{\"@type\":\"WebSite\",\"@id\":\"https:\/\/brokoss.com\/it\/#website\",\"url\":\"https:\/\/brokoss.com\/it\/\",\"name\":\"Joyer\u00eda Brokoss\",\"description\":\"Anillos para Hombre con Estilo | Joyer\u00eda Brokoss\",\"publisher\":{\"@id\":\"https:\/\/brokoss.com\/it\/#organization\"},\"alternateName\":\"Joyer\u00eda Brokoss\",\"potentialAction\":[{\"@type\":\"SearchAction\",\"target\":{\"@type\":\"EntryPoint\",\"urlTemplate\":\"https:\/\/brokoss.com\/it\/?s={search_term_string}\"},\"query-input\":{\"@type\":\"PropertyValueSpecification\",\"valueRequired\":true,\"valueName\":\"search_term_string\"}}],\"inLanguage\":\"it-IT\"},{\"@type\":\"Organization\",\"@id\":\"https:\/\/brokoss.com\/it\/#organization\",\"name\":\"Joyer\u00eda Brokoss\",\"url\":\"https:\/\/brokoss.com\/it\/\",\"logo\":{\"@type\":\"ImageObject\",\"inLanguage\":\"it-IT\",\"@id\":\"https:\/\/brokoss.com\/it\/#\/schema\/logo\/image\/\",\"url\":\"https:\/\/brokoss.com\/wp-content\/uploads\/2025\/06\/Anillos-y-pendientes-para-hombres-con-estilo-Brokoss-logo.png\",\"contentUrl\":\"https:\/\/brokoss.com\/wp-content\/uploads\/2025\/06\/Anillos-y-pendientes-para-hombres-con-estilo-Brokoss-logo.png\",\"width\":2000,\"height\":540,\"caption\":\"Joyer\u00eda Brokoss\"},\"image\":{\"@id\":\"https:\/\/brokoss.com\/it\/#\/schema\/logo\/image\/\"},\"sameAs\":[\"https:\/\/www.facebook.com\/brokossjoyeria\",\"https:\/\/www.instagram.com\/brokossjoyeria\/\"]}]}<\/script>\n<!-- \/ Yoast SEO plugin. -->","yoast_head_json":{"title":"Avviso legale | Br\u00f6koss \u2013 Gioielli da uomo","description":"Si prega di consultare le informazioni legali di Br\u00f6koss. Propriet\u00e0, termini d'uso e regolamenti applicabili a questo sito web di gioielli da uomo.","robots":{"index":"noindex","follow":"nofollow"},"og_locale":"it_IT","og_type":"article","og_title":"Avviso legale | Br\u00f6koss \u2013 Gioielli da uomo","og_description":"Si prega di consultare le informazioni legali di Br\u00f6koss. Propriet\u00e0, termini d'uso e regolamenti applicabili a questo sito web di gioielli da uomo.","og_url":"https:\/\/brokoss.com\/it\/avviso-legale\/","og_site_name":"Joyer\u00eda Brokoss","article_publisher":"https:\/\/www.facebook.com\/brokossjoyeria","article_modified_time":"2025-07-15T16:02:55+00:00","twitter_card":"summary_large_image","twitter_misc":{"Tempo di lettura stimato":"2 minuto"},"schema":{"@context":"https:\/\/schema.org","@graph":[{"@type":"WebPage","@id":"https:\/\/brokoss.com\/it\/avviso-legale\/","url":"https:\/\/brokoss.com\/it\/avviso-legale\/","name":"Avviso legale | Br\u00f6koss \u2013 Gioielli da uomo","isPartOf":{"@id":"https:\/\/brokoss.com\/it\/#website"},"datePublished":"2023-12-04T15:44:17+00:00","dateModified":"2025-07-15T16:02:55+00:00","description":"Si prega di consultare le informazioni legali di Br\u00f6koss. Propriet\u00e0, termini d'uso e regolamenti applicabili a questo sito web di gioielli da uomo.","breadcrumb":{"@id":"https:\/\/brokoss.com\/it\/avviso-legale\/#breadcrumb"},"inLanguage":"it-IT","potentialAction":[{"@type":"ReadAction","target":["https:\/\/brokoss.com\/it\/avviso-legale\/"]}]},{"@type":"BreadcrumbList","@id":"https:\/\/brokoss.com\/it\/avviso-legale\/#breadcrumb","itemListElement":[{"@type":"ListItem","position":1,"name":"Portada","item":"https:\/\/brokoss.com\/it\/"},{"@type":"ListItem","position":2,"name":"Avviso legale"}]},{"@type":"WebSite","@id":"https:\/\/brokoss.com\/it\/#website","url":"https:\/\/brokoss.com\/it\/","name":"Joyer\u00eda Brokoss","description":"Anillos para Hombre con Estilo | Joyer\u00eda Brokoss","publisher":{"@id":"https:\/\/brokoss.com\/it\/#organization"},"alternateName":"Joyer\u00eda Brokoss","potentialAction":[{"@type":"SearchAction","target":{"@type":"EntryPoint","urlTemplate":"https:\/\/brokoss.com\/it\/?s={search_term_string}"},"query-input":{"@type":"PropertyValueSpecification","valueRequired":true,"valueName":"search_term_string"}}],"inLanguage":"it-IT"},{"@type":"Organization","@id":"https:\/\/brokoss.com\/it\/#organization","name":"Joyer\u00eda Brokoss","url":"https:\/\/brokoss.com\/it\/","logo":{"@type":"ImageObject","inLanguage":"it-IT","@id":"https:\/\/brokoss.com\/it\/#\/schema\/logo\/image\/","url":"https:\/\/brokoss.com\/wp-content\/uploads\/2025\/06\/Anillos-y-pendientes-para-hombres-con-estilo-Brokoss-logo.png","contentUrl":"https:\/\/brokoss.com\/wp-content\/uploads\/2025\/06\/Anillos-y-pendientes-para-hombres-con-estilo-Brokoss-logo.png","width":2000,"height":540,"caption":"Joyer\u00eda Brokoss"},"image":{"@id":"https:\/\/brokoss.com\/it\/#\/schema\/logo\/image\/"},"sameAs":["https:\/\/www.facebook.com\/brokossjoyeria","https:\/\/www.instagram.com\/brokossjoyeria\/"]}]}},"jetpack_sharing_enabled":true,"_links":{"self":[{"href":"https:\/\/brokoss.com\/it\/wp-json\/wp\/v2\/pages\/2877","targetHints":{"allow":["GET"]}}],"collection":[{"href":"https:\/\/brokoss.com\/it\/wp-json\/wp\/v2\/pages"}],"about":[{"href":"https:\/\/brokoss.com\/it\/wp-json\/wp\/v2\/types\/page"}],"author":[{"embeddable":true,"href":"https:\/\/brokoss.com\/it\/wp-json\/wp\/v2\/users\/1"}],"replies":[{"embeddable":true,"href":"https:\/\/brokoss.com\/it\/wp-json\/wp\/v2\/comments?post=2877"}],"version-history":[{"count":4,"href":"https:\/\/brokoss.com\/it\/wp-json\/wp\/v2\/pages\/2877\/revisions"}],"predecessor-version":[{"id":3456,"href":"https:\/\/brokoss.com\/it\/wp-json\/wp\/v2\/pages\/2877\/revisions\/3456"}],"wp:attachment":[{"href":"https:\/\/brokoss.com\/it\/wp-json\/wp\/v2\/media?parent=2877"}],"curies":[{"name":"wp","href":"https:\/\/api.w.org\/{rel}","templated":true}]}}