{"id":3211,"date":"2025-06-12T10:55:25","date_gmt":"2025-06-12T08:55:25","guid":{"rendered":"https:\/\/brokoss.com\/chi-siamo\/"},"modified":"2025-12-26T09:03:23","modified_gmt":"2025-12-26T08:03:23","slug":"chi-siamo","status":"publish","type":"page","link":"https:\/\/brokoss.com\/it\/chi-siamo\/","title":{"rendered":"Chi siamo"},"content":{"rendered":"\t\t<div data-elementor-type=\"wp-page\" data-elementor-id=\"3211\" class=\"elementor elementor-3211 elementor-1166\" data-elementor-post-type=\"page\">\n\t\t\t\t<div class=\"elementor-element elementor-element-3721bef e-con-full e-flex e-con e-parent\" data-id=\"3721bef\" data-element_type=\"container\" data-settings=\"{&quot;background_background&quot;:&quot;classic&quot;}\">\n\t\t<div class=\"elementor-element elementor-element-681cf3e e-flex e-con-boxed e-con e-child\" data-id=\"681cf3e\" data-element_type=\"container\">\n\t\t\t\t\t<div class=\"e-con-inner\">\n\t\t\t\t<div class=\"elementor-element elementor-element-dd45b5b elementor-widget elementor-widget-heading\" data-id=\"dd45b5b\" data-element_type=\"widget\" data-widget_type=\"heading.default\">\n\t\t\t\t<div class=\"elementor-widget-container\">\n\t\t\t\t\t<h1 class=\"elementor-heading-title elementor-size-default\">Br\u00f6Koss - Esperti in anelli da uomo<\/h1>\t\t\t\t<\/div>\n\t\t\t\t<\/div>\n\t\t\t\t\t<\/div>\n\t\t\t\t<\/div>\n\t\t\t\t<\/div>\n\t\t<div class=\"elementor-element elementor-element-bd83712 e-con-full e-flex e-con e-parent\" data-id=\"bd83712\" data-element_type=\"container\">\n\t\t<div class=\"elementor-element elementor-element-1f1ee58 e-con-full e-flex elementor-invisible e-con e-child\" data-id=\"1f1ee58\" data-element_type=\"container\" data-settings=\"{&quot;animation&quot;:&quot;fadeInLeft&quot;}\">\n\t\t\t\t<div class=\"elementor-element elementor-element-117d257 elementor-widget elementor-widget-heading\" data-id=\"117d257\" data-element_type=\"widget\" data-widget_type=\"heading.default\">\n\t\t\t\t<div class=\"elementor-widget-container\">\n\t\t\t\t\t<h2 class=\"elementor-heading-title elementor-size-default\">Gioielli per uomini con carattere<\/h2>\t\t\t\t<\/div>\n\t\t\t\t<\/div>\n\t\t\t\t<div class=\"elementor-element elementor-element-bb6e8b2 elementor-widget__width-initial elementor-widget elementor-widget-text-editor\" data-id=\"bb6e8b2\" data-element_type=\"widget\" data-widget_type=\"text-editor.default\">\n\t\t\t\t<div class=\"elementor-widget-container\">\n\t\t\t\t\t\t\t\t\t<p>Noi di Br\u00f6Koss crediamo che ogni pezzo debba raccontare una storia. Ecco perch\u00e9 progettiamo anelli con carattere: <strong>resistenti, unici e con uno stile che parla di te<\/strong>, senza dire una parola. Ci allontaniamo dal generico per offrirti gioielli che si connettono davvero con te.<\/p>\n\t\t\t\t\t\t\t\t<\/div>\n\t\t\t\t<\/div>\n\t\t\t\t<\/div>\n\t\t<div class=\"elementor-element elementor-element-2c48511 e-con-full e-flex elementor-invisible e-con e-child\" data-id=\"2c48511\" data-element_type=\"container\" data-settings=\"{&quot;animation&quot;:&quot;fadeInRight&quot;}\">\n\t\t\t\t<div class=\"elementor-element elementor-element-0ac18d3 elementor-widget elementor-widget-heading\" data-id=\"0ac18d3\" data-element_type=\"widget\" data-widget_type=\"heading.default\">\n\t\t\t\t<div class=\"elementor-widget-container\">\n\t\t\t\t\t<h2 class=\"elementor-heading-title elementor-size-default\">Anelli da uomo di alta qualit\u00e0 che durano<\/h2>\t\t\t\t<\/div>\n\t\t\t\t<\/div>\n\t\t\t\t<div class=\"elementor-element elementor-element-d6fa81a elementor-widget__width-initial elementor-widget elementor-widget-text-editor\" data-id=\"d6fa81a\" data-element_type=\"widget\" data-widget_type=\"text-editor.default\">\n\t\t\t\t<div class=\"elementor-widget-container\">\n\t\t\t\t\t\t\t\t\t<p>Utilizziamo lo zirconio, selezionato per la sua durevolezza e la finitura impeccabile, <strong>ultra-lucido per l&#8217;interno<\/strong> e dal peso bilanciato, per sentirlo dove conta: sulla mano. Ogni anello \u00e8 sottoposto a rigorosi controlli di qualit\u00e0 ed \u00e8 progettato per accompagnarti ogni giorno.<\/p>\n\t\t\t\t\t\t\t\t<\/div>\n\t\t\t\t<\/div>\n\t\t\t\t<\/div>\n\t\t<div class=\"elementor-element elementor-element-dad6e9d e-con-full e-flex elementor-invisible e-con e-child\" data-id=\"dad6e9d\" data-element_type=\"container\" data-settings=\"{&quot;animation&quot;:&quot;fadeInLeft&quot;}\">\n\t\t\t\t<div class=\"elementor-element elementor-element-5ee03c1 elementor-widget elementor-widget-heading\" data-id=\"5ee03c1\" data-element_type=\"widget\" data-widget_type=\"heading.default\">\n\t\t\t\t<div class=\"elementor-widget-container\">\n\t\t\t\t\t<h2 class=\"elementor-heading-title elementor-size-default\">Design esclusivo nei gioielli da uomo<\/h2>\t\t\t\t<\/div>\n\t\t\t\t<\/div>\n\t\t\t\t<div class=\"elementor-element elementor-element-ba645e9 elementor-widget__width-initial elementor-widget elementor-widget-text-editor\" data-id=\"ba645e9\" data-element_type=\"widget\" data-widget_type=\"text-editor.default\">\n\t\t\t\t<div class=\"elementor-widget-container\">\n\t\t\t\t\t\t\t\t\t<p><strong>Dalle texture martellate alle finiture lucide o opache<\/strong>, i nostri pezzi sono progettati con <strong>un&#8217;estetica minimalista e maschile<\/strong>, ma con dettagli che lasciano il segno. Vogliamo che ogni anello sia un&#8217;estensione della tua personalit\u00e0.<\/p>\n\t\t\t\t\t\t\t\t<\/div>\n\t\t\t\t<\/div>\n\t\t\t\t<\/div>\n\t\t<div class=\"elementor-element elementor-element-57ed234 e-con-full e-flex elementor-invisible e-con e-child\" data-id=\"57ed234\" data-element_type=\"container\" data-settings=\"{&quot;animation&quot;:&quot;fadeInRight&quot;}\">\n\t\t\t\t<div class=\"elementor-element elementor-element-2c89afd elementor-widget elementor-widget-heading\" data-id=\"2c89afd\" data-element_type=\"widget\" data-widget_type=\"heading.default\">\n\t\t\t\t<div class=\"elementor-widget-container\">\n\t\t\t\t\t<h2 class=\"elementor-heading-title elementor-size-default\">Br\u00f6koss: il marchio di gioielli per uomini autentici<\/h2>\t\t\t\t<\/div>\n\t\t\t\t<\/div>\n\t\t\t\t<div class=\"elementor-element elementor-element-98b8ed3 elementor-widget__width-initial elementor-widget elementor-widget-text-editor\" data-id=\"98b8ed3\" data-element_type=\"widget\" data-widget_type=\"text-editor.default\">\n\t\t\t\t<div class=\"elementor-widget-container\">\n\t\t\t\t\t\t\t\t\t<p><strong data-start=\"193\" data-end=\"357\">Br\u00f6Koss non \u00e8 solo un marchio<\/strong>. \u00c8 una comunit\u00e0 di<strong data-start=\"193\" data-end=\"357\"> uomini con una personalit\u00e0 unica, un giudizio forte e un&#8217;autenticit\u00e0 senza compromessi<\/strong>. \u00c8 la scelta di chi non ha bisogno di approvazione, di chi sa chi \u00e8 e non cerca di essere come nessun altro. <\/p>\n\t\t\t\t\t\t\t\t<\/div>\n\t\t\t\t<\/div>\n\t\t\t\t<\/div>\n\t\t\t\t<\/div>\n\t\t<div class=\"elementor-element elementor-element-57209eb e-flex e-con-boxed e-con e-parent\" data-id=\"57209eb\" data-element_type=\"container\" data-settings=\"{&quot;background_background&quot;:&quot;classic&quot;}\">\n\t\t\t\t\t<div class=\"e-con-inner\">\n\t\t\t\t<div class=\"elementor-element elementor-element-c08f95f elementor-widget elementor-widget-heading\" data-id=\"c08f95f\" data-element_type=\"widget\" data-widget_type=\"heading.default\">\n\t\t\t\t<div class=\"elementor-widget-container\">\n\t\t\t\t\t<span class=\"elementor-heading-title elementor-size-default\">Ti unisci?<\/span>\t\t\t\t<\/div>\n\t\t\t\t<\/div>\n\t\t<div class=\"elementor-element elementor-element-30b5406 e-con-full e-flex e-con e-child\" data-id=\"30b5406\" data-element_type=\"container\">\n\t\t<div class=\"elementor-element elementor-element-1209fe7 e-con-full e-flex e-con e-child\" data-id=\"1209fe7\" data-element_type=\"container\">\n\t\t\t\t<div class=\"elementor-element elementor-element-054d455 elementor-widget elementor-widget-button\" data-id=\"054d455\" data-element_type=\"widget\" data-widget_type=\"button.default\">\n\t\t\t\t<div class=\"elementor-widget-container\">\n\t\t\t\t\t\t\t\t\t<div class=\"elementor-button-wrapper\">\n\t\t\t\t\t<a class=\"elementor-button elementor-button-link elementor-size-sm\" href=\"https:\/\/brokoss.com\/negozio\/\">\n\t\t\t\t\t\t<span class=\"elementor-button-content-wrapper\">\n\t\t\t\t\t\t\t\t\t<span class=\"elementor-button-text\"> Guarda i nostri anelli<\/span>\n\t\t\t\t\t<\/span>\n\t\t\t\t\t<\/a>\n\t\t\t\t<\/div>\n\t\t\t\t\t\t\t\t<\/div>\n\t\t\t\t<\/div>\n\t\t\t\t<\/div>\n\t\t<div class=\"elementor-element elementor-element-ce32f38 e-con-full e-flex e-con e-child\" data-id=\"ce32f38\" data-element_type=\"container\">\n\t\t\t\t<div class=\"elementor-element elementor-element-452c7c3 elementor-widget elementor-widget-button\" data-id=\"452c7c3\" data-element_type=\"widget\" data-widget_type=\"button.default\">\n\t\t\t\t<div class=\"elementor-widget-container\">\n\t\t\t\t\t\t\t\t\t<div class=\"elementor-button-wrapper\">\n\t\t\t\t\t<a class=\"elementor-button elementor-button-link elementor-size-sm\" href=\"https:\/\/brokoss.com\/it\/contatto\/\">\n\t\t\t\t\t\t<span class=\"elementor-button-content-wrapper\">\n\t\t\t\t\t\t\t\t\t<span class=\"elementor-button-text\">Contattaci<\/span>\n\t\t\t\t\t<\/span>\n\t\t\t\t\t<\/a>\n\t\t\t\t<\/div>\n\t\t\t\t\t\t\t\t<\/div>\n\t\t\t\t<\/div>\n\t\t\t\t<\/div>\n\t\t\t\t<\/div>\n\t\t\t\t\t<\/div>\n\t\t\t\t<\/div>\n\t\t\t\t<\/div>\n\t\t","protected":false},"excerpt":{"rendered":"<p>Br\u00f6Koss &#8211; Esperti in anelli da uomo Gioielli per uomini con carattere Noi di Br\u00f6Koss crediamo che ogni pezzo debba raccontare una storia. Ecco perch\u00e9 progettiamo anelli con carattere: resistenti, unici e con uno stile che parla di te, senza dire una parola. Ci allontaniamo dal generico per offrirti gioielli che si connettono davvero con &#8230; <a title=\"Chi siamo\" class=\"read-more\" href=\"https:\/\/brokoss.com\/it\/chi-siamo\/\" aria-label=\"Per saperne di pi\u00f9 su Chi siamo\">Leggi tutto<\/a><\/p>\n","protected":false},"author":5,"featured_media":0,"parent":0,"menu_order":0,"comment_status":"closed","ping_status":"closed","template":"elementor_header_footer","meta":{"_joinchat":[],"footnotes":""},"class_list":["post-3211","page","type-page","status-publish"],"yoast_head":"<!-- This site is optimized with the Yoast SEO plugin v26.6 - https:\/\/yoast.com\/wordpress\/plugins\/seo\/ -->\n<title>Br\u00f6koss - Chi siamo | Gioielli da uomo con carattere<\/title>\n<meta name=\"description\" content=\"Scopri la storia e la visione di Br\u00f6koss, il marchio di gioielli per uomini con uno stile unico. Design, autenticit\u00e0 e impegno per la qualit\u00e0.\" \/>\n<meta name=\"robots\" content=\"index, follow, max-snippet:-1, max-image-preview:large, max-video-preview:-1\" \/>\n<link rel=\"canonical\" href=\"https:\/\/brokoss.com\/it\/chi-siamo\/\" \/>\n<meta property=\"og:locale\" content=\"it_IT\" \/>\n<meta property=\"og:type\" content=\"article\" \/>\n<meta property=\"og:title\" content=\"Br\u00f6koss - Chi siamo | Gioielli da uomo con carattere\" \/>\n<meta property=\"og:description\" content=\"Scopri la storia e la visione di Br\u00f6koss, il marchio di gioielli per uomini con uno stile unico. Design, autenticit\u00e0 e impegno per la qualit\u00e0.\" \/>\n<meta property=\"og:url\" content=\"https:\/\/brokoss.com\/it\/chi-siamo\/\" \/>\n<meta property=\"og:site_name\" content=\"Joyer\u00eda Brokoss\" \/>\n<meta property=\"article:publisher\" content=\"https:\/\/www.facebook.com\/brokossjoyeria\" \/>\n<meta property=\"article:modified_time\" content=\"2025-12-26T08:03:23+00:00\" \/>\n<meta name=\"twitter:card\" content=\"summary_large_image\" \/>\n<meta name=\"twitter:label1\" content=\"Tempo di lettura stimato\" \/>\n\t<meta name=\"twitter:data1\" content=\"1 minuto\" \/>\n<script type=\"application\/ld+json\" class=\"yoast-schema-graph\">{\"@context\":\"https:\/\/schema.org\",\"@graph\":[{\"@type\":\"WebPage\",\"@id\":\"https:\/\/brokoss.com\/it\/chi-siamo\/\",\"url\":\"https:\/\/brokoss.com\/it\/chi-siamo\/\",\"name\":\"Br\u00f6koss - Chi siamo | Gioielli da uomo con carattere\",\"isPartOf\":{\"@id\":\"https:\/\/brokoss.com\/it\/#website\"},\"datePublished\":\"2025-06-12T08:55:25+00:00\",\"dateModified\":\"2025-12-26T08:03:23+00:00\",\"description\":\"Scopri la storia e la visione di Br\u00f6koss, il marchio di gioielli per uomini con uno stile unico. Design, autenticit\u00e0 e impegno per la qualit\u00e0.\",\"breadcrumb\":{\"@id\":\"https:\/\/brokoss.com\/it\/chi-siamo\/#breadcrumb\"},\"inLanguage\":\"it-IT\",\"potentialAction\":[{\"@type\":\"ReadAction\",\"target\":[\"https:\/\/brokoss.com\/it\/chi-siamo\/\"]}]},{\"@type\":\"BreadcrumbList\",\"@id\":\"https:\/\/brokoss.com\/it\/chi-siamo\/#breadcrumb\",\"itemListElement\":[{\"@type\":\"ListItem\",\"position\":1,\"name\":\"Portada\",\"item\":\"https:\/\/brokoss.com\/it\/\"},{\"@type\":\"ListItem\",\"position\":2,\"name\":\"Chi siamo\"}]},{\"@type\":\"WebSite\",\"@id\":\"https:\/\/brokoss.com\/it\/#website\",\"url\":\"https:\/\/brokoss.com\/it\/\",\"name\":\"Joyer\u00eda Brokoss\",\"description\":\"Anillos para Hombre con Estilo | Joyer\u00eda Brokoss\",\"publisher\":{\"@id\":\"https:\/\/brokoss.com\/it\/#organization\"},\"alternateName\":\"Joyer\u00eda Brokoss\",\"potentialAction\":[{\"@type\":\"SearchAction\",\"target\":{\"@type\":\"EntryPoint\",\"urlTemplate\":\"https:\/\/brokoss.com\/it\/?s={search_term_string}\"},\"query-input\":{\"@type\":\"PropertyValueSpecification\",\"valueRequired\":true,\"valueName\":\"search_term_string\"}}],\"inLanguage\":\"it-IT\"},{\"@type\":\"Organization\",\"@id\":\"https:\/\/brokoss.com\/it\/#organization\",\"name\":\"Joyer\u00eda Brokoss\",\"url\":\"https:\/\/brokoss.com\/it\/\",\"logo\":{\"@type\":\"ImageObject\",\"inLanguage\":\"it-IT\",\"@id\":\"https:\/\/brokoss.com\/it\/#\/schema\/logo\/image\/\",\"url\":\"https:\/\/brokoss.com\/wp-content\/uploads\/2025\/06\/Anillos-y-pendientes-para-hombres-con-estilo-Brokoss-logo.png\",\"contentUrl\":\"https:\/\/brokoss.com\/wp-content\/uploads\/2025\/06\/Anillos-y-pendientes-para-hombres-con-estilo-Brokoss-logo.png\",\"width\":2000,\"height\":540,\"caption\":\"Joyer\u00eda Brokoss\"},\"image\":{\"@id\":\"https:\/\/brokoss.com\/it\/#\/schema\/logo\/image\/\"},\"sameAs\":[\"https:\/\/www.facebook.com\/brokossjoyeria\",\"https:\/\/www.instagram.com\/brokossjoyeria\/\"]}]}<\/script>\n<!-- \/ Yoast SEO plugin. -->","yoast_head_json":{"title":"Br\u00f6koss - Chi siamo | Gioielli da uomo con carattere","description":"Scopri la storia e la visione di Br\u00f6koss, il marchio di gioielli per uomini con uno stile unico. Design, autenticit\u00e0 e impegno per la qualit\u00e0.","robots":{"index":"index","follow":"follow","max-snippet":"max-snippet:-1","max-image-preview":"max-image-preview:large","max-video-preview":"max-video-preview:-1"},"canonical":"https:\/\/brokoss.com\/it\/chi-siamo\/","og_locale":"it_IT","og_type":"article","og_title":"Br\u00f6koss - Chi siamo | Gioielli da uomo con carattere","og_description":"Scopri la storia e la visione di Br\u00f6koss, il marchio di gioielli per uomini con uno stile unico. Design, autenticit\u00e0 e impegno per la qualit\u00e0.","og_url":"https:\/\/brokoss.com\/it\/chi-siamo\/","og_site_name":"Joyer\u00eda Brokoss","article_publisher":"https:\/\/www.facebook.com\/brokossjoyeria","article_modified_time":"2025-12-26T08:03:23+00:00","twitter_card":"summary_large_image","twitter_misc":{"Tempo di lettura stimato":"1 minuto"},"schema":{"@context":"https:\/\/schema.org","@graph":[{"@type":"WebPage","@id":"https:\/\/brokoss.com\/it\/chi-siamo\/","url":"https:\/\/brokoss.com\/it\/chi-siamo\/","name":"Br\u00f6koss - Chi siamo | Gioielli da uomo con carattere","isPartOf":{"@id":"https:\/\/brokoss.com\/it\/#website"},"datePublished":"2025-06-12T08:55:25+00:00","dateModified":"2025-12-26T08:03:23+00:00","description":"Scopri la storia e la visione di Br\u00f6koss, il marchio di gioielli per uomini con uno stile unico. Design, autenticit\u00e0 e impegno per la qualit\u00e0.","breadcrumb":{"@id":"https:\/\/brokoss.com\/it\/chi-siamo\/#breadcrumb"},"inLanguage":"it-IT","potentialAction":[{"@type":"ReadAction","target":["https:\/\/brokoss.com\/it\/chi-siamo\/"]}]},{"@type":"BreadcrumbList","@id":"https:\/\/brokoss.com\/it\/chi-siamo\/#breadcrumb","itemListElement":[{"@type":"ListItem","position":1,"name":"Portada","item":"https:\/\/brokoss.com\/it\/"},{"@type":"ListItem","position":2,"name":"Chi siamo"}]},{"@type":"WebSite","@id":"https:\/\/brokoss.com\/it\/#website","url":"https:\/\/brokoss.com\/it\/","name":"Joyer\u00eda Brokoss","description":"Anillos para Hombre con Estilo | Joyer\u00eda Brokoss","publisher":{"@id":"https:\/\/brokoss.com\/it\/#organization"},"alternateName":"Joyer\u00eda Brokoss","potentialAction":[{"@type":"SearchAction","target":{"@type":"EntryPoint","urlTemplate":"https:\/\/brokoss.com\/it\/?s={search_term_string}"},"query-input":{"@type":"PropertyValueSpecification","valueRequired":true,"valueName":"search_term_string"}}],"inLanguage":"it-IT"},{"@type":"Organization","@id":"https:\/\/brokoss.com\/it\/#organization","name":"Joyer\u00eda Brokoss","url":"https:\/\/brokoss.com\/it\/","logo":{"@type":"ImageObject","inLanguage":"it-IT","@id":"https:\/\/brokoss.com\/it\/#\/schema\/logo\/image\/","url":"https:\/\/brokoss.com\/wp-content\/uploads\/2025\/06\/Anillos-y-pendientes-para-hombres-con-estilo-Brokoss-logo.png","contentUrl":"https:\/\/brokoss.com\/wp-content\/uploads\/2025\/06\/Anillos-y-pendientes-para-hombres-con-estilo-Brokoss-logo.png","width":2000,"height":540,"caption":"Joyer\u00eda Brokoss"},"image":{"@id":"https:\/\/brokoss.com\/it\/#\/schema\/logo\/image\/"},"sameAs":["https:\/\/www.facebook.com\/brokossjoyeria","https:\/\/www.instagram.com\/brokossjoyeria\/"]}]}},"jetpack_sharing_enabled":true,"_links":{"self":[{"href":"https:\/\/brokoss.com\/it\/wp-json\/wp\/v2\/pages\/3211","targetHints":{"allow":["GET"]}}],"collection":[{"href":"https:\/\/brokoss.com\/it\/wp-json\/wp\/v2\/pages"}],"about":[{"href":"https:\/\/brokoss.com\/it\/wp-json\/wp\/v2\/types\/page"}],"author":[{"embeddable":true,"href":"https:\/\/brokoss.com\/it\/wp-json\/wp\/v2\/users\/5"}],"replies":[{"embeddable":true,"href":"https:\/\/brokoss.com\/it\/wp-json\/wp\/v2\/comments?post=3211"}],"version-history":[{"count":4,"href":"https:\/\/brokoss.com\/it\/wp-json\/wp\/v2\/pages\/3211\/revisions"}],"predecessor-version":[{"id":7579,"href":"https:\/\/brokoss.com\/it\/wp-json\/wp\/v2\/pages\/3211\/revisions\/7579"}],"wp:attachment":[{"href":"https:\/\/brokoss.com\/it\/wp-json\/wp\/v2\/media?parent=3211"}],"curies":[{"name":"wp","href":"https:\/\/api.w.org\/{rel}","templated":true}]}}