{"id":3239,"date":"2023-12-04T16:15:26","date_gmt":"2023-12-04T15:15:26","guid":{"rendered":"https:\/\/brokoss.com\/politica-sulla-riservatezza\/"},"modified":"2025-07-27T08:45:23","modified_gmt":"2025-07-27T06:45:23","slug":"politica-sulla-riservatezza","status":"publish","type":"page","link":"https:\/\/brokoss.com\/it\/politica-sulla-riservatezza\/","title":{"rendered":"Politica sulla riservatezza"},"content":{"rendered":"\t\t<div data-elementor-type=\"wp-page\" data-elementor-id=\"3239\" class=\"elementor elementor-3239 elementor-176\" data-elementor-post-type=\"page\">\n\t\t\t\t<div class=\"elementor-element elementor-element-0026533 e-con-full e-flex e-con e-parent\" data-id=\"0026533\" data-element_type=\"container\">\n\t\t\t\t<div class=\"elementor-element elementor-element-3fefd09 elementor-widget elementor-widget-heading\" data-id=\"3fefd09\" data-element_type=\"widget\" data-widget_type=\"heading.default\">\n\t\t\t\t<div class=\"elementor-widget-container\">\n\t\t\t\t\t<h1 class=\"elementor-heading-title elementor-size-default\">Politica sulla riservatezza<\/h1>\t\t\t\t<\/div>\n\t\t\t\t<\/div>\n\t\t\t\t<div class=\"elementor-element elementor-element-e4fecdb elementor-widget elementor-widget-text-editor\" data-id=\"e4fecdb\" data-element_type=\"widget\" data-widget_type=\"text-editor.default\">\n\t\t\t\t<div class=\"elementor-widget-container\">\n\t\t\t\t\t\t\t\t\t<p>Protezione dei dati personali secondo il GDPR e la LOPDGDD.<\/p><p>Joyer\u00eda SergeLL SL, in applicazione della normativa vigente in materia di protezione dei dati personali (Regolamento (UE) 2016\/679 del Parlamento europeo e del Consiglio, del 27 aprile 2016, relativo alla protezione delle persone fisiche con riguardo al trattamento dei dati personali, nonch\u00e9 alla libera circolazione di tali dati e Legge organica 3\/2018 del 5 dicembre sulla protezione dei dati personali e la garanzia dei diritti digitali), informa che i dati personali raccolti attraverso i moduli presenti sul sito web: <a href=\"http:\/\/www.brokoss.com\">www.brokoss.com<\/a>, sono inclusi nei file automatizzati specifici degli utenti dei servizi di Joyer\u00eda SergeLL SL.<\/p><p><strong>Finalit\u00e0 del trattamento dei dati personali: <\/strong><\/p><p><strong>Per quali finalit\u00e0 <\/strong>tratteremo i tuoi <strong>dati personali<\/strong>? <\/p><p>Presso Joyer\u00eda SergeLL SL tratteremo i tuoi dati personali raccolti tramite il Sito Web per le seguenti finalit\u00e0:<\/p><ol><li>In caso di stipula di contratti per beni e servizi offerti tramite <a href=\"http:\/\/www.brokoss.com\">brokoss.com<\/a>, per mantenere il rapporto contrattuale, nonch\u00e9 la gestione, l&#8217;amministrazione, l&#8217;informazione, la fornitura e il miglioramento del servizio.<\/li><li>Invio delle informazioni richieste tramite i moduli disponibili su <a href=\"http:\/\/www.brokoss.com\">brokoss.com.<\/a><\/li><li>Inviare newsletter, nonch\u00e9 comunicazioni commerciali su promozioni e\/o pubblicit\u00e0 di Joyer\u00eda SergeLL SL e del settore.<\/li><\/ol><p>I dati personali forniti attraverso i moduli presenti sul Sito Web vengono trattati per la prestazione dei servizi di Joyer\u00eda SergeLL SL, nonch\u00e9 per l&#8217;invio di comunicazioni commerciali o informative attraverso lo strumento messo a disposizione dalla suddetta societ\u00e0.<\/p><p><strong>Per quanto tempo vengono conservati i dati personali raccolti? <\/strong><\/p><p>I dati personali forniti saranno conservati finch\u00e9 sar\u00e0 mantenuto il rapporto commerciale o finch\u00e9 non ne verr\u00e0 richiesta la cancellazione. In caso di cessazione del rapporto commerciale, i dati rimarranno bloccati per tutta la durata di eventuali responsabilit\u00e0 legali derivanti dai servizi forniti.<\/p><p><strong>Legittimazione<\/strong><strong>:<\/strong> <\/p><p>I tuoi dati vengono trattati in base alle seguenti basi giuridiche:<\/p><ol><li>La richiesta di informazioni e\/o la contrattazione dei servizi di Joyer\u00eda SergeLL SL, i cui termini e condizioni saranno in ogni caso messi a vostra disposizione, prima di qualsiasi eventuale contrattazione.<\/li><li>Consenso libero, specifico, informato e inequivocabile, come ti informiamo rendendoti disponibile la presente informativa sulla privacy. Dopo averla letta, se acconsenti, puoi accettarla rilasciando una dichiarazione o compiendo un&#8217;azione affermativa chiara, ad esempio selezionando un&#8217;apposita casella.<\/li><\/ol><p>Se non fornisci le tue informazioni, oppure se le fornisci in modo inesatto o incompleto, non saremo in grado di elaborare la tua richiesta, rendendo impossibile fornirti le informazioni richieste o completare il processo di stipula del contratto per i servizi.<\/p><p><strong>Destinatari: <\/strong><\/p><p>I dati non saranno comunicati a terzi estranei a Joyer\u00eda SergeLL SL, salvo obbligo di legge.<\/p><p>In qualit\u00e0 di responsabili del trattamento dei dati, abbiamo stipulato contratti con i seguenti fornitori di servizi, che al momento della stipula del contratto hanno accettato di rispettare le normative sulla protezione dei dati applicabili:<\/p><ul><li>Joyer\u00eda SergeLL SL, con sede legale in Calle Virgen de la Esperanza, 4 30008 Murcia, NIF\/CIF o DNI n\u00ba CIFB73981094 fornisce servizi di gioielleria<\/li><\/ul><p><strong>Dati raccolti dagli utenti dei servizi <\/strong><\/p><p>Nei casi in cui l&#8217;utente includa file contenenti dati personali sui server di hosting condiviso, Joyer\u00eda SergeLL SL non \u00e8 responsabile della mancata conformit\u00e0 dell&#8217;utente al RGPD.<\/p><p><strong>Conservazione dei dati in conformit\u00e0 con la LSSI <\/strong><\/p><p>Joyer\u00eda SergeLL SL informa che, in qualit\u00e0 di fornitore di servizi di hosting di dati e in conformit\u00e0 con quanto disposto dalla Legge 34\/2002 dell&#8217;11 luglio sui Servizi della Societ\u00e0 dell&#8217;Informazione e del Commercio Elettronico (LSSI), conserva per un periodo massimo di 12 mesi le informazioni essenziali per identificare l&#8217;origine dei dati ospitati e il momento in cui \u00e8 iniziato il servizio. La conservazione di questi dati non pregiudica la riservatezza delle comunicazioni e potranno essere utilizzati solo nell&#8217;ambito di un&#8217;indagine penale o per salvaguardare la sicurezza pubblica e potranno essere resi disponibili ai giudici e\/o ai tribunali o al Ministero che ne facciano richiesta.<\/p><p><strong>Diritti di propriet\u00e0 intellettuale<\/strong> <strong>www.brokoss.com<\/strong><\/p><p><strong>Joyer\u00eda SergeLL SL<\/strong> \u00e8 titolare di tutti i diritti d&#8217;autore, di propriet\u00e0 intellettuale e industriale, del know-how e di qualsiasi altro diritto relativo ai contenuti del sito web <strong>www.brokoss.com<\/strong> e ai servizi in esso offerti, nonch\u00e9 dei programmi necessari per la sua implementazione e delle informazioni correlate.<\/p><p><strong>Propriet\u00e0 intellettuale del software<\/strong><\/p><p>L&#8217;utente dovr\u00e0 rispettare i programmi di terze parti messi a sua disposizione da Joyer\u00eda SergeLL SL, anche se gratuiti e\/o accessibili al pubblico. Joyer\u00eda SergeLL SL detiene i necessari diritti di propriet\u00e0 intellettuale e di sfruttamento del software.<\/p><p><strong>Protezione delle informazioni ospitate<\/strong><\/p><p>Joyer\u00eda SergeLL SL realizza copie di backup dei contenuti ospitati sui propri server; tuttavia, non \u00e8 responsabile della perdita o dell&#8217;eliminazione accidentale dei dati da parte degli utenti. Allo stesso modo, non si garantisce il ripristino completo dei dati cancellati dagli utenti, poich\u00e9 tali dati potrebbero essere stati cancellati e\/o modificati nel periodo di tempo trascorso dall&#8217;ultimo backup. Il ripristino dei dati cancellati \u00e8 incluso nel prezzo del servizio solo quando la perdita dei contenuti \u00e8 dovuta a cause imputabili a Joyer\u00eda SergeLL SL.<\/p><p><strong>Comunicazioni commerciali<\/strong><\/p><p>Ai sensi della LSSI, Joyer\u00eda SergeLL SL non invier\u00e0 comunicazioni pubblicitarie o promozionali tramite posta elettronica o altri mezzi di comunicazione elettronica equivalenti che non siano stati previamente richiesti o espressamente autorizzati dai destinatari. Nel caso di utenti con i quali esista un precedente rapporto contrattuale, Joyer\u00eda SergeLL SL \u00e8 autorizzata a inviare comunicazioni commerciali riguardanti prodotti o servizi simili a quelli inizialmente contrattati dal cliente.<\/p>\t\t\t\t\t\t\t\t<\/div>\n\t\t\t\t<\/div>\n\t\t\t\t<\/div>\n\t\t\t\t<\/div>\n\t\t","protected":false},"excerpt":{"rendered":"<p>Politica sulla riservatezza Protezione dei dati personali secondo il GDPR e la LOPDGDD. Joyer\u00eda SergeLL SL, in applicazione della normativa vigente in materia di protezione dei dati personali (Regolamento (UE) 2016\/679 del Parlamento europeo e del Consiglio, del 27 aprile 2016, relativo alla protezione delle persone fisiche con riguardo al trattamento dei dati personali, nonch\u00e9 &#8230; <a title=\"Politica sulla riservatezza\" class=\"read-more\" href=\"https:\/\/brokoss.com\/it\/politica-sulla-riservatezza\/\" aria-label=\"Per saperne di pi\u00f9 su Politica sulla riservatezza\">Leggi tutto<\/a><\/p>\n","protected":false},"author":1,"featured_media":0,"parent":0,"menu_order":0,"comment_status":"closed","ping_status":"closed","template":"elementor_header_footer","meta":{"_joinchat":[],"footnotes":""},"class_list":["post-3239","page","type-page","status-publish"],"yoast_head":"<!-- This site is optimized with the Yoast SEO plugin v26.6 - https:\/\/yoast.com\/wordpress\/plugins\/seo\/ -->\n<title>Informativa sulla privacy | Br\u00f6koss \u2013 Protezione dei dati<\/title>\n<meta name=\"description\" content=\"Scopri come Br\u00f6koss protegge i tuoi dati personali ai sensi del GDPR. Trasparenza, sicurezza e un impegno totale per la tua privacy.\" \/>\n<meta name=\"robots\" content=\"noindex, nofollow\" \/>\n<meta property=\"og:locale\" content=\"it_IT\" \/>\n<meta property=\"og:type\" content=\"article\" \/>\n<meta property=\"og:title\" content=\"Informativa sulla privacy | Br\u00f6koss \u2013 Protezione dei dati\" \/>\n<meta property=\"og:description\" content=\"Scopri come Br\u00f6koss protegge i tuoi dati personali ai sensi del GDPR. Trasparenza, sicurezza e un impegno totale per la tua privacy.\" \/>\n<meta property=\"og:url\" content=\"https:\/\/brokoss.com\/it\/politica-sulla-riservatezza\/\" \/>\n<meta property=\"og:site_name\" content=\"Joyer\u00eda Brokoss\" \/>\n<meta property=\"article:publisher\" content=\"https:\/\/www.facebook.com\/brokossjoyeria\" \/>\n<meta property=\"article:modified_time\" content=\"2025-07-27T06:45:23+00:00\" \/>\n<meta name=\"twitter:card\" content=\"summary_large_image\" \/>\n<meta name=\"twitter:label1\" content=\"Tempo di lettura stimato\" \/>\n\t<meta name=\"twitter:data1\" content=\"4 minuto\" \/>\n<script type=\"application\/ld+json\" class=\"yoast-schema-graph\">{\"@context\":\"https:\/\/schema.org\",\"@graph\":[{\"@type\":\"WebPage\",\"@id\":\"https:\/\/brokoss.com\/it\/politica-sulla-riservatezza\/\",\"url\":\"https:\/\/brokoss.com\/it\/politica-sulla-riservatezza\/\",\"name\":\"Informativa sulla privacy | Br\u00f6koss \u2013 Protezione dei dati\",\"isPartOf\":{\"@id\":\"https:\/\/brokoss.com\/it\/#website\"},\"datePublished\":\"2023-12-04T15:15:26+00:00\",\"dateModified\":\"2025-07-27T06:45:23+00:00\",\"description\":\"Scopri come Br\u00f6koss protegge i tuoi dati personali ai sensi del GDPR. Trasparenza, sicurezza e un impegno totale per la tua privacy.\",\"breadcrumb\":{\"@id\":\"https:\/\/brokoss.com\/it\/politica-sulla-riservatezza\/#breadcrumb\"},\"inLanguage\":\"it-IT\",\"potentialAction\":[{\"@type\":\"ReadAction\",\"target\":[\"https:\/\/brokoss.com\/it\/politica-sulla-riservatezza\/\"]}]},{\"@type\":\"BreadcrumbList\",\"@id\":\"https:\/\/brokoss.com\/it\/politica-sulla-riservatezza\/#breadcrumb\",\"itemListElement\":[{\"@type\":\"ListItem\",\"position\":1,\"name\":\"Portada\",\"item\":\"https:\/\/brokoss.com\/it\/\"},{\"@type\":\"ListItem\",\"position\":2,\"name\":\"Politica sulla riservatezza\"}]},{\"@type\":\"WebSite\",\"@id\":\"https:\/\/brokoss.com\/it\/#website\",\"url\":\"https:\/\/brokoss.com\/it\/\",\"name\":\"Joyer\u00eda Brokoss\",\"description\":\"Anillos para Hombre con Estilo | Joyer\u00eda Brokoss\",\"publisher\":{\"@id\":\"https:\/\/brokoss.com\/it\/#organization\"},\"alternateName\":\"Joyer\u00eda Brokoss\",\"potentialAction\":[{\"@type\":\"SearchAction\",\"target\":{\"@type\":\"EntryPoint\",\"urlTemplate\":\"https:\/\/brokoss.com\/it\/?s={search_term_string}\"},\"query-input\":{\"@type\":\"PropertyValueSpecification\",\"valueRequired\":true,\"valueName\":\"search_term_string\"}}],\"inLanguage\":\"it-IT\"},{\"@type\":\"Organization\",\"@id\":\"https:\/\/brokoss.com\/it\/#organization\",\"name\":\"Joyer\u00eda Brokoss\",\"url\":\"https:\/\/brokoss.com\/it\/\",\"logo\":{\"@type\":\"ImageObject\",\"inLanguage\":\"it-IT\",\"@id\":\"https:\/\/brokoss.com\/it\/#\/schema\/logo\/image\/\",\"url\":\"https:\/\/brokoss.com\/wp-content\/uploads\/2025\/06\/Anillos-y-pendientes-para-hombres-con-estilo-Brokoss-logo.png\",\"contentUrl\":\"https:\/\/brokoss.com\/wp-content\/uploads\/2025\/06\/Anillos-y-pendientes-para-hombres-con-estilo-Brokoss-logo.png\",\"width\":2000,\"height\":540,\"caption\":\"Joyer\u00eda Brokoss\"},\"image\":{\"@id\":\"https:\/\/brokoss.com\/it\/#\/schema\/logo\/image\/\"},\"sameAs\":[\"https:\/\/www.facebook.com\/brokossjoyeria\",\"https:\/\/www.instagram.com\/brokossjoyeria\/\"]}]}<\/script>\n<!-- \/ Yoast SEO plugin. -->","yoast_head_json":{"title":"Informativa sulla privacy | Br\u00f6koss \u2013 Protezione dei dati","description":"Scopri come Br\u00f6koss protegge i tuoi dati personali ai sensi del GDPR. Trasparenza, sicurezza e un impegno totale per la tua privacy.","robots":{"index":"noindex","follow":"nofollow"},"og_locale":"it_IT","og_type":"article","og_title":"Informativa sulla privacy | Br\u00f6koss \u2013 Protezione dei dati","og_description":"Scopri come Br\u00f6koss protegge i tuoi dati personali ai sensi del GDPR. Trasparenza, sicurezza e un impegno totale per la tua privacy.","og_url":"https:\/\/brokoss.com\/it\/politica-sulla-riservatezza\/","og_site_name":"Joyer\u00eda Brokoss","article_publisher":"https:\/\/www.facebook.com\/brokossjoyeria","article_modified_time":"2025-07-27T06:45:23+00:00","twitter_card":"summary_large_image","twitter_misc":{"Tempo di lettura stimato":"4 minuto"},"schema":{"@context":"https:\/\/schema.org","@graph":[{"@type":"WebPage","@id":"https:\/\/brokoss.com\/it\/politica-sulla-riservatezza\/","url":"https:\/\/brokoss.com\/it\/politica-sulla-riservatezza\/","name":"Informativa sulla privacy | Br\u00f6koss \u2013 Protezione dei dati","isPartOf":{"@id":"https:\/\/brokoss.com\/it\/#website"},"datePublished":"2023-12-04T15:15:26+00:00","dateModified":"2025-07-27T06:45:23+00:00","description":"Scopri come Br\u00f6koss protegge i tuoi dati personali ai sensi del GDPR. Trasparenza, sicurezza e un impegno totale per la tua privacy.","breadcrumb":{"@id":"https:\/\/brokoss.com\/it\/politica-sulla-riservatezza\/#breadcrumb"},"inLanguage":"it-IT","potentialAction":[{"@type":"ReadAction","target":["https:\/\/brokoss.com\/it\/politica-sulla-riservatezza\/"]}]},{"@type":"BreadcrumbList","@id":"https:\/\/brokoss.com\/it\/politica-sulla-riservatezza\/#breadcrumb","itemListElement":[{"@type":"ListItem","position":1,"name":"Portada","item":"https:\/\/brokoss.com\/it\/"},{"@type":"ListItem","position":2,"name":"Politica sulla riservatezza"}]},{"@type":"WebSite","@id":"https:\/\/brokoss.com\/it\/#website","url":"https:\/\/brokoss.com\/it\/","name":"Joyer\u00eda Brokoss","description":"Anillos para Hombre con Estilo | Joyer\u00eda Brokoss","publisher":{"@id":"https:\/\/brokoss.com\/it\/#organization"},"alternateName":"Joyer\u00eda Brokoss","potentialAction":[{"@type":"SearchAction","target":{"@type":"EntryPoint","urlTemplate":"https:\/\/brokoss.com\/it\/?s={search_term_string}"},"query-input":{"@type":"PropertyValueSpecification","valueRequired":true,"valueName":"search_term_string"}}],"inLanguage":"it-IT"},{"@type":"Organization","@id":"https:\/\/brokoss.com\/it\/#organization","name":"Joyer\u00eda Brokoss","url":"https:\/\/brokoss.com\/it\/","logo":{"@type":"ImageObject","inLanguage":"it-IT","@id":"https:\/\/brokoss.com\/it\/#\/schema\/logo\/image\/","url":"https:\/\/brokoss.com\/wp-content\/uploads\/2025\/06\/Anillos-y-pendientes-para-hombres-con-estilo-Brokoss-logo.png","contentUrl":"https:\/\/brokoss.com\/wp-content\/uploads\/2025\/06\/Anillos-y-pendientes-para-hombres-con-estilo-Brokoss-logo.png","width":2000,"height":540,"caption":"Joyer\u00eda Brokoss"},"image":{"@id":"https:\/\/brokoss.com\/it\/#\/schema\/logo\/image\/"},"sameAs":["https:\/\/www.facebook.com\/brokossjoyeria","https:\/\/www.instagram.com\/brokossjoyeria\/"]}]}},"jetpack_sharing_enabled":true,"_links":{"self":[{"href":"https:\/\/brokoss.com\/it\/wp-json\/wp\/v2\/pages\/3239","targetHints":{"allow":["GET"]}}],"collection":[{"href":"https:\/\/brokoss.com\/it\/wp-json\/wp\/v2\/pages"}],"about":[{"href":"https:\/\/brokoss.com\/it\/wp-json\/wp\/v2\/types\/page"}],"author":[{"embeddable":true,"href":"https:\/\/brokoss.com\/it\/wp-json\/wp\/v2\/users\/1"}],"replies":[{"embeddable":true,"href":"https:\/\/brokoss.com\/it\/wp-json\/wp\/v2\/comments?post=3239"}],"version-history":[{"count":2,"href":"https:\/\/brokoss.com\/it\/wp-json\/wp\/v2\/pages\/3239\/revisions"}],"predecessor-version":[{"id":3992,"href":"https:\/\/brokoss.com\/it\/wp-json\/wp\/v2\/pages\/3239\/revisions\/3992"}],"wp:attachment":[{"href":"https:\/\/brokoss.com\/it\/wp-json\/wp\/v2\/media?parent=3239"}],"curies":[{"name":"wp","href":"https:\/\/api.w.org\/{rel}","templated":true}]}}