{"id":4411,"date":"2025-07-18T09:24:29","date_gmt":"2025-07-18T07:24:29","guid":{"rendered":"https:\/\/brokoss.com\/guida-misure-anelli\/"},"modified":"2025-08-05T11:32:30","modified_gmt":"2025-08-05T09:32:30","slug":"guida-misure-anelli","status":"publish","type":"page","link":"https:\/\/brokoss.com\/it\/guida-misure-anelli\/","title":{"rendered":"Guida misure anelli"},"content":{"rendered":"\t\t<div data-elementor-type=\"wp-page\" data-elementor-id=\"4411\" class=\"elementor elementor-4411 elementor-3819\" data-elementor-post-type=\"page\">\n\t\t\t\t<div class=\"elementor-element elementor-element-107b441 e-con-full e-flex e-con e-parent\" data-id=\"107b441\" data-element_type=\"container\">\n\t\t\t\t<div class=\"elementor-element elementor-element-d65e1b1 elementor-widget elementor-widget-heading\" data-id=\"d65e1b1\" data-element_type=\"widget\" data-widget_type=\"heading.default\">\n\t\t\t\t<div class=\"elementor-widget-container\">\n\t\t\t\t\t<h2 class=\"elementor-heading-title elementor-size-default\">Misure degli anelli internazionali<\/h2>\t\t\t\t<\/div>\n\t\t\t\t<\/div>\n\t\t\t\t<\/div>\n\t\t<div class=\"elementor-element elementor-element-f20c7c6 e-con-full e-flex e-con e-parent\" data-id=\"f20c7c6\" data-element_type=\"container\">\n\t\t\t\t<div class=\"elementor-element elementor-element-fb2cb0c elementor-widget elementor-widget-text-editor\" data-id=\"fb2cb0c\" data-element_type=\"widget\" data-widget_type=\"text-editor.default\">\n\t\t\t\t<div class=\"elementor-widget-container\">\n\t\t\t\t\t\t\t\t\t<h4 data-start=\"125\" data-end=\"179\"><strong data-start=\"125\" data-end=\"179\">Equivalenze di dimensioni per gli anelli da uomo<\/strong><\/h4><p data-start=\"203\" data-end=\"407\">Noi di Br\u00f6koss vogliamo che tu scelga la misura perfetta per il tuo anello. Ecco perch\u00e9 abbiamo creato una tabella delle taglie internazionali con le misure pi\u00f9 diffuse in diversi paesi, tra cui Spagna, Francia e Stati Uniti. <\/p><p data-start=\"409\" data-end=\"558\">Se conosci gi\u00e0 la tua taglia utilizzando un altro sistema o vuoi esserne sicuro prima di ordinare, consulta questa guida per trovare la misura migliore:<\/p>\t\t\t\t\t\t\t\t<\/div>\n\t\t\t\t<\/div>\n\t\t\t\t<\/div>\n\t\t<div class=\"elementor-element elementor-element-853f432 e-flex e-con-boxed e-con e-parent\" data-id=\"853f432\" data-element_type=\"container\">\n\t\t\t\t\t<div class=\"e-con-inner\">\n\t\t\t\t<div class=\"elementor-element elementor-element-55e38ac elementor-widget elementor-widget-text-editor\" data-id=\"55e38ac\" data-element_type=\"widget\" data-widget_type=\"text-editor.default\">\n\t\t\t\t<div class=\"elementor-widget-container\">\n\t\t\t\t\t\t\t\t\t<table><thead><tr><th>Taglia Spagna<\/th><th>Taglia Francia<\/th><th>Taglia USA<\/th><\/tr><\/thead><tbody><tr><td>7<\/td><td>47<\/td><td>4<\/td><\/tr><tr><td>8<\/td><td>48<\/td><td>4,5<\/td><\/tr><tr><td>9<\/td><td>49<\/td><td>5<\/td><\/tr><tr><td>10<\/td><td>50<\/td><td>5,5<\/td><\/tr><tr><td>11<\/td><td>51<\/td><td>5,7<\/td><\/tr><tr><td>12<\/td><td>52<\/td><td>6<\/td><\/tr><tr><td>13<\/td><td>53<\/td><td>6,5<\/td><\/tr><tr><td>14<\/td><td>54<\/td><td>6,7<\/td><\/tr><tr><td>15<\/td><td>55<\/td><td>7<\/td><\/tr><tr><td>16<\/td><td>56<\/td><td>7,5<\/td><\/tr><tr><td>17<\/td><td>57<\/td><td>8<\/td><\/tr><tr><td>18<\/td><td>58<\/td><td>8,5<\/td><\/tr><tr><td>19<\/td><td>59<\/td><td>8,7<\/td><\/tr><tr><td>20<\/td><td>60<\/td><td>9<\/td><\/tr><tr><td>21<\/td><td>61<\/td><td>9,5<\/td><\/tr><tr><td>22<\/td><td>62<\/td><td>10<\/td><\/tr><tr><td>23<\/td><td>63<\/td><td>10,2<\/td><\/tr><tr><td>24<\/td><td>64<\/td><td>10,5<\/td><\/tr><tr><td>25<\/td><td>65<\/td><td>11<\/td><\/tr><tr><td>26<\/td><td>66<\/td><td>11,5<\/td><\/tr><tr><td>27<\/td><td>67<\/td><td>12<\/td><\/tr><tr><td>28<\/td><td>68<\/td><td>12,5<\/td><\/tr><tr><td>29<\/td><td>69<\/td><td>12,7<\/td><\/tr><tr><td>30<\/td><td>70<\/td><td>13<\/td><\/tr><tr><td>31<\/td><td>71<\/td><td>\u2013<\/td><\/tr><tr><td>32<\/td><td>72<\/td><td>\u2013<\/td><\/tr><tr><td>33<\/td><td>73<\/td><td>\u2013<\/td><\/tr><\/tbody><\/table>\t\t\t\t\t\t\t\t<\/div>\n\t\t\t\t<\/div>\n\t\t\t\t\t<\/div>\n\t\t\t\t<\/div>\n\t\t\t\t<\/div>\n\t\t","protected":false},"excerpt":{"rendered":"<p>Misure degli anelli internazionali Equivalenze di dimensioni per gli anelli da uomo Noi di Br\u00f6koss vogliamo che tu scelga la misura perfetta per il tuo anello. Ecco perch\u00e9 abbiamo creato una tabella delle taglie internazionali con le misure pi\u00f9 diffuse in diversi paesi, tra cui Spagna, Francia e Stati Uniti. Se conosci gi\u00e0 la tua &#8230; <a title=\"Guida misure anelli\" class=\"read-more\" href=\"https:\/\/brokoss.com\/it\/guida-misure-anelli\/\" aria-label=\"Per saperne di pi\u00f9 su Guida misure anelli\">Leggi tutto<\/a><\/p>\n","protected":false},"author":5,"featured_media":0,"parent":0,"menu_order":0,"comment_status":"closed","ping_status":"closed","template":"elementor_header_footer","meta":{"_joinchat":[],"footnotes":""},"class_list":["post-4411","page","type-page","status-publish"],"yoast_head":"<!-- This site is optimized with the Yoast SEO plugin v26.6 - https:\/\/yoast.com\/wordpress\/plugins\/seo\/ -->\n<title>Guida misure anelli - Joyer\u00eda Brokoss<\/title>\n<meta name=\"robots\" content=\"index, follow, max-snippet:-1, max-image-preview:large, max-video-preview:-1\" \/>\n<link rel=\"canonical\" href=\"https:\/\/brokoss.com\/it\/guida-misure-anelli\/\" \/>\n<meta property=\"og:locale\" content=\"it_IT\" \/>\n<meta property=\"og:type\" content=\"article\" \/>\n<meta property=\"og:title\" content=\"Guida misure anelli - Joyer\u00eda Brokoss\" \/>\n<meta property=\"og:description\" content=\"Misure degli anelli internazionali Equivalenze di dimensioni per gli anelli da uomo Noi di Br\u00f6koss vogliamo che tu scelga la misura perfetta per il tuo anello. Ecco perch\u00e9 abbiamo creato una tabella delle taglie internazionali con le misure pi\u00f9 diffuse in diversi paesi, tra cui Spagna, Francia e Stati Uniti. Se conosci gi\u00e0 la tua ... Leggi tutto\" \/>\n<meta property=\"og:url\" content=\"https:\/\/brokoss.com\/it\/guida-misure-anelli\/\" \/>\n<meta property=\"og:site_name\" content=\"Joyer\u00eda Brokoss\" \/>\n<meta property=\"article:publisher\" content=\"https:\/\/www.facebook.com\/brokossjoyeria\" \/>\n<meta property=\"article:modified_time\" content=\"2025-08-05T09:32:30+00:00\" \/>\n<meta name=\"twitter:card\" content=\"summary_large_image\" \/>\n<script type=\"application\/ld+json\" class=\"yoast-schema-graph\">{\"@context\":\"https:\/\/schema.org\",\"@graph\":[{\"@type\":\"WebPage\",\"@id\":\"https:\/\/brokoss.com\/it\/guida-misure-anelli\/\",\"url\":\"https:\/\/brokoss.com\/it\/guida-misure-anelli\/\",\"name\":\"Guida misure anelli - Joyer\u00eda Brokoss\",\"isPartOf\":{\"@id\":\"https:\/\/brokoss.com\/it\/#website\"},\"datePublished\":\"2025-07-18T07:24:29+00:00\",\"dateModified\":\"2025-08-05T09:32:30+00:00\",\"breadcrumb\":{\"@id\":\"https:\/\/brokoss.com\/it\/guida-misure-anelli\/#breadcrumb\"},\"inLanguage\":\"it-IT\",\"potentialAction\":[{\"@type\":\"ReadAction\",\"target\":[\"https:\/\/brokoss.com\/it\/guida-misure-anelli\/\"]}]},{\"@type\":\"BreadcrumbList\",\"@id\":\"https:\/\/brokoss.com\/it\/guida-misure-anelli\/#breadcrumb\",\"itemListElement\":[{\"@type\":\"ListItem\",\"position\":1,\"name\":\"Portada\",\"item\":\"https:\/\/brokoss.com\/it\/\"},{\"@type\":\"ListItem\",\"position\":2,\"name\":\"Guida misure anelli\"}]},{\"@type\":\"WebSite\",\"@id\":\"https:\/\/brokoss.com\/it\/#website\",\"url\":\"https:\/\/brokoss.com\/it\/\",\"name\":\"Joyer\u00eda Brokoss\",\"description\":\"Anillos para Hombre con Estilo | Joyer\u00eda Brokoss\",\"publisher\":{\"@id\":\"https:\/\/brokoss.com\/it\/#organization\"},\"alternateName\":\"Joyer\u00eda Brokoss\",\"potentialAction\":[{\"@type\":\"SearchAction\",\"target\":{\"@type\":\"EntryPoint\",\"urlTemplate\":\"https:\/\/brokoss.com\/it\/?s={search_term_string}\"},\"query-input\":{\"@type\":\"PropertyValueSpecification\",\"valueRequired\":true,\"valueName\":\"search_term_string\"}}],\"inLanguage\":\"it-IT\"},{\"@type\":\"Organization\",\"@id\":\"https:\/\/brokoss.com\/it\/#organization\",\"name\":\"Joyer\u00eda Brokoss\",\"url\":\"https:\/\/brokoss.com\/it\/\",\"logo\":{\"@type\":\"ImageObject\",\"inLanguage\":\"it-IT\",\"@id\":\"https:\/\/brokoss.com\/it\/#\/schema\/logo\/image\/\",\"url\":\"https:\/\/brokoss.com\/wp-content\/uploads\/2025\/06\/Anillos-y-pendientes-para-hombres-con-estilo-Brokoss-logo.png\",\"contentUrl\":\"https:\/\/brokoss.com\/wp-content\/uploads\/2025\/06\/Anillos-y-pendientes-para-hombres-con-estilo-Brokoss-logo.png\",\"width\":2000,\"height\":540,\"caption\":\"Joyer\u00eda Brokoss\"},\"image\":{\"@id\":\"https:\/\/brokoss.com\/it\/#\/schema\/logo\/image\/\"},\"sameAs\":[\"https:\/\/www.facebook.com\/brokossjoyeria\",\"https:\/\/www.instagram.com\/brokossjoyeria\/\"]}]}<\/script>\n<!-- \/ Yoast SEO plugin. -->","yoast_head_json":{"title":"Guida misure anelli - Joyer\u00eda Brokoss","robots":{"index":"index","follow":"follow","max-snippet":"max-snippet:-1","max-image-preview":"max-image-preview:large","max-video-preview":"max-video-preview:-1"},"canonical":"https:\/\/brokoss.com\/it\/guida-misure-anelli\/","og_locale":"it_IT","og_type":"article","og_title":"Guida misure anelli - Joyer\u00eda Brokoss","og_description":"Misure degli anelli internazionali Equivalenze di dimensioni per gli anelli da uomo Noi di Br\u00f6koss vogliamo che tu scelga la misura perfetta per il tuo anello. Ecco perch\u00e9 abbiamo creato una tabella delle taglie internazionali con le misure pi\u00f9 diffuse in diversi paesi, tra cui Spagna, Francia e Stati Uniti. Se conosci gi\u00e0 la tua ... Leggi tutto","og_url":"https:\/\/brokoss.com\/it\/guida-misure-anelli\/","og_site_name":"Joyer\u00eda Brokoss","article_publisher":"https:\/\/www.facebook.com\/brokossjoyeria","article_modified_time":"2025-08-05T09:32:30+00:00","twitter_card":"summary_large_image","schema":{"@context":"https:\/\/schema.org","@graph":[{"@type":"WebPage","@id":"https:\/\/brokoss.com\/it\/guida-misure-anelli\/","url":"https:\/\/brokoss.com\/it\/guida-misure-anelli\/","name":"Guida misure anelli - Joyer\u00eda Brokoss","isPartOf":{"@id":"https:\/\/brokoss.com\/it\/#website"},"datePublished":"2025-07-18T07:24:29+00:00","dateModified":"2025-08-05T09:32:30+00:00","breadcrumb":{"@id":"https:\/\/brokoss.com\/it\/guida-misure-anelli\/#breadcrumb"},"inLanguage":"it-IT","potentialAction":[{"@type":"ReadAction","target":["https:\/\/brokoss.com\/it\/guida-misure-anelli\/"]}]},{"@type":"BreadcrumbList","@id":"https:\/\/brokoss.com\/it\/guida-misure-anelli\/#breadcrumb","itemListElement":[{"@type":"ListItem","position":1,"name":"Portada","item":"https:\/\/brokoss.com\/it\/"},{"@type":"ListItem","position":2,"name":"Guida misure anelli"}]},{"@type":"WebSite","@id":"https:\/\/brokoss.com\/it\/#website","url":"https:\/\/brokoss.com\/it\/","name":"Joyer\u00eda Brokoss","description":"Anillos para Hombre con Estilo | Joyer\u00eda Brokoss","publisher":{"@id":"https:\/\/brokoss.com\/it\/#organization"},"alternateName":"Joyer\u00eda Brokoss","potentialAction":[{"@type":"SearchAction","target":{"@type":"EntryPoint","urlTemplate":"https:\/\/brokoss.com\/it\/?s={search_term_string}"},"query-input":{"@type":"PropertyValueSpecification","valueRequired":true,"valueName":"search_term_string"}}],"inLanguage":"it-IT"},{"@type":"Organization","@id":"https:\/\/brokoss.com\/it\/#organization","name":"Joyer\u00eda Brokoss","url":"https:\/\/brokoss.com\/it\/","logo":{"@type":"ImageObject","inLanguage":"it-IT","@id":"https:\/\/brokoss.com\/it\/#\/schema\/logo\/image\/","url":"https:\/\/brokoss.com\/wp-content\/uploads\/2025\/06\/Anillos-y-pendientes-para-hombres-con-estilo-Brokoss-logo.png","contentUrl":"https:\/\/brokoss.com\/wp-content\/uploads\/2025\/06\/Anillos-y-pendientes-para-hombres-con-estilo-Brokoss-logo.png","width":2000,"height":540,"caption":"Joyer\u00eda Brokoss"},"image":{"@id":"https:\/\/brokoss.com\/it\/#\/schema\/logo\/image\/"},"sameAs":["https:\/\/www.facebook.com\/brokossjoyeria","https:\/\/www.instagram.com\/brokossjoyeria\/"]}]}},"jetpack_sharing_enabled":true,"_links":{"self":[{"href":"https:\/\/brokoss.com\/it\/wp-json\/wp\/v2\/pages\/4411","targetHints":{"allow":["GET"]}}],"collection":[{"href":"https:\/\/brokoss.com\/it\/wp-json\/wp\/v2\/pages"}],"about":[{"href":"https:\/\/brokoss.com\/it\/wp-json\/wp\/v2\/types\/page"}],"author":[{"embeddable":true,"href":"https:\/\/brokoss.com\/it\/wp-json\/wp\/v2\/users\/5"}],"replies":[{"embeddable":true,"href":"https:\/\/brokoss.com\/it\/wp-json\/wp\/v2\/comments?post=4411"}],"version-history":[{"count":1,"href":"https:\/\/brokoss.com\/it\/wp-json\/wp\/v2\/pages\/4411\/revisions"}],"predecessor-version":[{"id":4412,"href":"https:\/\/brokoss.com\/it\/wp-json\/wp\/v2\/pages\/4411\/revisions\/4412"}],"wp:attachment":[{"href":"https:\/\/brokoss.com\/it\/wp-json\/wp\/v2\/media?parent=4411"}],"curies":[{"name":"wp","href":"https:\/\/api.w.org\/{rel}","templated":true}]}}