{"id":4507,"date":"2025-07-17T13:21:20","date_gmt":"2025-07-17T11:21:20","guid":{"rendered":"https:\/\/brokoss.com\/qualita-e-garanzie\/"},"modified":"2025-12-26T09:05:11","modified_gmt":"2025-12-26T08:05:11","slug":"qualita-e-garanzie","status":"publish","type":"page","link":"https:\/\/brokoss.com\/it\/qualita-e-garanzie\/","title":{"rendered":"Qualit\u00e0 e garanzie"},"content":{"rendered":"\t\t<div data-elementor-type=\"wp-page\" data-elementor-id=\"4507\" class=\"elementor elementor-4507 elementor-3697\" data-elementor-post-type=\"page\">\n\t\t\t\t<div class=\"elementor-element elementor-element-c7885e2 e-con-full e-flex e-con e-parent\" data-id=\"c7885e2\" data-element_type=\"container\">\n\t\t\t\t<div class=\"elementor-element elementor-element-835872c elementor-widget elementor-widget-heading\" data-id=\"835872c\" data-element_type=\"widget\" data-widget_type=\"heading.default\">\n\t\t\t\t<div class=\"elementor-widget-container\">\n\t\t\t\t\t<h2 class=\"elementor-heading-title elementor-size-default\">Qualit\u00e0 e garanzie \u2013 Br\u00f6Koss<\/h2>\t\t\t\t<\/div>\n\t\t\t\t<\/div>\n\t\t\t\t<div class=\"elementor-element elementor-element-51169fd elementor-widget elementor-widget-text-editor\" data-id=\"51169fd\" data-element_type=\"widget\" data-widget_type=\"text-editor.default\">\n\t\t\t\t<div class=\"elementor-widget-container\">\n\t\t\t\t\t\t\t\t\t<p>Nel nostro negozio online, la <strong>qualit\u00e0<\/strong> non \u00e8 solo una promessa: \u00e8 un impegno reale e certificato. Tutti i nostri anelli in <strong>zirconio nero e grigio<\/strong>, con o senza <strong>diamanti sintetici in laboratorio<\/strong>, sono stati accuratamente selezionati, realizzati e ispezionati secondo rigorosi controlli di qualit\u00e0. Vogliamo che ogni cliente abbia la certezza di acquistare un gioiello sicuro, autentico e duraturo.  <\/p>\n<h4 style=\"font-family: Noto Serif KR;\">\u2705 Certificazione Lab Diamond<\/h4>\n<p>Tutti i nostri anelli con diamanti sono corredati da un <strong>certificato di autenticit\u00e0<\/strong> che garantisce:<\/p>\n<ul>\n<li>Che il diamante sia <strong>creato in laboratorio<\/strong> e presenti le stesse propriet\u00e0 fisiche, ottiche e chimiche di un diamante naturale.<\/li>\n<li>Il suo <strong>grado di purezza<\/strong> (chiarezza) secondo gli standard gemmologici riconosciuti.<\/li>\n<li>Il suo <strong>livello di bianco\/colore<\/strong>, per garantire una luminosit\u00e0 eccezionale e un&#8217;estetica impeccabile.<\/li>\n<\/ul>\n<p>I diamanti coltivati in laboratorio che offriamo rappresentano un&#8217;opzione sostenibile, etica e pi\u00f9 conveniente, senza rinunciare alla bellezza e alla qualit\u00e0 che caratterizzano le pietre preziose.<\/p>\n<h4 style=\"font-family: Noto Serif KR;\">\ud83d\udd2c Analisi dei materiali e sicurezza<\/h4>\n<p>I nostri anelli in zirconio sono stati sottoposti a <strong>test di laboratorio<\/strong> per certificarne la sicurezza dermatologica e la composizione. Garantiamo che<strong> tutti i nostri prodotti sono privi di metalli pesanti ed elementi tossici<\/strong>, come: <\/p>\n<ul>\n<li><strong>Cadmio<\/strong><\/li>\n<li><strong style=\"font-size: inherit;\">Nichel<\/strong><\/li>\n<li><strong style=\"font-size: inherit;\">Guida<\/strong><\/li>\n<\/ul>\n<p>Ci\u00f2 li rende sicuri anche per le pelli sensibili o per le persone allergiche, senza compromettere la resistenza, la lucentezza o la durata dell&#8217;anello.<\/p>\n<h4 style=\"font-family: Noto Serif KR;\">\ud83d\udcc4 Cosa include il certificato?<\/h4>\n<p>Con ogni acquisto riceverai un <strong>certificato stampato<\/strong>, che include:<\/p>\n<ul>\n<li>Dettagli tecnici del diamante<\/li>\n<li>Composizione del materiale dell&#8217;anello<\/li>\n<li>Test effettuati<\/li>\n<li>Conferma dell&#8217;assenza di metalli pericolosi<\/li>\n<\/ul>\n<h4 style=\"font-family: Noto Serif KR;\">\ud83e\udd1d La tua fiducia, la nostra garanzia<\/h4>\n<p>Ci impegniamo a offrire gioielli che conquistino non solo per il design, ma anche per la t<strong>ranquillit\u00e0 e la sicurezza<\/strong> che trasmettono. Acquistare da noi significa scegliere <strong>qualit\u00e0 verificata<\/strong>, materiali pregiati e un servizio impeccabile, dal primo clic alla consegna. <\/p>\n<p>Se desideri maggiori informazioni o verificare l&#8217;autenticit\u00e0 di un certificato, siamo sempre disponibili tramite il nostro modulo di contatto o il servizio clienti.<\/p>\n\t\t\t\t\t\t\t\t<\/div>\n\t\t\t\t<\/div>\n\t\t\t\t<\/div>\n\t\t\t\t<\/div>\n\t\t","protected":false},"excerpt":{"rendered":"<p>Qualit\u00e0 e garanzie \u2013 Br\u00f6Koss Nel nostro negozio online, la qualit\u00e0 non \u00e8 solo una promessa: \u00e8 un impegno reale e certificato. Tutti i nostri anelli in zirconio nero e grigio, con o senza diamanti sintetici in laboratorio, sono stati accuratamente selezionati, realizzati e ispezionati secondo rigorosi controlli di qualit\u00e0. Vogliamo che ogni cliente abbia &#8230; <a title=\"Qualit\u00e0 e garanzie\" class=\"read-more\" href=\"https:\/\/brokoss.com\/it\/qualita-e-garanzie\/\" aria-label=\"Per saperne di pi\u00f9 su Qualit\u00e0 e garanzie\">Leggi tutto<\/a><\/p>\n","protected":false},"author":5,"featured_media":0,"parent":0,"menu_order":0,"comment_status":"closed","ping_status":"closed","template":"elementor_header_footer","meta":{"_joinchat":[],"footnotes":""},"class_list":["post-4507","page","type-page","status-publish"],"yoast_head":"<!-- This site is optimized with the Yoast SEO plugin v26.6 - https:\/\/yoast.com\/wordpress\/plugins\/seo\/ -->\n<title>Qualit\u00e0 e garanzie - Joyer\u00eda Brokoss<\/title>\n<meta name=\"robots\" content=\"index, follow, max-snippet:-1, max-image-preview:large, max-video-preview:-1\" \/>\n<link rel=\"canonical\" href=\"https:\/\/brokoss.com\/it\/qualita-e-garanzie\/\" \/>\n<meta property=\"og:locale\" content=\"it_IT\" \/>\n<meta property=\"og:type\" content=\"article\" \/>\n<meta property=\"og:title\" content=\"Qualit\u00e0 e garanzie - Joyer\u00eda Brokoss\" \/>\n<meta property=\"og:description\" content=\"Qualit\u00e0 e garanzie \u2013 Br\u00f6Koss Nel nostro negozio online, la qualit\u00e0 non \u00e8 solo una promessa: \u00e8 un impegno reale e certificato. Tutti i nostri anelli in zirconio nero e grigio, con o senza diamanti sintetici in laboratorio, sono stati accuratamente selezionati, realizzati e ispezionati secondo rigorosi controlli di qualit\u00e0. Vogliamo che ogni cliente abbia ... Leggi tutto\" \/>\n<meta property=\"og:url\" content=\"https:\/\/brokoss.com\/it\/qualita-e-garanzie\/\" \/>\n<meta property=\"og:site_name\" content=\"Joyer\u00eda Brokoss\" \/>\n<meta property=\"article:publisher\" content=\"https:\/\/www.facebook.com\/brokossjoyeria\" \/>\n<meta property=\"article:modified_time\" content=\"2025-12-26T08:05:11+00:00\" \/>\n<meta name=\"twitter:card\" content=\"summary_large_image\" \/>\n<meta name=\"twitter:label1\" content=\"Tempo di lettura stimato\" \/>\n\t<meta name=\"twitter:data1\" content=\"2 minuto\" \/>\n<script type=\"application\/ld+json\" class=\"yoast-schema-graph\">{\"@context\":\"https:\/\/schema.org\",\"@graph\":[{\"@type\":\"WebPage\",\"@id\":\"https:\/\/brokoss.com\/it\/qualita-e-garanzie\/\",\"url\":\"https:\/\/brokoss.com\/it\/qualita-e-garanzie\/\",\"name\":\"Qualit\u00e0 e garanzie - Joyer\u00eda Brokoss\",\"isPartOf\":{\"@id\":\"https:\/\/brokoss.com\/it\/#website\"},\"datePublished\":\"2025-07-17T11:21:20+00:00\",\"dateModified\":\"2025-12-26T08:05:11+00:00\",\"breadcrumb\":{\"@id\":\"https:\/\/brokoss.com\/it\/qualita-e-garanzie\/#breadcrumb\"},\"inLanguage\":\"it-IT\",\"potentialAction\":[{\"@type\":\"ReadAction\",\"target\":[\"https:\/\/brokoss.com\/it\/qualita-e-garanzie\/\"]}]},{\"@type\":\"BreadcrumbList\",\"@id\":\"https:\/\/brokoss.com\/it\/qualita-e-garanzie\/#breadcrumb\",\"itemListElement\":[{\"@type\":\"ListItem\",\"position\":1,\"name\":\"Portada\",\"item\":\"https:\/\/brokoss.com\/it\/\"},{\"@type\":\"ListItem\",\"position\":2,\"name\":\"Qualit\u00e0 e garanzie\"}]},{\"@type\":\"WebSite\",\"@id\":\"https:\/\/brokoss.com\/it\/#website\",\"url\":\"https:\/\/brokoss.com\/it\/\",\"name\":\"Joyer\u00eda Brokoss\",\"description\":\"Anillos para Hombre con Estilo | Joyer\u00eda Brokoss\",\"publisher\":{\"@id\":\"https:\/\/brokoss.com\/it\/#organization\"},\"alternateName\":\"Joyer\u00eda Brokoss\",\"potentialAction\":[{\"@type\":\"SearchAction\",\"target\":{\"@type\":\"EntryPoint\",\"urlTemplate\":\"https:\/\/brokoss.com\/it\/?s={search_term_string}\"},\"query-input\":{\"@type\":\"PropertyValueSpecification\",\"valueRequired\":true,\"valueName\":\"search_term_string\"}}],\"inLanguage\":\"it-IT\"},{\"@type\":\"Organization\",\"@id\":\"https:\/\/brokoss.com\/it\/#organization\",\"name\":\"Joyer\u00eda Brokoss\",\"url\":\"https:\/\/brokoss.com\/it\/\",\"logo\":{\"@type\":\"ImageObject\",\"inLanguage\":\"it-IT\",\"@id\":\"https:\/\/brokoss.com\/it\/#\/schema\/logo\/image\/\",\"url\":\"https:\/\/brokoss.com\/wp-content\/uploads\/2025\/06\/Anillos-y-pendientes-para-hombres-con-estilo-Brokoss-logo.png\",\"contentUrl\":\"https:\/\/brokoss.com\/wp-content\/uploads\/2025\/06\/Anillos-y-pendientes-para-hombres-con-estilo-Brokoss-logo.png\",\"width\":2000,\"height\":540,\"caption\":\"Joyer\u00eda Brokoss\"},\"image\":{\"@id\":\"https:\/\/brokoss.com\/it\/#\/schema\/logo\/image\/\"},\"sameAs\":[\"https:\/\/www.facebook.com\/brokossjoyeria\",\"https:\/\/www.instagram.com\/brokossjoyeria\/\"]}]}<\/script>\n<!-- \/ Yoast SEO plugin. -->","yoast_head_json":{"title":"Qualit\u00e0 e garanzie - Joyer\u00eda Brokoss","robots":{"index":"index","follow":"follow","max-snippet":"max-snippet:-1","max-image-preview":"max-image-preview:large","max-video-preview":"max-video-preview:-1"},"canonical":"https:\/\/brokoss.com\/it\/qualita-e-garanzie\/","og_locale":"it_IT","og_type":"article","og_title":"Qualit\u00e0 e garanzie - Joyer\u00eda Brokoss","og_description":"Qualit\u00e0 e garanzie \u2013 Br\u00f6Koss Nel nostro negozio online, la qualit\u00e0 non \u00e8 solo una promessa: \u00e8 un impegno reale e certificato. Tutti i nostri anelli in zirconio nero e grigio, con o senza diamanti sintetici in laboratorio, sono stati accuratamente selezionati, realizzati e ispezionati secondo rigorosi controlli di qualit\u00e0. Vogliamo che ogni cliente abbia ... Leggi tutto","og_url":"https:\/\/brokoss.com\/it\/qualita-e-garanzie\/","og_site_name":"Joyer\u00eda Brokoss","article_publisher":"https:\/\/www.facebook.com\/brokossjoyeria","article_modified_time":"2025-12-26T08:05:11+00:00","twitter_card":"summary_large_image","twitter_misc":{"Tempo di lettura stimato":"2 minuto"},"schema":{"@context":"https:\/\/schema.org","@graph":[{"@type":"WebPage","@id":"https:\/\/brokoss.com\/it\/qualita-e-garanzie\/","url":"https:\/\/brokoss.com\/it\/qualita-e-garanzie\/","name":"Qualit\u00e0 e garanzie - Joyer\u00eda Brokoss","isPartOf":{"@id":"https:\/\/brokoss.com\/it\/#website"},"datePublished":"2025-07-17T11:21:20+00:00","dateModified":"2025-12-26T08:05:11+00:00","breadcrumb":{"@id":"https:\/\/brokoss.com\/it\/qualita-e-garanzie\/#breadcrumb"},"inLanguage":"it-IT","potentialAction":[{"@type":"ReadAction","target":["https:\/\/brokoss.com\/it\/qualita-e-garanzie\/"]}]},{"@type":"BreadcrumbList","@id":"https:\/\/brokoss.com\/it\/qualita-e-garanzie\/#breadcrumb","itemListElement":[{"@type":"ListItem","position":1,"name":"Portada","item":"https:\/\/brokoss.com\/it\/"},{"@type":"ListItem","position":2,"name":"Qualit\u00e0 e garanzie"}]},{"@type":"WebSite","@id":"https:\/\/brokoss.com\/it\/#website","url":"https:\/\/brokoss.com\/it\/","name":"Joyer\u00eda Brokoss","description":"Anillos para Hombre con Estilo | Joyer\u00eda Brokoss","publisher":{"@id":"https:\/\/brokoss.com\/it\/#organization"},"alternateName":"Joyer\u00eda Brokoss","potentialAction":[{"@type":"SearchAction","target":{"@type":"EntryPoint","urlTemplate":"https:\/\/brokoss.com\/it\/?s={search_term_string}"},"query-input":{"@type":"PropertyValueSpecification","valueRequired":true,"valueName":"search_term_string"}}],"inLanguage":"it-IT"},{"@type":"Organization","@id":"https:\/\/brokoss.com\/it\/#organization","name":"Joyer\u00eda Brokoss","url":"https:\/\/brokoss.com\/it\/","logo":{"@type":"ImageObject","inLanguage":"it-IT","@id":"https:\/\/brokoss.com\/it\/#\/schema\/logo\/image\/","url":"https:\/\/brokoss.com\/wp-content\/uploads\/2025\/06\/Anillos-y-pendientes-para-hombres-con-estilo-Brokoss-logo.png","contentUrl":"https:\/\/brokoss.com\/wp-content\/uploads\/2025\/06\/Anillos-y-pendientes-para-hombres-con-estilo-Brokoss-logo.png","width":2000,"height":540,"caption":"Joyer\u00eda Brokoss"},"image":{"@id":"https:\/\/brokoss.com\/it\/#\/schema\/logo\/image\/"},"sameAs":["https:\/\/www.facebook.com\/brokossjoyeria","https:\/\/www.instagram.com\/brokossjoyeria\/"]}]}},"jetpack_sharing_enabled":true,"_links":{"self":[{"href":"https:\/\/brokoss.com\/it\/wp-json\/wp\/v2\/pages\/4507","targetHints":{"allow":["GET"]}}],"collection":[{"href":"https:\/\/brokoss.com\/it\/wp-json\/wp\/v2\/pages"}],"about":[{"href":"https:\/\/brokoss.com\/it\/wp-json\/wp\/v2\/types\/page"}],"author":[{"embeddable":true,"href":"https:\/\/brokoss.com\/it\/wp-json\/wp\/v2\/users\/5"}],"replies":[{"embeddable":true,"href":"https:\/\/brokoss.com\/it\/wp-json\/wp\/v2\/comments?post=4507"}],"version-history":[{"count":3,"href":"https:\/\/brokoss.com\/it\/wp-json\/wp\/v2\/pages\/4507\/revisions"}],"predecessor-version":[{"id":7581,"href":"https:\/\/brokoss.com\/it\/wp-json\/wp\/v2\/pages\/4507\/revisions\/7581"}],"wp:attachment":[{"href":"https:\/\/brokoss.com\/it\/wp-json\/wp\/v2\/media?parent=4507"}],"curies":[{"name":"wp","href":"https:\/\/api.w.org\/{rel}","templated":true}]}}